{"id":2129,"date":"2013-12-03T14:03:08","date_gmt":"2013-12-03T13:03:08","guid":{"rendered":"http:\/\/www.heartofgold-hostel.de\/w-i-n-t-e-r-a-n-g-e-b-o-t\/"},"modified":"2025-11-28T17:31:55","modified_gmt":"2025-11-28T16:31:55","slug":"willkommen-im-heart-gold-hostel-berlin","status":"publish","type":"page","link":"https:\/\/www.heartofgold-hostel.de\/de\/","title":{"rendered":"Willkommen im Heart of Gold Hostel Berlin!"},"content":{"rendered":"<p>&nbsp;<\/p>\n<div class=\"teaser_post\">\n<p id=\"teaser_post_h1\">Stoppt den Krieg!<\/p>\n<p><a class=\"mark_up\">Wir haben ge\u00f6ffnet &#8211; mit ein paar Einschr\u00e4nkungen.<\/a><\/p>\n<h1 style=\"color: white\"><strong>Keine Panik!<\/strong><\/h1>\n<\/p>\n<h2 class=\"mark_up\" style=\"color: white;\">Berlin denkt noch nach!<\/h2>\n<p>F\u00fcr Fragen dazu und auch zu Hygienema\u00dfnahmen usw: <a class=\"mark_up\" href=\"https:\/\/www.heartofgold-hostel.de\/de\/faq\/corona-massnahmen\/\" rel=\"noopener\">FAQ<\/a><\/p>\n<\/div>\n<h2 class=\"entry-title\">Dein Hostel Berlin \u2013 zentraler geht es nicht!<\/h2>\n<div class=\"entry-content\">\n<p>Genau im Zentrum von Berlin gelegen, ist das Heart of Gold Hostel Berlin der ideale Ausgangspunkt, um die <a title=\"Berlin\" href=\"https:\/\/www.heartofgold-hostel.de\/de\/berlin\/\">Stadt<\/a> zu erkunden. Hotel-\u00e4hnlich bei <a title=\"Book Hostel Beds \u2013 confirmed booking\" href=\"https:\/\/www.heartofgold-hostel.de\/de\/buchen\/\">g\u00fcnstigen Preisen<\/a> in super <a title=\"zentrale Lage in Berlin Mitte\" href=\"https:\/\/www.heartofgold-hostel.de\/de\/lage-in-berlin-mitte\/\">zentraler Lage<\/a> und kombiniert mit <a title=\"Don\u2019t Panic!\" href=\"https:\/\/www.heartofgold-hostel.de\/de\/keine-panik\/\">Designs<\/a> inspiriert von \u201cPer Anhalter durch die Galaxis\u201d von Douglas Adams, wird das Hostel ein zweites Zuhause w\u00e4hrend eures Berlin-Besuchs.<\/p>\n<p><img loading=\"lazy\" decoding=\"async\" class=\"alignright\" style=\"margin: 5px 5px 0 20px;\" src=\"https:\/\/www.heartofgold-hostel.de\/wp-content\/uploads\/2011\/05\/hog_party.jpg\" alt=\"Das war eine Party im Heart of Gold Hostel Berlin 2011 - alle mit Anz\u00fcgen und Schlips.\" width=\"224\" height=\"139\" \/><\/p>\n<p>Das historische Zentrum und fast alle <a title=\"Sehensw\u00fcrdigkeiten in Berlin\" href=\"https:\/\/www.heartofgold-hostel.de\/de\/sehenswurdigkeiten-in-berlin\/\">Sehensw\u00fcrdigkeiten<\/a> im ehemaligen Ost-Berlin sind zu Fu\u00df erreichbar. Einer der vielen Kieze f\u00fcrs Nachtleben mit <a title=\"Bars in Berlin\" href=\"https:\/\/www.heartofgold-hostel.de\/de\/bars-in-berlin\/\">Bars<\/a> und Clubs ist gleich um die Ecke. Trefft neue Freunde aus aller Welt, echte und &#8222;neue&#8220; Berliner an der Rezeption. Bei uns gibts das kleine Extra an Neuem w\u00e4hrend ihr unterwegs seid.<\/p>\n<p>Wir haben private Zimmer mit Dusche und Waschbecken &#8211; aber auch mit komplettem Bad &#8211; auch in Mehrbettzimmern. Die meisten Zimmer haben aber ganz normale Etagenbetten und einzelne B\u00e4der auf den G\u00e4ngen f\u00fcr alle G\u00e4ste. Die besten Preise bekommt man im MegaDorm &#8211; oder etwas luxuri\u00f6ser mit Panorama im SuperDorm &#8211; mit 2 privaten B\u00e4dern, K\u00fcche, Terrasse und einem super Blick \u00fcber die D\u00e4cher von Berlin. Die meisten Extras sind kostenlos &#8211; wie Handt\u00fccher, Bettw\u00e4sche, WLan, Stadtpl\u00e4ne und nat\u00fcrlich Tips zu den Sehensw\u00fcrdigkeiten und dem Nachtleben in Berlin. Kostenpflichtig sind Fr\u00fchst\u00fcck und Fahrrad-Verleih. Au\u00dferdem kann man t\u00e4glich an der kostenlosen Stadtf\u00fchrung teilnehmen &#8211; hier wird Trinkgeld erwartet. Mehr Info gibts auch in den <a title=\"h\u00e4ufig gestellte Fragen\" href=\"https:\/\/www.heartofgold-hostel.de\/de\/faq\/\">FAQ <\/a>oder ihr geht gleich mal zu <a title=\"Heart of Gold Hostel Berlin - Preise und Buchung\" href=\"https:\/\/www.heartofgold-hostel.de\/de\/buchen\/\">Preise und Buchung<\/a> &#8211; wir freuen uns auf Euch!<\/p>\n<\/div>\n<h2 class=\"entry-title\">Hostel Berlin News:<\/h2>\n<div class=\"entry-content\"><iframe loading=\"lazy\" id=\"newsIframe\" src=\"http:\/\/hostel-service.de\/apps\/fb\/NewsStream.php?StreamViewMode=LastPost&#038;client_id=hog&#038;lang=en&#038;return_url=https:\/\/www.heartofgold-hostel.de\/news\/\" width=\"100%\" height=\"100\" frameborder=\"0\" marginwidth=\"0\" marginheight=\"0\" scrolling=\"NO\"><\/iframe><\/div>\n","protected":false},"excerpt":{"rendered":"<p>&nbsp; Stoppt den Krieg! Wir haben ge\u00f6ffnet &#8211; mit ein paar Einschr\u00e4nkungen. Keine Panik! Berlin denkt noch nach! F\u00fcr Fragen dazu und auch zu Hygienema\u00dfnahmen usw: FAQ Dein Hostel Berlin \u2013 zentraler geht es nicht! Genau im Zentrum von Berlin &hellip; <a href=\"https:\/\/www.heartofgold-hostel.de\/de\/\">Weiterlesen <span class=\"meta-nav\">&rarr;<\/span><\/a><\/p>\n","protected":false},"author":7,"featured_media":0,"parent":0,"menu_order":0,"comment_status":"closed","ping_status":"closed","template":"","meta":{"_monsterinsights_skip_tracking":false,"_monsterinsights_sitenote_active":false,"_monsterinsights_sitenote_note":"","_monsterinsights_sitenote_category":0,"jetpack_post_was_ever_published":false,"footnotes":""},"yoast_head":"<!-- This site is optimized with the Yoast SEO plugin v24.5 - https:\/\/yoast.com\/wordpress\/plugins\/seo\/ -->\n<title>Hostel Berlin - Heart of Gold Hostel in Berlin Mitte<\/title>\n<meta name=\"description\" content=\"Das Heart of Gold Hostel Berlin ist das zentrale Hostel in Berlin Mitte - fast alle Sehensw\u00fcrdigkeiten zu Fuss erreichbar!\" \/>\n<meta name=\"robots\" content=\"index, follow, max-snippet:-1, max-image-preview:large, max-video-preview:-1\" \/>\n<link rel=\"canonical\" href=\"https:\/\/www.heartofgold-hostel.de\/de\/willkommen-im-heart-gold-hostel-berlin\/\" \/>\n<meta property=\"og:locale\" content=\"de_DE\" \/>\n<meta property=\"og:type\" content=\"article\" \/>\n<meta property=\"og:title\" content=\"Hostel Berlin - Heart of Gold Hostel in Berlin Mitte\" \/>\n<meta property=\"og:description\" content=\"Das Heart of Gold Hostel Berlin ist das zentrale Hostel in Berlin Mitte - fast alle Sehensw\u00fcrdigkeiten zu Fuss erreichbar!\" \/>\n<meta property=\"og:url\" content=\"https:\/\/www.heartofgold-hostel.de\/de\/willkommen-im-heart-gold-hostel-berlin\/\" \/>\n<meta property=\"og:site_name\" content=\"Heart of Gold Hostel Berlin\" \/>\n<meta property=\"article:publisher\" content=\"https:\/\/www.facebook.com\/heart.of.gold.hostel.berlin\/\" \/>\n<meta property=\"article:modified_time\" content=\"2025-11-28T16:31:55+00:00\" \/>\n<meta property=\"og:image\" content=\"https:\/\/www.heartofgold-hostel.de\/wp-content\/uploads\/2011\/05\/hog_party.jpg\" \/>\n<meta name=\"twitter:label1\" content=\"Gesch\u00e4tzte Lesezeit\" \/>\n\t<meta name=\"twitter:data1\" content=\"2 Minuten\" \/>\n<script type=\"application\/ld+json\" class=\"yoast-schema-graph\">{\"@context\":\"https:\/\/schema.org\",\"@graph\":[{\"@type\":\"WebPage\",\"@id\":\"https:\/\/www.heartofgold-hostel.de\/de\/willkommen-im-heart-gold-hostel-berlin\/\",\"url\":\"https:\/\/www.heartofgold-hostel.de\/de\/willkommen-im-heart-gold-hostel-berlin\/\",\"name\":\"Hostel Berlin - Heart of Gold Hostel in Berlin Mitte\",\"isPartOf\":{\"@id\":\"https:\/\/www.heartofgold-hostel.de\/de\/#website\"},\"primaryImageOfPage\":{\"@id\":\"https:\/\/www.heartofgold-hostel.de\/de\/willkommen-im-heart-gold-hostel-berlin\/#primaryimage\"},\"image\":{\"@id\":\"https:\/\/www.heartofgold-hostel.de\/de\/willkommen-im-heart-gold-hostel-berlin\/#primaryimage\"},\"thumbnailUrl\":\"https:\/\/www.heartofgold-hostel.de\/wp-content\/uploads\/2011\/05\/hog_party.jpg\",\"datePublished\":\"2013-12-03T13:03:08+00:00\",\"dateModified\":\"2025-11-28T16:31:55+00:00\",\"description\":\"Das Heart of Gold Hostel Berlin ist das zentrale Hostel in Berlin Mitte - fast alle Sehensw\u00fcrdigkeiten zu Fuss erreichbar!\",\"breadcrumb\":{\"@id\":\"https:\/\/www.heartofgold-hostel.de\/de\/willkommen-im-heart-gold-hostel-berlin\/#breadcrumb\"},\"inLanguage\":\"de-DE\",\"potentialAction\":[{\"@type\":\"ReadAction\",\"target\":[\"https:\/\/www.heartofgold-hostel.de\/de\/willkommen-im-heart-gold-hostel-berlin\/\"]}]},{\"@type\":\"ImageObject\",\"inLanguage\":\"de-DE\",\"@id\":\"https:\/\/www.heartofgold-hostel.de\/de\/willkommen-im-heart-gold-hostel-berlin\/#primaryimage\",\"url\":\"https:\/\/www.heartofgold-hostel.de\/wp-content\/uploads\/2011\/05\/hog_party.jpg\",\"contentUrl\":\"https:\/\/www.heartofgold-hostel.de\/wp-content\/uploads\/2011\/05\/hog_party.jpg\"},{\"@type\":\"BreadcrumbList\",\"@id\":\"https:\/\/www.heartofgold-hostel.de\/de\/willkommen-im-heart-gold-hostel-berlin\/#breadcrumb\",\"itemListElement\":[{\"@type\":\"ListItem\",\"position\":1,\"name\":\"Home\",\"item\":\"https:\/\/www.heartofgold-hostel.de\/de\/willkommen-im-heart-gold-hostel-berlin\/\"},{\"@type\":\"ListItem\",\"position\":2,\"name\":\"Willkommen im Heart of Gold Hostel Berlin!\"}]},{\"@type\":\"WebSite\",\"@id\":\"https:\/\/www.heartofgold-hostel.de\/de\/#website\",\"url\":\"https:\/\/www.heartofgold-hostel.de\/de\/\",\"name\":\"Heart of Gold Hostel Berlin\",\"description\":\"the starship Berlin Hostel\",\"publisher\":{\"@id\":\"https:\/\/www.heartofgold-hostel.de\/de\/#organization\"},\"potentialAction\":[{\"@type\":\"SearchAction\",\"target\":{\"@type\":\"EntryPoint\",\"urlTemplate\":\"https:\/\/www.heartofgold-hostel.de\/de\/?s={search_term_string}\"},\"query-input\":{\"@type\":\"PropertyValueSpecification\",\"valueRequired\":true,\"valueName\":\"search_term_string\"}}],\"inLanguage\":\"de-DE\"},{\"@type\":\"Organization\",\"@id\":\"https:\/\/www.heartofgold-hostel.de\/de\/#organization\",\"name\":\"Heart of Gold Hostel Berlin\",\"url\":\"https:\/\/www.heartofgold-hostel.de\/de\/\",\"logo\":{\"@type\":\"ImageObject\",\"inLanguage\":\"de-DE\",\"@id\":\"https:\/\/www.heartofgold-hostel.de\/de\/#\/schema\/logo\/image\/\",\"url\":\"https:\/\/www.heartofgold-hostel.de\/wp-content\/uploads\/HOG_Logo_braun_180.gif\",\"contentUrl\":\"https:\/\/www.heartofgold-hostel.de\/wp-content\/uploads\/HOG_Logo_braun_180.gif\",\"width\":180,\"height\":180,\"caption\":\"Heart of Gold Hostel Berlin\"},\"image\":{\"@id\":\"https:\/\/www.heartofgold-hostel.de\/de\/#\/schema\/logo\/image\/\"},\"sameAs\":[\"https:\/\/www.facebook.com\/heart.of.gold.hostel.berlin\/\",\"https:\/\/x.com\/berlinhostel\",\"https:\/\/myspace.com\/hostelberlin\",\"https:\/\/www.pinterest.com\/hoghostel\/heart-of-gold-hostel\/\"]}]}<\/script>\n<!-- \/ Yoast SEO plugin. -->","yoast_head_json":{"title":"Hostel Berlin - Heart of Gold Hostel in Berlin Mitte","description":"Das Heart of Gold Hostel Berlin ist das zentrale Hostel in Berlin Mitte - fast alle Sehensw\u00fcrdigkeiten zu Fuss erreichbar!","robots":{"index":"index","follow":"follow","max-snippet":"max-snippet:-1","max-image-preview":"max-image-preview:large","max-video-preview":"max-video-preview:-1"},"canonical":"https:\/\/www.heartofgold-hostel.de\/de\/willkommen-im-heart-gold-hostel-berlin\/","og_locale":"de_DE","og_type":"article","og_title":"Hostel Berlin - Heart of Gold Hostel in Berlin Mitte","og_description":"Das Heart of Gold Hostel Berlin ist das zentrale Hostel in Berlin Mitte - fast alle Sehensw\u00fcrdigkeiten zu Fuss erreichbar!","og_url":"https:\/\/www.heartofgold-hostel.de\/de\/willkommen-im-heart-gold-hostel-berlin\/","og_site_name":"Heart of Gold Hostel Berlin","article_publisher":"https:\/\/www.facebook.com\/heart.of.gold.hostel.berlin\/","article_modified_time":"2025-11-28T16:31:55+00:00","og_image":[{"url":"https:\/\/www.heartofgold-hostel.de\/wp-content\/uploads\/2011\/05\/hog_party.jpg","type":"","width":"","height":""}],"twitter_misc":{"Gesch\u00e4tzte Lesezeit":"2 Minuten"},"schema":{"@context":"https:\/\/schema.org","@graph":[{"@type":"WebPage","@id":"https:\/\/www.heartofgold-hostel.de\/de\/willkommen-im-heart-gold-hostel-berlin\/","url":"https:\/\/www.heartofgold-hostel.de\/de\/willkommen-im-heart-gold-hostel-berlin\/","name":"Hostel Berlin - Heart of Gold Hostel in Berlin Mitte","isPartOf":{"@id":"https:\/\/www.heartofgold-hostel.de\/de\/#website"},"primaryImageOfPage":{"@id":"https:\/\/www.heartofgold-hostel.de\/de\/willkommen-im-heart-gold-hostel-berlin\/#primaryimage"},"image":{"@id":"https:\/\/www.heartofgold-hostel.de\/de\/willkommen-im-heart-gold-hostel-berlin\/#primaryimage"},"thumbnailUrl":"https:\/\/www.heartofgold-hostel.de\/wp-content\/uploads\/2011\/05\/hog_party.jpg","datePublished":"2013-12-03T13:03:08+00:00","dateModified":"2025-11-28T16:31:55+00:00","description":"Das Heart of Gold Hostel Berlin ist das zentrale Hostel in Berlin Mitte - fast alle Sehensw\u00fcrdigkeiten zu Fuss erreichbar!","breadcrumb":{"@id":"https:\/\/www.heartofgold-hostel.de\/de\/willkommen-im-heart-gold-hostel-berlin\/#breadcrumb"},"inLanguage":"de-DE","potentialAction":[{"@type":"ReadAction","target":["https:\/\/www.heartofgold-hostel.de\/de\/willkommen-im-heart-gold-hostel-berlin\/"]}]},{"@type":"ImageObject","inLanguage":"de-DE","@id":"https:\/\/www.heartofgold-hostel.de\/de\/willkommen-im-heart-gold-hostel-berlin\/#primaryimage","url":"https:\/\/www.heartofgold-hostel.de\/wp-content\/uploads\/2011\/05\/hog_party.jpg","contentUrl":"https:\/\/www.heartofgold-hostel.de\/wp-content\/uploads\/2011\/05\/hog_party.jpg"},{"@type":"BreadcrumbList","@id":"https:\/\/www.heartofgold-hostel.de\/de\/willkommen-im-heart-gold-hostel-berlin\/#breadcrumb","itemListElement":[{"@type":"ListItem","position":1,"name":"Home","item":"https:\/\/www.heartofgold-hostel.de\/de\/willkommen-im-heart-gold-hostel-berlin\/"},{"@type":"ListItem","position":2,"name":"Willkommen im Heart of Gold Hostel Berlin!"}]},{"@type":"WebSite","@id":"https:\/\/www.heartofgold-hostel.de\/de\/#website","url":"https:\/\/www.heartofgold-hostel.de\/de\/","name":"Heart of Gold Hostel Berlin","description":"the starship Berlin Hostel","publisher":{"@id":"https:\/\/www.heartofgold-hostel.de\/de\/#organization"},"potentialAction":[{"@type":"SearchAction","target":{"@type":"EntryPoint","urlTemplate":"https:\/\/www.heartofgold-hostel.de\/de\/?s={search_term_string}"},"query-input":{"@type":"PropertyValueSpecification","valueRequired":true,"valueName":"search_term_string"}}],"inLanguage":"de-DE"},{"@type":"Organization","@id":"https:\/\/www.heartofgold-hostel.de\/de\/#organization","name":"Heart of Gold Hostel Berlin","url":"https:\/\/www.heartofgold-hostel.de\/de\/","logo":{"@type":"ImageObject","inLanguage":"de-DE","@id":"https:\/\/www.heartofgold-hostel.de\/de\/#\/schema\/logo\/image\/","url":"https:\/\/www.heartofgold-hostel.de\/wp-content\/uploads\/HOG_Logo_braun_180.gif","contentUrl":"https:\/\/www.heartofgold-hostel.de\/wp-content\/uploads\/HOG_Logo_braun_180.gif","width":180,"height":180,"caption":"Heart of Gold Hostel Berlin"},"image":{"@id":"https:\/\/www.heartofgold-hostel.de\/de\/#\/schema\/logo\/image\/"},"sameAs":["https:\/\/www.facebook.com\/heart.of.gold.hostel.berlin\/","https:\/\/x.com\/berlinhostel","https:\/\/myspace.com\/hostelberlin","https:\/\/www.pinterest.com\/hoghostel\/heart-of-gold-hostel\/"]}]}},"jetpack_sharing_enabled":true,"jetpack_shortlink":"https:\/\/wp.me\/P7w0Rw-yl","_links":{"self":[{"href":"https:\/\/www.heartofgold-hostel.de\/de\/wp-json\/wp\/v2\/pages\/2129"}],"collection":[{"href":"https:\/\/www.heartofgold-hostel.de\/de\/wp-json\/wp\/v2\/pages"}],"about":[{"href":"https:\/\/www.heartofgold-hostel.de\/de\/wp-json\/wp\/v2\/types\/page"}],"author":[{"embeddable":true,"href":"https:\/\/www.heartofgold-hostel.de\/de\/wp-json\/wp\/v2\/users\/7"}],"replies":[{"embeddable":true,"href":"https:\/\/www.heartofgold-hostel.de\/de\/wp-json\/wp\/v2\/comments?post=2129"}],"version-history":[{"count":117,"href":"https:\/\/www.heartofgold-hostel.de\/de\/wp-json\/wp\/v2\/pages\/2129\/revisions"}],"predecessor-version":[{"id":7013,"href":"https:\/\/www.heartofgold-hostel.de\/de\/wp-json\/wp\/v2\/pages\/2129\/revisions\/7013"}],"wp:attachment":[{"href":"https:\/\/www.heartofgold-hostel.de\/de\/wp-json\/wp\/v2\/media?parent=2129"}],"curies":[{"name":"wp","href":"https:\/\/api.w.org\/{rel}","templated":true}]}}