{"id":321,"date":"2013-04-08T17:53:05","date_gmt":"2013-04-08T15:53:05","guid":{"rendered":"http:\/\/www.heartofgold-hostel.de\/?page_id=321"},"modified":"2018-10-25T13:34:26","modified_gmt":"2018-10-25T11:34:26","slug":"berlin","status":"publish","type":"page","link":"https:\/\/www.heartofgold-hostel.de\/de\/berlin\/","title":{"rendered":"Berlin &#8211; &#8222;Gr\u00f6\u00dftenteils harmlos&#8220; (Per Anhalter durch die Galaxis)"},"content":{"rendered":"<p>&#8222;Gr\u00f6\u00dftenteils harmlos&#8220; &#8211; das waren die einzigen zwei W\u00f6rter die im &#8222;Per Anhalter durch die Galaxis&#8220; als Beschreibung f\u00fcr unsere Erde ausreichen mussten.<\/p>\n<p>Zum Gl\u00fcck hat sich Berlin in unseren heutigen Reisf\u00fchrern deutlich ausf\u00fchrlichere Eintr\u00e4ge verdient. Dummerweise ist die Stadt aber so sehr in Bewegung und schnelllebig, dass man einen klassischen Reisef\u00fchrer &#8211; was Insider-Tipps angeht &#8211; getrost vergessen kann.<br \/>\nDoch hierf\u00fcr gibt es zum Gl\u00fcck unsere freundlichen Leute an der Rezeption, die Dir mit Rat und Tat zur Seite stehen und Dir einen Berlin-Aufenthalt mit Erinnerungswert garantieren: Gr\u00f6sstenteils harmlos, aber auf keinen Fall langweilig!<\/p>\n<p>Hier aber ein paar Fakten, die immer hilfreich sein sollten:<\/p>\n<p>Fast alle Sehensw\u00fcrdigkeiten und Attraktionen der Stadt sind fu\u00dfl\u00e4ufig zu erreichen: das <em>Brandenburger Tor<\/em>, der <em>Reichstag<\/em>, das <em>Holocaust-Mahnmal<\/em>, der <em>Checkpoint Charlie<\/em>, die <em>Museumsinsel<\/em>, der <em>Fernsehturm<\/em> am Alexanderplatz und vieles, vieles mehr.<br \/>\nVielleicht m\u00f6chtest du auch lieber ein Dunkelrestaurant besuchen, eine Shisha-Bar in Neuk\u00f6lln, ein Konzert einer uruguayischen Ska-Band, oder den Flohmarkt mit Freiluft-Karaoke im <em>Mauerpark<\/em>.<\/p>\n<p>Ein zwei Kilomenter langes St\u00fcck der Mauer, die 1990 von mehr als hundert K\u00fcnstlern aus aller Herren L\u00e4nder bemalte <em>East Side Gallery<\/em>, ist die weltweit gr\u00f6\u00dfte st\u00e4ndige Kunstausstellung unter freiem Himmel. Nur einen Katzensprung entfernt steppt der Berliner B\u00e4r die ganze Nacht (und manchmal l\u00e4nger) in den unz\u00e4hligen Clubs des ehemaligen Ostberliner Stadtteils Friedrichshain &#8211; zum Beispiel im weltber\u00fchmten <em>Berghain<\/em>.<br \/>\nNur vier Stationen mit der S-Bahn entfernt, die (zumindest am Wochenende) ebenfalls nachts durchmacht, steht das HEART OF GOLD Hostel im wahrsten Sinne des Wortes mitten in der Stadt im Bezirk Berlin-Mitte.<\/p>\n<p>Wo es Dich auch hintreibt in der gro\u00dfen, bunten Hauptstadt Berlin: Du bist immer ganz in der N\u00e4he, wenn Du Gast im HEART OF GOLD Hostel bist.<\/p>\n","protected":false},"excerpt":{"rendered":"<p>&#8222;Gr\u00f6\u00dftenteils harmlos&#8220; &#8211; das waren die einzigen zwei W\u00f6rter die im &#8222;Per Anhalter durch die Galaxis&#8220; als Beschreibung f\u00fcr unsere Erde ausreichen mussten. Zum Gl\u00fcck hat sich Berlin in unseren heutigen Reisf\u00fchrern deutlich ausf\u00fchrlichere Eintr\u00e4ge verdient. Dummerweise ist die Stadt &hellip; <a href=\"https:\/\/www.heartofgold-hostel.de\/de\/berlin\/\">Weiterlesen <span class=\"meta-nav\">&rarr;<\/span><\/a><\/p>\n","protected":false},"author":7,"featured_media":0,"parent":0,"menu_order":0,"comment_status":"closed","ping_status":"closed","template":"","meta":{"_monsterinsights_skip_tracking":false,"_monsterinsights_sitenote_active":false,"_monsterinsights_sitenote_note":"","_monsterinsights_sitenote_category":0,"jetpack_post_was_ever_published":false,"footnotes":""},"yoast_head":"<!-- This site is optimized with the Yoast SEO plugin v24.5 - https:\/\/yoast.com\/wordpress\/plugins\/seo\/ -->\n<title>Berlin - &quot;Gr\u00f6\u00dftenteils harmlos&quot; (Per Anhalter durch die Galaxis) - Heart of Gold Hostel Berlin<\/title>\n<meta name=\"description\" content=\"Berlin ist eine Reise wert - sagt man. \u00dcbernachtet man im Hostel statt im Hotel ist das auch noch g\u00fcnstig - multi-kulti inklusive.\" \/>\n<meta name=\"robots\" content=\"index, follow, max-snippet:-1, max-image-preview:large, max-video-preview:-1\" \/>\n<link rel=\"canonical\" href=\"https:\/\/www.heartofgold-hostel.de\/de\/berlin\/\" \/>\n<meta property=\"og:locale\" content=\"de_DE\" \/>\n<meta property=\"og:type\" content=\"article\" \/>\n<meta property=\"og:title\" content=\"Berlin - &quot;Gr\u00f6\u00dftenteils harmlos&quot; (Per Anhalter durch die Galaxis) - Heart of Gold Hostel Berlin\" \/>\n<meta property=\"og:description\" content=\"Berlin ist eine Reise wert - sagt man. \u00dcbernachtet man im Hostel statt im Hotel ist das auch noch g\u00fcnstig - multi-kulti inklusive.\" \/>\n<meta property=\"og:url\" content=\"https:\/\/www.heartofgold-hostel.de\/de\/berlin\/\" \/>\n<meta property=\"og:site_name\" content=\"Heart of Gold Hostel Berlin\" \/>\n<meta property=\"article:publisher\" content=\"https:\/\/www.facebook.com\/heart.of.gold.hostel.berlin\/\" \/>\n<meta property=\"article:modified_time\" content=\"2018-10-25T11:34:26+00:00\" \/>\n<meta property=\"og:image\" content=\"https:\/\/www.heartofgold-hostel.de\/wp-content\/uploads\/HOG_Logo_braun_180.gif\" \/>\n\t<meta property=\"og:image:width\" content=\"180\" \/>\n\t<meta property=\"og:image:height\" content=\"180\" \/>\n\t<meta property=\"og:image:type\" content=\"image\/gif\" \/>\n<meta name=\"twitter:label1\" content=\"Gesch\u00e4tzte Lesezeit\" \/>\n\t<meta name=\"twitter:data1\" content=\"2 Minuten\" \/>\n<script type=\"application\/ld+json\" class=\"yoast-schema-graph\">{\"@context\":\"https:\/\/schema.org\",\"@graph\":[{\"@type\":\"WebPage\",\"@id\":\"https:\/\/www.heartofgold-hostel.de\/de\/berlin\/\",\"url\":\"https:\/\/www.heartofgold-hostel.de\/de\/berlin\/\",\"name\":\"Berlin - \\\"Gr\u00f6\u00dftenteils harmlos\\\" (Per Anhalter durch die Galaxis) - Heart of Gold Hostel Berlin\",\"isPartOf\":{\"@id\":\"https:\/\/www.heartofgold-hostel.de\/de\/#website\"},\"datePublished\":\"2013-04-08T15:53:05+00:00\",\"dateModified\":\"2018-10-25T11:34:26+00:00\",\"description\":\"Berlin ist eine Reise wert - sagt man. \u00dcbernachtet man im Hostel statt im Hotel ist das auch noch g\u00fcnstig - multi-kulti inklusive.\",\"breadcrumb\":{\"@id\":\"https:\/\/www.heartofgold-hostel.de\/de\/berlin\/#breadcrumb\"},\"inLanguage\":\"de-DE\",\"potentialAction\":[{\"@type\":\"ReadAction\",\"target\":[\"https:\/\/www.heartofgold-hostel.de\/de\/berlin\/\"]}]},{\"@type\":\"BreadcrumbList\",\"@id\":\"https:\/\/www.heartofgold-hostel.de\/de\/berlin\/#breadcrumb\",\"itemListElement\":[{\"@type\":\"ListItem\",\"position\":1,\"name\":\"Home\",\"item\":\"https:\/\/www.heartofgold-hostel.de\/de\/willkommen-im-heart-gold-hostel-berlin\/\"},{\"@type\":\"ListItem\",\"position\":2,\"name\":\"Berlin &#8211; &#8220;Gr\u00f6\u00dftenteils harmlos&#8221; (Per Anhalter durch die Galaxis)\"}]},{\"@type\":\"WebSite\",\"@id\":\"https:\/\/www.heartofgold-hostel.de\/de\/#website\",\"url\":\"https:\/\/www.heartofgold-hostel.de\/de\/\",\"name\":\"Heart of Gold Hostel Berlin\",\"description\":\"the starship Berlin Hostel\",\"publisher\":{\"@id\":\"https:\/\/www.heartofgold-hostel.de\/de\/#organization\"},\"potentialAction\":[{\"@type\":\"SearchAction\",\"target\":{\"@type\":\"EntryPoint\",\"urlTemplate\":\"https:\/\/www.heartofgold-hostel.de\/de\/?s={search_term_string}\"},\"query-input\":{\"@type\":\"PropertyValueSpecification\",\"valueRequired\":true,\"valueName\":\"search_term_string\"}}],\"inLanguage\":\"de-DE\"},{\"@type\":\"Organization\",\"@id\":\"https:\/\/www.heartofgold-hostel.de\/de\/#organization\",\"name\":\"Heart of Gold Hostel Berlin\",\"url\":\"https:\/\/www.heartofgold-hostel.de\/de\/\",\"logo\":{\"@type\":\"ImageObject\",\"inLanguage\":\"de-DE\",\"@id\":\"https:\/\/www.heartofgold-hostel.de\/de\/#\/schema\/logo\/image\/\",\"url\":\"https:\/\/www.heartofgold-hostel.de\/wp-content\/uploads\/HOG_Logo_braun_180.gif\",\"contentUrl\":\"https:\/\/www.heartofgold-hostel.de\/wp-content\/uploads\/HOG_Logo_braun_180.gif\",\"width\":180,\"height\":180,\"caption\":\"Heart of Gold Hostel Berlin\"},\"image\":{\"@id\":\"https:\/\/www.heartofgold-hostel.de\/de\/#\/schema\/logo\/image\/\"},\"sameAs\":[\"https:\/\/www.facebook.com\/heart.of.gold.hostel.berlin\/\",\"https:\/\/x.com\/berlinhostel\",\"https:\/\/myspace.com\/hostelberlin\",\"https:\/\/www.pinterest.com\/hoghostel\/heart-of-gold-hostel\/\"]}]}<\/script>\n<!-- \/ Yoast SEO plugin. -->","yoast_head_json":{"title":"Berlin - \"Gr\u00f6\u00dftenteils harmlos\" (Per Anhalter durch die Galaxis) - Heart of Gold Hostel Berlin","description":"Berlin ist eine Reise wert - sagt man. \u00dcbernachtet man im Hostel statt im Hotel ist das auch noch g\u00fcnstig - multi-kulti inklusive.","robots":{"index":"index","follow":"follow","max-snippet":"max-snippet:-1","max-image-preview":"max-image-preview:large","max-video-preview":"max-video-preview:-1"},"canonical":"https:\/\/www.heartofgold-hostel.de\/de\/berlin\/","og_locale":"de_DE","og_type":"article","og_title":"Berlin - \"Gr\u00f6\u00dftenteils harmlos\" (Per Anhalter durch die Galaxis) - Heart of Gold Hostel Berlin","og_description":"Berlin ist eine Reise wert - sagt man. \u00dcbernachtet man im Hostel statt im Hotel ist das auch noch g\u00fcnstig - multi-kulti inklusive.","og_url":"https:\/\/www.heartofgold-hostel.de\/de\/berlin\/","og_site_name":"Heart of Gold Hostel Berlin","article_publisher":"https:\/\/www.facebook.com\/heart.of.gold.hostel.berlin\/","article_modified_time":"2018-10-25T11:34:26+00:00","og_image":[{"width":180,"height":180,"url":"https:\/\/www.heartofgold-hostel.de\/wp-content\/uploads\/HOG_Logo_braun_180.gif","type":"image\/gif"}],"twitter_misc":{"Gesch\u00e4tzte Lesezeit":"2 Minuten"},"schema":{"@context":"https:\/\/schema.org","@graph":[{"@type":"WebPage","@id":"https:\/\/www.heartofgold-hostel.de\/de\/berlin\/","url":"https:\/\/www.heartofgold-hostel.de\/de\/berlin\/","name":"Berlin - \"Gr\u00f6\u00dftenteils harmlos\" (Per Anhalter durch die Galaxis) - Heart of Gold Hostel Berlin","isPartOf":{"@id":"https:\/\/www.heartofgold-hostel.de\/de\/#website"},"datePublished":"2013-04-08T15:53:05+00:00","dateModified":"2018-10-25T11:34:26+00:00","description":"Berlin ist eine Reise wert - sagt man. \u00dcbernachtet man im Hostel statt im Hotel ist das auch noch g\u00fcnstig - multi-kulti inklusive.","breadcrumb":{"@id":"https:\/\/www.heartofgold-hostel.de\/de\/berlin\/#breadcrumb"},"inLanguage":"de-DE","potentialAction":[{"@type":"ReadAction","target":["https:\/\/www.heartofgold-hostel.de\/de\/berlin\/"]}]},{"@type":"BreadcrumbList","@id":"https:\/\/www.heartofgold-hostel.de\/de\/berlin\/#breadcrumb","itemListElement":[{"@type":"ListItem","position":1,"name":"Home","item":"https:\/\/www.heartofgold-hostel.de\/de\/willkommen-im-heart-gold-hostel-berlin\/"},{"@type":"ListItem","position":2,"name":"Berlin &#8211; &#8220;Gr\u00f6\u00dftenteils harmlos&#8221; (Per Anhalter durch die Galaxis)"}]},{"@type":"WebSite","@id":"https:\/\/www.heartofgold-hostel.de\/de\/#website","url":"https:\/\/www.heartofgold-hostel.de\/de\/","name":"Heart of Gold Hostel Berlin","description":"the starship Berlin Hostel","publisher":{"@id":"https:\/\/www.heartofgold-hostel.de\/de\/#organization"},"potentialAction":[{"@type":"SearchAction","target":{"@type":"EntryPoint","urlTemplate":"https:\/\/www.heartofgold-hostel.de\/de\/?s={search_term_string}"},"query-input":{"@type":"PropertyValueSpecification","valueRequired":true,"valueName":"search_term_string"}}],"inLanguage":"de-DE"},{"@type":"Organization","@id":"https:\/\/www.heartofgold-hostel.de\/de\/#organization","name":"Heart of Gold Hostel Berlin","url":"https:\/\/www.heartofgold-hostel.de\/de\/","logo":{"@type":"ImageObject","inLanguage":"de-DE","@id":"https:\/\/www.heartofgold-hostel.de\/de\/#\/schema\/logo\/image\/","url":"https:\/\/www.heartofgold-hostel.de\/wp-content\/uploads\/HOG_Logo_braun_180.gif","contentUrl":"https:\/\/www.heartofgold-hostel.de\/wp-content\/uploads\/HOG_Logo_braun_180.gif","width":180,"height":180,"caption":"Heart of Gold Hostel Berlin"},"image":{"@id":"https:\/\/www.heartofgold-hostel.de\/de\/#\/schema\/logo\/image\/"},"sameAs":["https:\/\/www.facebook.com\/heart.of.gold.hostel.berlin\/","https:\/\/x.com\/berlinhostel","https:\/\/myspace.com\/hostelberlin","https:\/\/www.pinterest.com\/hoghostel\/heart-of-gold-hostel\/"]}]}},"jetpack_sharing_enabled":true,"jetpack_shortlink":"https:\/\/wp.me\/P7w0Rw-5b","_links":{"self":[{"href":"https:\/\/www.heartofgold-hostel.de\/de\/wp-json\/wp\/v2\/pages\/321"}],"collection":[{"href":"https:\/\/www.heartofgold-hostel.de\/de\/wp-json\/wp\/v2\/pages"}],"about":[{"href":"https:\/\/www.heartofgold-hostel.de\/de\/wp-json\/wp\/v2\/types\/page"}],"author":[{"embeddable":true,"href":"https:\/\/www.heartofgold-hostel.de\/de\/wp-json\/wp\/v2\/users\/7"}],"replies":[{"embeddable":true,"href":"https:\/\/www.heartofgold-hostel.de\/de\/wp-json\/wp\/v2\/comments?post=321"}],"version-history":[{"count":12,"href":"https:\/\/www.heartofgold-hostel.de\/de\/wp-json\/wp\/v2\/pages\/321\/revisions"}],"predecessor-version":[{"id":5889,"href":"https:\/\/www.heartofgold-hostel.de\/de\/wp-json\/wp\/v2\/pages\/321\/revisions\/5889"}],"wp:attachment":[{"href":"https:\/\/www.heartofgold-hostel.de\/de\/wp-json\/wp\/v2\/media?parent=321"}],"curies":[{"name":"wp","href":"https:\/\/api.w.org\/{rel}","templated":true}]}}