{"id":324,"date":"2013-04-08T17:56:45","date_gmt":"2013-04-08T15:56:45","guid":{"rendered":"http:\/\/www.heartofgold-hostel.de\/?page_id=324"},"modified":"2025-05-07T11:51:29","modified_gmt":"2025-05-07T09:51:29","slug":"buchen","status":"publish","type":"page","link":"https:\/\/www.heartofgold-hostel.de\/de\/buchen\/","title":{"rendered":"Jetzt Reservieren! (Best\u00e4tigte Online-Buchung)"},"content":{"rendered":"<p>Bitte beachtet, dass die Stadt Berlin 7,5% CityTax f\u00fcr  \u00dcbernachtungen erhebt. Diese ist nicht in den angezeigten Preisen enthalten und wird bei Anreise zus\u00e4tzlich berechnet.<\/p>\n<p><b>NEU<\/b><br \/>\nSpace Capsules &#8211; Raumkapseln &#8211; sind gelandet! Eine Art extra-special Einzelzimmer f\u00fcr kleines Geld und erholsame Ruhe! <i>Jetzt auch <b>kingsize<\/b><\/i><\/p>\n<p>\nAuch neu: Bucht <b>B\u00fcro, Besprechungsraum oder Eventfl\u00e4che<\/b> f\u00fcr Meetings, Yoga-Kurse &#8211; die eigene Koch-Show, Video-Shooting, Modenschau &#8211; Weihnachts- oder Geburtstagsfeier!<\/p>\n<p>\nWir haben jetzt Parkpl\u00e4tze f\u00fcr 15 Euro pro Tag.<br \/>\nWenn man Fr\u00fchst\u00fcck inklusive bucht, gibt es 20% Rabatt darauf!<br \/>\n<b>Einfach bei der Buchung im Kommentar mit anfragen..<\/b><\/p>\n<p><iframe loading=\"lazy\" src=\"https:\/\/new.hostel-service.de:8080\/till\/book\/remote\/reserv.php?client_id=hog&#038;lang=de\" width=\"750\" height=\"900\" frameborder=\"0\" marginwidth=\"0\" marginheight=\"0\"><\/iframe><\/p>\n","protected":false},"excerpt":{"rendered":"<p>Bitte beachtet, dass die Stadt Berlin 7,5% CityTax f\u00fcr \u00dcbernachtungen erhebt. Diese ist nicht in den angezeigten Preisen enthalten und wird bei Anreise zus\u00e4tzlich berechnet. NEU Space Capsules &#8211; Raumkapseln &#8211; sind gelandet! Eine Art extra-special Einzelzimmer f\u00fcr kleines Geld &hellip; <a href=\"https:\/\/www.heartofgold-hostel.de\/de\/buchen\/\">Weiterlesen <span class=\"meta-nav\">&rarr;<\/span><\/a><\/p>\n","protected":false},"author":7,"featured_media":0,"parent":0,"menu_order":0,"comment_status":"closed","ping_status":"open","template":"onecolumn-page.php","meta":{"_monsterinsights_skip_tracking":false,"_monsterinsights_sitenote_active":false,"_monsterinsights_sitenote_note":"","_monsterinsights_sitenote_category":0,"jetpack_post_was_ever_published":false,"footnotes":""},"yoast_head":"<!-- This site is optimized with the Yoast SEO plugin v24.5 - https:\/\/yoast.com\/wordpress\/plugins\/seo\/ -->\n<title>Hostel Berlin buchen - Heart of Gold Hostel Berlin<\/title>\n<meta name=\"description\" content=\"Hostel Berlin - Preise ansehen und Betten Buchen geht bei uns ganz einfach online. Best\u00e4tigte Buchung ohne Kreditkarte!\" \/>\n<meta name=\"robots\" content=\"index, follow, max-snippet:-1, max-image-preview:large, max-video-preview:-1\" \/>\n<link rel=\"canonical\" href=\"https:\/\/www.heartofgold-hostel.de\/de\/buchen\/\" \/>\n<meta property=\"og:locale\" content=\"de_DE\" \/>\n<meta property=\"og:type\" content=\"article\" \/>\n<meta property=\"og:title\" content=\"Hostel Berlin buchen - Heart of Gold Hostel Berlin\" \/>\n<meta property=\"og:description\" content=\"Hostel Berlin - Preise ansehen und Betten Buchen geht bei uns ganz einfach online. Best\u00e4tigte Buchung ohne Kreditkarte!\" \/>\n<meta property=\"og:url\" content=\"https:\/\/www.heartofgold-hostel.de\/de\/buchen\/\" \/>\n<meta property=\"og:site_name\" content=\"Heart of Gold Hostel Berlin\" \/>\n<meta property=\"article:publisher\" content=\"https:\/\/www.facebook.com\/heart.of.gold.hostel.berlin\/\" \/>\n<meta property=\"article:modified_time\" content=\"2025-05-07T09:51:29+00:00\" \/>\n<meta property=\"og:image\" content=\"https:\/\/www.heartofgold-hostel.de\/wp-content\/uploads\/HOG_Logo_braun_180.gif\" \/>\n\t<meta property=\"og:image:width\" content=\"180\" \/>\n\t<meta property=\"og:image:height\" content=\"180\" \/>\n\t<meta property=\"og:image:type\" content=\"image\/gif\" \/>\n<meta name=\"twitter:label1\" content=\"Gesch\u00e4tzte Lesezeit\" \/>\n\t<meta name=\"twitter:data1\" content=\"1 Minute\" \/>\n<script type=\"application\/ld+json\" class=\"yoast-schema-graph\">{\"@context\":\"https:\/\/schema.org\",\"@graph\":[{\"@type\":\"WebPage\",\"@id\":\"https:\/\/www.heartofgold-hostel.de\/de\/buchen\/\",\"url\":\"https:\/\/www.heartofgold-hostel.de\/de\/buchen\/\",\"name\":\"Hostel Berlin buchen - Heart of Gold Hostel Berlin\",\"isPartOf\":{\"@id\":\"https:\/\/www.heartofgold-hostel.de\/de\/#website\"},\"datePublished\":\"2013-04-08T15:56:45+00:00\",\"dateModified\":\"2025-05-07T09:51:29+00:00\",\"description\":\"Hostel Berlin - Preise ansehen und Betten Buchen geht bei uns ganz einfach online. Best\u00e4tigte Buchung ohne Kreditkarte!\",\"breadcrumb\":{\"@id\":\"https:\/\/www.heartofgold-hostel.de\/de\/buchen\/#breadcrumb\"},\"inLanguage\":\"de-DE\",\"potentialAction\":[{\"@type\":\"ReadAction\",\"target\":[\"https:\/\/www.heartofgold-hostel.de\/de\/buchen\/\"]}]},{\"@type\":\"BreadcrumbList\",\"@id\":\"https:\/\/www.heartofgold-hostel.de\/de\/buchen\/#breadcrumb\",\"itemListElement\":[{\"@type\":\"ListItem\",\"position\":1,\"name\":\"Home\",\"item\":\"https:\/\/www.heartofgold-hostel.de\/de\/willkommen-im-heart-gold-hostel-berlin\/\"},{\"@type\":\"ListItem\",\"position\":2,\"name\":\"Jetzt Reservieren! (Best\u00e4tigte Online-Buchung)\"}]},{\"@type\":\"WebSite\",\"@id\":\"https:\/\/www.heartofgold-hostel.de\/de\/#website\",\"url\":\"https:\/\/www.heartofgold-hostel.de\/de\/\",\"name\":\"Heart of Gold Hostel Berlin\",\"description\":\"the starship Berlin Hostel\",\"publisher\":{\"@id\":\"https:\/\/www.heartofgold-hostel.de\/de\/#organization\"},\"potentialAction\":[{\"@type\":\"SearchAction\",\"target\":{\"@type\":\"EntryPoint\",\"urlTemplate\":\"https:\/\/www.heartofgold-hostel.de\/de\/?s={search_term_string}\"},\"query-input\":{\"@type\":\"PropertyValueSpecification\",\"valueRequired\":true,\"valueName\":\"search_term_string\"}}],\"inLanguage\":\"de-DE\"},{\"@type\":\"Organization\",\"@id\":\"https:\/\/www.heartofgold-hostel.de\/de\/#organization\",\"name\":\"Heart of Gold Hostel Berlin\",\"url\":\"https:\/\/www.heartofgold-hostel.de\/de\/\",\"logo\":{\"@type\":\"ImageObject\",\"inLanguage\":\"de-DE\",\"@id\":\"https:\/\/www.heartofgold-hostel.de\/de\/#\/schema\/logo\/image\/\",\"url\":\"https:\/\/www.heartofgold-hostel.de\/wp-content\/uploads\/HOG_Logo_braun_180.gif\",\"contentUrl\":\"https:\/\/www.heartofgold-hostel.de\/wp-content\/uploads\/HOG_Logo_braun_180.gif\",\"width\":180,\"height\":180,\"caption\":\"Heart of Gold Hostel Berlin\"},\"image\":{\"@id\":\"https:\/\/www.heartofgold-hostel.de\/de\/#\/schema\/logo\/image\/\"},\"sameAs\":[\"https:\/\/www.facebook.com\/heart.of.gold.hostel.berlin\/\",\"https:\/\/x.com\/berlinhostel\",\"https:\/\/myspace.com\/hostelberlin\",\"https:\/\/www.pinterest.com\/hoghostel\/heart-of-gold-hostel\/\"]}]}<\/script>\n<!-- \/ Yoast SEO plugin. -->","yoast_head_json":{"title":"Hostel Berlin buchen - Heart of Gold Hostel Berlin","description":"Hostel Berlin - Preise ansehen und Betten Buchen geht bei uns ganz einfach online. Best\u00e4tigte Buchung ohne Kreditkarte!","robots":{"index":"index","follow":"follow","max-snippet":"max-snippet:-1","max-image-preview":"max-image-preview:large","max-video-preview":"max-video-preview:-1"},"canonical":"https:\/\/www.heartofgold-hostel.de\/de\/buchen\/","og_locale":"de_DE","og_type":"article","og_title":"Hostel Berlin buchen - Heart of Gold Hostel Berlin","og_description":"Hostel Berlin - Preise ansehen und Betten Buchen geht bei uns ganz einfach online. Best\u00e4tigte Buchung ohne Kreditkarte!","og_url":"https:\/\/www.heartofgold-hostel.de\/de\/buchen\/","og_site_name":"Heart of Gold Hostel Berlin","article_publisher":"https:\/\/www.facebook.com\/heart.of.gold.hostel.berlin\/","article_modified_time":"2025-05-07T09:51:29+00:00","og_image":[{"width":180,"height":180,"url":"https:\/\/www.heartofgold-hostel.de\/wp-content\/uploads\/HOG_Logo_braun_180.gif","type":"image\/gif"}],"twitter_misc":{"Gesch\u00e4tzte Lesezeit":"1 Minute"},"schema":{"@context":"https:\/\/schema.org","@graph":[{"@type":"WebPage","@id":"https:\/\/www.heartofgold-hostel.de\/de\/buchen\/","url":"https:\/\/www.heartofgold-hostel.de\/de\/buchen\/","name":"Hostel Berlin buchen - Heart of Gold Hostel Berlin","isPartOf":{"@id":"https:\/\/www.heartofgold-hostel.de\/de\/#website"},"datePublished":"2013-04-08T15:56:45+00:00","dateModified":"2025-05-07T09:51:29+00:00","description":"Hostel Berlin - Preise ansehen und Betten Buchen geht bei uns ganz einfach online. Best\u00e4tigte Buchung ohne Kreditkarte!","breadcrumb":{"@id":"https:\/\/www.heartofgold-hostel.de\/de\/buchen\/#breadcrumb"},"inLanguage":"de-DE","potentialAction":[{"@type":"ReadAction","target":["https:\/\/www.heartofgold-hostel.de\/de\/buchen\/"]}]},{"@type":"BreadcrumbList","@id":"https:\/\/www.heartofgold-hostel.de\/de\/buchen\/#breadcrumb","itemListElement":[{"@type":"ListItem","position":1,"name":"Home","item":"https:\/\/www.heartofgold-hostel.de\/de\/willkommen-im-heart-gold-hostel-berlin\/"},{"@type":"ListItem","position":2,"name":"Jetzt Reservieren! (Best\u00e4tigte Online-Buchung)"}]},{"@type":"WebSite","@id":"https:\/\/www.heartofgold-hostel.de\/de\/#website","url":"https:\/\/www.heartofgold-hostel.de\/de\/","name":"Heart of Gold Hostel Berlin","description":"the starship Berlin Hostel","publisher":{"@id":"https:\/\/www.heartofgold-hostel.de\/de\/#organization"},"potentialAction":[{"@type":"SearchAction","target":{"@type":"EntryPoint","urlTemplate":"https:\/\/www.heartofgold-hostel.de\/de\/?s={search_term_string}"},"query-input":{"@type":"PropertyValueSpecification","valueRequired":true,"valueName":"search_term_string"}}],"inLanguage":"de-DE"},{"@type":"Organization","@id":"https:\/\/www.heartofgold-hostel.de\/de\/#organization","name":"Heart of Gold Hostel Berlin","url":"https:\/\/www.heartofgold-hostel.de\/de\/","logo":{"@type":"ImageObject","inLanguage":"de-DE","@id":"https:\/\/www.heartofgold-hostel.de\/de\/#\/schema\/logo\/image\/","url":"https:\/\/www.heartofgold-hostel.de\/wp-content\/uploads\/HOG_Logo_braun_180.gif","contentUrl":"https:\/\/www.heartofgold-hostel.de\/wp-content\/uploads\/HOG_Logo_braun_180.gif","width":180,"height":180,"caption":"Heart of Gold Hostel Berlin"},"image":{"@id":"https:\/\/www.heartofgold-hostel.de\/de\/#\/schema\/logo\/image\/"},"sameAs":["https:\/\/www.facebook.com\/heart.of.gold.hostel.berlin\/","https:\/\/x.com\/berlinhostel","https:\/\/myspace.com\/hostelberlin","https:\/\/www.pinterest.com\/hoghostel\/heart-of-gold-hostel\/"]}]}},"jetpack_sharing_enabled":true,"jetpack_shortlink":"https:\/\/wp.me\/P7w0Rw-5e","_links":{"self":[{"href":"https:\/\/www.heartofgold-hostel.de\/de\/wp-json\/wp\/v2\/pages\/324"}],"collection":[{"href":"https:\/\/www.heartofgold-hostel.de\/de\/wp-json\/wp\/v2\/pages"}],"about":[{"href":"https:\/\/www.heartofgold-hostel.de\/de\/wp-json\/wp\/v2\/types\/page"}],"author":[{"embeddable":true,"href":"https:\/\/www.heartofgold-hostel.de\/de\/wp-json\/wp\/v2\/users\/7"}],"replies":[{"embeddable":true,"href":"https:\/\/www.heartofgold-hostel.de\/de\/wp-json\/wp\/v2\/comments?post=324"}],"version-history":[{"count":48,"href":"https:\/\/www.heartofgold-hostel.de\/de\/wp-json\/wp\/v2\/pages\/324\/revisions"}],"predecessor-version":[{"id":6990,"href":"https:\/\/www.heartofgold-hostel.de\/de\/wp-json\/wp\/v2\/pages\/324\/revisions\/6990"}],"wp:attachment":[{"href":"https:\/\/www.heartofgold-hostel.de\/de\/wp-json\/wp\/v2\/media?parent=324"}],"curies":[{"name":"wp","href":"https:\/\/api.w.org\/{rel}","templated":true}]}}