{"id":336,"date":"2013-04-08T18:01:33","date_gmt":"2013-04-08T16:01:33","guid":{"rendered":"http:\/\/www.heartofgold-hostel.de\/?page_id=336"},"modified":"2018-10-25T10:54:07","modified_gmt":"2018-10-25T08:54:07","slug":"lage-in-berlin-mitte","status":"publish","type":"page","link":"https:\/\/www.heartofgold-hostel.de\/de\/lage-in-berlin-mitte\/","title":{"rendered":"Zentralste Lage in Berlin Mitte"},"content":{"rendered":"<p><iframe loading=\"lazy\" src=\"https:\/\/mapsengine.google.com\/map\/embed?mid=zN2FoqQQNxlc.kVgJwbVHRky8\" width=\"600\" height=\"480\"><\/iframe><\/p>\n<p>Das HEART OF GOLD Hostel liegt zentral in Berlin Mitte in der N\u00e4he des <em>Brandenburger<\/em> <em>Tors<\/em> (1300m), des <em>Reichstags<\/em> (1200m) und der <em>Museeumsinsel<\/em> (500 m). Unz\u00e4hlige weitere Sehensw\u00fcrdigkeiten sind nur einen kurzen Spaziergang entfernt.<\/p>\n<p>Ein bunte Mischung aus Bars, Clubs und Restaurants findest Du ebenfalls direkt um die Ecke auf der <em>Oranienburger Stra\u00dfe<\/em> und viele weitere in Richtung <em>Hackescher Markt<\/em>.<\/p>\n<p>Die n\u00e4chstgelegenen S-Bahn Stationen sind <em>Oranienburger Strasse<\/em> und <em>Friedrichstrasse<\/em>. Die n\u00e4chste U-Bahn Station ist die Haltestelle <em>Oranienburger Tor<\/em>.<\/p>\n","protected":false},"excerpt":{"rendered":"<p>Das HEART OF GOLD Hostel liegt zentral in Berlin Mitte in der N\u00e4he des Brandenburger Tors (1300m), des Reichstags (1200m) und der Museeumsinsel (500 m). Unz\u00e4hlige weitere Sehensw\u00fcrdigkeiten sind nur einen kurzen Spaziergang entfernt. Ein bunte Mischung aus Bars, Clubs &hellip; <a href=\"https:\/\/www.heartofgold-hostel.de\/de\/lage-in-berlin-mitte\/\">Weiterlesen <span class=\"meta-nav\">&rarr;<\/span><\/a><\/p>\n","protected":false},"author":7,"featured_media":0,"parent":0,"menu_order":0,"comment_status":"closed","ping_status":"closed","template":"","meta":{"_monsterinsights_skip_tracking":false,"_monsterinsights_sitenote_active":false,"_monsterinsights_sitenote_note":"","_monsterinsights_sitenote_category":0,"jetpack_post_was_ever_published":false,"footnotes":""},"yoast_head":"<!-- This site is optimized with the Yoast SEO plugin v24.5 - https:\/\/yoast.com\/wordpress\/plugins\/seo\/ -->\n<title>Zentralste Lage in Berlin Mitte - Heart of Gold Hostel Berlin<\/title>\n<meta name=\"description\" content=\"Zentraler kann ein Hostel in Berlin Mitte kaum liegen. Fast alle Sehensw\u00fcrdigkeiten sind zu Fu\u00df erreichbar - das Nachtleben ist um die Ecke.\" \/>\n<meta name=\"robots\" content=\"index, follow, max-snippet:-1, max-image-preview:large, max-video-preview:-1\" \/>\n<link rel=\"canonical\" href=\"https:\/\/www.heartofgold-hostel.de\/de\/lage-in-berlin-mitte\/\" \/>\n<meta property=\"og:locale\" content=\"de_DE\" \/>\n<meta property=\"og:type\" content=\"article\" \/>\n<meta property=\"og:title\" content=\"Zentralste Lage in Berlin Mitte - Heart of Gold Hostel Berlin\" \/>\n<meta property=\"og:description\" content=\"Zentraler kann ein Hostel in Berlin Mitte kaum liegen. Fast alle Sehensw\u00fcrdigkeiten sind zu Fu\u00df erreichbar - das Nachtleben ist um die Ecke.\" \/>\n<meta property=\"og:url\" content=\"https:\/\/www.heartofgold-hostel.de\/de\/lage-in-berlin-mitte\/\" \/>\n<meta property=\"og:site_name\" content=\"Heart of Gold Hostel Berlin\" \/>\n<meta property=\"article:publisher\" content=\"https:\/\/www.facebook.com\/heart.of.gold.hostel.berlin\/\" \/>\n<meta property=\"article:modified_time\" content=\"2018-10-25T08:54:07+00:00\" \/>\n<meta property=\"og:image\" content=\"https:\/\/www.heartofgold-hostel.de\/wp-content\/uploads\/HOG_Logo_braun_180.gif\" \/>\n\t<meta property=\"og:image:width\" content=\"180\" \/>\n\t<meta property=\"og:image:height\" content=\"180\" \/>\n\t<meta property=\"og:image:type\" content=\"image\/gif\" \/>\n<script type=\"application\/ld+json\" class=\"yoast-schema-graph\">{\"@context\":\"https:\/\/schema.org\",\"@graph\":[{\"@type\":\"WebPage\",\"@id\":\"https:\/\/www.heartofgold-hostel.de\/de\/lage-in-berlin-mitte\/\",\"url\":\"https:\/\/www.heartofgold-hostel.de\/de\/lage-in-berlin-mitte\/\",\"name\":\"Zentralste Lage in Berlin Mitte - Heart of Gold Hostel Berlin\",\"isPartOf\":{\"@id\":\"https:\/\/www.heartofgold-hostel.de\/de\/#website\"},\"datePublished\":\"2013-04-08T16:01:33+00:00\",\"dateModified\":\"2018-10-25T08:54:07+00:00\",\"description\":\"Zentraler kann ein Hostel in Berlin Mitte kaum liegen. Fast alle Sehensw\u00fcrdigkeiten sind zu Fu\u00df erreichbar - das Nachtleben ist um die Ecke.\",\"breadcrumb\":{\"@id\":\"https:\/\/www.heartofgold-hostel.de\/de\/lage-in-berlin-mitte\/#breadcrumb\"},\"inLanguage\":\"de-DE\",\"potentialAction\":[{\"@type\":\"ReadAction\",\"target\":[\"https:\/\/www.heartofgold-hostel.de\/de\/lage-in-berlin-mitte\/\"]}]},{\"@type\":\"BreadcrumbList\",\"@id\":\"https:\/\/www.heartofgold-hostel.de\/de\/lage-in-berlin-mitte\/#breadcrumb\",\"itemListElement\":[{\"@type\":\"ListItem\",\"position\":1,\"name\":\"Home\",\"item\":\"https:\/\/www.heartofgold-hostel.de\/de\/willkommen-im-heart-gold-hostel-berlin\/\"},{\"@type\":\"ListItem\",\"position\":2,\"name\":\"Zentralste Lage in Berlin Mitte\"}]},{\"@type\":\"WebSite\",\"@id\":\"https:\/\/www.heartofgold-hostel.de\/de\/#website\",\"url\":\"https:\/\/www.heartofgold-hostel.de\/de\/\",\"name\":\"Heart of Gold Hostel Berlin\",\"description\":\"the starship Berlin Hostel\",\"publisher\":{\"@id\":\"https:\/\/www.heartofgold-hostel.de\/de\/#organization\"},\"potentialAction\":[{\"@type\":\"SearchAction\",\"target\":{\"@type\":\"EntryPoint\",\"urlTemplate\":\"https:\/\/www.heartofgold-hostel.de\/de\/?s={search_term_string}\"},\"query-input\":{\"@type\":\"PropertyValueSpecification\",\"valueRequired\":true,\"valueName\":\"search_term_string\"}}],\"inLanguage\":\"de-DE\"},{\"@type\":\"Organization\",\"@id\":\"https:\/\/www.heartofgold-hostel.de\/de\/#organization\",\"name\":\"Heart of Gold Hostel Berlin\",\"url\":\"https:\/\/www.heartofgold-hostel.de\/de\/\",\"logo\":{\"@type\":\"ImageObject\",\"inLanguage\":\"de-DE\",\"@id\":\"https:\/\/www.heartofgold-hostel.de\/de\/#\/schema\/logo\/image\/\",\"url\":\"https:\/\/www.heartofgold-hostel.de\/wp-content\/uploads\/HOG_Logo_braun_180.gif\",\"contentUrl\":\"https:\/\/www.heartofgold-hostel.de\/wp-content\/uploads\/HOG_Logo_braun_180.gif\",\"width\":180,\"height\":180,\"caption\":\"Heart of Gold Hostel Berlin\"},\"image\":{\"@id\":\"https:\/\/www.heartofgold-hostel.de\/de\/#\/schema\/logo\/image\/\"},\"sameAs\":[\"https:\/\/www.facebook.com\/heart.of.gold.hostel.berlin\/\",\"https:\/\/x.com\/berlinhostel\",\"https:\/\/myspace.com\/hostelberlin\",\"https:\/\/www.pinterest.com\/hoghostel\/heart-of-gold-hostel\/\"]}]}<\/script>\n<!-- \/ Yoast SEO plugin. -->","yoast_head_json":{"title":"Zentralste Lage in Berlin Mitte - Heart of Gold Hostel Berlin","description":"Zentraler kann ein Hostel in Berlin Mitte kaum liegen. Fast alle Sehensw\u00fcrdigkeiten sind zu Fu\u00df erreichbar - das Nachtleben ist um die Ecke.","robots":{"index":"index","follow":"follow","max-snippet":"max-snippet:-1","max-image-preview":"max-image-preview:large","max-video-preview":"max-video-preview:-1"},"canonical":"https:\/\/www.heartofgold-hostel.de\/de\/lage-in-berlin-mitte\/","og_locale":"de_DE","og_type":"article","og_title":"Zentralste Lage in Berlin Mitte - Heart of Gold Hostel Berlin","og_description":"Zentraler kann ein Hostel in Berlin Mitte kaum liegen. Fast alle Sehensw\u00fcrdigkeiten sind zu Fu\u00df erreichbar - das Nachtleben ist um die Ecke.","og_url":"https:\/\/www.heartofgold-hostel.de\/de\/lage-in-berlin-mitte\/","og_site_name":"Heart of Gold Hostel Berlin","article_publisher":"https:\/\/www.facebook.com\/heart.of.gold.hostel.berlin\/","article_modified_time":"2018-10-25T08:54:07+00:00","og_image":[{"width":180,"height":180,"url":"https:\/\/www.heartofgold-hostel.de\/wp-content\/uploads\/HOG_Logo_braun_180.gif","type":"image\/gif"}],"schema":{"@context":"https:\/\/schema.org","@graph":[{"@type":"WebPage","@id":"https:\/\/www.heartofgold-hostel.de\/de\/lage-in-berlin-mitte\/","url":"https:\/\/www.heartofgold-hostel.de\/de\/lage-in-berlin-mitte\/","name":"Zentralste Lage in Berlin Mitte - Heart of Gold Hostel Berlin","isPartOf":{"@id":"https:\/\/www.heartofgold-hostel.de\/de\/#website"},"datePublished":"2013-04-08T16:01:33+00:00","dateModified":"2018-10-25T08:54:07+00:00","description":"Zentraler kann ein Hostel in Berlin Mitte kaum liegen. Fast alle Sehensw\u00fcrdigkeiten sind zu Fu\u00df erreichbar - das Nachtleben ist um die Ecke.","breadcrumb":{"@id":"https:\/\/www.heartofgold-hostel.de\/de\/lage-in-berlin-mitte\/#breadcrumb"},"inLanguage":"de-DE","potentialAction":[{"@type":"ReadAction","target":["https:\/\/www.heartofgold-hostel.de\/de\/lage-in-berlin-mitte\/"]}]},{"@type":"BreadcrumbList","@id":"https:\/\/www.heartofgold-hostel.de\/de\/lage-in-berlin-mitte\/#breadcrumb","itemListElement":[{"@type":"ListItem","position":1,"name":"Home","item":"https:\/\/www.heartofgold-hostel.de\/de\/willkommen-im-heart-gold-hostel-berlin\/"},{"@type":"ListItem","position":2,"name":"Zentralste Lage in Berlin Mitte"}]},{"@type":"WebSite","@id":"https:\/\/www.heartofgold-hostel.de\/de\/#website","url":"https:\/\/www.heartofgold-hostel.de\/de\/","name":"Heart of Gold Hostel Berlin","description":"the starship Berlin Hostel","publisher":{"@id":"https:\/\/www.heartofgold-hostel.de\/de\/#organization"},"potentialAction":[{"@type":"SearchAction","target":{"@type":"EntryPoint","urlTemplate":"https:\/\/www.heartofgold-hostel.de\/de\/?s={search_term_string}"},"query-input":{"@type":"PropertyValueSpecification","valueRequired":true,"valueName":"search_term_string"}}],"inLanguage":"de-DE"},{"@type":"Organization","@id":"https:\/\/www.heartofgold-hostel.de\/de\/#organization","name":"Heart of Gold Hostel Berlin","url":"https:\/\/www.heartofgold-hostel.de\/de\/","logo":{"@type":"ImageObject","inLanguage":"de-DE","@id":"https:\/\/www.heartofgold-hostel.de\/de\/#\/schema\/logo\/image\/","url":"https:\/\/www.heartofgold-hostel.de\/wp-content\/uploads\/HOG_Logo_braun_180.gif","contentUrl":"https:\/\/www.heartofgold-hostel.de\/wp-content\/uploads\/HOG_Logo_braun_180.gif","width":180,"height":180,"caption":"Heart of Gold Hostel Berlin"},"image":{"@id":"https:\/\/www.heartofgold-hostel.de\/de\/#\/schema\/logo\/image\/"},"sameAs":["https:\/\/www.facebook.com\/heart.of.gold.hostel.berlin\/","https:\/\/x.com\/berlinhostel","https:\/\/myspace.com\/hostelberlin","https:\/\/www.pinterest.com\/hoghostel\/heart-of-gold-hostel\/"]}]}},"jetpack_sharing_enabled":true,"jetpack_shortlink":"https:\/\/wp.me\/P7w0Rw-5q","_links":{"self":[{"href":"https:\/\/www.heartofgold-hostel.de\/de\/wp-json\/wp\/v2\/pages\/336"}],"collection":[{"href":"https:\/\/www.heartofgold-hostel.de\/de\/wp-json\/wp\/v2\/pages"}],"about":[{"href":"https:\/\/www.heartofgold-hostel.de\/de\/wp-json\/wp\/v2\/types\/page"}],"author":[{"embeddable":true,"href":"https:\/\/www.heartofgold-hostel.de\/de\/wp-json\/wp\/v2\/users\/7"}],"replies":[{"embeddable":true,"href":"https:\/\/www.heartofgold-hostel.de\/de\/wp-json\/wp\/v2\/comments?post=336"}],"version-history":[{"count":11,"href":"https:\/\/www.heartofgold-hostel.de\/de\/wp-json\/wp\/v2\/pages\/336\/revisions"}],"predecessor-version":[{"id":5874,"href":"https:\/\/www.heartofgold-hostel.de\/de\/wp-json\/wp\/v2\/pages\/336\/revisions\/5874"}],"wp:attachment":[{"href":"https:\/\/www.heartofgold-hostel.de\/de\/wp-json\/wp\/v2\/media?parent=336"}],"curies":[{"name":"wp","href":"https:\/\/api.w.org\/{rel}","templated":true}]}}