{"id":469,"date":"2013-04-27T00:04:57","date_gmt":"2013-04-26T22:04:57","guid":{"rendered":"http:\/\/www.heartofgold-hostel.de\/?page_id=469"},"modified":"2018-10-25T11:18:45","modified_gmt":"2018-10-25T09:18:45","slug":"keine-panik","status":"publish","type":"page","link":"https:\/\/www.heartofgold-hostel.de\/de\/keine-panik\/","title":{"rendered":"Keine Panik!"},"content":{"rendered":"<p><a href=\"https:\/\/www.heartofgold-hostel.de\/wp-content\/uploads\/2013\/04\/marvin-2.png\"><img loading=\"lazy\" decoding=\"async\" class=\" wp-image-543 alignright\" src=\"https:\/\/www.heartofgold-hostel.de\/wp-content\/uploads\/2013\/04\/marvin-2-222x300.png\" alt=\"marvin is sad\" width=\"200\" height=\"270\" srcset=\"https:\/\/www.heartofgold-hostel.de\/wp-content\/uploads\/2013\/04\/marvin-2-222x300.png 222w, https:\/\/www.heartofgold-hostel.de\/wp-content\/uploads\/2013\/04\/marvin-2-111x150.png 111w, https:\/\/www.heartofgold-hostel.de\/wp-content\/uploads\/2013\/04\/marvin-2.png 500w\" sizes=\"(max-width: 200px) 100vw, 200px\" \/><\/a><\/p>\n<p>Douglas Adams lag nach eigenen Angaben 1971 leicht angegangen auf einem Acker bei Innsbruck, las &#8222;Per Anhalter durch Europa&#8220; und bewunderte den Sternenhimmel.<br \/>\nSo oder so \u00e4hnlich soll die Idee zu &#8222;Per Anhalter durch die Galaxis&#8220; entstanden sein.\u00a0Daraus wurde ein H\u00f6rspiel, die <a title=\"Wikipedia Artikel zur Romanserie\" href=\"http:\/\/de.wikipedia.org\/wiki\/Per_Anhalter_durch_die_Galaxis\" target=\"_blank\" rel=\"noopener\">Romanserie<\/a>, eine <a title=\"BBC offizielle Seite der Serie\" href=\"http:\/\/www.bbc.co.uk\/cult\/hitchhikers\/\" target=\"_blank\" rel=\"noopener\">Fernsehserie der BBC<\/a>, ein Kinofilm und viele andere Umsetzungen. Wir empfehlen: unbedingt das Buch lesen, falls noch nicht geschehen (der Film ist leider nicht so doll)!<\/p>\n<p>Uns haben vor allem die B\u00fccher inspiriert und so hie\u00df unser neues Hostel in Berlin 2003 HEART OF GOLD &#8211; nach dem ersten Raumschiff, das durch den\u00a0unendlichen Unwahrscheinlichkeitsdrive\u00a0angetrieben wird\u00a0&#8211; die &#8222;Herz aus Gold&#8220;. Viele Designs und Ideen f\u00fcrs Hostel sind durch die B\u00fccher und teils die Fernsehserie inspiriert.<br \/>\nKostprobe gef\u00e4llig ?! Keine Panik!<\/p>\n<blockquote><p>Weit drau\u00dfen in den unerforschten Ein\u00f6den eines total aus der Mode gekommenen Ausl\u00e4ufers des westlichen Spiralarms der Galaxis leuchtet unbeachtet eine kleine gelbe Sonne. Um sie kreist in einer Entfernung von ungef\u00e4hr achtundneunzig Millionen Meilen ein absolut unbedeutender, kleiner blaugr\u00fcner Planet, dessen vom Affen stammende Bioformen so erstaunlich primitiv sind, da\u00df sie Digitaluhren noch immer f\u00fcr eine unwahrscheinlich tolle Erfindung halten. &#8230;<\/p>\n<p>Sie h\u00f6rte sich eigentlich ganz vern\u00fcnftig an, aber sie sagte nur: &#8222;Zwei hoch einhunderttausend zu eins, fallend&#8220;, und das war alles. Ford schlidderte einen Lichtstrahl runter und drehte sich im Kreise, als er herauszukriegen versuchte, woher die Stimme kam. Er sah aber nichts, an das er ernstlich glauben konnte.<\/p>\n<p>&#8222;Was war das f\u00fcr eine Stimme?&#8220; schrie Arthur.<\/p>\n<p>&#8222;Ich wei\u00df nicht&#8220;, br\u00fcllte Ford zur\u00fcck, &#8222;ich wei\u00df es nicht. Es klang wie eine Wahrscheinlichkeitsrechnung.&#8220;<\/p>\n<p>&#8222;Wahrscheinlichkeit? Was willst du damit sagen?&#8220;<\/p>\n<p>&#8222;Eben Wahrscheinlichkeit. Verstehst du, so was wie zwei zu eins, drei zu eins, f\u00fcnf zu vier. Sie sagte, zwei hoch einhunderttausend zu eins. Das ist ziemlich unwahrscheinlich, verstehst du?&#8220;<\/p>\n<p>Ein F\u00fcnf-Millionen-Liter-Bottich Vanilleso\u00dfe ergo\u00df sich ohne Warnung \u00fcber sie. &#8222;Aber was soll das denn?&#8220; rief Arthur.<\/p>\n<p>&#8222;Was, die Vanilleso\u00dfe?&#8220;<\/p>\n<p>&#8222;Nein, die Wahrscheinlichkeitsrechnung!&#8220;<\/p>\n<p>&#8222;Das wei\u00df ich nicht. Keine Ahnung. Ich glaube, wir sind auf so was wie einem Raumschiff.&#8220;<\/p>\n<p>&#8222;Ich m\u00f6chte nur annehmen&#8220;, sagte Arthur, &#8222;das hier ist nicht das Erster-Klasse-Abteil.&#8220;<\/p>\n<p>Beulen tauchten im Raum-Zeit-Gef\u00fcge auf. Gro\u00dfe, widerliche Beulen. &#8222;Haaaaauuuurrchchch &#8230;&#8220;, sagte Arthur, als er f\u00fchlte, wie sein K\u00f6rper weich wurde und sich in die unwahrscheinlichsten Richtungen bog. &#8222;Southend scheint sich aufzul\u00f6sen &#8230; die Sterne wirbeln herum &#8230; eine Dunstglocke &#8230; meine Beine wandern in den Sonnenuntergang &#8230; mein linker Arm ist auch ab.&#8220; Ein entsetzlicher Gedanke durchfuhr ihn.<\/p>\n<p>&#8222;Verdammt&#8220;, sagte er, &#8222;wie bediene ich jetzt blo\u00df meine Digitaluhr?&#8220; Verzweifelt drehte er die Augen in Fords Richtung. &#8222;Ford&#8220;, sagte er, &#8222;du verwandelst dich in einen Pinguin. La\u00df das bitte.&#8220;<\/p>\n<p>Wieder war die Stimme zu h\u00f6ren. &#8222;Zwei hoch f\u00fcnfundsiebzigtausend zu eins, fallend.&#8220;<\/p>\n<p>Ford watschelte in einem w\u00fctenden Kreis um seinen Teich. &#8222;He, wer bist du?&#8220; quakte er. &#8222;Wo bist du? Was ist eigentlich los? Kann man das irgendwie anhalten?&#8220;<\/p>\n<p>&#8222;Bitte seien sie ganz unbesorgt&#8220;, sagte freundlich die Stimme, die sich wie die einer Stewardess in einem Flugzeug anh\u00f6rte, das nur eine Tragfl\u00e4che und zwei Motoren hat, von denen einer brennt, &#8222;Sie sind absolut in Sicherheit.&#8220;<\/p>\n<p>&#8222;Darum geht&#8217;s doch nicht!&#8220; kreischte Ford w\u00fctend. &#8222;Es geht doch darum, da\u00df ich jetzt ein Pinguin bin, der absolut in Sicherheit ist und meinem Kumpel hier gehen rapide die Glieder aus!&#8220;<\/p>\n<p>&#8222;Schon in Ordnung, hab sie alle wieder&#8220;, sagte Arthur. &#8222;Zwei hoch f\u00fcnfzigtausend zu eins, fallend&#8220;, sagte die Stimme.<\/p>\n<p>&#8222;Zugegeben&#8220;, sagte Arthur, &#8222;sie sind ein bi\u00dfchen l\u00e4nger, als sie mir normalerweise gefallen, aber &#8230;&#8220;<\/p>\n<p>&#8222;Haben Sie nicht das Gef\u00fchl&#8220;, qu\u00e4kte Ford in seiner Vogelwut, &#8222;Sie sollten uns vielleicht etwas erkl\u00e4ren?&#8220;<\/p>\n<p>Die Stimme r\u00e4usperte sich. Ein riesenhaftes petit four latschte vorbei und verschwand in der Feme.<\/p>\n<p>&#8222;Willkommen&#8220;, sagte die Stimme,<\/p>\n<p>&#8222;im Sternenschiff &gt;Herz aus Gold&lt;.&#8220;<\/p><\/blockquote>\n<p>Quelle: &#8222;Per Anhalter durch die Galaxis&#8220; von <a title=\"Offizielle Website von Douglas Adams\" href=\"http:\/\/www.douglasadams.com\/\" target=\"_blank\" rel=\"noopener\">D. Adams<\/a>.<\/p>\n","protected":false},"excerpt":{"rendered":"<p>Douglas Adams lag nach eigenen Angaben 1971 leicht angegangen auf einem Acker bei Innsbruck, las &#8222;Per Anhalter durch Europa&#8220; und bewunderte den Sternenhimmel. So oder so \u00e4hnlich soll die Idee zu &#8222;Per Anhalter durch die Galaxis&#8220; entstanden sein.\u00a0Daraus wurde ein &hellip; <a href=\"https:\/\/www.heartofgold-hostel.de\/de\/keine-panik\/\">Weiterlesen <span class=\"meta-nav\">&rarr;<\/span><\/a><\/p>\n","protected":false},"author":1,"featured_media":0,"parent":0,"menu_order":0,"comment_status":"closed","ping_status":"closed","template":"","meta":{"_monsterinsights_skip_tracking":false,"_monsterinsights_sitenote_active":false,"_monsterinsights_sitenote_note":"","_monsterinsights_sitenote_category":0,"jetpack_post_was_ever_published":false,"footnotes":""},"yoast_head":"<!-- This site is optimized with the Yoast SEO plugin v24.5 - https:\/\/yoast.com\/wordpress\/plugins\/seo\/ -->\n<title>Keine Panik! - Heart of Gold Hostel Berlin<\/title>\n<meta name=\"description\" content=\"Keine Panik! - das Motto der Romanreihe &quot;Per Anhalter durch die Galaxis&quot; von Douglas Adams - und in gro\u00dfen beruhigenden Buchstaben auf dem Cover.\" \/>\n<meta name=\"robots\" content=\"index, follow, max-snippet:-1, max-image-preview:large, max-video-preview:-1\" \/>\n<link rel=\"canonical\" href=\"https:\/\/www.heartofgold-hostel.de\/de\/keine-panik\/\" \/>\n<meta property=\"og:locale\" content=\"de_DE\" \/>\n<meta property=\"og:type\" content=\"article\" \/>\n<meta property=\"og:title\" content=\"Keine Panik! - Heart of Gold Hostel Berlin\" \/>\n<meta property=\"og:description\" content=\"Keine Panik! - das Motto der Romanreihe &quot;Per Anhalter durch die Galaxis&quot; von Douglas Adams - und in gro\u00dfen beruhigenden Buchstaben auf dem Cover.\" \/>\n<meta property=\"og:url\" content=\"https:\/\/www.heartofgold-hostel.de\/de\/keine-panik\/\" \/>\n<meta property=\"og:site_name\" content=\"Heart of Gold Hostel Berlin\" \/>\n<meta property=\"article:publisher\" content=\"https:\/\/www.facebook.com\/heart.of.gold.hostel.berlin\/\" \/>\n<meta property=\"article:modified_time\" content=\"2018-10-25T09:18:45+00:00\" \/>\n<meta property=\"og:image\" content=\"http:\/\/www.heartofgold-hostel.de\/wp-content\/uploads\/2013\/04\/marvin-2-222x300.png\" \/>\n<meta name=\"twitter:label1\" content=\"Gesch\u00e4tzte Lesezeit\" \/>\n\t<meta name=\"twitter:data1\" content=\"3 Minuten\" \/>\n<script type=\"application\/ld+json\" class=\"yoast-schema-graph\">{\"@context\":\"https:\/\/schema.org\",\"@graph\":[{\"@type\":\"WebPage\",\"@id\":\"https:\/\/www.heartofgold-hostel.de\/de\/keine-panik\/\",\"url\":\"https:\/\/www.heartofgold-hostel.de\/de\/keine-panik\/\",\"name\":\"Keine Panik! - Heart of Gold Hostel Berlin\",\"isPartOf\":{\"@id\":\"https:\/\/www.heartofgold-hostel.de\/de\/#website\"},\"primaryImageOfPage\":{\"@id\":\"https:\/\/www.heartofgold-hostel.de\/de\/keine-panik\/#primaryimage\"},\"image\":{\"@id\":\"https:\/\/www.heartofgold-hostel.de\/de\/keine-panik\/#primaryimage\"},\"thumbnailUrl\":\"http:\/\/www.heartofgold-hostel.de\/wp-content\/uploads\/2013\/04\/marvin-2-222x300.png\",\"datePublished\":\"2013-04-26T22:04:57+00:00\",\"dateModified\":\"2018-10-25T09:18:45+00:00\",\"description\":\"Keine Panik! - das Motto der Romanreihe \\\"Per Anhalter durch die Galaxis\\\" von Douglas Adams - und in gro\u00dfen beruhigenden Buchstaben auf dem Cover.\",\"breadcrumb\":{\"@id\":\"https:\/\/www.heartofgold-hostel.de\/de\/keine-panik\/#breadcrumb\"},\"inLanguage\":\"de-DE\",\"potentialAction\":[{\"@type\":\"ReadAction\",\"target\":[\"https:\/\/www.heartofgold-hostel.de\/de\/keine-panik\/\"]}]},{\"@type\":\"ImageObject\",\"inLanguage\":\"de-DE\",\"@id\":\"https:\/\/www.heartofgold-hostel.de\/de\/keine-panik\/#primaryimage\",\"url\":\"http:\/\/www.heartofgold-hostel.de\/wp-content\/uploads\/2013\/04\/marvin-2-222x300.png\",\"contentUrl\":\"http:\/\/www.heartofgold-hostel.de\/wp-content\/uploads\/2013\/04\/marvin-2-222x300.png\"},{\"@type\":\"BreadcrumbList\",\"@id\":\"https:\/\/www.heartofgold-hostel.de\/de\/keine-panik\/#breadcrumb\",\"itemListElement\":[{\"@type\":\"ListItem\",\"position\":1,\"name\":\"Home\",\"item\":\"https:\/\/www.heartofgold-hostel.de\/de\/willkommen-im-heart-gold-hostel-berlin\/\"},{\"@type\":\"ListItem\",\"position\":2,\"name\":\"Keine Panik!\"}]},{\"@type\":\"WebSite\",\"@id\":\"https:\/\/www.heartofgold-hostel.de\/de\/#website\",\"url\":\"https:\/\/www.heartofgold-hostel.de\/de\/\",\"name\":\"Heart of Gold Hostel Berlin\",\"description\":\"the starship Berlin Hostel\",\"publisher\":{\"@id\":\"https:\/\/www.heartofgold-hostel.de\/de\/#organization\"},\"potentialAction\":[{\"@type\":\"SearchAction\",\"target\":{\"@type\":\"EntryPoint\",\"urlTemplate\":\"https:\/\/www.heartofgold-hostel.de\/de\/?s={search_term_string}\"},\"query-input\":{\"@type\":\"PropertyValueSpecification\",\"valueRequired\":true,\"valueName\":\"search_term_string\"}}],\"inLanguage\":\"de-DE\"},{\"@type\":\"Organization\",\"@id\":\"https:\/\/www.heartofgold-hostel.de\/de\/#organization\",\"name\":\"Heart of Gold Hostel Berlin\",\"url\":\"https:\/\/www.heartofgold-hostel.de\/de\/\",\"logo\":{\"@type\":\"ImageObject\",\"inLanguage\":\"de-DE\",\"@id\":\"https:\/\/www.heartofgold-hostel.de\/de\/#\/schema\/logo\/image\/\",\"url\":\"https:\/\/www.heartofgold-hostel.de\/wp-content\/uploads\/HOG_Logo_braun_180.gif\",\"contentUrl\":\"https:\/\/www.heartofgold-hostel.de\/wp-content\/uploads\/HOG_Logo_braun_180.gif\",\"width\":180,\"height\":180,\"caption\":\"Heart of Gold Hostel Berlin\"},\"image\":{\"@id\":\"https:\/\/www.heartofgold-hostel.de\/de\/#\/schema\/logo\/image\/\"},\"sameAs\":[\"https:\/\/www.facebook.com\/heart.of.gold.hostel.berlin\/\",\"https:\/\/x.com\/berlinhostel\",\"https:\/\/myspace.com\/hostelberlin\",\"https:\/\/www.pinterest.com\/hoghostel\/heart-of-gold-hostel\/\"]}]}<\/script>\n<!-- \/ Yoast SEO plugin. -->","yoast_head_json":{"title":"Keine Panik! - Heart of Gold Hostel Berlin","description":"Keine Panik! - das Motto der Romanreihe \"Per Anhalter durch die Galaxis\" von Douglas Adams - und in gro\u00dfen beruhigenden Buchstaben auf dem Cover.","robots":{"index":"index","follow":"follow","max-snippet":"max-snippet:-1","max-image-preview":"max-image-preview:large","max-video-preview":"max-video-preview:-1"},"canonical":"https:\/\/www.heartofgold-hostel.de\/de\/keine-panik\/","og_locale":"de_DE","og_type":"article","og_title":"Keine Panik! - Heart of Gold Hostel Berlin","og_description":"Keine Panik! - das Motto der Romanreihe \"Per Anhalter durch die Galaxis\" von Douglas Adams - und in gro\u00dfen beruhigenden Buchstaben auf dem Cover.","og_url":"https:\/\/www.heartofgold-hostel.de\/de\/keine-panik\/","og_site_name":"Heart of Gold Hostel Berlin","article_publisher":"https:\/\/www.facebook.com\/heart.of.gold.hostel.berlin\/","article_modified_time":"2018-10-25T09:18:45+00:00","og_image":[{"url":"http:\/\/www.heartofgold-hostel.de\/wp-content\/uploads\/2013\/04\/marvin-2-222x300.png","type":"","width":"","height":""}],"twitter_misc":{"Gesch\u00e4tzte Lesezeit":"3 Minuten"},"schema":{"@context":"https:\/\/schema.org","@graph":[{"@type":"WebPage","@id":"https:\/\/www.heartofgold-hostel.de\/de\/keine-panik\/","url":"https:\/\/www.heartofgold-hostel.de\/de\/keine-panik\/","name":"Keine Panik! - Heart of Gold Hostel Berlin","isPartOf":{"@id":"https:\/\/www.heartofgold-hostel.de\/de\/#website"},"primaryImageOfPage":{"@id":"https:\/\/www.heartofgold-hostel.de\/de\/keine-panik\/#primaryimage"},"image":{"@id":"https:\/\/www.heartofgold-hostel.de\/de\/keine-panik\/#primaryimage"},"thumbnailUrl":"http:\/\/www.heartofgold-hostel.de\/wp-content\/uploads\/2013\/04\/marvin-2-222x300.png","datePublished":"2013-04-26T22:04:57+00:00","dateModified":"2018-10-25T09:18:45+00:00","description":"Keine Panik! - das Motto der Romanreihe \"Per Anhalter durch die Galaxis\" von Douglas Adams - und in gro\u00dfen beruhigenden Buchstaben auf dem Cover.","breadcrumb":{"@id":"https:\/\/www.heartofgold-hostel.de\/de\/keine-panik\/#breadcrumb"},"inLanguage":"de-DE","potentialAction":[{"@type":"ReadAction","target":["https:\/\/www.heartofgold-hostel.de\/de\/keine-panik\/"]}]},{"@type":"ImageObject","inLanguage":"de-DE","@id":"https:\/\/www.heartofgold-hostel.de\/de\/keine-panik\/#primaryimage","url":"http:\/\/www.heartofgold-hostel.de\/wp-content\/uploads\/2013\/04\/marvin-2-222x300.png","contentUrl":"http:\/\/www.heartofgold-hostel.de\/wp-content\/uploads\/2013\/04\/marvin-2-222x300.png"},{"@type":"BreadcrumbList","@id":"https:\/\/www.heartofgold-hostel.de\/de\/keine-panik\/#breadcrumb","itemListElement":[{"@type":"ListItem","position":1,"name":"Home","item":"https:\/\/www.heartofgold-hostel.de\/de\/willkommen-im-heart-gold-hostel-berlin\/"},{"@type":"ListItem","position":2,"name":"Keine Panik!"}]},{"@type":"WebSite","@id":"https:\/\/www.heartofgold-hostel.de\/de\/#website","url":"https:\/\/www.heartofgold-hostel.de\/de\/","name":"Heart of Gold Hostel Berlin","description":"the starship Berlin Hostel","publisher":{"@id":"https:\/\/www.heartofgold-hostel.de\/de\/#organization"},"potentialAction":[{"@type":"SearchAction","target":{"@type":"EntryPoint","urlTemplate":"https:\/\/www.heartofgold-hostel.de\/de\/?s={search_term_string}"},"query-input":{"@type":"PropertyValueSpecification","valueRequired":true,"valueName":"search_term_string"}}],"inLanguage":"de-DE"},{"@type":"Organization","@id":"https:\/\/www.heartofgold-hostel.de\/de\/#organization","name":"Heart of Gold Hostel Berlin","url":"https:\/\/www.heartofgold-hostel.de\/de\/","logo":{"@type":"ImageObject","inLanguage":"de-DE","@id":"https:\/\/www.heartofgold-hostel.de\/de\/#\/schema\/logo\/image\/","url":"https:\/\/www.heartofgold-hostel.de\/wp-content\/uploads\/HOG_Logo_braun_180.gif","contentUrl":"https:\/\/www.heartofgold-hostel.de\/wp-content\/uploads\/HOG_Logo_braun_180.gif","width":180,"height":180,"caption":"Heart of Gold Hostel Berlin"},"image":{"@id":"https:\/\/www.heartofgold-hostel.de\/de\/#\/schema\/logo\/image\/"},"sameAs":["https:\/\/www.facebook.com\/heart.of.gold.hostel.berlin\/","https:\/\/x.com\/berlinhostel","https:\/\/myspace.com\/hostelberlin","https:\/\/www.pinterest.com\/hoghostel\/heart-of-gold-hostel\/"]}]}},"jetpack_sharing_enabled":true,"jetpack_shortlink":"https:\/\/wp.me\/P7w0Rw-7z","_links":{"self":[{"href":"https:\/\/www.heartofgold-hostel.de\/de\/wp-json\/wp\/v2\/pages\/469"}],"collection":[{"href":"https:\/\/www.heartofgold-hostel.de\/de\/wp-json\/wp\/v2\/pages"}],"about":[{"href":"https:\/\/www.heartofgold-hostel.de\/de\/wp-json\/wp\/v2\/types\/page"}],"author":[{"embeddable":true,"href":"https:\/\/www.heartofgold-hostel.de\/de\/wp-json\/wp\/v2\/users\/1"}],"replies":[{"embeddable":true,"href":"https:\/\/www.heartofgold-hostel.de\/de\/wp-json\/wp\/v2\/comments?post=469"}],"version-history":[{"count":10,"href":"https:\/\/www.heartofgold-hostel.de\/de\/wp-json\/wp\/v2\/pages\/469\/revisions"}],"predecessor-version":[{"id":5881,"href":"https:\/\/www.heartofgold-hostel.de\/de\/wp-json\/wp\/v2\/pages\/469\/revisions\/5881"}],"wp:attachment":[{"href":"https:\/\/www.heartofgold-hostel.de\/de\/wp-json\/wp\/v2\/media?parent=469"}],"curies":[{"name":"wp","href":"https:\/\/api.w.org\/{rel}","templated":true}]}}