{"id":6886,"date":"2024-06-21T08:31:57","date_gmt":"2024-06-21T06:31:57","guid":{"rendered":"https:\/\/www.heartofgold-hostel.de\/hogspace\/"},"modified":"2024-06-21T08:31:57","modified_gmt":"2024-06-21T06:31:57","slug":"hogspace","status":"publish","type":"page","link":"https:\/\/www.heartofgold-hostel.de\/de\/hogspace\/","title":{"rendered":"HogSpace"},"content":{"rendered":"<p>Endlich ist unsere neue Etage fertig!<\/p>\n<p><img loading=\"lazy\" decoding=\"async\" class=\"size-medium wp-image-6763 alignleft\" style=\"font-size: 16px;\" src=\"https:\/\/www.heartofgold-hostel.de\/wp-content\/uploads\/\/Sign-GoldMuralityCropped-400-300x128.png\" alt=\"Hog Space Coworking\" width=\"300\" height=\"128\" srcset=\"https:\/\/www.heartofgold-hostel.de\/wp-content\/uploads\/Sign-GoldMuralityCropped-400-300x128.png 300w, https:\/\/www.heartofgold-hostel.de\/wp-content\/uploads\/Sign-GoldMuralityCropped-400-150x64.png 150w, https:\/\/www.heartofgold-hostel.de\/wp-content\/uploads\/Sign-GoldMuralityCropped-400.png 400w\" sizes=\"(max-width: 300px) 100vw, 300px\" \/><\/p>\n<p>&nbsp;<\/p>\n<p>&nbsp;<\/p>\n<p>&nbsp;<\/p>\n<p>&nbsp;<\/p>\n<p>Das ist ein 300 m\u00b2 Bereich f\u00fcr flexible Nutzung als B\u00fcro und Coworking &#8211;\u00a0 24h am Tag verf\u00fcgbar.<\/p>\n<p>Ob spontan f\u00fcr ein paar Stunden, t\u00e4gliche, monatliche oder langfristige Nutzung &#8211; wir k\u00f6nnen individuelle L\u00f6sungen anbieten. Unkompliziert buchbar, flexibel nutzbar &#8211; ganz nach Bedarf und Verf\u00fcgbarkeit &#8211; Zusatzleistungen auf Wunsch m\u00f6glich.<\/p>\n<p><strong>Open Desk ab 10\u20ac pro Tag, silent area verf\u00fcgbar.<\/strong><\/p>\n<p><strong>Fixed Desk ab 300\u20ac pro Monat,\u00a0 erstmal auf 8 Personen begrenzt.<\/strong><\/p>\n<p><strong>Privates B\u00fcro ab 300\u20ac pro person oder 1800\u20ac monatliches Startangebot.<\/strong><\/p>\n<p>24h Zugang, air-condition, kleine K\u00fcche, Balkon, Bar im Hostel im EG verf\u00fcgbar.\u00a0 Besprechungsraum kostenlos nach Verf\u00fcgbarkeit, Event &amp; Party Fl\u00e4che &#8211; auch f\u00fcr Seminare und Konferenzen verf\u00fcgbar.<\/p>\n<p>Schnupperangebote gern mit Rabatt oder Freizeiten &#8211; Anfragen bitte an Tom per <a href=\"mailto:tom@heartofgold-hostel.de\" rel=\"noopener\">mail<\/a>.<\/p>\n<p><img loading=\"lazy\" decoding=\"async\" class=\"aligncenter wp-image-6771 size-large\" src=\"https:\/\/www.heartofgold-hostel.de\/wp-content\/uploads\/\/HogSpace-01-1024x768.jpg\" alt=\"\" width=\"640\" height=\"480\" srcset=\"https:\/\/www.heartofgold-hostel.de\/wp-content\/uploads\/HogSpace-01-1024x768.jpg 1024w, https:\/\/www.heartofgold-hostel.de\/wp-content\/uploads\/HogSpace-01-300x225.jpg 300w, https:\/\/www.heartofgold-hostel.de\/wp-content\/uploads\/HogSpace-01-150x113.jpg 150w, https:\/\/www.heartofgold-hostel.de\/wp-content\/uploads\/HogSpace-01-768x576.jpg 768w, https:\/\/www.heartofgold-hostel.de\/wp-content\/uploads\/HogSpace-01.jpg 1400w\" sizes=\"(max-width: 640px) 100vw, 640px\" \/> <img loading=\"lazy\" decoding=\"async\" class=\"aligncenter wp-image-6778 size-large\" src=\"https:\/\/www.heartofgold-hostel.de\/wp-content\/uploads\/\/HogSpace-02-1024x768.jpg\" alt=\"\" width=\"640\" height=\"480\" srcset=\"https:\/\/www.heartofgold-hostel.de\/wp-content\/uploads\/HogSpace-02-1024x768.jpg 1024w, https:\/\/www.heartofgold-hostel.de\/wp-content\/uploads\/HogSpace-02-300x225.jpg 300w, https:\/\/www.heartofgold-hostel.de\/wp-content\/uploads\/HogSpace-02-150x113.jpg 150w, https:\/\/www.heartofgold-hostel.de\/wp-content\/uploads\/HogSpace-02-768x576.jpg 768w, https:\/\/www.heartofgold-hostel.de\/wp-content\/uploads\/HogSpace-02.jpg 1400w\" sizes=\"(max-width: 640px) 100vw, 640px\" \/> <img loading=\"lazy\" decoding=\"async\" class=\"aligncenter wp-image-6785 size-large\" src=\"https:\/\/www.heartofgold-hostel.de\/wp-content\/uploads\/\/HogSpace-03-1024x768.jpg\" alt=\"\" width=\"640\" height=\"480\" srcset=\"https:\/\/www.heartofgold-hostel.de\/wp-content\/uploads\/HogSpace-03-1024x768.jpg 1024w, https:\/\/www.heartofgold-hostel.de\/wp-content\/uploads\/HogSpace-03-300x225.jpg 300w, https:\/\/www.heartofgold-hostel.de\/wp-content\/uploads\/HogSpace-03-150x113.jpg 150w, https:\/\/www.heartofgold-hostel.de\/wp-content\/uploads\/HogSpace-03-768x576.jpg 768w, https:\/\/www.heartofgold-hostel.de\/wp-content\/uploads\/HogSpace-03.jpg 1400w\" sizes=\"(max-width: 640px) 100vw, 640px\" \/> <img loading=\"lazy\" decoding=\"async\" class=\"aligncenter wp-image-6792 size-large\" src=\"https:\/\/www.heartofgold-hostel.de\/wp-content\/uploads\/\/HogSpace-04-1024x768.jpg\" alt=\"\" width=\"640\" height=\"480\" srcset=\"https:\/\/www.heartofgold-hostel.de\/wp-content\/uploads\/HogSpace-04-1024x768.jpg 1024w, https:\/\/www.heartofgold-hostel.de\/wp-content\/uploads\/HogSpace-04-300x225.jpg 300w, https:\/\/www.heartofgold-hostel.de\/wp-content\/uploads\/HogSpace-04-150x113.jpg 150w, https:\/\/www.heartofgold-hostel.de\/wp-content\/uploads\/HogSpace-04-768x576.jpg 768w, https:\/\/www.heartofgold-hostel.de\/wp-content\/uploads\/HogSpace-04.jpg 1400w\" sizes=\"(max-width: 640px) 100vw, 640px\" \/> <img loading=\"lazy\" decoding=\"async\" class=\"aligncenter wp-image-6799 size-large\" src=\"https:\/\/www.heartofgold-hostel.de\/wp-content\/uploads\/\/HogSpace-05-1024x768.jpg\" alt=\"\" width=\"640\" height=\"480\" srcset=\"https:\/\/www.heartofgold-hostel.de\/wp-content\/uploads\/HogSpace-05-1024x768.jpg 1024w, https:\/\/www.heartofgold-hostel.de\/wp-content\/uploads\/HogSpace-05-300x225.jpg 300w, https:\/\/www.heartofgold-hostel.de\/wp-content\/uploads\/HogSpace-05-150x113.jpg 150w, https:\/\/www.heartofgold-hostel.de\/wp-content\/uploads\/HogSpace-05-768x576.jpg 768w, https:\/\/www.heartofgold-hostel.de\/wp-content\/uploads\/HogSpace-05.jpg 1400w\" sizes=\"(max-width: 640px) 100vw, 640px\" \/> <img loading=\"lazy\" decoding=\"async\" class=\"aligncenter wp-image-6806 size-large\" src=\"https:\/\/www.heartofgold-hostel.de\/wp-content\/uploads\/\/HogSpace-06-1024x768.jpg\" alt=\"\" width=\"640\" height=\"480\" srcset=\"https:\/\/www.heartofgold-hostel.de\/wp-content\/uploads\/HogSpace-06-1024x768.jpg 1024w, https:\/\/www.heartofgold-hostel.de\/wp-content\/uploads\/HogSpace-06-300x225.jpg 300w, https:\/\/www.heartofgold-hostel.de\/wp-content\/uploads\/HogSpace-06-150x113.jpg 150w, https:\/\/www.heartofgold-hostel.de\/wp-content\/uploads\/HogSpace-06-768x576.jpg 768w, https:\/\/www.heartofgold-hostel.de\/wp-content\/uploads\/HogSpace-06.jpg 1400w\" sizes=\"(max-width: 640px) 100vw, 640px\" \/> <img loading=\"lazy\" decoding=\"async\" class=\"aligncenter wp-image-6813 size-large\" src=\"https:\/\/www.heartofgold-hostel.de\/wp-content\/uploads\/\/HogSpace-07-1024x768.jpg\" alt=\"\" width=\"640\" height=\"480\" srcset=\"https:\/\/www.heartofgold-hostel.de\/wp-content\/uploads\/HogSpace-07-1024x768.jpg 1024w, https:\/\/www.heartofgold-hostel.de\/wp-content\/uploads\/HogSpace-07-300x225.jpg 300w, https:\/\/www.heartofgold-hostel.de\/wp-content\/uploads\/HogSpace-07-150x113.jpg 150w, https:\/\/www.heartofgold-hostel.de\/wp-content\/uploads\/HogSpace-07-768x576.jpg 768w, https:\/\/www.heartofgold-hostel.de\/wp-content\/uploads\/HogSpace-07.jpg 1400w\" sizes=\"(max-width: 640px) 100vw, 640px\" \/> <img loading=\"lazy\" decoding=\"async\" class=\"aligncenter wp-image-6820 size-large\" src=\"https:\/\/www.heartofgold-hostel.de\/wp-content\/uploads\/\/HogSpace-08-1024x768.jpg\" alt=\"\" width=\"640\" height=\"480\" srcset=\"https:\/\/www.heartofgold-hostel.de\/wp-content\/uploads\/HogSpace-08-1024x768.jpg 1024w, https:\/\/www.heartofgold-hostel.de\/wp-content\/uploads\/HogSpace-08-300x225.jpg 300w, https:\/\/www.heartofgold-hostel.de\/wp-content\/uploads\/HogSpace-08-150x113.jpg 150w, https:\/\/www.heartofgold-hostel.de\/wp-content\/uploads\/HogSpace-08-768x576.jpg 768w, https:\/\/www.heartofgold-hostel.de\/wp-content\/uploads\/HogSpace-08.jpg 1400w\" sizes=\"(max-width: 640px) 100vw, 640px\" \/> <img loading=\"lazy\" decoding=\"async\" class=\"aligncenter wp-image-6827 size-large\" src=\"https:\/\/www.heartofgold-hostel.de\/wp-content\/uploads\/\/HogSpace-09-1024x768.jpg\" alt=\"\" width=\"640\" height=\"480\" srcset=\"https:\/\/www.heartofgold-hostel.de\/wp-content\/uploads\/HogSpace-09-1024x768.jpg 1024w, https:\/\/www.heartofgold-hostel.de\/wp-content\/uploads\/HogSpace-09-300x225.jpg 300w, https:\/\/www.heartofgold-hostel.de\/wp-content\/uploads\/HogSpace-09-150x113.jpg 150w, https:\/\/www.heartofgold-hostel.de\/wp-content\/uploads\/HogSpace-09-768x576.jpg 768w, https:\/\/www.heartofgold-hostel.de\/wp-content\/uploads\/HogSpace-09.jpg 1400w\" sizes=\"(max-width: 640px) 100vw, 640px\" \/> <img loading=\"lazy\" decoding=\"async\" class=\"aligncenter wp-image-6834 size-large\" src=\"https:\/\/www.heartofgold-hostel.de\/wp-content\/uploads\/\/HogSpace-10-768x1024.jpg\" alt=\"\" width=\"640\" height=\"853\" srcset=\"https:\/\/www.heartofgold-hostel.de\/wp-content\/uploads\/HogSpace-10-768x1024.jpg 768w, https:\/\/www.heartofgold-hostel.de\/wp-content\/uploads\/HogSpace-10-225x300.jpg 225w, https:\/\/www.heartofgold-hostel.de\/wp-content\/uploads\/HogSpace-10-113x150.jpg 113w, https:\/\/www.heartofgold-hostel.de\/wp-content\/uploads\/HogSpace-10.jpg 1050w\" sizes=\"(max-width: 640px) 100vw, 640px\" \/> <img loading=\"lazy\" decoding=\"async\" class=\"aligncenter wp-image-6841 size-large\" src=\"https:\/\/www.heartofgold-hostel.de\/wp-content\/uploads\/\/HogSpace-11-1024x768.jpg\" alt=\"\" width=\"640\" height=\"480\" srcset=\"https:\/\/www.heartofgold-hostel.de\/wp-content\/uploads\/HogSpace-11-1024x768.jpg 1024w, https:\/\/www.heartofgold-hostel.de\/wp-content\/uploads\/HogSpace-11-300x225.jpg 300w, https:\/\/www.heartofgold-hostel.de\/wp-content\/uploads\/HogSpace-11-150x113.jpg 150w, https:\/\/www.heartofgold-hostel.de\/wp-content\/uploads\/HogSpace-11-768x576.jpg 768w, https:\/\/www.heartofgold-hostel.de\/wp-content\/uploads\/HogSpace-11.jpg 1400w\" sizes=\"(max-width: 640px) 100vw, 640px\" \/> <img loading=\"lazy\" decoding=\"async\" class=\"aligncenter wp-image-6848 size-large\" src=\"https:\/\/www.heartofgold-hostel.de\/wp-content\/uploads\/\/HogSpace-12-1024x768.jpg\" alt=\"\" width=\"640\" height=\"480\" srcset=\"https:\/\/www.heartofgold-hostel.de\/wp-content\/uploads\/HogSpace-12-1024x768.jpg 1024w, https:\/\/www.heartofgold-hostel.de\/wp-content\/uploads\/HogSpace-12-300x225.jpg 300w, https:\/\/www.heartofgold-hostel.de\/wp-content\/uploads\/HogSpace-12-150x113.jpg 150w, https:\/\/www.heartofgold-hostel.de\/wp-content\/uploads\/HogSpace-12-768x576.jpg 768w, https:\/\/www.heartofgold-hostel.de\/wp-content\/uploads\/HogSpace-12.jpg 1400w\" sizes=\"(max-width: 640px) 100vw, 640px\" \/> <img loading=\"lazy\" decoding=\"async\" class=\"aligncenter wp-image-6855 size-large\" src=\"https:\/\/www.heartofgold-hostel.de\/wp-content\/uploads\/\/HogSpace-13-1024x768.jpg\" alt=\"\" width=\"640\" height=\"480\" srcset=\"https:\/\/www.heartofgold-hostel.de\/wp-content\/uploads\/HogSpace-13-1024x768.jpg 1024w, https:\/\/www.heartofgold-hostel.de\/wp-content\/uploads\/HogSpace-13-300x225.jpg 300w, https:\/\/www.heartofgold-hostel.de\/wp-content\/uploads\/HogSpace-13-150x113.jpg 150w, https:\/\/www.heartofgold-hostel.de\/wp-content\/uploads\/HogSpace-13-768x576.jpg 768w, https:\/\/www.heartofgold-hostel.de\/wp-content\/uploads\/HogSpace-13.jpg 1400w\" sizes=\"(max-width: 640px) 100vw, 640px\" \/> <img loading=\"lazy\" decoding=\"async\" class=\"aligncenter wp-image-6862 size-large\" src=\"https:\/\/www.heartofgold-hostel.de\/wp-content\/uploads\/\/HogSpace-14-1024x768.jpg\" alt=\"\" width=\"640\" height=\"480\" srcset=\"https:\/\/www.heartofgold-hostel.de\/wp-content\/uploads\/HogSpace-14-1024x768.jpg 1024w, https:\/\/www.heartofgold-hostel.de\/wp-content\/uploads\/HogSpace-14-300x225.jpg 300w, https:\/\/www.heartofgold-hostel.de\/wp-content\/uploads\/HogSpace-14-150x113.jpg 150w, https:\/\/www.heartofgold-hostel.de\/wp-content\/uploads\/HogSpace-14-768x576.jpg 768w, https:\/\/www.heartofgold-hostel.de\/wp-content\/uploads\/HogSpace-14.jpg 1400w\" sizes=\"(max-width: 640px) 100vw, 640px\" \/> <img loading=\"lazy\" decoding=\"async\" class=\"aligncenter wp-image-6869 size-large\" src=\"https:\/\/www.heartofgold-hostel.de\/wp-content\/uploads\/\/HogSpace-15-1024x768.jpg\" alt=\"\" width=\"640\" height=\"480\" srcset=\"https:\/\/www.heartofgold-hostel.de\/wp-content\/uploads\/HogSpace-15-1024x768.jpg 1024w, https:\/\/www.heartofgold-hostel.de\/wp-content\/uploads\/HogSpace-15-300x225.jpg 300w, https:\/\/www.heartofgold-hostel.de\/wp-content\/uploads\/HogSpace-15-150x113.jpg 150w, https:\/\/www.heartofgold-hostel.de\/wp-content\/uploads\/HogSpace-15-768x576.jpg 768w, https:\/\/www.heartofgold-hostel.de\/wp-content\/uploads\/HogSpace-15.jpg 1400w\" sizes=\"(max-width: 640px) 100vw, 640px\" \/><\/p>\n","protected":false},"excerpt":{"rendered":"<p>Endlich ist unsere neue Etage fertig! &nbsp; &nbsp; &nbsp; &nbsp; Das ist ein 300 m\u00b2 Bereich f\u00fcr flexible Nutzung als B\u00fcro und Coworking &#8211;\u00a0 24h am Tag verf\u00fcgbar. Ob spontan f\u00fcr ein paar Stunden, t\u00e4gliche, monatliche oder langfristige Nutzung &#8211; &hellip; <a href=\"https:\/\/www.heartofgold-hostel.de\/de\/hogspace\/\">Weiterlesen <span class=\"meta-nav\">&rarr;<\/span><\/a><\/p>\n","protected":false},"author":1,"featured_media":0,"parent":0,"menu_order":0,"comment_status":"closed","ping_status":"closed","template":"","meta":{"_monsterinsights_skip_tracking":false,"_monsterinsights_sitenote_active":false,"_monsterinsights_sitenote_note":"","_monsterinsights_sitenote_category":0,"jetpack_post_was_ever_published":false,"footnotes":""},"yoast_head":"<!-- This site is optimized with the Yoast SEO plugin v24.5 - https:\/\/yoast.com\/wordpress\/plugins\/seo\/ -->\n<title>HogSpace - Heart of Gold Hostel Berlin<\/title>\n<meta name=\"robots\" content=\"index, follow, max-snippet:-1, max-image-preview:large, max-video-preview:-1\" \/>\n<link rel=\"canonical\" href=\"https:\/\/www.heartofgold-hostel.de\/de\/hogspace\/\" \/>\n<meta property=\"og:locale\" content=\"de_DE\" \/>\n<meta property=\"og:type\" content=\"article\" \/>\n<meta property=\"og:title\" content=\"HogSpace - Heart of Gold Hostel Berlin\" \/>\n<meta property=\"og:description\" content=\"Endlich ist unsere neue Etage fertig! &nbsp; &nbsp; &nbsp; &nbsp; Das ist ein 300 m\u00b2 Bereich f\u00fcr flexible Nutzung als B\u00fcro und Coworking &#8211;\u00a0 24h am Tag verf\u00fcgbar. Ob spontan f\u00fcr ein paar Stunden, t\u00e4gliche, monatliche oder langfristige Nutzung &#8211; &hellip; Weiterlesen &rarr;\" \/>\n<meta property=\"og:url\" content=\"https:\/\/www.heartofgold-hostel.de\/de\/hogspace\/\" \/>\n<meta property=\"og:site_name\" content=\"Heart of Gold Hostel Berlin\" \/>\n<meta property=\"article:publisher\" content=\"https:\/\/www.facebook.com\/heart.of.gold.hostel.berlin\/\" \/>\n<meta property=\"og:image\" content=\"https:\/\/www.heartofgold-hostel.de\/wp-content\/uploads\/\/Sign-GoldMuralityCropped-400-300x128.png\" \/>\n<meta name=\"twitter:label1\" content=\"Gesch\u00e4tzte Lesezeit\" \/>\n\t<meta name=\"twitter:data1\" content=\"1 Minute\" \/>\n<script type=\"application\/ld+json\" class=\"yoast-schema-graph\">{\"@context\":\"https:\/\/schema.org\",\"@graph\":[{\"@type\":\"WebPage\",\"@id\":\"https:\/\/www.heartofgold-hostel.de\/de\/hogspace\/\",\"url\":\"https:\/\/www.heartofgold-hostel.de\/de\/hogspace\/\",\"name\":\"HogSpace - Heart of Gold Hostel Berlin\",\"isPartOf\":{\"@id\":\"https:\/\/www.heartofgold-hostel.de\/de\/#website\"},\"primaryImageOfPage\":{\"@id\":\"https:\/\/www.heartofgold-hostel.de\/de\/hogspace\/#primaryimage\"},\"image\":{\"@id\":\"https:\/\/www.heartofgold-hostel.de\/de\/hogspace\/#primaryimage\"},\"thumbnailUrl\":\"https:\/\/www.heartofgold-hostel.de\/wp-content\/uploads\/\/Sign-GoldMuralityCropped-400-300x128.png\",\"datePublished\":\"2024-06-21T06:31:57+00:00\",\"breadcrumb\":{\"@id\":\"https:\/\/www.heartofgold-hostel.de\/de\/hogspace\/#breadcrumb\"},\"inLanguage\":\"de-DE\",\"potentialAction\":[{\"@type\":\"ReadAction\",\"target\":[\"https:\/\/www.heartofgold-hostel.de\/de\/hogspace\/\"]}]},{\"@type\":\"ImageObject\",\"inLanguage\":\"de-DE\",\"@id\":\"https:\/\/www.heartofgold-hostel.de\/de\/hogspace\/#primaryimage\",\"url\":\"https:\/\/www.heartofgold-hostel.de\/wp-content\/uploads\/\/Sign-GoldMuralityCropped-400-300x128.png\",\"contentUrl\":\"https:\/\/www.heartofgold-hostel.de\/wp-content\/uploads\/\/Sign-GoldMuralityCropped-400-300x128.png\"},{\"@type\":\"BreadcrumbList\",\"@id\":\"https:\/\/www.heartofgold-hostel.de\/de\/hogspace\/#breadcrumb\",\"itemListElement\":[{\"@type\":\"ListItem\",\"position\":1,\"name\":\"Home\",\"item\":\"https:\/\/www.heartofgold-hostel.de\/de\/willkommen-im-heart-gold-hostel-berlin\/\"},{\"@type\":\"ListItem\",\"position\":2,\"name\":\"HogSpace\"}]},{\"@type\":\"WebSite\",\"@id\":\"https:\/\/www.heartofgold-hostel.de\/de\/#website\",\"url\":\"https:\/\/www.heartofgold-hostel.de\/de\/\",\"name\":\"Heart of Gold Hostel Berlin\",\"description\":\"the starship Berlin Hostel\",\"publisher\":{\"@id\":\"https:\/\/www.heartofgold-hostel.de\/de\/#organization\"},\"potentialAction\":[{\"@type\":\"SearchAction\",\"target\":{\"@type\":\"EntryPoint\",\"urlTemplate\":\"https:\/\/www.heartofgold-hostel.de\/de\/?s={search_term_string}\"},\"query-input\":{\"@type\":\"PropertyValueSpecification\",\"valueRequired\":true,\"valueName\":\"search_term_string\"}}],\"inLanguage\":\"de-DE\"},{\"@type\":\"Organization\",\"@id\":\"https:\/\/www.heartofgold-hostel.de\/de\/#organization\",\"name\":\"Heart of Gold Hostel Berlin\",\"url\":\"https:\/\/www.heartofgold-hostel.de\/de\/\",\"logo\":{\"@type\":\"ImageObject\",\"inLanguage\":\"de-DE\",\"@id\":\"https:\/\/www.heartofgold-hostel.de\/de\/#\/schema\/logo\/image\/\",\"url\":\"https:\/\/www.heartofgold-hostel.de\/wp-content\/uploads\/HOG_Logo_braun_180.gif\",\"contentUrl\":\"https:\/\/www.heartofgold-hostel.de\/wp-content\/uploads\/HOG_Logo_braun_180.gif\",\"width\":180,\"height\":180,\"caption\":\"Heart of Gold Hostel Berlin\"},\"image\":{\"@id\":\"https:\/\/www.heartofgold-hostel.de\/de\/#\/schema\/logo\/image\/\"},\"sameAs\":[\"https:\/\/www.facebook.com\/heart.of.gold.hostel.berlin\/\",\"https:\/\/x.com\/berlinhostel\",\"https:\/\/myspace.com\/hostelberlin\",\"https:\/\/www.pinterest.com\/hoghostel\/heart-of-gold-hostel\/\"]}]}<\/script>\n<!-- \/ Yoast SEO plugin. -->","yoast_head_json":{"title":"HogSpace - Heart of Gold Hostel Berlin","robots":{"index":"index","follow":"follow","max-snippet":"max-snippet:-1","max-image-preview":"max-image-preview:large","max-video-preview":"max-video-preview:-1"},"canonical":"https:\/\/www.heartofgold-hostel.de\/de\/hogspace\/","og_locale":"de_DE","og_type":"article","og_title":"HogSpace - Heart of Gold Hostel Berlin","og_description":"Endlich ist unsere neue Etage fertig! &nbsp; &nbsp; &nbsp; &nbsp; Das ist ein 300 m\u00b2 Bereich f\u00fcr flexible Nutzung als B\u00fcro und Coworking &#8211;\u00a0 24h am Tag verf\u00fcgbar. Ob spontan f\u00fcr ein paar Stunden, t\u00e4gliche, monatliche oder langfristige Nutzung &#8211; &hellip; Weiterlesen &rarr;","og_url":"https:\/\/www.heartofgold-hostel.de\/de\/hogspace\/","og_site_name":"Heart of Gold Hostel Berlin","article_publisher":"https:\/\/www.facebook.com\/heart.of.gold.hostel.berlin\/","og_image":[{"url":"https:\/\/www.heartofgold-hostel.de\/wp-content\/uploads\/\/Sign-GoldMuralityCropped-400-300x128.png","type":"","width":"","height":""}],"twitter_misc":{"Gesch\u00e4tzte Lesezeit":"1 Minute"},"schema":{"@context":"https:\/\/schema.org","@graph":[{"@type":"WebPage","@id":"https:\/\/www.heartofgold-hostel.de\/de\/hogspace\/","url":"https:\/\/www.heartofgold-hostel.de\/de\/hogspace\/","name":"HogSpace - Heart of Gold Hostel Berlin","isPartOf":{"@id":"https:\/\/www.heartofgold-hostel.de\/de\/#website"},"primaryImageOfPage":{"@id":"https:\/\/www.heartofgold-hostel.de\/de\/hogspace\/#primaryimage"},"image":{"@id":"https:\/\/www.heartofgold-hostel.de\/de\/hogspace\/#primaryimage"},"thumbnailUrl":"https:\/\/www.heartofgold-hostel.de\/wp-content\/uploads\/\/Sign-GoldMuralityCropped-400-300x128.png","datePublished":"2024-06-21T06:31:57+00:00","breadcrumb":{"@id":"https:\/\/www.heartofgold-hostel.de\/de\/hogspace\/#breadcrumb"},"inLanguage":"de-DE","potentialAction":[{"@type":"ReadAction","target":["https:\/\/www.heartofgold-hostel.de\/de\/hogspace\/"]}]},{"@type":"ImageObject","inLanguage":"de-DE","@id":"https:\/\/www.heartofgold-hostel.de\/de\/hogspace\/#primaryimage","url":"https:\/\/www.heartofgold-hostel.de\/wp-content\/uploads\/\/Sign-GoldMuralityCropped-400-300x128.png","contentUrl":"https:\/\/www.heartofgold-hostel.de\/wp-content\/uploads\/\/Sign-GoldMuralityCropped-400-300x128.png"},{"@type":"BreadcrumbList","@id":"https:\/\/www.heartofgold-hostel.de\/de\/hogspace\/#breadcrumb","itemListElement":[{"@type":"ListItem","position":1,"name":"Home","item":"https:\/\/www.heartofgold-hostel.de\/de\/willkommen-im-heart-gold-hostel-berlin\/"},{"@type":"ListItem","position":2,"name":"HogSpace"}]},{"@type":"WebSite","@id":"https:\/\/www.heartofgold-hostel.de\/de\/#website","url":"https:\/\/www.heartofgold-hostel.de\/de\/","name":"Heart of Gold Hostel Berlin","description":"the starship Berlin Hostel","publisher":{"@id":"https:\/\/www.heartofgold-hostel.de\/de\/#organization"},"potentialAction":[{"@type":"SearchAction","target":{"@type":"EntryPoint","urlTemplate":"https:\/\/www.heartofgold-hostel.de\/de\/?s={search_term_string}"},"query-input":{"@type":"PropertyValueSpecification","valueRequired":true,"valueName":"search_term_string"}}],"inLanguage":"de-DE"},{"@type":"Organization","@id":"https:\/\/www.heartofgold-hostel.de\/de\/#organization","name":"Heart of Gold Hostel Berlin","url":"https:\/\/www.heartofgold-hostel.de\/de\/","logo":{"@type":"ImageObject","inLanguage":"de-DE","@id":"https:\/\/www.heartofgold-hostel.de\/de\/#\/schema\/logo\/image\/","url":"https:\/\/www.heartofgold-hostel.de\/wp-content\/uploads\/HOG_Logo_braun_180.gif","contentUrl":"https:\/\/www.heartofgold-hostel.de\/wp-content\/uploads\/HOG_Logo_braun_180.gif","width":180,"height":180,"caption":"Heart of Gold Hostel Berlin"},"image":{"@id":"https:\/\/www.heartofgold-hostel.de\/de\/#\/schema\/logo\/image\/"},"sameAs":["https:\/\/www.facebook.com\/heart.of.gold.hostel.berlin\/","https:\/\/x.com\/berlinhostel","https:\/\/myspace.com\/hostelberlin","https:\/\/www.pinterest.com\/hoghostel\/heart-of-gold-hostel\/"]}]}},"jetpack_sharing_enabled":true,"jetpack_shortlink":"https:\/\/wp.me\/P7w0Rw-1N4","_links":{"self":[{"href":"https:\/\/www.heartofgold-hostel.de\/de\/wp-json\/wp\/v2\/pages\/6886"}],"collection":[{"href":"https:\/\/www.heartofgold-hostel.de\/de\/wp-json\/wp\/v2\/pages"}],"about":[{"href":"https:\/\/www.heartofgold-hostel.de\/de\/wp-json\/wp\/v2\/types\/page"}],"author":[{"embeddable":true,"href":"https:\/\/www.heartofgold-hostel.de\/de\/wp-json\/wp\/v2\/users\/1"}],"replies":[{"embeddable":true,"href":"https:\/\/www.heartofgold-hostel.de\/de\/wp-json\/wp\/v2\/comments?post=6886"}],"version-history":[{"count":0,"href":"https:\/\/www.heartofgold-hostel.de\/de\/wp-json\/wp\/v2\/pages\/6886\/revisions"}],"wp:attachment":[{"href":"https:\/\/www.heartofgold-hostel.de\/de\/wp-json\/wp\/v2\/media?parent=6886"}],"curies":[{"name":"wp","href":"https:\/\/api.w.org\/{rel}","templated":true}]}}