{"id":1755,"date":"2013-06-09T16:54:41","date_gmt":"2013-06-09T14:54:41","guid":{"rendered":"http:\/\/www.heartofgold-hostel.de\/habitaciones\/"},"modified":"2014-01-20T15:33:00","modified_gmt":"2014-01-20T14:33:00","slug":"habitaciones","status":"publish","type":"page","link":"https:\/\/www.heartofgold-hostel.de\/es\/habitaciones\/","title":{"rendered":"Habitaciones"},"content":{"rendered":"<p>Hay un piso de parquet en todo el hostel. Las habitaciones son luminosas, los techos son altos y las ventanas enormes.<\/p>\n<p>Un ascensor cort\u00e9s te lleva a la cubierta superior y la inferior, donde encontrar\u00e1s el sal\u00f3n de Magrathea o la habitaci\u00f3n de Ford.<\/p>\n<p>Las cabinas privadas cuentan con una ducha y un lavabo.<br \/>\n<a href=\"https:\/\/www.heartofgold-hostel.de\/wp-content\/uploads\/2011\/05\/IMG_7646_0_3_adjust.jpg\"><img loading=\"lazy\" decoding=\"async\" data-attachment-id=\"2463\" data-permalink=\"https:\/\/www.heartofgold-hostel.de\/es\/habitaciones\/twin-room-with-shower-5\/\" data-orig-file=\"https:\/\/www.heartofgold-hostel.de\/wp-content\/uploads\/2011\/05\/IMG_7646_0_3_adjust.jpg\" data-orig-size=\"4086,2725\" data-comments-opened=\"0\" data-image-meta=\"{&quot;aperture&quot;:&quot;0&quot;,&quot;credit&quot;:&quot;&quot;,&quot;camera&quot;:&quot;&quot;,&quot;caption&quot;:&quot;&quot;,&quot;created_timestamp&quot;:&quot;1314716253&quot;,&quot;copyright&quot;:&quot;&quot;,&quot;focal_length&quot;:&quot;0&quot;,&quot;iso&quot;:&quot;0&quot;,&quot;shutter_speed&quot;:&quot;0&quot;,&quot;title&quot;:&quot;&quot;}\" data-image-title=\"Twin Room with shower\" data-image-description=\"\" data-image-caption=\"&lt;p&gt;Twin Room with shower&lt;\/p&gt;\n\" data-medium-file=\"https:\/\/www.heartofgold-hostel.de\/wp-content\/uploads\/2011\/05\/IMG_7646_0_3_adjust-300x200.jpg\" data-large-file=\"https:\/\/www.heartofgold-hostel.de\/wp-content\/uploads\/2011\/05\/IMG_7646_0_3_adjust-1024x682.jpg\" class=\"alignnone  wp-image-2463\" style=\"margin: 5px;\" title=\"Twin with Shower\" alt=\"Twin with Shower - Heart of Gold Hostel Berlin\" src=\"https:\/\/www.heartofgold-hostel.de\/wp-content\/uploads\/2011\/05\/IMG_7646_0_3_adjust-300x200.jpg\" width=\"244\" height=\"162\" srcset=\"https:\/\/www.heartofgold-hostel.de\/wp-content\/uploads\/2011\/05\/IMG_7646_0_3_adjust-300x200.jpg 300w, https:\/\/www.heartofgold-hostel.de\/wp-content\/uploads\/2011\/05\/IMG_7646_0_3_adjust-150x100.jpg 150w, https:\/\/www.heartofgold-hostel.de\/wp-content\/uploads\/2011\/05\/IMG_7646_0_3_adjust-1024x682.jpg 1024w\" sizes=\"(max-width: 244px) 100vw, 244px\" \/><\/a><a href=\"https:\/\/www.heartofgold-hostel.de\/wp-content\/uploads\/2011\/05\/quad.jpg\"><img loading=\"lazy\" decoding=\"async\" data-attachment-id=\"2503\" data-permalink=\"https:\/\/www.heartofgold-hostel.de\/es\/habitaciones\/4-bed-dorm-5\/\" data-orig-file=\"https:\/\/www.heartofgold-hostel.de\/wp-content\/uploads\/2011\/05\/quad.jpg\" data-orig-size=\"1208,805\" data-comments-opened=\"0\" data-image-meta=\"{&quot;aperture&quot;:&quot;0&quot;,&quot;credit&quot;:&quot;&quot;,&quot;camera&quot;:&quot;&quot;,&quot;caption&quot;:&quot;&quot;,&quot;created_timestamp&quot;:&quot;0&quot;,&quot;copyright&quot;:&quot;&quot;,&quot;focal_length&quot;:&quot;0&quot;,&quot;iso&quot;:&quot;0&quot;,&quot;shutter_speed&quot;:&quot;0&quot;,&quot;title&quot;:&quot;&quot;}\" data-image-title=\"4 bed dorm\" data-image-description=\"\" data-image-caption=\"&lt;p&gt;4 bed dorm&lt;\/p&gt;\n\" data-medium-file=\"https:\/\/www.heartofgold-hostel.de\/wp-content\/uploads\/2011\/05\/quad-300x199.jpg\" data-large-file=\"https:\/\/www.heartofgold-hostel.de\/wp-content\/uploads\/2011\/05\/quad-1024x682.jpg\" class=\"alignnone size-medium wp-image-2503\" style=\"margin: 5px;\" title=\"4 Bed Dorm\" alt=\"4 Bed Dorm - Heart of Gold Hostel Berlin\" src=\"https:\/\/www.heartofgold-hostel.de\/wp-content\/uploads\/2011\/05\/quad-300x199.jpg\" width=\"243\" height=\"161\" srcset=\"https:\/\/www.heartofgold-hostel.de\/wp-content\/uploads\/2011\/05\/quad-300x199.jpg 300w, https:\/\/www.heartofgold-hostel.de\/wp-content\/uploads\/2011\/05\/quad-150x99.jpg 150w, https:\/\/www.heartofgold-hostel.de\/wp-content\/uploads\/2011\/05\/quad-1024x682.jpg 1024w, https:\/\/www.heartofgold-hostel.de\/wp-content\/uploads\/2011\/05\/quad.jpg 1208w\" sizes=\"(max-width: 243px) 100vw, 243px\" \/><\/a>Si decides quedarte en uno de nuestros dormitorios, tienes acceso gratis a una taquilla. Los ba\u00f1os se encuentran en el pasillo. Son compartidos, pero separados, o sea que no se trata de duchas para las masas.<br \/>\n<a href=\"https:\/\/www.heartofgold-hostel.de\/wp-content\/uploads\/2011\/05\/dorm3.jpg\"><img loading=\"lazy\" decoding=\"async\" data-attachment-id=\"2488\" data-permalink=\"https:\/\/www.heartofgold-hostel.de\/es\/habitaciones\/dorm-ape-5\/\" data-orig-file=\"https:\/\/www.heartofgold-hostel.de\/wp-content\/uploads\/2011\/05\/dorm3.jpg\" data-orig-size=\"1119,805\" data-comments-opened=\"0\" data-image-meta=\"{&quot;aperture&quot;:&quot;0&quot;,&quot;credit&quot;:&quot;&quot;,&quot;camera&quot;:&quot;&quot;,&quot;caption&quot;:&quot;&quot;,&quot;created_timestamp&quot;:&quot;0&quot;,&quot;copyright&quot;:&quot;&quot;,&quot;focal_length&quot;:&quot;0&quot;,&quot;iso&quot;:&quot;0&quot;,&quot;shutter_speed&quot;:&quot;0&quot;,&quot;title&quot;:&quot;&quot;}\" data-image-title=\"Dorm Ape\" data-image-description=\"\" data-image-caption=\"&lt;p&gt;Dorm Ape&lt;\/p&gt;\n\" data-medium-file=\"https:\/\/www.heartofgold-hostel.de\/wp-content\/uploads\/2011\/05\/dorm3-300x215.jpg\" data-large-file=\"https:\/\/www.heartofgold-hostel.de\/wp-content\/uploads\/2011\/05\/dorm3-1024x736.jpg\" class=\"alignnone size-medium wp-image-2488\" style=\"margin: 5px;\" title=\"Dorm with Ape\" alt=\"Dorm with Ape - Heart of Gold Hostel Berlin\" src=\"https:\/\/www.heartofgold-hostel.de\/wp-content\/uploads\/2011\/05\/dorm3-300x215.jpg\" width=\"233\" height=\"167\" srcset=\"https:\/\/www.heartofgold-hostel.de\/wp-content\/uploads\/2011\/05\/dorm3-300x215.jpg 300w, https:\/\/www.heartofgold-hostel.de\/wp-content\/uploads\/2011\/05\/dorm3-150x107.jpg 150w, https:\/\/www.heartofgold-hostel.de\/wp-content\/uploads\/2011\/05\/dorm3-1024x736.jpg 1024w, https:\/\/www.heartofgold-hostel.de\/wp-content\/uploads\/2011\/05\/dorm3.jpg 1119w\" sizes=\"(max-width: 233px) 100vw, 233px\" \/><\/a><a href=\"https:\/\/www.heartofgold-hostel.de\/wp-content\/uploads\/2011\/05\/dorm5.jpg\"><img loading=\"lazy\" decoding=\"async\" data-attachment-id=\"2498\" data-permalink=\"https:\/\/www.heartofgold-hostel.de\/es\/habitaciones\/dorm-orange-2-5\/\" data-orig-file=\"https:\/\/www.heartofgold-hostel.de\/wp-content\/uploads\/2011\/05\/dorm5.jpg\" data-orig-size=\"1240,825\" data-comments-opened=\"0\" data-image-meta=\"{&quot;aperture&quot;:&quot;0&quot;,&quot;credit&quot;:&quot;&quot;,&quot;camera&quot;:&quot;&quot;,&quot;caption&quot;:&quot;&quot;,&quot;created_timestamp&quot;:&quot;0&quot;,&quot;copyright&quot;:&quot;&quot;,&quot;focal_length&quot;:&quot;0&quot;,&quot;iso&quot;:&quot;0&quot;,&quot;shutter_speed&quot;:&quot;0&quot;,&quot;title&quot;:&quot;&quot;}\" data-image-title=\"Dorm Orange\" data-image-description=\"\" data-image-caption=\"&lt;p&gt;Dorm Orange&lt;\/p&gt;\n\" data-medium-file=\"https:\/\/www.heartofgold-hostel.de\/wp-content\/uploads\/2011\/05\/dorm5-300x199.jpg\" data-large-file=\"https:\/\/www.heartofgold-hostel.de\/wp-content\/uploads\/2011\/05\/dorm5-1024x681.jpg\" class=\"alignnone size-medium wp-image-2498\" style=\"margin: 5px;\" title=\"dorm5\" alt=\"\" src=\"https:\/\/www.heartofgold-hostel.de\/wp-content\/uploads\/2011\/05\/dorm5-300x199.jpg\" width=\"251\" height=\"166\" srcset=\"https:\/\/www.heartofgold-hostel.de\/wp-content\/uploads\/2011\/05\/dorm5-300x199.jpg 300w, https:\/\/www.heartofgold-hostel.de\/wp-content\/uploads\/2011\/05\/dorm5-150x99.jpg 150w, https:\/\/www.heartofgold-hostel.de\/wp-content\/uploads\/2011\/05\/dorm5-1024x681.jpg 1024w, https:\/\/www.heartofgold-hostel.de\/wp-content\/uploads\/2011\/05\/dorm5.jpg 1240w\" sizes=\"(max-width: 251px) 100vw, 251px\" \/><\/a><a href=\"https:\/\/www.heartofgold-hostel.de\/wp-content\/uploads\/2011\/05\/dorm4.jpg\"><img loading=\"lazy\" decoding=\"async\" data-attachment-id=\"2493\" data-permalink=\"https:\/\/www.heartofgold-hostel.de\/es\/habitaciones\/dorm-42-5\/\" data-orig-file=\"https:\/\/www.heartofgold-hostel.de\/wp-content\/uploads\/2011\/05\/dorm4.jpg\" data-orig-size=\"780,1130\" data-comments-opened=\"0\" data-image-meta=\"{&quot;aperture&quot;:&quot;0&quot;,&quot;credit&quot;:&quot;&quot;,&quot;camera&quot;:&quot;&quot;,&quot;caption&quot;:&quot;&quot;,&quot;created_timestamp&quot;:&quot;0&quot;,&quot;copyright&quot;:&quot;&quot;,&quot;focal_length&quot;:&quot;0&quot;,&quot;iso&quot;:&quot;0&quot;,&quot;shutter_speed&quot;:&quot;0&quot;,&quot;title&quot;:&quot;&quot;}\" data-image-title=\"Dorm 42\" data-image-description=\"\" data-image-caption=\"&lt;p&gt;Dorm 42&lt;\/p&gt;\n\" data-medium-file=\"https:\/\/www.heartofgold-hostel.de\/wp-content\/uploads\/2011\/05\/dorm4-207x300.jpg\" data-large-file=\"https:\/\/www.heartofgold-hostel.de\/wp-content\/uploads\/2011\/05\/dorm4-706x1024.jpg\" class=\"alignnone size-medium wp-image-2493\" style=\"margin: 5px;\" title=\"Dorm\" alt=\"\" src=\"https:\/\/www.heartofgold-hostel.de\/wp-content\/uploads\/2011\/05\/dorm4-207x300.jpg\" width=\"152\" height=\"219\" srcset=\"https:\/\/www.heartofgold-hostel.de\/wp-content\/uploads\/2011\/05\/dorm4-207x300.jpg 207w, https:\/\/www.heartofgold-hostel.de\/wp-content\/uploads\/2011\/05\/dorm4-706x1024.jpg 706w, https:\/\/www.heartofgold-hostel.de\/wp-content\/uploads\/2011\/05\/dorm4.jpg 780w\" sizes=\"(max-width: 152px) 100vw, 152px\" \/><\/a><a href=\"https:\/\/www.heartofgold-hostel.de\/wp-content\/uploads\/2011\/05\/dorm2.jpg\"><img loading=\"lazy\" decoding=\"async\" data-attachment-id=\"2483\" data-permalink=\"https:\/\/www.heartofgold-hostel.de\/es\/habitaciones\/dorm-vogon-5\/\" data-orig-file=\"https:\/\/www.heartofgold-hostel.de\/wp-content\/uploads\/2011\/05\/dorm2.jpg\" data-orig-size=\"1131,753\" data-comments-opened=\"0\" data-image-meta=\"{&quot;aperture&quot;:&quot;0&quot;,&quot;credit&quot;:&quot;&quot;,&quot;camera&quot;:&quot;&quot;,&quot;caption&quot;:&quot;&quot;,&quot;created_timestamp&quot;:&quot;0&quot;,&quot;copyright&quot;:&quot;&quot;,&quot;focal_length&quot;:&quot;0&quot;,&quot;iso&quot;:&quot;0&quot;,&quot;shutter_speed&quot;:&quot;0&quot;,&quot;title&quot;:&quot;&quot;}\" data-image-title=\"Dorm Vogon\" data-image-description=\"\" data-image-caption=\"&lt;p&gt;Dorm Vogon&lt;\/p&gt;\n\" data-medium-file=\"https:\/\/www.heartofgold-hostel.de\/wp-content\/uploads\/2011\/05\/dorm2-300x199.jpg\" data-large-file=\"https:\/\/www.heartofgold-hostel.de\/wp-content\/uploads\/2011\/05\/dorm2-1024x681.jpg\" class=\"alignnone size-medium wp-image-2483\" style=\"margin: 5px;\" title=\"Dorm Vogon\" alt=\"Dorm Vogon - Heart of Gold Hostel Berlin\" src=\"https:\/\/www.heartofgold-hostel.de\/wp-content\/uploads\/2011\/05\/dorm2-300x199.jpg\" width=\"332\" height=\"220\" srcset=\"https:\/\/www.heartofgold-hostel.de\/wp-content\/uploads\/2011\/05\/dorm2-300x199.jpg 300w, https:\/\/www.heartofgold-hostel.de\/wp-content\/uploads\/2011\/05\/dorm2-150x99.jpg 150w, https:\/\/www.heartofgold-hostel.de\/wp-content\/uploads\/2011\/05\/dorm2-1024x681.jpg 1024w, https:\/\/www.heartofgold-hostel.de\/wp-content\/uploads\/2011\/05\/dorm2.jpg 1131w\" sizes=\"(max-width: 332px) 100vw, 332px\" \/><\/a><br \/>\nDesde hace poco tambi\u00e9n tenemos dormitorios con ba\u00f1os privados e incluso ba\u00f1eras.<br \/>\n<a href=\"https:\/\/www.heartofgold-hostel.de\/wp-content\/uploads\/2011\/05\/apt1.jpg\"><img loading=\"lazy\" decoding=\"async\" data-attachment-id=\"2468\" data-permalink=\"https:\/\/www.heartofgold-hostel.de\/es\/habitaciones\/6-bed-dorm-hostel-berlin-5\/\" data-orig-file=\"https:\/\/www.heartofgold-hostel.de\/wp-content\/uploads\/2011\/05\/apt1.jpg\" data-orig-size=\"1122,791\" data-comments-opened=\"0\" data-image-meta=\"{&quot;aperture&quot;:&quot;0&quot;,&quot;credit&quot;:&quot;&quot;,&quot;camera&quot;:&quot;&quot;,&quot;caption&quot;:&quot;&quot;,&quot;created_timestamp&quot;:&quot;0&quot;,&quot;copyright&quot;:&quot;&quot;,&quot;focal_length&quot;:&quot;0&quot;,&quot;iso&quot;:&quot;0&quot;,&quot;shutter_speed&quot;:&quot;0&quot;,&quot;title&quot;:&quot;&quot;}\" data-image-title=\"6 bed dorm\" data-image-description=\"\" data-image-caption=\"&lt;p&gt;6 bed dorm&lt;\/p&gt;\n\" data-medium-file=\"https:\/\/www.heartofgold-hostel.de\/wp-content\/uploads\/2011\/05\/apt1-300x211.jpg\" data-large-file=\"https:\/\/www.heartofgold-hostel.de\/wp-content\/uploads\/2011\/05\/apt1-1024x721.jpg\" class=\"alignnone  wp-image-2468\" style=\"margin: 10px 5px;\" title=\"6 Bed Dorm\" alt=\"6 Bed Dorm - Heart of Gold Hostel Berlin\" src=\"https:\/\/www.heartofgold-hostel.de\/wp-content\/uploads\/2011\/05\/apt1-300x211.jpg\" width=\"327\" height=\"229\" srcset=\"https:\/\/www.heartofgold-hostel.de\/wp-content\/uploads\/2011\/05\/apt1-300x211.jpg 300w, https:\/\/www.heartofgold-hostel.de\/wp-content\/uploads\/2011\/05\/apt1-150x105.jpg 150w, https:\/\/www.heartofgold-hostel.de\/wp-content\/uploads\/2011\/05\/apt1-1024x721.jpg 1024w\" sizes=\"(max-width: 327px) 100vw, 327px\" \/><\/a><a href=\"https:\/\/www.heartofgold-hostel.de\/wp-content\/uploads\/2011\/05\/apt2.jpg\"><img loading=\"lazy\" decoding=\"async\" data-attachment-id=\"2473\" data-permalink=\"https:\/\/www.heartofgold-hostel.de\/es\/habitaciones\/6-bed-dorm-2-5\/\" data-orig-file=\"https:\/\/www.heartofgold-hostel.de\/wp-content\/uploads\/2011\/05\/apt2.jpg\" data-orig-size=\"811,1172\" data-comments-opened=\"0\" data-image-meta=\"{&quot;aperture&quot;:&quot;0&quot;,&quot;credit&quot;:&quot;&quot;,&quot;camera&quot;:&quot;&quot;,&quot;caption&quot;:&quot;&quot;,&quot;created_timestamp&quot;:&quot;0&quot;,&quot;copyright&quot;:&quot;&quot;,&quot;focal_length&quot;:&quot;0&quot;,&quot;iso&quot;:&quot;0&quot;,&quot;shutter_speed&quot;:&quot;0&quot;,&quot;title&quot;:&quot;&quot;}\" data-image-title=\"6 bed dorm\" data-image-description=\"\" data-image-caption=\"&lt;p&gt;6 bed dorm&lt;\/p&gt;\n\" data-medium-file=\"https:\/\/www.heartofgold-hostel.de\/wp-content\/uploads\/2011\/05\/apt2-207x300.jpg\" data-large-file=\"https:\/\/www.heartofgold-hostel.de\/wp-content\/uploads\/2011\/05\/apt2-708x1024.jpg\" class=\"alignnone  wp-image-2473\" style=\"margin: 10px 5px;\" title=\"6 Bed Dorm\" alt=\"6 Bed Dorm - Heart of Gold Hostel Berlin\" src=\"https:\/\/www.heartofgold-hostel.de\/wp-content\/uploads\/2011\/05\/apt2-207x300.jpg\" width=\"158\" height=\"228\" srcset=\"https:\/\/www.heartofgold-hostel.de\/wp-content\/uploads\/2011\/05\/apt2-207x300.jpg 207w, https:\/\/www.heartofgold-hostel.de\/wp-content\/uploads\/2011\/05\/apt2-103x150.jpg 103w, https:\/\/www.heartofgold-hostel.de\/wp-content\/uploads\/2011\/05\/apt2-708x1024.jpg 708w, https:\/\/www.heartofgold-hostel.de\/wp-content\/uploads\/2011\/05\/apt2.jpg 811w\" sizes=\"(max-width: 158px) 100vw, 158px\" \/><\/a><\/p>\n","protected":false},"excerpt":{"rendered":"<p>Hay un piso de parquet en todo el hostel. Las habitaciones son luminosas, los techos son altos y las ventanas enormes. Un ascensor cort\u00e9s te lleva a la cubierta superior y la inferior, donde encontrar\u00e1s el sal\u00f3n de Magrathea o &hellip; <a href=\"https:\/\/www.heartofgold-hostel.de\/es\/habitaciones\/\">Sigue leyendo <span class=\"meta-nav\">&rarr;<\/span><\/a><\/p>\n","protected":false},"author":7,"featured_media":0,"parent":0,"menu_order":0,"comment_status":"closed","ping_status":"open","template":"","meta":{"_monsterinsights_skip_tracking":false,"_monsterinsights_sitenote_active":false,"_monsterinsights_sitenote_note":"","_monsterinsights_sitenote_category":0,"jetpack_post_was_ever_published":false,"footnotes":""},"yoast_head":"<!-- This site is optimized with the Yoast SEO plugin v24.5 - https:\/\/yoast.com\/wordpress\/plugins\/seo\/ -->\n<title>Habitaciones - Heart of Gold Hostel Berlin<\/title>\n<meta name=\"description\" content=\"Con la &quot;Gu\u00eda del autoestopista gal\u00e1ctico&quot; c\u00f3mo fuente de inspiraci\u00f3n, muchas de nuestras habitaciones fueron dise\u00f1adas con el objetivo de crear una atm\u00f3sfera de astronave.\" \/>\n<meta name=\"robots\" content=\"index, follow, max-snippet:-1, max-image-preview:large, max-video-preview:-1\" \/>\n<link rel=\"canonical\" href=\"https:\/\/www.heartofgold-hostel.de\/es\/habitaciones\/\" \/>\n<meta property=\"og:locale\" content=\"es_ES\" \/>\n<meta property=\"og:type\" content=\"article\" \/>\n<meta property=\"og:title\" content=\"Habitaciones - Heart of Gold Hostel Berlin\" \/>\n<meta property=\"og:description\" content=\"Con la &quot;Gu\u00eda del autoestopista gal\u00e1ctico&quot; c\u00f3mo fuente de inspiraci\u00f3n, muchas de nuestras habitaciones fueron dise\u00f1adas con el objetivo de crear una atm\u00f3sfera de astronave.\" \/>\n<meta property=\"og:url\" content=\"https:\/\/www.heartofgold-hostel.de\/es\/habitaciones\/\" \/>\n<meta property=\"og:site_name\" content=\"Heart of Gold Hostel Berlin\" \/>\n<meta property=\"article:publisher\" content=\"https:\/\/www.facebook.com\/heart.of.gold.hostel.berlin\/\" \/>\n<meta property=\"article:modified_time\" content=\"2014-01-20T14:33:00+00:00\" \/>\n<meta property=\"og:image\" content=\"http:\/\/www.heartofgold-hostel.de\/wp-content\/uploads\/2011\/05\/IMG_7646_0_3_adjust-300x200.jpg\" \/>\n<meta name=\"twitter:label1\" content=\"Tiempo de lectura\" \/>\n\t<meta name=\"twitter:data1\" content=\"1 minuto\" \/>\n<script type=\"application\/ld+json\" class=\"yoast-schema-graph\">{\"@context\":\"https:\/\/schema.org\",\"@graph\":[{\"@type\":\"WebPage\",\"@id\":\"https:\/\/www.heartofgold-hostel.de\/es\/habitaciones\/\",\"url\":\"https:\/\/www.heartofgold-hostel.de\/es\/habitaciones\/\",\"name\":\"Habitaciones - Heart of Gold Hostel Berlin\",\"isPartOf\":{\"@id\":\"https:\/\/www.heartofgold-hostel.de\/de\/#website\"},\"primaryImageOfPage\":{\"@id\":\"https:\/\/www.heartofgold-hostel.de\/es\/habitaciones\/#primaryimage\"},\"image\":{\"@id\":\"https:\/\/www.heartofgold-hostel.de\/es\/habitaciones\/#primaryimage\"},\"thumbnailUrl\":\"https:\/\/www.heartofgold-hostel.de\/wp-content\/uploads\/2011\/05\/IMG_7646_0_3_adjust-300x200.jpg\",\"datePublished\":\"2013-06-09T14:54:41+00:00\",\"dateModified\":\"2014-01-20T14:33:00+00:00\",\"description\":\"Con la \\\"Gu\u00eda del autoestopista gal\u00e1ctico\\\" c\u00f3mo fuente de inspiraci\u00f3n, muchas de nuestras habitaciones fueron dise\u00f1adas con el objetivo de crear una atm\u00f3sfera de astronave.\",\"breadcrumb\":{\"@id\":\"https:\/\/www.heartofgold-hostel.de\/es\/habitaciones\/#breadcrumb\"},\"inLanguage\":\"es\",\"potentialAction\":[{\"@type\":\"ReadAction\",\"target\":[\"https:\/\/www.heartofgold-hostel.de\/es\/habitaciones\/\"]}]},{\"@type\":\"ImageObject\",\"inLanguage\":\"es\",\"@id\":\"https:\/\/www.heartofgold-hostel.de\/es\/habitaciones\/#primaryimage\",\"url\":\"https:\/\/www.heartofgold-hostel.de\/wp-content\/uploads\/2011\/05\/IMG_7646_0_3_adjust-300x200.jpg\",\"contentUrl\":\"https:\/\/www.heartofgold-hostel.de\/wp-content\/uploads\/2011\/05\/IMG_7646_0_3_adjust-300x200.jpg\"},{\"@type\":\"BreadcrumbList\",\"@id\":\"https:\/\/www.heartofgold-hostel.de\/es\/habitaciones\/#breadcrumb\",\"itemListElement\":[{\"@type\":\"ListItem\",\"position\":1,\"name\":\"Home\",\"item\":\"https:\/\/www.heartofgold-hostel.de\/es\/\"},{\"@type\":\"ListItem\",\"position\":2,\"name\":\"Habitaciones\"}]},{\"@type\":\"WebSite\",\"@id\":\"https:\/\/www.heartofgold-hostel.de\/de\/#website\",\"url\":\"https:\/\/www.heartofgold-hostel.de\/de\/\",\"name\":\"Heart of Gold Hostel Berlin\",\"description\":\"the starship Berlin Hostel\",\"publisher\":{\"@id\":\"https:\/\/www.heartofgold-hostel.de\/de\/#organization\"},\"potentialAction\":[{\"@type\":\"SearchAction\",\"target\":{\"@type\":\"EntryPoint\",\"urlTemplate\":\"https:\/\/www.heartofgold-hostel.de\/de\/?s={search_term_string}\"},\"query-input\":{\"@type\":\"PropertyValueSpecification\",\"valueRequired\":true,\"valueName\":\"search_term_string\"}}],\"inLanguage\":\"es\"},{\"@type\":\"Organization\",\"@id\":\"https:\/\/www.heartofgold-hostel.de\/de\/#organization\",\"name\":\"Heart of Gold Hostel Berlin\",\"url\":\"https:\/\/www.heartofgold-hostel.de\/de\/\",\"logo\":{\"@type\":\"ImageObject\",\"inLanguage\":\"es\",\"@id\":\"https:\/\/www.heartofgold-hostel.de\/de\/#\/schema\/logo\/image\/\",\"url\":\"https:\/\/www.heartofgold-hostel.de\/wp-content\/uploads\/HOG_Logo_braun_180.gif\",\"contentUrl\":\"https:\/\/www.heartofgold-hostel.de\/wp-content\/uploads\/HOG_Logo_braun_180.gif\",\"width\":180,\"height\":180,\"caption\":\"Heart of Gold Hostel Berlin\"},\"image\":{\"@id\":\"https:\/\/www.heartofgold-hostel.de\/de\/#\/schema\/logo\/image\/\"},\"sameAs\":[\"https:\/\/www.facebook.com\/heart.of.gold.hostel.berlin\/\",\"https:\/\/x.com\/berlinhostel\",\"https:\/\/myspace.com\/hostelberlin\",\"https:\/\/www.pinterest.com\/hoghostel\/heart-of-gold-hostel\/\"]}]}<\/script>\n<!-- \/ Yoast SEO plugin. -->","yoast_head_json":{"title":"Habitaciones - Heart of Gold Hostel Berlin","description":"Con la \"Gu\u00eda del autoestopista gal\u00e1ctico\" c\u00f3mo fuente de inspiraci\u00f3n, muchas de nuestras habitaciones fueron dise\u00f1adas con el objetivo de crear una atm\u00f3sfera de astronave.","robots":{"index":"index","follow":"follow","max-snippet":"max-snippet:-1","max-image-preview":"max-image-preview:large","max-video-preview":"max-video-preview:-1"},"canonical":"https:\/\/www.heartofgold-hostel.de\/es\/habitaciones\/","og_locale":"es_ES","og_type":"article","og_title":"Habitaciones - Heart of Gold Hostel Berlin","og_description":"Con la \"Gu\u00eda del autoestopista gal\u00e1ctico\" c\u00f3mo fuente de inspiraci\u00f3n, muchas de nuestras habitaciones fueron dise\u00f1adas con el objetivo de crear una atm\u00f3sfera de astronave.","og_url":"https:\/\/www.heartofgold-hostel.de\/es\/habitaciones\/","og_site_name":"Heart of Gold Hostel Berlin","article_publisher":"https:\/\/www.facebook.com\/heart.of.gold.hostel.berlin\/","article_modified_time":"2014-01-20T14:33:00+00:00","og_image":[{"url":"http:\/\/www.heartofgold-hostel.de\/wp-content\/uploads\/2011\/05\/IMG_7646_0_3_adjust-300x200.jpg","type":"","width":"","height":""}],"twitter_misc":{"Tiempo de lectura":"1 minuto"},"schema":{"@context":"https:\/\/schema.org","@graph":[{"@type":"WebPage","@id":"https:\/\/www.heartofgold-hostel.de\/es\/habitaciones\/","url":"https:\/\/www.heartofgold-hostel.de\/es\/habitaciones\/","name":"Habitaciones - Heart of Gold Hostel Berlin","isPartOf":{"@id":"https:\/\/www.heartofgold-hostel.de\/de\/#website"},"primaryImageOfPage":{"@id":"https:\/\/www.heartofgold-hostel.de\/es\/habitaciones\/#primaryimage"},"image":{"@id":"https:\/\/www.heartofgold-hostel.de\/es\/habitaciones\/#primaryimage"},"thumbnailUrl":"https:\/\/www.heartofgold-hostel.de\/wp-content\/uploads\/2011\/05\/IMG_7646_0_3_adjust-300x200.jpg","datePublished":"2013-06-09T14:54:41+00:00","dateModified":"2014-01-20T14:33:00+00:00","description":"Con la \"Gu\u00eda del autoestopista gal\u00e1ctico\" c\u00f3mo fuente de inspiraci\u00f3n, muchas de nuestras habitaciones fueron dise\u00f1adas con el objetivo de crear una atm\u00f3sfera de astronave.","breadcrumb":{"@id":"https:\/\/www.heartofgold-hostel.de\/es\/habitaciones\/#breadcrumb"},"inLanguage":"es","potentialAction":[{"@type":"ReadAction","target":["https:\/\/www.heartofgold-hostel.de\/es\/habitaciones\/"]}]},{"@type":"ImageObject","inLanguage":"es","@id":"https:\/\/www.heartofgold-hostel.de\/es\/habitaciones\/#primaryimage","url":"https:\/\/www.heartofgold-hostel.de\/wp-content\/uploads\/2011\/05\/IMG_7646_0_3_adjust-300x200.jpg","contentUrl":"https:\/\/www.heartofgold-hostel.de\/wp-content\/uploads\/2011\/05\/IMG_7646_0_3_adjust-300x200.jpg"},{"@type":"BreadcrumbList","@id":"https:\/\/www.heartofgold-hostel.de\/es\/habitaciones\/#breadcrumb","itemListElement":[{"@type":"ListItem","position":1,"name":"Home","item":"https:\/\/www.heartofgold-hostel.de\/es\/"},{"@type":"ListItem","position":2,"name":"Habitaciones"}]},{"@type":"WebSite","@id":"https:\/\/www.heartofgold-hostel.de\/de\/#website","url":"https:\/\/www.heartofgold-hostel.de\/de\/","name":"Heart of Gold Hostel Berlin","description":"the starship Berlin Hostel","publisher":{"@id":"https:\/\/www.heartofgold-hostel.de\/de\/#organization"},"potentialAction":[{"@type":"SearchAction","target":{"@type":"EntryPoint","urlTemplate":"https:\/\/www.heartofgold-hostel.de\/de\/?s={search_term_string}"},"query-input":{"@type":"PropertyValueSpecification","valueRequired":true,"valueName":"search_term_string"}}],"inLanguage":"es"},{"@type":"Organization","@id":"https:\/\/www.heartofgold-hostel.de\/de\/#organization","name":"Heart of Gold Hostel Berlin","url":"https:\/\/www.heartofgold-hostel.de\/de\/","logo":{"@type":"ImageObject","inLanguage":"es","@id":"https:\/\/www.heartofgold-hostel.de\/de\/#\/schema\/logo\/image\/","url":"https:\/\/www.heartofgold-hostel.de\/wp-content\/uploads\/HOG_Logo_braun_180.gif","contentUrl":"https:\/\/www.heartofgold-hostel.de\/wp-content\/uploads\/HOG_Logo_braun_180.gif","width":180,"height":180,"caption":"Heart of Gold Hostel Berlin"},"image":{"@id":"https:\/\/www.heartofgold-hostel.de\/de\/#\/schema\/logo\/image\/"},"sameAs":["https:\/\/www.facebook.com\/heart.of.gold.hostel.berlin\/","https:\/\/x.com\/berlinhostel","https:\/\/myspace.com\/hostelberlin","https:\/\/www.pinterest.com\/hoghostel\/heart-of-gold-hostel\/"]}]}},"jetpack_sharing_enabled":true,"jetpack_shortlink":"https:\/\/wp.me\/P7w0Rw-sj","_links":{"self":[{"href":"https:\/\/www.heartofgold-hostel.de\/es\/wp-json\/wp\/v2\/pages\/1755"}],"collection":[{"href":"https:\/\/www.heartofgold-hostel.de\/es\/wp-json\/wp\/v2\/pages"}],"about":[{"href":"https:\/\/www.heartofgold-hostel.de\/es\/wp-json\/wp\/v2\/types\/page"}],"author":[{"embeddable":true,"href":"https:\/\/www.heartofgold-hostel.de\/es\/wp-json\/wp\/v2\/users\/7"}],"replies":[{"embeddable":true,"href":"https:\/\/www.heartofgold-hostel.de\/es\/wp-json\/wp\/v2\/comments?post=1755"}],"version-history":[{"count":1,"href":"https:\/\/www.heartofgold-hostel.de\/es\/wp-json\/wp\/v2\/pages\/1755\/revisions"}],"predecessor-version":[{"id":2317,"href":"https:\/\/www.heartofgold-hostel.de\/es\/wp-json\/wp\/v2\/pages\/1755\/revisions\/2317"}],"wp:attachment":[{"href":"https:\/\/www.heartofgold-hostel.de\/es\/wp-json\/wp\/v2\/media?parent=1755"}],"curies":[{"name":"wp","href":"https:\/\/api.w.org\/{rel}","templated":true}]}}