{"id":1760,"date":"2013-06-09T17:26:36","date_gmt":"2013-06-09T15:26:36","guid":{"rendered":"http:\/\/www.heartofgold-hostel.de\/posicion-en-berlin-mitte\/"},"modified":"2014-11-06T15:15:34","modified_gmt":"2014-11-06T14:15:34","slug":"ubicacion-en-berlin-mitte","status":"publish","type":"page","link":"https:\/\/www.heartofgold-hostel.de\/es\/ubicacion-en-berlin-mitte\/","title":{"rendered":"Ubicaci\u00f3n en Berl\u00edn Mitte"},"content":{"rendered":"<p><iframe loading=\"lazy\" src=\"https:\/\/mapsengine.google.com\/map\/embed?mid=zN2FoqQQNxlc.kHg7qZFg0Kf8\" width=\"600\" height=\"480\"><\/iframe><\/p>\n<p>El Heart of Gold Hostel se encuentra directo en el centro de Berl\u00edn Mitte, cerca de la Puerta de Brandenburgo, del Reichstag y de la Isla de los Museos. Se puede llegar caminando a casi todas las atracciones importantes de la ciudad. Hay varios bares y clubes en Oranienburger Strasse y Torstrasse, as\u00ed c\u00f3mo un mont\u00f3n de tiendas en Hackescher Markt y Friedrichstrasse. Todo lo mencionado est\u00e1 a pocos pasos del hostel.<\/p>\n","protected":false},"excerpt":{"rendered":"<p>El Heart of Gold Hostel se encuentra directo en el centro de Berl\u00edn Mitte, cerca de la Puerta de Brandenburgo, del Reichstag y de la Isla de los Museos. Se puede llegar caminando a casi todas las atracciones importantes de &hellip; <a href=\"https:\/\/www.heartofgold-hostel.de\/es\/ubicacion-en-berlin-mitte\/\">Sigue leyendo <span class=\"meta-nav\">&rarr;<\/span><\/a><\/p>\n","protected":false},"author":7,"featured_media":0,"parent":0,"menu_order":0,"comment_status":"closed","ping_status":"closed","template":"","meta":{"_monsterinsights_skip_tracking":false,"_monsterinsights_sitenote_active":false,"_monsterinsights_sitenote_note":"","_monsterinsights_sitenote_category":0,"jetpack_post_was_ever_published":false,"footnotes":""},"yoast_head":"<!-- This site is optimized with the Yoast SEO plugin v24.5 - https:\/\/yoast.com\/wordpress\/plugins\/seo\/ -->\n<title>Ubicaci\u00f3n en Berl\u00edn Mitte - Heart of Gold Hostel Berlin<\/title>\n<meta name=\"description\" content=\"El Heart of Gold Hostel se encuentra en el centro de Berl\u00edn Mitte. Las atracciones y la vida nocturna est\u00e1n a pocos pasos. Don&#039;t panic!\" \/>\n<meta name=\"robots\" content=\"index, follow, max-snippet:-1, max-image-preview:large, max-video-preview:-1\" \/>\n<link rel=\"canonical\" href=\"https:\/\/www.heartofgold-hostel.de\/es\/ubicacion-en-berlin-mitte\/\" \/>\n<meta property=\"og:locale\" content=\"es_ES\" \/>\n<meta property=\"og:type\" content=\"article\" \/>\n<meta property=\"og:title\" content=\"Ubicaci\u00f3n en Berl\u00edn Mitte - Heart of Gold Hostel Berlin\" \/>\n<meta property=\"og:description\" content=\"El Heart of Gold Hostel se encuentra en el centro de Berl\u00edn Mitte. Las atracciones y la vida nocturna est\u00e1n a pocos pasos. Don&#039;t panic!\" \/>\n<meta property=\"og:url\" content=\"https:\/\/www.heartofgold-hostel.de\/es\/ubicacion-en-berlin-mitte\/\" \/>\n<meta property=\"og:site_name\" content=\"Heart of Gold Hostel Berlin\" \/>\n<meta property=\"article:publisher\" content=\"https:\/\/www.facebook.com\/heart.of.gold.hostel.berlin\/\" \/>\n<meta property=\"article:modified_time\" content=\"2014-11-06T14:15:34+00:00\" \/>\n<meta property=\"og:image\" content=\"https:\/\/www.heartofgold-hostel.de\/wp-content\/uploads\/HOG_Logo_braun_180.gif\" \/>\n\t<meta property=\"og:image:width\" content=\"180\" \/>\n\t<meta property=\"og:image:height\" content=\"180\" \/>\n\t<meta property=\"og:image:type\" content=\"image\/gif\" \/>\n<script type=\"application\/ld+json\" class=\"yoast-schema-graph\">{\"@context\":\"https:\/\/schema.org\",\"@graph\":[{\"@type\":\"WebPage\",\"@id\":\"https:\/\/www.heartofgold-hostel.de\/es\/ubicacion-en-berlin-mitte\/\",\"url\":\"https:\/\/www.heartofgold-hostel.de\/es\/ubicacion-en-berlin-mitte\/\",\"name\":\"Ubicaci\u00f3n en Berl\u00edn Mitte - Heart of Gold Hostel Berlin\",\"isPartOf\":{\"@id\":\"https:\/\/www.heartofgold-hostel.de\/de\/#website\"},\"datePublished\":\"2013-06-09T15:26:36+00:00\",\"dateModified\":\"2014-11-06T14:15:34+00:00\",\"description\":\"El Heart of Gold Hostel se encuentra en el centro de Berl\u00edn Mitte. Las atracciones y la vida nocturna est\u00e1n a pocos pasos. Don't panic!\",\"breadcrumb\":{\"@id\":\"https:\/\/www.heartofgold-hostel.de\/es\/ubicacion-en-berlin-mitte\/#breadcrumb\"},\"inLanguage\":\"es\",\"potentialAction\":[{\"@type\":\"ReadAction\",\"target\":[\"https:\/\/www.heartofgold-hostel.de\/es\/ubicacion-en-berlin-mitte\/\"]}]},{\"@type\":\"BreadcrumbList\",\"@id\":\"https:\/\/www.heartofgold-hostel.de\/es\/ubicacion-en-berlin-mitte\/#breadcrumb\",\"itemListElement\":[{\"@type\":\"ListItem\",\"position\":1,\"name\":\"Home\",\"item\":\"https:\/\/www.heartofgold-hostel.de\/es\/\"},{\"@type\":\"ListItem\",\"position\":2,\"name\":\"Ubicaci\u00f3n en Berl\u00edn Mitte\"}]},{\"@type\":\"WebSite\",\"@id\":\"https:\/\/www.heartofgold-hostel.de\/de\/#website\",\"url\":\"https:\/\/www.heartofgold-hostel.de\/de\/\",\"name\":\"Heart of Gold Hostel Berlin\",\"description\":\"the starship Berlin Hostel\",\"publisher\":{\"@id\":\"https:\/\/www.heartofgold-hostel.de\/de\/#organization\"},\"potentialAction\":[{\"@type\":\"SearchAction\",\"target\":{\"@type\":\"EntryPoint\",\"urlTemplate\":\"https:\/\/www.heartofgold-hostel.de\/de\/?s={search_term_string}\"},\"query-input\":{\"@type\":\"PropertyValueSpecification\",\"valueRequired\":true,\"valueName\":\"search_term_string\"}}],\"inLanguage\":\"es\"},{\"@type\":\"Organization\",\"@id\":\"https:\/\/www.heartofgold-hostel.de\/de\/#organization\",\"name\":\"Heart of Gold Hostel Berlin\",\"url\":\"https:\/\/www.heartofgold-hostel.de\/de\/\",\"logo\":{\"@type\":\"ImageObject\",\"inLanguage\":\"es\",\"@id\":\"https:\/\/www.heartofgold-hostel.de\/de\/#\/schema\/logo\/image\/\",\"url\":\"https:\/\/www.heartofgold-hostel.de\/wp-content\/uploads\/HOG_Logo_braun_180.gif\",\"contentUrl\":\"https:\/\/www.heartofgold-hostel.de\/wp-content\/uploads\/HOG_Logo_braun_180.gif\",\"width\":180,\"height\":180,\"caption\":\"Heart of Gold Hostel Berlin\"},\"image\":{\"@id\":\"https:\/\/www.heartofgold-hostel.de\/de\/#\/schema\/logo\/image\/\"},\"sameAs\":[\"https:\/\/www.facebook.com\/heart.of.gold.hostel.berlin\/\",\"https:\/\/x.com\/berlinhostel\",\"https:\/\/myspace.com\/hostelberlin\",\"https:\/\/www.pinterest.com\/hoghostel\/heart-of-gold-hostel\/\"]}]}<\/script>\n<!-- \/ Yoast SEO plugin. -->","yoast_head_json":{"title":"Ubicaci\u00f3n en Berl\u00edn Mitte - Heart of Gold Hostel Berlin","description":"El Heart of Gold Hostel se encuentra en el centro de Berl\u00edn Mitte. Las atracciones y la vida nocturna est\u00e1n a pocos pasos. Don't panic!","robots":{"index":"index","follow":"follow","max-snippet":"max-snippet:-1","max-image-preview":"max-image-preview:large","max-video-preview":"max-video-preview:-1"},"canonical":"https:\/\/www.heartofgold-hostel.de\/es\/ubicacion-en-berlin-mitte\/","og_locale":"es_ES","og_type":"article","og_title":"Ubicaci\u00f3n en Berl\u00edn Mitte - Heart of Gold Hostel Berlin","og_description":"El Heart of Gold Hostel se encuentra en el centro de Berl\u00edn Mitte. Las atracciones y la vida nocturna est\u00e1n a pocos pasos. Don't panic!","og_url":"https:\/\/www.heartofgold-hostel.de\/es\/ubicacion-en-berlin-mitte\/","og_site_name":"Heart of Gold Hostel Berlin","article_publisher":"https:\/\/www.facebook.com\/heart.of.gold.hostel.berlin\/","article_modified_time":"2014-11-06T14:15:34+00:00","og_image":[{"width":180,"height":180,"url":"https:\/\/www.heartofgold-hostel.de\/wp-content\/uploads\/HOG_Logo_braun_180.gif","type":"image\/gif"}],"schema":{"@context":"https:\/\/schema.org","@graph":[{"@type":"WebPage","@id":"https:\/\/www.heartofgold-hostel.de\/es\/ubicacion-en-berlin-mitte\/","url":"https:\/\/www.heartofgold-hostel.de\/es\/ubicacion-en-berlin-mitte\/","name":"Ubicaci\u00f3n en Berl\u00edn Mitte - Heart of Gold Hostel Berlin","isPartOf":{"@id":"https:\/\/www.heartofgold-hostel.de\/de\/#website"},"datePublished":"2013-06-09T15:26:36+00:00","dateModified":"2014-11-06T14:15:34+00:00","description":"El Heart of Gold Hostel se encuentra en el centro de Berl\u00edn Mitte. Las atracciones y la vida nocturna est\u00e1n a pocos pasos. Don't panic!","breadcrumb":{"@id":"https:\/\/www.heartofgold-hostel.de\/es\/ubicacion-en-berlin-mitte\/#breadcrumb"},"inLanguage":"es","potentialAction":[{"@type":"ReadAction","target":["https:\/\/www.heartofgold-hostel.de\/es\/ubicacion-en-berlin-mitte\/"]}]},{"@type":"BreadcrumbList","@id":"https:\/\/www.heartofgold-hostel.de\/es\/ubicacion-en-berlin-mitte\/#breadcrumb","itemListElement":[{"@type":"ListItem","position":1,"name":"Home","item":"https:\/\/www.heartofgold-hostel.de\/es\/"},{"@type":"ListItem","position":2,"name":"Ubicaci\u00f3n en Berl\u00edn Mitte"}]},{"@type":"WebSite","@id":"https:\/\/www.heartofgold-hostel.de\/de\/#website","url":"https:\/\/www.heartofgold-hostel.de\/de\/","name":"Heart of Gold Hostel Berlin","description":"the starship Berlin Hostel","publisher":{"@id":"https:\/\/www.heartofgold-hostel.de\/de\/#organization"},"potentialAction":[{"@type":"SearchAction","target":{"@type":"EntryPoint","urlTemplate":"https:\/\/www.heartofgold-hostel.de\/de\/?s={search_term_string}"},"query-input":{"@type":"PropertyValueSpecification","valueRequired":true,"valueName":"search_term_string"}}],"inLanguage":"es"},{"@type":"Organization","@id":"https:\/\/www.heartofgold-hostel.de\/de\/#organization","name":"Heart of Gold Hostel Berlin","url":"https:\/\/www.heartofgold-hostel.de\/de\/","logo":{"@type":"ImageObject","inLanguage":"es","@id":"https:\/\/www.heartofgold-hostel.de\/de\/#\/schema\/logo\/image\/","url":"https:\/\/www.heartofgold-hostel.de\/wp-content\/uploads\/HOG_Logo_braun_180.gif","contentUrl":"https:\/\/www.heartofgold-hostel.de\/wp-content\/uploads\/HOG_Logo_braun_180.gif","width":180,"height":180,"caption":"Heart of Gold Hostel Berlin"},"image":{"@id":"https:\/\/www.heartofgold-hostel.de\/de\/#\/schema\/logo\/image\/"},"sameAs":["https:\/\/www.facebook.com\/heart.of.gold.hostel.berlin\/","https:\/\/x.com\/berlinhostel","https:\/\/myspace.com\/hostelberlin","https:\/\/www.pinterest.com\/hoghostel\/heart-of-gold-hostel\/"]}]}},"jetpack_sharing_enabled":true,"jetpack_shortlink":"https:\/\/wp.me\/P7w0Rw-so","_links":{"self":[{"href":"https:\/\/www.heartofgold-hostel.de\/es\/wp-json\/wp\/v2\/pages\/1760"}],"collection":[{"href":"https:\/\/www.heartofgold-hostel.de\/es\/wp-json\/wp\/v2\/pages"}],"about":[{"href":"https:\/\/www.heartofgold-hostel.de\/es\/wp-json\/wp\/v2\/types\/page"}],"author":[{"embeddable":true,"href":"https:\/\/www.heartofgold-hostel.de\/es\/wp-json\/wp\/v2\/users\/7"}],"replies":[{"embeddable":true,"href":"https:\/\/www.heartofgold-hostel.de\/es\/wp-json\/wp\/v2\/comments?post=1760"}],"version-history":[{"count":5,"href":"https:\/\/www.heartofgold-hostel.de\/es\/wp-json\/wp\/v2\/pages\/1760\/revisions"}],"predecessor-version":[{"id":4944,"href":"https:\/\/www.heartofgold-hostel.de\/es\/wp-json\/wp\/v2\/pages\/1760\/revisions\/4944"}],"wp:attachment":[{"href":"https:\/\/www.heartofgold-hostel.de\/es\/wp-json\/wp\/v2\/media?parent=1760"}],"curies":[{"name":"wp","href":"https:\/\/api.w.org\/{rel}","templated":true}]}}