{"id":1762,"date":"2013-06-09T18:01:31","date_gmt":"2013-06-09T16:01:31","guid":{"rendered":"http:\/\/www.heartofgold-hostel.de\/dont-panic-2\/"},"modified":"2013-06-09T18:01:31","modified_gmt":"2013-06-09T16:01:31","slug":"dont-panic","status":"publish","type":"page","link":"https:\/\/www.heartofgold-hostel.de\/es\/dont-panic\/","title":{"rendered":"\u00a1Don&#8217;t Panic!"},"content":{"rendered":"<p><a href=\"https:\/\/www.heartofgold-hostel.de\/wp-content\/uploads\/2013\/04\/marvin-2.png\"><img loading=\"lazy\" decoding=\"async\" class=\" wp-image-543  alignright\" alt=\"marvin is sad\" src=\"https:\/\/www.heartofgold-hostel.de\/wp-content\/uploads\/2013\/04\/marvin-2-222x300.png\" width=\"200\" height=\"270\" srcset=\"https:\/\/www.heartofgold-hostel.de\/wp-content\/uploads\/2013\/04\/marvin-2-222x300.png 222w, https:\/\/www.heartofgold-hostel.de\/wp-content\/uploads\/2013\/04\/marvin-2-111x150.png 111w, https:\/\/www.heartofgold-hostel.de\/wp-content\/uploads\/2013\/04\/marvin-2.png 500w\" sizes=\"(max-width: 200px) 100vw, 200px\" \/><\/a>Seg\u00fan Douglas Adams, la <em>Gu\u00eda del autoestopista gal\u00e1ctico<\/em> naci\u00f3 en el 1971 en Innsbruck durante un viaje por Europa en el que llevaba un libro llamado <em>The Hitchhiker&#8217;s Guide to Europe<\/em>. Estaba borracho, tumbado en un campo y mirando las estrellas cuando se le ocuri\u00f3 la idea de escribir una semejante gu\u00eda para viajeros espaciales.<\/p>\n<p>La <em>Gu\u00eda<\/em> existe c\u00f3mo serie de radioteatro, en forma de cinco novelas, una serie de televisi\u00f3n y una pel\u00edcula de Hollywood, entre otras cosas. Si todav\u00eda no has le\u00eddo los libros, \u00a1hazlo! Realmente vale la pena, al contrario de la pel\u00edcula.<\/p>\n<p>Cuando abrimos nuestro hostel en el 2003, le pusimos el nombre <em>Heart of Gold<\/em> por la astronave impulsada por la improbabilidad infinita. Muchos aspectos del dise\u00f1o del hostel fueron inspirados por los libros y la serie de televisi\u00f3n.<\/p>\n<p>\u00a1Don&#8217;t Panic!<\/p>\n","protected":false},"excerpt":{"rendered":"<p>Seg\u00fan Douglas Adams, la Gu\u00eda del autoestopista gal\u00e1ctico naci\u00f3 en el 1971 en Innsbruck durante un viaje por Europa en el que llevaba un libro llamado The Hitchhiker&#8217;s Guide to Europe. Estaba borracho, tumbado en un campo y mirando las &hellip; <a href=\"https:\/\/www.heartofgold-hostel.de\/es\/dont-panic\/\">Sigue leyendo <span class=\"meta-nav\">&rarr;<\/span><\/a><\/p>\n","protected":false},"author":1,"featured_media":0,"parent":0,"menu_order":0,"comment_status":"closed","ping_status":"closed","template":"","meta":{"_monsterinsights_skip_tracking":false,"_monsterinsights_sitenote_active":false,"_monsterinsights_sitenote_note":"","_monsterinsights_sitenote_category":0,"jetpack_post_was_ever_published":false,"footnotes":""},"yoast_head":"<!-- This site is optimized with the Yoast SEO plugin v24.5 - https:\/\/yoast.com\/wordpress\/plugins\/seo\/ -->\n<title>\u00a1Don&#039;t Panic! - Heart of Gold Hostel Berlin<\/title>\n<meta name=\"description\" content=\"\u00a1Don&#039;t Panic! - el consejo inapreciable de la &quot;Gu\u00eda del autoestopista gal\u00e1ctico&quot; de Douglas Adams\" \/>\n<meta name=\"robots\" content=\"index, follow, max-snippet:-1, max-image-preview:large, max-video-preview:-1\" \/>\n<link rel=\"canonical\" href=\"https:\/\/www.heartofgold-hostel.de\/es\/dont-panic\/\" \/>\n<meta property=\"og:locale\" content=\"es_ES\" \/>\n<meta property=\"og:type\" content=\"article\" \/>\n<meta property=\"og:title\" content=\"\u00a1Don&#039;t Panic! - Heart of Gold Hostel Berlin\" \/>\n<meta property=\"og:description\" content=\"\u00a1Don&#039;t Panic! - el consejo inapreciable de la &quot;Gu\u00eda del autoestopista gal\u00e1ctico&quot; de Douglas Adams\" \/>\n<meta property=\"og:url\" content=\"https:\/\/www.heartofgold-hostel.de\/es\/dont-panic\/\" \/>\n<meta property=\"og:site_name\" content=\"Heart of Gold Hostel Berlin\" \/>\n<meta property=\"article:publisher\" content=\"https:\/\/www.facebook.com\/heart.of.gold.hostel.berlin\/\" \/>\n<meta property=\"og:image\" content=\"http:\/\/www.heartofgold-hostel.de\/wp-content\/uploads\/2013\/04\/marvin-2-222x300.png\" \/>\n<meta name=\"twitter:label1\" content=\"Tiempo de lectura\" \/>\n\t<meta name=\"twitter:data1\" content=\"1 minuto\" \/>\n<script type=\"application\/ld+json\" class=\"yoast-schema-graph\">{\"@context\":\"https:\/\/schema.org\",\"@graph\":[{\"@type\":\"WebPage\",\"@id\":\"https:\/\/www.heartofgold-hostel.de\/es\/dont-panic\/\",\"url\":\"https:\/\/www.heartofgold-hostel.de\/es\/dont-panic\/\",\"name\":\"\u00a1Don't Panic! - Heart of Gold Hostel Berlin\",\"isPartOf\":{\"@id\":\"https:\/\/www.heartofgold-hostel.de\/de\/#website\"},\"primaryImageOfPage\":{\"@id\":\"https:\/\/www.heartofgold-hostel.de\/es\/dont-panic\/#primaryimage\"},\"image\":{\"@id\":\"https:\/\/www.heartofgold-hostel.de\/es\/dont-panic\/#primaryimage\"},\"thumbnailUrl\":\"http:\/\/www.heartofgold-hostel.de\/wp-content\/uploads\/2013\/04\/marvin-2-222x300.png\",\"datePublished\":\"2013-06-09T16:01:31+00:00\",\"description\":\"\u00a1Don't Panic! - el consejo inapreciable de la \\\"Gu\u00eda del autoestopista gal\u00e1ctico\\\" de Douglas Adams\",\"breadcrumb\":{\"@id\":\"https:\/\/www.heartofgold-hostel.de\/es\/dont-panic\/#breadcrumb\"},\"inLanguage\":\"es\",\"potentialAction\":[{\"@type\":\"ReadAction\",\"target\":[\"https:\/\/www.heartofgold-hostel.de\/es\/dont-panic\/\"]}]},{\"@type\":\"ImageObject\",\"inLanguage\":\"es\",\"@id\":\"https:\/\/www.heartofgold-hostel.de\/es\/dont-panic\/#primaryimage\",\"url\":\"http:\/\/www.heartofgold-hostel.de\/wp-content\/uploads\/2013\/04\/marvin-2-222x300.png\",\"contentUrl\":\"http:\/\/www.heartofgold-hostel.de\/wp-content\/uploads\/2013\/04\/marvin-2-222x300.png\"},{\"@type\":\"BreadcrumbList\",\"@id\":\"https:\/\/www.heartofgold-hostel.de\/es\/dont-panic\/#breadcrumb\",\"itemListElement\":[{\"@type\":\"ListItem\",\"position\":1,\"name\":\"Home\",\"item\":\"https:\/\/www.heartofgold-hostel.de\/es\/\"},{\"@type\":\"ListItem\",\"position\":2,\"name\":\"\u00a1Don&#8217;t Panic!\"}]},{\"@type\":\"WebSite\",\"@id\":\"https:\/\/www.heartofgold-hostel.de\/de\/#website\",\"url\":\"https:\/\/www.heartofgold-hostel.de\/de\/\",\"name\":\"Heart of Gold Hostel Berlin\",\"description\":\"the starship Berlin Hostel\",\"publisher\":{\"@id\":\"https:\/\/www.heartofgold-hostel.de\/de\/#organization\"},\"potentialAction\":[{\"@type\":\"SearchAction\",\"target\":{\"@type\":\"EntryPoint\",\"urlTemplate\":\"https:\/\/www.heartofgold-hostel.de\/de\/?s={search_term_string}\"},\"query-input\":{\"@type\":\"PropertyValueSpecification\",\"valueRequired\":true,\"valueName\":\"search_term_string\"}}],\"inLanguage\":\"es\"},{\"@type\":\"Organization\",\"@id\":\"https:\/\/www.heartofgold-hostel.de\/de\/#organization\",\"name\":\"Heart of Gold Hostel Berlin\",\"url\":\"https:\/\/www.heartofgold-hostel.de\/de\/\",\"logo\":{\"@type\":\"ImageObject\",\"inLanguage\":\"es\",\"@id\":\"https:\/\/www.heartofgold-hostel.de\/de\/#\/schema\/logo\/image\/\",\"url\":\"https:\/\/www.heartofgold-hostel.de\/wp-content\/uploads\/HOG_Logo_braun_180.gif\",\"contentUrl\":\"https:\/\/www.heartofgold-hostel.de\/wp-content\/uploads\/HOG_Logo_braun_180.gif\",\"width\":180,\"height\":180,\"caption\":\"Heart of Gold Hostel Berlin\"},\"image\":{\"@id\":\"https:\/\/www.heartofgold-hostel.de\/de\/#\/schema\/logo\/image\/\"},\"sameAs\":[\"https:\/\/www.facebook.com\/heart.of.gold.hostel.berlin\/\",\"https:\/\/x.com\/berlinhostel\",\"https:\/\/myspace.com\/hostelberlin\",\"https:\/\/www.pinterest.com\/hoghostel\/heart-of-gold-hostel\/\"]}]}<\/script>\n<!-- \/ Yoast SEO plugin. -->","yoast_head_json":{"title":"\u00a1Don't Panic! - Heart of Gold Hostel Berlin","description":"\u00a1Don't Panic! - el consejo inapreciable de la \"Gu\u00eda del autoestopista gal\u00e1ctico\" de Douglas Adams","robots":{"index":"index","follow":"follow","max-snippet":"max-snippet:-1","max-image-preview":"max-image-preview:large","max-video-preview":"max-video-preview:-1"},"canonical":"https:\/\/www.heartofgold-hostel.de\/es\/dont-panic\/","og_locale":"es_ES","og_type":"article","og_title":"\u00a1Don't Panic! - Heart of Gold Hostel Berlin","og_description":"\u00a1Don't Panic! - el consejo inapreciable de la \"Gu\u00eda del autoestopista gal\u00e1ctico\" de Douglas Adams","og_url":"https:\/\/www.heartofgold-hostel.de\/es\/dont-panic\/","og_site_name":"Heart of Gold Hostel Berlin","article_publisher":"https:\/\/www.facebook.com\/heart.of.gold.hostel.berlin\/","og_image":[{"url":"http:\/\/www.heartofgold-hostel.de\/wp-content\/uploads\/2013\/04\/marvin-2-222x300.png","type":"","width":"","height":""}],"twitter_misc":{"Tiempo de lectura":"1 minuto"},"schema":{"@context":"https:\/\/schema.org","@graph":[{"@type":"WebPage","@id":"https:\/\/www.heartofgold-hostel.de\/es\/dont-panic\/","url":"https:\/\/www.heartofgold-hostel.de\/es\/dont-panic\/","name":"\u00a1Don't Panic! - Heart of Gold Hostel Berlin","isPartOf":{"@id":"https:\/\/www.heartofgold-hostel.de\/de\/#website"},"primaryImageOfPage":{"@id":"https:\/\/www.heartofgold-hostel.de\/es\/dont-panic\/#primaryimage"},"image":{"@id":"https:\/\/www.heartofgold-hostel.de\/es\/dont-panic\/#primaryimage"},"thumbnailUrl":"http:\/\/www.heartofgold-hostel.de\/wp-content\/uploads\/2013\/04\/marvin-2-222x300.png","datePublished":"2013-06-09T16:01:31+00:00","description":"\u00a1Don't Panic! - el consejo inapreciable de la \"Gu\u00eda del autoestopista gal\u00e1ctico\" de Douglas Adams","breadcrumb":{"@id":"https:\/\/www.heartofgold-hostel.de\/es\/dont-panic\/#breadcrumb"},"inLanguage":"es","potentialAction":[{"@type":"ReadAction","target":["https:\/\/www.heartofgold-hostel.de\/es\/dont-panic\/"]}]},{"@type":"ImageObject","inLanguage":"es","@id":"https:\/\/www.heartofgold-hostel.de\/es\/dont-panic\/#primaryimage","url":"http:\/\/www.heartofgold-hostel.de\/wp-content\/uploads\/2013\/04\/marvin-2-222x300.png","contentUrl":"http:\/\/www.heartofgold-hostel.de\/wp-content\/uploads\/2013\/04\/marvin-2-222x300.png"},{"@type":"BreadcrumbList","@id":"https:\/\/www.heartofgold-hostel.de\/es\/dont-panic\/#breadcrumb","itemListElement":[{"@type":"ListItem","position":1,"name":"Home","item":"https:\/\/www.heartofgold-hostel.de\/es\/"},{"@type":"ListItem","position":2,"name":"\u00a1Don&#8217;t Panic!"}]},{"@type":"WebSite","@id":"https:\/\/www.heartofgold-hostel.de\/de\/#website","url":"https:\/\/www.heartofgold-hostel.de\/de\/","name":"Heart of Gold Hostel Berlin","description":"the starship Berlin Hostel","publisher":{"@id":"https:\/\/www.heartofgold-hostel.de\/de\/#organization"},"potentialAction":[{"@type":"SearchAction","target":{"@type":"EntryPoint","urlTemplate":"https:\/\/www.heartofgold-hostel.de\/de\/?s={search_term_string}"},"query-input":{"@type":"PropertyValueSpecification","valueRequired":true,"valueName":"search_term_string"}}],"inLanguage":"es"},{"@type":"Organization","@id":"https:\/\/www.heartofgold-hostel.de\/de\/#organization","name":"Heart of Gold Hostel Berlin","url":"https:\/\/www.heartofgold-hostel.de\/de\/","logo":{"@type":"ImageObject","inLanguage":"es","@id":"https:\/\/www.heartofgold-hostel.de\/de\/#\/schema\/logo\/image\/","url":"https:\/\/www.heartofgold-hostel.de\/wp-content\/uploads\/HOG_Logo_braun_180.gif","contentUrl":"https:\/\/www.heartofgold-hostel.de\/wp-content\/uploads\/HOG_Logo_braun_180.gif","width":180,"height":180,"caption":"Heart of Gold Hostel Berlin"},"image":{"@id":"https:\/\/www.heartofgold-hostel.de\/de\/#\/schema\/logo\/image\/"},"sameAs":["https:\/\/www.facebook.com\/heart.of.gold.hostel.berlin\/","https:\/\/x.com\/berlinhostel","https:\/\/myspace.com\/hostelberlin","https:\/\/www.pinterest.com\/hoghostel\/heart-of-gold-hostel\/"]}]}},"jetpack_sharing_enabled":true,"jetpack_shortlink":"https:\/\/wp.me\/P7w0Rw-sq","_links":{"self":[{"href":"https:\/\/www.heartofgold-hostel.de\/es\/wp-json\/wp\/v2\/pages\/1762"}],"collection":[{"href":"https:\/\/www.heartofgold-hostel.de\/es\/wp-json\/wp\/v2\/pages"}],"about":[{"href":"https:\/\/www.heartofgold-hostel.de\/es\/wp-json\/wp\/v2\/types\/page"}],"author":[{"embeddable":true,"href":"https:\/\/www.heartofgold-hostel.de\/es\/wp-json\/wp\/v2\/users\/1"}],"replies":[{"embeddable":true,"href":"https:\/\/www.heartofgold-hostel.de\/es\/wp-json\/wp\/v2\/comments?post=1762"}],"version-history":[{"count":0,"href":"https:\/\/www.heartofgold-hostel.de\/es\/wp-json\/wp\/v2\/pages\/1762\/revisions"}],"wp:attachment":[{"href":"https:\/\/www.heartofgold-hostel.de\/es\/wp-json\/wp\/v2\/media?parent=1762"}],"curies":[{"name":"wp","href":"https:\/\/api.w.org\/{rel}","templated":true}]}}