{"id":565,"date":"2013-05-08T21:20:46","date_gmt":"2013-05-08T19:20:46","guid":{"rendered":"http:\/\/www.heartofgold-hostel.de\/hostel-berlin-dont-panic-2\/"},"modified":"2013-06-10T13:37:11","modified_gmt":"2013-06-10T11:37:11","slug":"hostel-en-berlin","status":"publish","type":"page","link":"https:\/\/www.heartofgold-hostel.de\/es\/hostel-en-berlin\/","title":{"rendered":"Hostel Berl\u00edn &#8211; \u00a1Don&#8217;t Panic!"},"content":{"rendered":"<div id=\"attachment_501\" style=\"width: 260px\" class=\"wp-caption alignright\"><a title=\"Heart of Gold Hostel Berlin Reception\" href=\"https:\/\/www.heartofgold-hostel.de\/wp-content\/uploads\/2011\/05\/heart_of_gold_800.jpg\"><img loading=\"lazy\" decoding=\"async\" aria-describedby=\"caption-attachment-501\" class=\" wp-image-501  \" title=\"Heart of Gold Hostel Berlin Reception Art :)\" alt=\"Heart of Gold Hostel Berlin Reception\" src=\"https:\/\/www.heartofgold-hostel.de\/wp-content\/uploads\/2011\/05\/heart_of_gold_800-300x236.jpg\" width=\"250\" height=\"236\" \/><\/a><p id=\"caption-attachment-501\" class=\"wp-caption-text\">Hostel Reception<\/p><\/div>\n<p>Bienvenidos al Heart of Gold Hostel \u2013 la astronave de alojamiento mochilero en el centro de Berl\u00edn. Inspirado por la <i>Gu\u00eda del autoestopista gal\u00e1ctico<\/i> de Douglas Adams, estamos bien equipados con gafas de sol Sens-O-Matic para alquilar, un bar en el cual se hacen los mejores Pan-Galactic Gargle Blasters de este lado de Ursa Minor Beta, y por supuesto toallas. Nuestros recepcionistas siempre tienen peces de Babel en sus orejas y todas nuestras puertas son extremadamente alegres, lo que hace infinitamente improbable una estancia desagradable. As\u00ed que si est\u00e1s buscando la pregunta definitiva de la vida, el universo y todo lo dem\u00e1s o simplemente quieres pasarla bien y conocer a unos realmente hoopy froods, s\u00fabete al Heart of Gold y todo va a salir bien.<\/p>\n<p>Si todo esto no tiene sentido para t\u00ed, hazle caso a la Gu\u00eda: DON\u2019T PANIC. El Heart of Gold Hostel se ve quiz\u00e1s como una nave espacial robada por el bic\u00e9falo presidente de la galaxia, pero es mayormente inocuo. Desde la inauguraci\u00f3n en 2003 se sienten en casa aqu\u00ed no solo viajeros intergal\u00e1cticos sino seres de todas formas.<\/p>\n<p>Tenemos dormitorios de todos tama\u00f1os, incluso el famoso MegaDorm. Para los que prefieren estar a solas hay habitaciones individuales, dobles y triples, algunos con ba\u00f1o privado. Luego de disfrutar de nuestro abundante desayuno buffet, el cual se encuentra disponible hasta las 12 horas, camina a los sitios hist\u00f3ricos, museos y negocios cercanos. S\u00famate a un gratis paseo guiado o alquila de nosotros una bicicleta y explora la ciudad por cuenta propia. Haz una pausa en nuestro bar, donde servimos cerveza local de barril y ponemos solamente buena m\u00fasica (lo que sea eso), o en el patio espacioso con mesas y sombrillas. Rel\u00e1jate, juega al billar, conoce a nuevos amigos o mantente en contacto con tus amigos en casa a trav\u00e9s del Wi-Fi gratis. Si al final quieres disfrutar de la vida nocturna espect\u00e1cular de Berl\u00edn, los bares, restaurantes y clubes no est\u00e1n lejos.<\/p>\n<p>Lo que sea que te trae a la capital de Alemania, aseg\u00farate una estancia memorable y elige el Heart of Gold Hostel.<\/p>\n","protected":false},"excerpt":{"rendered":"<p>Bienvenidos al Heart of Gold Hostel \u2013 la astronave de alojamiento mochilero en el centro de Berl\u00edn. Inspirado por la Gu\u00eda del autoestopista gal\u00e1ctico de Douglas Adams, estamos bien equipados con gafas de sol Sens-O-Matic para alquilar, un bar en &hellip; <a href=\"https:\/\/www.heartofgold-hostel.de\/es\/hostel-en-berlin\/\">Sigue leyendo <span class=\"meta-nav\">&rarr;<\/span><\/a><\/p>\n","protected":false},"author":1,"featured_media":0,"parent":0,"menu_order":0,"comment_status":"closed","ping_status":"closed","template":"","meta":{"_monsterinsights_skip_tracking":false,"_monsterinsights_sitenote_active":false,"_monsterinsights_sitenote_note":"","_monsterinsights_sitenote_category":0,"jetpack_post_was_ever_published":false,"footnotes":""},"yoast_head":"<!-- This site is optimized with the Yoast SEO plugin v24.5 - https:\/\/yoast.com\/wordpress\/plugins\/seo\/ -->\n<title>Hostel Berl\u00edn - Heart of Gold Hostel Berl\u00edn<\/title>\n<meta name=\"description\" content=\"El Heart of Gold Hostel Berl\u00edn es la astronave des los hosteles de Berl\u00edn - ubicado en el barrio de Mitte, o sea el centro. Don&#039;t Panic!\" \/>\n<meta name=\"robots\" content=\"index, follow, max-snippet:-1, max-image-preview:large, max-video-preview:-1\" \/>\n<link rel=\"canonical\" href=\"https:\/\/www.heartofgold-hostel.de\/es\/hostel-en-berlin\/\" \/>\n<meta property=\"og:locale\" content=\"es_ES\" \/>\n<meta property=\"og:type\" content=\"article\" \/>\n<meta property=\"og:title\" content=\"Hostel Berl\u00edn - Heart of Gold Hostel Berl\u00edn\" \/>\n<meta property=\"og:description\" content=\"El Heart of Gold Hostel Berl\u00edn es la astronave des los hosteles de Berl\u00edn - ubicado en el barrio de Mitte, o sea el centro. Don&#039;t Panic!\" \/>\n<meta property=\"og:url\" content=\"https:\/\/www.heartofgold-hostel.de\/es\/hostel-en-berlin\/\" \/>\n<meta property=\"og:site_name\" content=\"Heart of Gold Hostel Berlin\" \/>\n<meta property=\"article:publisher\" content=\"https:\/\/www.facebook.com\/heart.of.gold.hostel.berlin\/\" \/>\n<meta property=\"article:modified_time\" content=\"2013-06-10T11:37:11+00:00\" \/>\n<meta property=\"og:image\" content=\"http:\/\/www.heartofgold-hostel.de\/wp-content\/uploads\/2011\/05\/heart_of_gold_800-300x236.jpg\" \/>\n<meta name=\"twitter:label1\" content=\"Tiempo de lectura\" \/>\n\t<meta name=\"twitter:data1\" content=\"2 minutos\" \/>\n<script type=\"application\/ld+json\" class=\"yoast-schema-graph\">{\"@context\":\"https:\/\/schema.org\",\"@graph\":[{\"@type\":\"WebPage\",\"@id\":\"https:\/\/www.heartofgold-hostel.de\/es\/hostel-en-berlin\/\",\"url\":\"https:\/\/www.heartofgold-hostel.de\/es\/hostel-en-berlin\/\",\"name\":\"Hostel Berl\u00edn - Heart of Gold Hostel Berl\u00edn\",\"isPartOf\":{\"@id\":\"https:\/\/www.heartofgold-hostel.de\/de\/#website\"},\"primaryImageOfPage\":{\"@id\":\"https:\/\/www.heartofgold-hostel.de\/es\/hostel-en-berlin\/#primaryimage\"},\"image\":{\"@id\":\"https:\/\/www.heartofgold-hostel.de\/es\/hostel-en-berlin\/#primaryimage\"},\"thumbnailUrl\":\"http:\/\/www.heartofgold-hostel.de\/wp-content\/uploads\/2011\/05\/heart_of_gold_800-300x236.jpg\",\"datePublished\":\"2013-05-08T19:20:46+00:00\",\"dateModified\":\"2013-06-10T11:37:11+00:00\",\"description\":\"El Heart of Gold Hostel Berl\u00edn es la astronave des los hosteles de Berl\u00edn - ubicado en el barrio de Mitte, o sea el centro. Don't Panic!\",\"breadcrumb\":{\"@id\":\"https:\/\/www.heartofgold-hostel.de\/es\/hostel-en-berlin\/#breadcrumb\"},\"inLanguage\":\"es\",\"potentialAction\":[{\"@type\":\"ReadAction\",\"target\":[\"https:\/\/www.heartofgold-hostel.de\/es\/hostel-en-berlin\/\"]}]},{\"@type\":\"ImageObject\",\"inLanguage\":\"es\",\"@id\":\"https:\/\/www.heartofgold-hostel.de\/es\/hostel-en-berlin\/#primaryimage\",\"url\":\"http:\/\/www.heartofgold-hostel.de\/wp-content\/uploads\/2011\/05\/heart_of_gold_800-300x236.jpg\",\"contentUrl\":\"http:\/\/www.heartofgold-hostel.de\/wp-content\/uploads\/2011\/05\/heart_of_gold_800-300x236.jpg\"},{\"@type\":\"BreadcrumbList\",\"@id\":\"https:\/\/www.heartofgold-hostel.de\/es\/hostel-en-berlin\/#breadcrumb\",\"itemListElement\":[{\"@type\":\"ListItem\",\"position\":1,\"name\":\"Home\",\"item\":\"https:\/\/www.heartofgold-hostel.de\/es\/\"},{\"@type\":\"ListItem\",\"position\":2,\"name\":\"Hostel Berl\u00edn &#8211; \u00a1Don&#8217;t Panic!\"}]},{\"@type\":\"WebSite\",\"@id\":\"https:\/\/www.heartofgold-hostel.de\/de\/#website\",\"url\":\"https:\/\/www.heartofgold-hostel.de\/de\/\",\"name\":\"Heart of Gold Hostel Berlin\",\"description\":\"the starship Berlin Hostel\",\"publisher\":{\"@id\":\"https:\/\/www.heartofgold-hostel.de\/de\/#organization\"},\"potentialAction\":[{\"@type\":\"SearchAction\",\"target\":{\"@type\":\"EntryPoint\",\"urlTemplate\":\"https:\/\/www.heartofgold-hostel.de\/de\/?s={search_term_string}\"},\"query-input\":{\"@type\":\"PropertyValueSpecification\",\"valueRequired\":true,\"valueName\":\"search_term_string\"}}],\"inLanguage\":\"es\"},{\"@type\":\"Organization\",\"@id\":\"https:\/\/www.heartofgold-hostel.de\/de\/#organization\",\"name\":\"Heart of Gold Hostel Berlin\",\"url\":\"https:\/\/www.heartofgold-hostel.de\/de\/\",\"logo\":{\"@type\":\"ImageObject\",\"inLanguage\":\"es\",\"@id\":\"https:\/\/www.heartofgold-hostel.de\/de\/#\/schema\/logo\/image\/\",\"url\":\"https:\/\/www.heartofgold-hostel.de\/wp-content\/uploads\/HOG_Logo_braun_180.gif\",\"contentUrl\":\"https:\/\/www.heartofgold-hostel.de\/wp-content\/uploads\/HOG_Logo_braun_180.gif\",\"width\":180,\"height\":180,\"caption\":\"Heart of Gold Hostel Berlin\"},\"image\":{\"@id\":\"https:\/\/www.heartofgold-hostel.de\/de\/#\/schema\/logo\/image\/\"},\"sameAs\":[\"https:\/\/www.facebook.com\/heart.of.gold.hostel.berlin\/\",\"https:\/\/x.com\/berlinhostel\",\"https:\/\/myspace.com\/hostelberlin\",\"https:\/\/www.pinterest.com\/hoghostel\/heart-of-gold-hostel\/\"]}]}<\/script>\n<!-- \/ Yoast SEO plugin. -->","yoast_head_json":{"title":"Hostel Berl\u00edn - Heart of Gold Hostel Berl\u00edn","description":"El Heart of Gold Hostel Berl\u00edn es la astronave des los hosteles de Berl\u00edn - ubicado en el barrio de Mitte, o sea el centro. Don't Panic!","robots":{"index":"index","follow":"follow","max-snippet":"max-snippet:-1","max-image-preview":"max-image-preview:large","max-video-preview":"max-video-preview:-1"},"canonical":"https:\/\/www.heartofgold-hostel.de\/es\/hostel-en-berlin\/","og_locale":"es_ES","og_type":"article","og_title":"Hostel Berl\u00edn - Heart of Gold Hostel Berl\u00edn","og_description":"El Heart of Gold Hostel Berl\u00edn es la astronave des los hosteles de Berl\u00edn - ubicado en el barrio de Mitte, o sea el centro. Don't Panic!","og_url":"https:\/\/www.heartofgold-hostel.de\/es\/hostel-en-berlin\/","og_site_name":"Heart of Gold Hostel Berlin","article_publisher":"https:\/\/www.facebook.com\/heart.of.gold.hostel.berlin\/","article_modified_time":"2013-06-10T11:37:11+00:00","og_image":[{"url":"http:\/\/www.heartofgold-hostel.de\/wp-content\/uploads\/2011\/05\/heart_of_gold_800-300x236.jpg","type":"","width":"","height":""}],"twitter_misc":{"Tiempo de lectura":"2 minutos"},"schema":{"@context":"https:\/\/schema.org","@graph":[{"@type":"WebPage","@id":"https:\/\/www.heartofgold-hostel.de\/es\/hostel-en-berlin\/","url":"https:\/\/www.heartofgold-hostel.de\/es\/hostel-en-berlin\/","name":"Hostel Berl\u00edn - Heart of Gold Hostel Berl\u00edn","isPartOf":{"@id":"https:\/\/www.heartofgold-hostel.de\/de\/#website"},"primaryImageOfPage":{"@id":"https:\/\/www.heartofgold-hostel.de\/es\/hostel-en-berlin\/#primaryimage"},"image":{"@id":"https:\/\/www.heartofgold-hostel.de\/es\/hostel-en-berlin\/#primaryimage"},"thumbnailUrl":"http:\/\/www.heartofgold-hostel.de\/wp-content\/uploads\/2011\/05\/heart_of_gold_800-300x236.jpg","datePublished":"2013-05-08T19:20:46+00:00","dateModified":"2013-06-10T11:37:11+00:00","description":"El Heart of Gold Hostel Berl\u00edn es la astronave des los hosteles de Berl\u00edn - ubicado en el barrio de Mitte, o sea el centro. Don't Panic!","breadcrumb":{"@id":"https:\/\/www.heartofgold-hostel.de\/es\/hostel-en-berlin\/#breadcrumb"},"inLanguage":"es","potentialAction":[{"@type":"ReadAction","target":["https:\/\/www.heartofgold-hostel.de\/es\/hostel-en-berlin\/"]}]},{"@type":"ImageObject","inLanguage":"es","@id":"https:\/\/www.heartofgold-hostel.de\/es\/hostel-en-berlin\/#primaryimage","url":"http:\/\/www.heartofgold-hostel.de\/wp-content\/uploads\/2011\/05\/heart_of_gold_800-300x236.jpg","contentUrl":"http:\/\/www.heartofgold-hostel.de\/wp-content\/uploads\/2011\/05\/heart_of_gold_800-300x236.jpg"},{"@type":"BreadcrumbList","@id":"https:\/\/www.heartofgold-hostel.de\/es\/hostel-en-berlin\/#breadcrumb","itemListElement":[{"@type":"ListItem","position":1,"name":"Home","item":"https:\/\/www.heartofgold-hostel.de\/es\/"},{"@type":"ListItem","position":2,"name":"Hostel Berl\u00edn &#8211; \u00a1Don&#8217;t Panic!"}]},{"@type":"WebSite","@id":"https:\/\/www.heartofgold-hostel.de\/de\/#website","url":"https:\/\/www.heartofgold-hostel.de\/de\/","name":"Heart of Gold Hostel Berlin","description":"the starship Berlin Hostel","publisher":{"@id":"https:\/\/www.heartofgold-hostel.de\/de\/#organization"},"potentialAction":[{"@type":"SearchAction","target":{"@type":"EntryPoint","urlTemplate":"https:\/\/www.heartofgold-hostel.de\/de\/?s={search_term_string}"},"query-input":{"@type":"PropertyValueSpecification","valueRequired":true,"valueName":"search_term_string"}}],"inLanguage":"es"},{"@type":"Organization","@id":"https:\/\/www.heartofgold-hostel.de\/de\/#organization","name":"Heart of Gold Hostel Berlin","url":"https:\/\/www.heartofgold-hostel.de\/de\/","logo":{"@type":"ImageObject","inLanguage":"es","@id":"https:\/\/www.heartofgold-hostel.de\/de\/#\/schema\/logo\/image\/","url":"https:\/\/www.heartofgold-hostel.de\/wp-content\/uploads\/HOG_Logo_braun_180.gif","contentUrl":"https:\/\/www.heartofgold-hostel.de\/wp-content\/uploads\/HOG_Logo_braun_180.gif","width":180,"height":180,"caption":"Heart of Gold Hostel Berlin"},"image":{"@id":"https:\/\/www.heartofgold-hostel.de\/de\/#\/schema\/logo\/image\/"},"sameAs":["https:\/\/www.facebook.com\/heart.of.gold.hostel.berlin\/","https:\/\/x.com\/berlinhostel","https:\/\/myspace.com\/hostelberlin","https:\/\/www.pinterest.com\/hoghostel\/heart-of-gold-hostel\/"]}]}},"jetpack_sharing_enabled":true,"jetpack_shortlink":"https:\/\/wp.me\/P7w0Rw-97","_links":{"self":[{"href":"https:\/\/www.heartofgold-hostel.de\/es\/wp-json\/wp\/v2\/pages\/565"}],"collection":[{"href":"https:\/\/www.heartofgold-hostel.de\/es\/wp-json\/wp\/v2\/pages"}],"about":[{"href":"https:\/\/www.heartofgold-hostel.de\/es\/wp-json\/wp\/v2\/types\/page"}],"author":[{"embeddable":true,"href":"https:\/\/www.heartofgold-hostel.de\/es\/wp-json\/wp\/v2\/users\/1"}],"replies":[{"embeddable":true,"href":"https:\/\/www.heartofgold-hostel.de\/es\/wp-json\/wp\/v2\/comments?post=565"}],"version-history":[{"count":7,"href":"https:\/\/www.heartofgold-hostel.de\/es\/wp-json\/wp\/v2\/pages\/565\/revisions"}],"predecessor-version":[{"id":1774,"href":"https:\/\/www.heartofgold-hostel.de\/es\/wp-json\/wp\/v2\/pages\/565\/revisions\/1774"}],"wp:attachment":[{"href":"https:\/\/www.heartofgold-hostel.de\/es\/wp-json\/wp\/v2\/media?parent=565"}],"curies":[{"name":"wp","href":"https:\/\/api.w.org\/{rel}","templated":true}]}}