{"id":628,"date":"2013-05-29T12:00:34","date_gmt":"2013-05-29T10:00:34","guid":{"rendered":"http:\/\/www.heartofgold-hostel.de\/preguntas-mas-frecuentes\/"},"modified":"2013-05-29T14:06:33","modified_gmt":"2013-05-29T12:06:33","slug":"preguntas-mas-frecuentes","status":"publish","type":"page","link":"https:\/\/www.heartofgold-hostel.de\/es\/preguntas-mas-frecuentes\/","title":{"rendered":"Preguntas m\u00e1s frecuentes"},"content":{"rendered":"<div style=\"min-height:500px;\"><div class=\"qa-faqs qa-home cf animation-slide collapsible\">\n\t\t\t<div id=\"qa-faq0\" class=\"qa-faq cf\">\n\t\t\t\t<h3 class=\"qa-faq-title\"><a class=\"qa-faq-anchor\" href=\"https:\/\/www.heartofgold-hostel.de\/es\/faq\/age-restrictions\/\">Age Restrictions<\/a><\/h3>\n\t\t\t\t<div class=\"qa-faq-answer\"><p>In general guests of all ages are welcome!<\/p>\n<p>But because we are a Hostel and offer dorm rooms in general, there are some restrictions or recommendations to avoid problems and ensure, that all our guests feel comfortable.<\/p>\n<p>1. All individual travellers should be 18 or older.<\/p>\n<p>2. Guests from 16 but under 18 years of age would need a note from their parents.<\/p>\n<p>3. Groups of more than 10 persons should be older than 16, but we can make exceptions on request.<\/p>\n<p>4. Families and individual travellers with younger kids are ok in private rooms &#8211; not dorms &#8211; but only on request!<\/p>\n<\/div><!--.qa-faq-answer-->\n\t\t\t\t<\/div><!--.qa-faq-->\n\t\t\t\t<div id=\"qa-faq1\" class=\"qa-faq cf\">\n\t\t\t\t<h3 class=\"qa-faq-title\"><a class=\"qa-faq-anchor\" href=\"https:\/\/www.heartofgold-hostel.de\/es\/faq\/como-llegar-desde-el-aeropuerto-schonefeld\/\">Llegando en avi\u00f3n &#8211; Sch\u00f6nefeld<\/a><\/h3>\n\t\t\t\t<div class=\"qa-faq-answer\"><p>Hay dos trenes que van directo hasta Friedrichstr. cada media hora &#8211; RE7 y RB14. En la estaci\u00f3n de Friedrichstr. busca la salida que dice <em>Friedrichstr.<\/em> y sal para la izquierda. Camina derecho un par de minutos, cruzando un puente, agarra la segunda calle a la derecha (Johannisstr.) y sigue derecho por 150 m. Estamos en la casa n\u00famero 11, en el lado izquierdo.<\/p>\n<\/div><!--.qa-faq-answer-->\n\t\t\t\t<\/div><!--.qa-faq-->\n\t\t\t\t<div id=\"qa-faq2\" class=\"qa-faq cf\">\n\t\t\t\t<h3 class=\"qa-faq-title\"><a class=\"qa-faq-anchor\" href=\"https:\/\/www.heartofgold-hostel.de\/es\/faq\/como-llegar-desde-el-aeropuerto-tegel\/\">Llegando en avi\u00f3n &#8211; Tegel<\/a><\/h3>\n\t\t\t\t<div class=\"qa-faq-answer\"><p>El colectivo 128 te lleva hasta la estaci\u00f3n del <em>U-Bahn<\/em> (subte) Kurt-Schumacher-Platz. De ah\u00ed toma el U6 en direcci\u00f3n a <em>Alt-Mariendorf<\/em>, b\u00e1jate en Oranienburger Tor y sal de la estaci\u00f3n en la misma direcci\u00f3n que el tren. Dobla a la primera izquierda, Johannisstr., camina derecho por 150 m y nos encontrar\u00e1s en el lado izquierdo en la casa n\u00famero 11.<\/p>\n<\/div><!--.qa-faq-answer-->\n\t\t\t\t<\/div><!--.qa-faq-->\n\t\t\t\t<div id=\"qa-faq3\" class=\"qa-faq cf\">\n\t\t\t\t<h3 class=\"qa-faq-title\"><a class=\"qa-faq-anchor\" href=\"https:\/\/www.heartofgold-hostel.de\/es\/faq\/llegando-en-bus\/\">Llegando en bus<\/a><\/h3>\n\t\t\t\t<div class=\"qa-faq-answer\"><p>Cerca del terminal de \u00f3mnibus est\u00e1 la estaci\u00f3n de <em>U-Bahn<\/em> (subte) Kaiserdamm. Toma la l\u00ednea U2 hasta Potsdamer Platz. Ah\u00ed cambia para el <em>S-Bahn<\/em> (tren urbano) S1 o S2 y b\u00e1jate en Oranienburger Stra\u00dfe. Saliendo de la estaci\u00f3n, camina hacia el sur por la calle Tucholskystr. Agarra la primera calle a la derecha (Johannisstr.), estamos en el lado derecho en la casa n\u00famero 11.<\/p>\n<\/div><!--.qa-faq-answer-->\n\t\t\t\t<\/div><!--.qa-faq-->\n\t\t\t\t<div id=\"qa-faq4\" class=\"qa-faq cf\">\n\t\t\t\t<h3 class=\"qa-faq-title\"><a class=\"qa-faq-anchor\" href=\"https:\/\/www.heartofgold-hostel.de\/es\/faq\/como-llegar-desde-la-estacion-central-de-tren\/\">Llegando en tren<\/a><\/h3>\n\t\t\t\t<div class=\"qa-faq-answer\"><p>Desde el <em>Hauptbahnhof<\/em> (abreviado: Hbf), la estaci\u00f3n central de tren, hay que tomar un S-Bahn (tren urbano) por una sola estaci\u00f3n hasta Friedrichstr. Hay varios que se pueden tomar: S5, S7, S75 &#8230; solo hay que fijarse que el tren vaya hacia el este.<\/p>\n<p>En la estaci\u00f3n de Friedrichstr. busca la salida que dice <em>Friedrichstr.<\/em> y sal para la izquierda. Camina derecho un par de minutos, cruzando un puente, agarra la segunda calle a la derecha (Johannisstr.) y sigue derecho por 150 m. Estamos en la casa n\u00famero 11, en el lado izquierdo.<\/p>\n<\/div><!--.qa-faq-answer-->\n\t\t\t\t<\/div><!--.qa-faq-->\n\t\t\t\t<div id=\"qa-faq5\" class=\"qa-faq cf\">\n\t\t\t\t<h3 class=\"qa-faq-title\"><a class=\"qa-faq-anchor\" href=\"https:\/\/www.heartofgold-hostel.de\/es\/faq\/estacionamiento\/\">Estacionamiento<\/a><\/h3>\n\t\t\t\t<div class=\"qa-faq-answer\"><p>Lamentablemente no tenemos estacionamiento en el hostel, pero al lado hay un parking p\u00fablico que cuesta 15 euros por d\u00eda. No hay estacionamiento gratis en todo el distrito de Mitte, en el cual se encuentra el hostel.<\/p>\n<\/div><!--.qa-faq-answer-->\n\t\t\t\t<\/div><!--.qa-faq-->\n\t\t\t\t<div id=\"qa-faq6\" class=\"qa-faq cf\">\n\t\t\t\t<h3 class=\"qa-faq-title\"><a class=\"qa-faq-anchor\" href=\"https:\/\/www.heartofgold-hostel.de\/es\/faq\/check-in-y-check-out\/\">Check-in y check-out<\/a><\/h3>\n\t\t\t\t<div class=\"qa-faq-answer\"><p>La recepci\u00f3n queda abierta las 24 horas. El check-in se puede hacer siempre, pero las habitaciones est\u00e1n disponibles a partir de las 14. El check-out se tiene que hacer antes de las 11 del mediod\u00eda.<\/p>\n<p>Al llegar, te registras y pagas. Si llegas antes de las 14 horas, puedes dejar tus cosas en una taquilla y salir, o quedarte y relajar en el hostel mientras esperas. Si tu habitaci\u00f3n llega a estar disponible antes de las 14, obviamente ya puedes entrar.<\/p>\n<\/div><!--.qa-faq-answer-->\n\t\t\t\t<\/div><!--.qa-faq-->\n\t\t\t\t<div id=\"qa-faq7\" class=\"qa-faq cf\">\n\t\t\t\t<h3 class=\"qa-faq-title\"><a class=\"qa-faq-anchor\" href=\"https:\/\/www.heartofgold-hostel.de\/es\/faq\/prices\/\">Prices<\/a><\/h3>\n\t\t\t\t<div class=\"qa-faq-answer\"><p>Our booking system calculated prices based on preset prices, current availability and the (im)probability for how many beds will be left on a particular day in the future. This means prices constantly change with new bookings and as time progresses.<\/p>\n<p>This way we can offer lower prices for less requested times with low occupany &#8211; but also means higher prices for very busy days. This also ensures, that we can offer the best price possible for every single day while getting a higher average price for beds available.<\/p>\n<p>If you are flexible in your travel plan, you can save this way. Please go to our <a href=\"https:\/\/www.heartofgold-hostel.de\/es\/reservar-camas\/\" title=\"Book Your Bed! (confirmed online bookings)\">online booking form<\/a> and play around with arrival dates to find the best offer.<\/p>\n<\/div><!--.qa-faq-answer-->\n\t\t\t\t<\/div><!--.qa-faq-->\n\t\t\t\t<div id=\"qa-faq8\" class=\"qa-faq cf\">\n\t\t\t\t<h3 class=\"qa-faq-title\"><a class=\"qa-faq-anchor\" href=\"https:\/\/www.heartofgold-hostel.de\/es\/faq\/best-price-guarantee\/\">Best Price Guarantee<\/a><\/h3>\n\t\t\t\t<div class=\"qa-faq-answer\"><p>We offer our beds on our own website, but also through 3rd party websites like Hostelworld, Hostelbookers, Hostelsclub and many others. These sites have their own sub-pages and affiliate websites as well.<\/p>\n<p>We control the beds on these website by uploading our availability and prices. These \u00abagents\u00bb charge a commission\/provision and sometimes a booking fee on top &#8211; sometimes called \u00abdeposit\u00bb. In the end we only get the uploaded price minus the extra charges, but you pay the full price of course.<\/p>\n<p>As we are low budget already, we don&#8217;t want to loose money on extra charges and thus often add the provision to our prices leading to higher prices on 3rd party channels &#8211; in short: \u00abyou pay more for the same bed!<\/p>\n<p>By <a href=\"https:\/\/www.heartofgold-hostel.de\/es\/reservar-camas\/\" title=\"Book Your Bed! (confirmed online bookings)\">booking directly with us<\/a> you always save as we offer the best price available &#8211; guaranteed!<\/p>\n<\/div><!--.qa-faq-answer-->\n\t\t\t\t<\/div><!--.qa-faq-->\n\t\t\t\t<div id=\"qa-faq9\" class=\"qa-faq cf\">\n\t\t\t\t<h3 class=\"qa-faq-title\"><a class=\"qa-faq-anchor\" href=\"https:\/\/www.heartofgold-hostel.de\/es\/faq\/desayuno\/\">Desayuno<\/a><\/h3>\n\t\t\t\t<div class=\"qa-faq-answer\"><p>Hay desayuno todos los d\u00edas de las 8 hasta las 12 del mediod\u00eda. Cuesta 5 euros por persona y es un buffet que normalmente incluye diferentes tipos de pan, manteca, queso, jam\u00f3n, salami, mermelada, miel, Nutella, yogur, cereales, leche, frutas, t\u00e9 y caf\u00e9. No es necesario reservar, simplemente pagas si quieres desayunar. No se puede llevar la comida afuera del hostel.<\/p>\n<\/div><!--.qa-faq-answer-->\n\t\t\t\t<\/div><!--.qa-faq-->\n\t\t\t\t<div id=\"qa-faq10\" class=\"qa-faq cf\">\n\t\t\t\t<h3 class=\"qa-faq-title\"><a class=\"qa-faq-anchor\" href=\"https:\/\/www.heartofgold-hostel.de\/es\/faq\/cocina\/\">Cocina<\/a><\/h3>\n\t\t\t\t<div class=\"qa-faq-answer\"><p>Ofrecemos una cocina totalmente equipada libre de 09 a.m.-10 p.m. con lavavajillas, estufa, horno, nevera, microondas, cafetera el\u00e9ctrica, vajilla, cubiertos, sart\u00e9n y olla, vasos, etc<\/p>\n<\/div><!--.qa-faq-answer-->\n\t\t\t\t<\/div><!--.qa-faq-->\n\t\t\t\t<div id=\"qa-faq11\" class=\"qa-faq cf\">\n\t\t\t\t<h3 class=\"qa-faq-title\"><a class=\"qa-faq-anchor\" href=\"https:\/\/www.heartofgold-hostel.de\/es\/faq\/wifi-internet\/\">Acceso a internet<\/a><\/h3>\n\t\t\t\t<div class=\"qa-faq-answer\"><p>Hay con\u00e9xion wifi en la recepci\u00f3n e 4 computadoras gratuitas &#8211; tambi\u00e9n pueden imprimir de forma gratuita. En la recepci\u00f3n, Megadorm y en el 1. e 2. pisos hay WiFi r\u00e1pido y estable.<\/p>\n<p>Estamos trabajando para que todas las otras habitaciones y el resto de la MegaDorm tambi\u00e9n tendrian acceso WiFi y esperamos que todo esto ocurra antes del final de 2016!<\/p>\n<p>&nbsp;<\/p>\n<p>&nbsp;<\/p>\n<\/div><!--.qa-faq-answer-->\n\t\t\t\t<\/div><!--.qa-faq-->\n\t\t\t\t<div id=\"qa-faq12\" class=\"qa-faq cf\">\n\t\t\t\t<h3 class=\"qa-faq-title\"><a class=\"qa-faq-anchor\" href=\"https:\/\/www.heartofgold-hostel.de\/es\/faq\/wifi-en-las-habitaciones\/\">Wifi en las habitaciones<\/a><\/h3>\n\t\t\t\t<div class=\"qa-faq-answer\"><p>Hay wifi\u00a0<span id=\"result_box\" class=\"\" lang=\"es\"><span class=\"\"> r\u00e1pido<\/span> <span class=\"\">y estable<\/span><\/span> en la recepci\u00f3n y en el patio. Tambien hay un acceso <span id=\"result_box\" class=\"\" lang=\"es\"><span class=\"\">en todas las<\/span> <span class=\"\">habitaciones de la<\/span> <span class=\"\">primera y segunda planta<\/span> y <span class=\"\">la mayor parte de la<\/span> <span class=\"\">MegaDorm<\/span><span class=\"\">.<\/span><\/span><\/p>\n<p><span id=\"result_box\" class=\"\" lang=\"es\"><span class=\"alt-edited\">Estamos trabajando para que<\/span><\/span> <span id=\"result_box\" class=\"\" lang=\"es\"><span class=\"\"> todas las<\/span> <span class=\"\">otras habitaciones y<\/span> <span class=\"\">el resto de la<\/span> <span class=\"\">MegaDorm<\/span> <span class=\"alt-edited\">tambi\u00e9n tendrian<\/span> <span class=\"\">acceso<\/span> <span class=\"\">WiFi <\/span><\/span><span id=\"result_box\" class=\"\" lang=\"es\"><span class=\"\">y<\/span> <span class=\"\">esperamos<\/span> <span class=\"\">que todo esto ocurra<\/span> antes del <span class=\"\">final de 2016<\/span><span class=\"\">!<\/span><\/span><\/p>\n<p><span id=\"result_box\" class=\"\" lang=\"es\"><span class=\"\">Nos disculpamos<\/span> <span class=\"\">por el inconveniente<\/span><span class=\"\">&#8230;<\/span><\/span><\/p>\n<\/div><!--.qa-faq-answer-->\n\t\t\t\t<\/div><!--.qa-faq-->\n\t\t\t\t<div id=\"qa-faq13\" class=\"qa-faq cf\">\n\t\t\t\t<h3 class=\"qa-faq-title\"><a class=\"qa-faq-anchor\" href=\"https:\/\/www.heartofgold-hostel.de\/es\/faq\/taquillas\/\">Taquillas<\/a><\/h3>\n\t\t\t\t<div class=\"qa-faq-answer\"><p>Hay taquillas gratuitas en cada habitaci\u00f3n. Se necesita un candado, te prestamos uno si no tienes. En la planta baja tambi\u00e9n hay taquillas gratuitas, donde puedes guardar tus cosas antes del check-in o luego del check-out. Si est\u00e1n llenas, te guardamos la mochila o la valija detr\u00e1s de la recepci\u00f3n.<\/p>\n<\/div><!--.qa-faq-answer-->\n\t\t\t\t<\/div><!--.qa-faq-->\n\t\t\t\t<div id=\"qa-faq14\" class=\"qa-faq cf\">\n\t\t\t\t<h3 class=\"qa-faq-title\"><a class=\"qa-faq-anchor\" href=\"https:\/\/www.heartofgold-hostel.de\/es\/faq\/sabanas\/\">S\u00e1banas<\/a><\/h3>\n\t\t\t\t<div class=\"qa-faq-answer\"><p>Las s\u00e1banas son gratis &#8211; est\u00e1n incluidas en el dep\u00f3sito de 5 euros que pagas al llegar.<\/p>\n<\/div><!--.qa-faq-answer-->\n\t\t\t\t<\/div><!--.qa-faq-->\n\t\t\t\t<div id=\"qa-faq15\" class=\"qa-faq cf\">\n\t\t\t\t<h3 class=\"qa-faq-title\"><a class=\"qa-faq-anchor\" href=\"https:\/\/www.heartofgold-hostel.de\/es\/faq\/toallas\/\">Toallas<\/a><\/h3>\n\t\t\t\t<div class=\"qa-faq-answer\"><p>Tenemos algunas toallas para prestarles a nuestros hu\u00e9spedes. Normalmente la cantidad que hay es suficiente para todos los que necesiten, pero tampoco es una mala idea seguir el consejo de la <em>Gu\u00eda<\/em> y llevar su propia toalla.<\/p>\n<\/div><!--.qa-faq-answer-->\n\t\t\t\t<\/div><!--.qa-faq-->\n\t\t\t\t<div id=\"qa-faq16\" class=\"qa-faq cf\">\n\t\t\t\t<h3 class=\"qa-faq-title\"><a class=\"qa-faq-anchor\" href=\"https:\/\/www.heartofgold-hostel.de\/es\/faq\/caminatas-por-la-ciudad\/\">Caminatas por la ciudad<\/a><\/h3>\n\t\t\t\t<div class=\"qa-faq-answer\"><p>Todos los d\u00edas salen del hostel un gratis <em>walking tour<\/em> y otro m\u00e1s largo que cuesta 15 euros. La empresa se llama Brewer&#8217;s Berlin (www.brewersberlintours.com) y los tours se hacen en ingl\u00e9s. Tambi\u00e9n hay tours en otros idiomas que empiezan cerca del hostel.<\/p>\n<\/div><!--.qa-faq-answer-->\n\t\t\t\t<\/div><!--.qa-faq-->\n\t\t\t\t<div id=\"qa-faq17\" class=\"qa-faq cf\">\n\t\t\t\t<h3 class=\"qa-faq-title\"><a class=\"qa-faq-anchor\" href=\"https:\/\/www.heartofgold-hostel.de\/es\/faq\/trabajo\/\">Trabajo<\/a><\/h3>\n\t\t\t\t<div class=\"qa-faq-answer\"><p>Ofrecemos trabajo en limpieza o de noche en la recepci\u00f3n para empezar. Despu\u00e9s de un tiempo es posible trabajar c\u00f3mo recepcionista tambi\u00e9n de d\u00eda. Depende de tu trabajo y tus planes. No es posible empezar c\u00f3mo recepcionista en turnos de d\u00eda, ni siquiera si ya hiciste eso en otro lado. Tambi\u00e9n ofrecemos trabajo durante el verano, pero no en cambio por hospedaje.<\/p>\n<p>Para presentarte, por favor envia un e-mail &#8211; CV y foto son opcionales.<\/p>\n<\/div><!--.qa-faq-answer-->\n\t\t\t\t<\/div><!--.qa-faq-->\n\t\t\t\t<div id=\"qa-faq18\" class=\"qa-faq cf\">\n\t\t\t\t<h3 class=\"qa-faq-title\"><a class=\"qa-faq-anchor\" href=\"https:\/\/www.heartofgold-hostel.de\/es\/faq\/el-sentido-de-la-vida\/\">El sentido de la vida<\/a><\/h3>\n\t\t\t\t<div class=\"qa-faq-answer\"><p>42<\/p>\n<\/div><!--.qa-faq-answer-->\n\t\t\t\t<\/div><!--.qa-faq-->\n\t\t\t\t<\/div><!--.qa-faqs --><\/div>\n","protected":false},"excerpt":{"rendered":"","protected":false},"author":7,"featured_media":0,"parent":0,"menu_order":0,"comment_status":"closed","ping_status":"closed","template":"","meta":{"_monsterinsights_skip_tracking":false,"_monsterinsights_sitenote_active":false,"_monsterinsights_sitenote_note":"","_monsterinsights_sitenote_category":0,"jetpack_post_was_ever_published":false,"footnotes":""},"yoast_head":"<!-- This site is optimized with the Yoast SEO plugin v24.5 - https:\/\/yoast.com\/wordpress\/plugins\/seo\/ -->\n<title>Preguntas m\u00e1s frecuentes - Heart of Gold Hostel Berlin<\/title>\n<meta name=\"description\" content=\"Preguntas m\u00e1s frecuentes en el Heart of Gold Hostel Berlin\" \/>\n<meta name=\"robots\" content=\"index, follow, max-snippet:-1, max-image-preview:large, max-video-preview:-1\" \/>\n<link rel=\"canonical\" href=\"https:\/\/www.heartofgold-hostel.de\/es\/preguntas-mas-frecuentes\/\" \/>\n<meta property=\"og:locale\" content=\"es_ES\" \/>\n<meta property=\"og:type\" content=\"article\" \/>\n<meta property=\"og:title\" content=\"Preguntas m\u00e1s frecuentes - Heart of Gold Hostel Berlin\" \/>\n<meta property=\"og:description\" content=\"Preguntas m\u00e1s frecuentes en el Heart of Gold Hostel Berlin\" \/>\n<meta property=\"og:url\" content=\"https:\/\/www.heartofgold-hostel.de\/es\/preguntas-mas-frecuentes\/\" \/>\n<meta property=\"og:site_name\" content=\"Heart of Gold Hostel Berlin\" \/>\n<meta property=\"article:publisher\" content=\"https:\/\/www.facebook.com\/heart.of.gold.hostel.berlin\/\" \/>\n<meta property=\"article:modified_time\" content=\"2013-05-29T12:06:33+00:00\" \/>\n<meta property=\"og:image\" content=\"https:\/\/www.heartofgold-hostel.de\/wp-content\/uploads\/HOG_Logo_braun_180.gif\" \/>\n\t<meta property=\"og:image:width\" content=\"180\" \/>\n\t<meta property=\"og:image:height\" content=\"180\" \/>\n\t<meta property=\"og:image:type\" content=\"image\/gif\" \/>\n<script type=\"application\/ld+json\" class=\"yoast-schema-graph\">{\"@context\":\"https:\/\/schema.org\",\"@graph\":[{\"@type\":\"WebPage\",\"@id\":\"https:\/\/www.heartofgold-hostel.de\/es\/preguntas-mas-frecuentes\/\",\"url\":\"https:\/\/www.heartofgold-hostel.de\/es\/preguntas-mas-frecuentes\/\",\"name\":\"Preguntas m\u00e1s frecuentes - Heart of Gold Hostel Berlin\",\"isPartOf\":{\"@id\":\"https:\/\/www.heartofgold-hostel.de\/de\/#website\"},\"datePublished\":\"2013-05-29T10:00:34+00:00\",\"dateModified\":\"2013-05-29T12:06:33+00:00\",\"description\":\"Preguntas m\u00e1s frecuentes en el Heart of Gold Hostel Berlin\",\"breadcrumb\":{\"@id\":\"https:\/\/www.heartofgold-hostel.de\/es\/preguntas-mas-frecuentes\/#breadcrumb\"},\"inLanguage\":\"es\",\"potentialAction\":[{\"@type\":\"ReadAction\",\"target\":[\"https:\/\/www.heartofgold-hostel.de\/es\/preguntas-mas-frecuentes\/\"]}]},{\"@type\":\"BreadcrumbList\",\"@id\":\"https:\/\/www.heartofgold-hostel.de\/es\/preguntas-mas-frecuentes\/#breadcrumb\",\"itemListElement\":[{\"@type\":\"ListItem\",\"position\":1,\"name\":\"Home\",\"item\":\"https:\/\/www.heartofgold-hostel.de\/es\/\"},{\"@type\":\"ListItem\",\"position\":2,\"name\":\"Preguntas m\u00e1s frecuentes\"}]},{\"@type\":\"WebSite\",\"@id\":\"https:\/\/www.heartofgold-hostel.de\/de\/#website\",\"url\":\"https:\/\/www.heartofgold-hostel.de\/de\/\",\"name\":\"Heart of Gold Hostel Berlin\",\"description\":\"the starship Berlin Hostel\",\"publisher\":{\"@id\":\"https:\/\/www.heartofgold-hostel.de\/de\/#organization\"},\"potentialAction\":[{\"@type\":\"SearchAction\",\"target\":{\"@type\":\"EntryPoint\",\"urlTemplate\":\"https:\/\/www.heartofgold-hostel.de\/de\/?s={search_term_string}\"},\"query-input\":{\"@type\":\"PropertyValueSpecification\",\"valueRequired\":true,\"valueName\":\"search_term_string\"}}],\"inLanguage\":\"es\"},{\"@type\":\"Organization\",\"@id\":\"https:\/\/www.heartofgold-hostel.de\/de\/#organization\",\"name\":\"Heart of Gold Hostel Berlin\",\"url\":\"https:\/\/www.heartofgold-hostel.de\/de\/\",\"logo\":{\"@type\":\"ImageObject\",\"inLanguage\":\"es\",\"@id\":\"https:\/\/www.heartofgold-hostel.de\/de\/#\/schema\/logo\/image\/\",\"url\":\"https:\/\/www.heartofgold-hostel.de\/wp-content\/uploads\/HOG_Logo_braun_180.gif\",\"contentUrl\":\"https:\/\/www.heartofgold-hostel.de\/wp-content\/uploads\/HOG_Logo_braun_180.gif\",\"width\":180,\"height\":180,\"caption\":\"Heart of Gold Hostel Berlin\"},\"image\":{\"@id\":\"https:\/\/www.heartofgold-hostel.de\/de\/#\/schema\/logo\/image\/\"},\"sameAs\":[\"https:\/\/www.facebook.com\/heart.of.gold.hostel.berlin\/\",\"https:\/\/x.com\/berlinhostel\",\"https:\/\/myspace.com\/hostelberlin\",\"https:\/\/www.pinterest.com\/hoghostel\/heart-of-gold-hostel\/\"]}]}<\/script>\n<!-- \/ Yoast SEO plugin. -->","yoast_head_json":{"title":"Preguntas m\u00e1s frecuentes - Heart of Gold Hostel Berlin","description":"Preguntas m\u00e1s frecuentes en el Heart of Gold Hostel Berlin","robots":{"index":"index","follow":"follow","max-snippet":"max-snippet:-1","max-image-preview":"max-image-preview:large","max-video-preview":"max-video-preview:-1"},"canonical":"https:\/\/www.heartofgold-hostel.de\/es\/preguntas-mas-frecuentes\/","og_locale":"es_ES","og_type":"article","og_title":"Preguntas m\u00e1s frecuentes - Heart of Gold Hostel Berlin","og_description":"Preguntas m\u00e1s frecuentes en el Heart of Gold Hostel Berlin","og_url":"https:\/\/www.heartofgold-hostel.de\/es\/preguntas-mas-frecuentes\/","og_site_name":"Heart of Gold Hostel Berlin","article_publisher":"https:\/\/www.facebook.com\/heart.of.gold.hostel.berlin\/","article_modified_time":"2013-05-29T12:06:33+00:00","og_image":[{"width":180,"height":180,"url":"https:\/\/www.heartofgold-hostel.de\/wp-content\/uploads\/HOG_Logo_braun_180.gif","type":"image\/gif"}],"schema":{"@context":"https:\/\/schema.org","@graph":[{"@type":"WebPage","@id":"https:\/\/www.heartofgold-hostel.de\/es\/preguntas-mas-frecuentes\/","url":"https:\/\/www.heartofgold-hostel.de\/es\/preguntas-mas-frecuentes\/","name":"Preguntas m\u00e1s frecuentes - Heart of Gold Hostel Berlin","isPartOf":{"@id":"https:\/\/www.heartofgold-hostel.de\/de\/#website"},"datePublished":"2013-05-29T10:00:34+00:00","dateModified":"2013-05-29T12:06:33+00:00","description":"Preguntas m\u00e1s frecuentes en el Heart of Gold Hostel Berlin","breadcrumb":{"@id":"https:\/\/www.heartofgold-hostel.de\/es\/preguntas-mas-frecuentes\/#breadcrumb"},"inLanguage":"es","potentialAction":[{"@type":"ReadAction","target":["https:\/\/www.heartofgold-hostel.de\/es\/preguntas-mas-frecuentes\/"]}]},{"@type":"BreadcrumbList","@id":"https:\/\/www.heartofgold-hostel.de\/es\/preguntas-mas-frecuentes\/#breadcrumb","itemListElement":[{"@type":"ListItem","position":1,"name":"Home","item":"https:\/\/www.heartofgold-hostel.de\/es\/"},{"@type":"ListItem","position":2,"name":"Preguntas m\u00e1s frecuentes"}]},{"@type":"WebSite","@id":"https:\/\/www.heartofgold-hostel.de\/de\/#website","url":"https:\/\/www.heartofgold-hostel.de\/de\/","name":"Heart of Gold Hostel Berlin","description":"the starship Berlin Hostel","publisher":{"@id":"https:\/\/www.heartofgold-hostel.de\/de\/#organization"},"potentialAction":[{"@type":"SearchAction","target":{"@type":"EntryPoint","urlTemplate":"https:\/\/www.heartofgold-hostel.de\/de\/?s={search_term_string}"},"query-input":{"@type":"PropertyValueSpecification","valueRequired":true,"valueName":"search_term_string"}}],"inLanguage":"es"},{"@type":"Organization","@id":"https:\/\/www.heartofgold-hostel.de\/de\/#organization","name":"Heart of Gold Hostel Berlin","url":"https:\/\/www.heartofgold-hostel.de\/de\/","logo":{"@type":"ImageObject","inLanguage":"es","@id":"https:\/\/www.heartofgold-hostel.de\/de\/#\/schema\/logo\/image\/","url":"https:\/\/www.heartofgold-hostel.de\/wp-content\/uploads\/HOG_Logo_braun_180.gif","contentUrl":"https:\/\/www.heartofgold-hostel.de\/wp-content\/uploads\/HOG_Logo_braun_180.gif","width":180,"height":180,"caption":"Heart of Gold Hostel Berlin"},"image":{"@id":"https:\/\/www.heartofgold-hostel.de\/de\/#\/schema\/logo\/image\/"},"sameAs":["https:\/\/www.facebook.com\/heart.of.gold.hostel.berlin\/","https:\/\/x.com\/berlinhostel","https:\/\/myspace.com\/hostelberlin","https:\/\/www.pinterest.com\/hoghostel\/heart-of-gold-hostel\/"]}]}},"jetpack_sharing_enabled":true,"jetpack_shortlink":"https:\/\/wp.me\/P7w0Rw-a8","_links":{"self":[{"href":"https:\/\/www.heartofgold-hostel.de\/es\/wp-json\/wp\/v2\/pages\/628"}],"collection":[{"href":"https:\/\/www.heartofgold-hostel.de\/es\/wp-json\/wp\/v2\/pages"}],"about":[{"href":"https:\/\/www.heartofgold-hostel.de\/es\/wp-json\/wp\/v2\/types\/page"}],"author":[{"embeddable":true,"href":"https:\/\/www.heartofgold-hostel.de\/es\/wp-json\/wp\/v2\/users\/7"}],"replies":[{"embeddable":true,"href":"https:\/\/www.heartofgold-hostel.de\/es\/wp-json\/wp\/v2\/comments?post=628"}],"version-history":[{"count":1,"href":"https:\/\/www.heartofgold-hostel.de\/es\/wp-json\/wp\/v2\/pages\/628\/revisions"}],"predecessor-version":[{"id":663,"href":"https:\/\/www.heartofgold-hostel.de\/es\/wp-json\/wp\/v2\/pages\/628\/revisions\/663"}],"wp:attachment":[{"href":"https:\/\/www.heartofgold-hostel.de\/es\/wp-json\/wp\/v2\/media?parent=628"}],"curies":[{"name":"wp","href":"https:\/\/api.w.org\/{rel}","templated":true}]}}