{"id":631,"date":"2013-05-29T12:05:09","date_gmt":"2013-05-29T10:05:09","guid":{"rendered":"http:\/\/www.heartofgold-hostel.de\/pie-de-imprenta\/"},"modified":"2019-11-15T13:07:21","modified_gmt":"2019-11-15T12:07:21","slug":"informacion-legal","status":"publish","type":"page","link":"https:\/\/www.heartofgold-hostel.de\/es\/informacion-legal\/","title":{"rendered":"Pie de imprenta"},"content":{"rendered":"<p>Die Website wird betrieben von:<\/p>\n<p>Wei\u00dfbach &amp; Schwarz GmbH &amp; Co KG<br \/>\nJohannisstr. 11,<br \/>\n10117 Berlin<\/p>\n<p>einzeln vertreten durch<br \/>\nPeter Wei\u00dfbach &amp; Thomas Schwarz<\/p>\n<p>eingetragen AG Berlin Charlottenburg HRA 40141 B<\/p>\n<p>Komplement\u00e4rin<br \/>\nWei\u00dfbach &amp; Schwarz VerwaltungsGmbH<br \/>\nJohannisstr. 11<br \/>\n10117 Berlin<\/p>\n<p>AG Berlin Charlottenburg HRB 123932 B<\/p>\n<p>Umsatzsteuer-Identifikationsnummer gem. \u00a7 27a UStG: DE255879677<\/p>\n<p>Gesch\u00e4ftsf\u00fchrer: Peter Wei\u00dfbach &amp; Thomas Schwarz<\/p>\n<p>Tel: 030 &#8211; 2900 3300 Fax: 030 &#8211; 290 44 717<br \/>\nEmail: bridge@heartofgold-hostel.de<\/p>\n<p>zust\u00e4ndige Aufsichtsbeh\u00f6rde: <a href=\"https:\/\/www.berlin.de\/ba-mitte\/politik-und-verwaltung\/aemter\/ordnungsamt\/gewerbe-gaststaetten-und-spielhallenangelegenheiten\/\" target=\"_blank\" rel=\"noopener noreferrer\">Ordnungsamt Berlin Mitte<\/a><\/p>\n<p>Inhaltlich Verantwortlicher gem. \u00a7 55 II RStV: Thomas Schwarz (Anschrift s.o.)<\/p>\n<p>Der Unternehmer verpflichtet sich nicht, an Streitbeilegungsverfahren vor einer Verbraucherschlichtungsstelle teilzunehmen. Mehr Informationen unter <a href=\"http:\/\/ec.europa.eu\/odr\" target=\"_blank\" rel=\"noopener noreferrer\">http:\/\/ec.europa.eu\/odr<\/a><\/p>\n<h4>Haftung f\u00fcr Inhalte<\/h4>\n<p style=\"font-size: 9px;\">Die Inhalte unserer Seiten wurden mit gr\u00f6\u00dfter Sorgfalt erstellt. F\u00fcr die Richtigkeit, Vollst\u00e4ndigkeit und Aktualit\u00e4t der Inhalte k\u00f6nnen wir jedoch keine Gew\u00e4hr \u00fcbernehmen.<\/p>\n<p style=\"font-size: 9px;\">Als Diensteanbieter sind wir gem\u00e4\u00df \u00a7 55 II RStV f\u00fcr eigene Inhalte auf diesen Seiten nach den allgemeinen Gesetzen verantwortlich. Diensteanbieter sind jedoch nicht verpflichtet, die von ihnen \u00fcbermittelten oder gespeicherten fremden Informationen zu \u00fcberwachen oder nach Umst\u00e4nden zu forschen, die auf eine rechtswidrige T\u00e4tigkeit hinweisen. Verpflichtungen zur Entfernung oder Sperrung der Nutzung von Informationen nach den allgemeinen Gesetzen bleiben hiervon unber\u00fchrt. Eine diesbez\u00fcgliche Haftung ist jedoch erst ab dem Zeitpunkt der Kenntnis einer konkreten Rechtsverletzung m\u00f6glich. Bei bekannt werden von entsprechenden Rechtsverletzungen werden wir diese Inhalte umgehend entfernen.<\/p>\n<h4>Haftung f\u00fcr Links<\/h4>\n<p style=\"font-size: 9px;\">Unser Angebot enth\u00e4lt Links zu externen Webseiten Dritter, auf deren Inhalte wir keinen Einfluss haben. Deshalb k\u00f6nnen wir f\u00fcr diese fremden Inhalte auch keine Gew\u00e4hr \u00fcbernehmen. F\u00fcr die Inhalte der verlinkten Seiten ist stets der jeweilige Anbieter oder Betreiber der Seiten verantwortlich. Die verlinkten Seiten wurden zum Zeitpunkt der Verlinkung auf m\u00f6gliche Rechtsverst\u00f6\u00dfe \u00fcberpr\u00fcft. Rechtswidrige Inhalte waren zum Zeitpunkt der Verlinkung nicht erkennbar. Eine permanente inhaltliche Kontrolle der verlinkten Seiten ist jedoch ohne konkrete Anhaltspunkte einer Rechtsverletzung nicht zumutbar. Bei bekannt werden von Rechtsverletzungen werden wir derartige Links umgehend entfernen.<\/p>\n<h4>Urheberrecht<\/h4>\n<p style=\"font-size: 9px;\">Die Betreiber der Seiten sind bem\u00fcht, stets die Urheberrechte anderer zu beachten bzw. auf selbst erstellte sowie lizenzfreie Werke zur\u00fcckzugreifen. Die durch die Seitenbetreiber erstellten Inhalte und Werke auf diesen Seiten unterliegen dem deutschen Urheberrecht. Beitr\u00e4ge Dritter sind als solche gekennzeichnet. Die Vervielf\u00e4ltigung, Bearbeitung, Verbreitung und jede Art der Verwertung au\u00dferhalb der Grenzen des Urheberrechtes bed\u00fcrfen der schriftlichen Zustimmung des jeweiligen Autors bzw. Erstellers. Downloads und Kopien dieser Seite sind nur f\u00fcr den privaten, nicht kommerziellen Gebrauch gestattet.<\/p>\n<h4>Datenschutz<\/h4>\n<p style=\"font-size: 9px;\">Soweit auf unseren Seiten personenbezogene Daten (beispielsweise Name, Anschrift oder eMail-Adressen) erhoben werden, erfolgt dies soweit m\u00f6glich stets auf freiwilliger Basis oder im Rahmen einer Anfrage. Die Nutzung der Angebote und Dienste ist, soweit m\u00f6glich, stets ohne Angabe personenbezogener Daten m\u00f6glich. Der Nutzung von im Rahmen der Impressumspflicht ver\u00f6ffentlichten Kontaktdaten durch Dritte zur \u00dcbersendung von nicht ausdr\u00fccklich angeforderter Werbung und Informationsmaterialien wird hiermit ausdr\u00fccklich widersprochen. Die Betreiber der Seiten behalten sich ausdr\u00fccklich rechtliche Schritte im Falle der unverlangten Zusendung von Werbeinformationen, etwa durch Spam-Mails, vor. Mehr Informationen zum Datenschutz finden Sie auch in der <a href=\"https:\/\/www.heartofgold-hostel.de\/privacy-protection\/\" target=\"_blank\" rel=\"noopener noreferrer\">Datenschutzerkl\u00e4rung<\/a><\/p>\n<h4>Allgemeine Gesch\u00e4ftsbedingungen f\u00fcr die Benutzung dieser Website<\/h4>\n<p style=\"font-size: 9px;\">\u00a71.) Durch Aufruf dieser Website werden die AGBs akzeptiert. Sollten Sie damit oder mit anderen Punkten der AGBs nicht einverstanden sein, verlassen sie diese Seiten bitte JETZT.<\/p>\n<p style=\"font-size: 9px;\">\u00a72.) Die Benutzung der Website erfolgt auf eigene Gefahr. Auf diesen Seiten gemachte Angaben und ver\u00f6ffentlichte Texte und Fotos und sonstige Medien unterliegen dem Copyright des Betreibers. Sie stellen keine zugesicherte Eigenschaft von Waren oder Dienstleistungen und auch kein Antrag auf Abschluss eines wie auch immer gearteten Vertrages dar. Davon ausgenommen sind Buchungen \u00fcber unser eigenes Reservierungsformular, wobei die Inhalte der jeweils angezeigten Best\u00e4tigungsseiten und der Buchungsbest\u00e4tigungsemails Bestandteil eines Beherbergungsvertrages werden, f\u00fcr den erg\u00e4nzend die AGBs f\u00fcr Beherbergungsvertr\u00e4ge zur Anwendung kommen.<\/p>\n<p style=\"font-size: 9px;\">\u00a73.) Der Betreiber sieht sich au\u00dferstande, die Rechtm\u00e4\u00dfigkeit von Inhalten verlinkter Websites und von denen verlinkter Websites fortw\u00e4hrend zu \u00fcberpr\u00fcfen, und schlie\u00dft daher jegliche Haftung f\u00fcr solche Inhalte bis auf Vorsatz aus. Sollten Sie zu einem Personenkreis geh\u00f6ren, dem potentiell Sch\u00e4den aus dem Aufrufen verlinkter Websites entstehen k\u00f6nnte, und haben Sie dar\u00fcber hinaus vor uns daf\u00fcr und f\u00fcr potentielle Straftatbest\u00e4nde im Zusammenhang mit den Inhalten von uns verlinkter Websites haftbar zu machen oder sonstige Kompensationen von uns zu fordern, so verlassen Sie bitte diese Website JETZT.<\/p>\n<p style=\"font-size: 9px;\">\u00a74.) Der Aufenthalt auf diesen Webseiten zum Zwecke des Auffindens von potentiellen Rechtsverst\u00f6\u00dfen stellt eine missbr\u00e4uchliche Nutzung dar, die uns berechtigt einen pauschalierten Schadensersatz in H\u00f6he von 5000,- \u20ac geltend zu machen.<\/p>\n","protected":false},"excerpt":{"rendered":"<p>Die Website wird betrieben von: Wei\u00dfbach &amp; Schwarz GmbH &amp; Co KG Johannisstr. 11, 10117 Berlin einzeln vertreten durch Peter Wei\u00dfbach &amp; Thomas Schwarz eingetragen AG Berlin Charlottenburg HRA 40141 B Komplement\u00e4rin Wei\u00dfbach &amp; Schwarz VerwaltungsGmbH Johannisstr. 11 10117 Berlin &hellip; <a href=\"https:\/\/www.heartofgold-hostel.de\/es\/informacion-legal\/\">Sigue leyendo <span class=\"meta-nav\">&rarr;<\/span><\/a><\/p>\n","protected":false},"author":7,"featured_media":0,"parent":0,"menu_order":0,"comment_status":"closed","ping_status":"closed","template":"","meta":{"_monsterinsights_skip_tracking":false,"_monsterinsights_sitenote_active":false,"_monsterinsights_sitenote_note":"","_monsterinsights_sitenote_category":0,"jetpack_post_was_ever_published":false,"footnotes":""},"yoast_head":"<!-- This site is optimized with the Yoast SEO plugin v24.5 - https:\/\/yoast.com\/wordpress\/plugins\/seo\/ -->\n<title>Pie de imprenta - Heart of Gold Hostel Berlin<\/title>\n<meta name=\"description\" content=\"Hostel Berl\u00edn - empresa e informaci\u00f3n de contacto - Heart of Gold Hostel Berlin.\" \/>\n<meta name=\"robots\" content=\"index, follow, max-snippet:-1, max-image-preview:large, max-video-preview:-1\" \/>\n<link rel=\"canonical\" href=\"https:\/\/www.heartofgold-hostel.de\/es\/informacion-legal\/\" \/>\n<meta property=\"og:locale\" content=\"es_ES\" \/>\n<meta property=\"og:type\" content=\"article\" \/>\n<meta property=\"og:title\" content=\"Pie de imprenta - Heart of Gold Hostel Berlin\" \/>\n<meta property=\"og:description\" content=\"Hostel Berl\u00edn - empresa e informaci\u00f3n de contacto - Heart of Gold Hostel Berlin.\" \/>\n<meta property=\"og:url\" content=\"https:\/\/www.heartofgold-hostel.de\/es\/informacion-legal\/\" \/>\n<meta property=\"og:site_name\" content=\"Heart of Gold Hostel Berlin\" \/>\n<meta property=\"article:publisher\" content=\"https:\/\/www.facebook.com\/heart.of.gold.hostel.berlin\/\" \/>\n<meta property=\"article:modified_time\" content=\"2019-11-15T12:07:21+00:00\" \/>\n<meta property=\"og:image\" content=\"https:\/\/www.heartofgold-hostel.de\/wp-content\/uploads\/HOG_Logo_braun_180.gif\" \/>\n\t<meta property=\"og:image:width\" content=\"180\" \/>\n\t<meta property=\"og:image:height\" content=\"180\" \/>\n\t<meta property=\"og:image:type\" content=\"image\/gif\" \/>\n<meta name=\"twitter:label1\" content=\"Tiempo de lectura\" \/>\n\t<meta name=\"twitter:data1\" content=\"4 minutos\" \/>\n<script type=\"application\/ld+json\" class=\"yoast-schema-graph\">{\"@context\":\"https:\/\/schema.org\",\"@graph\":[{\"@type\":\"WebPage\",\"@id\":\"https:\/\/www.heartofgold-hostel.de\/es\/informacion-legal\/\",\"url\":\"https:\/\/www.heartofgold-hostel.de\/es\/informacion-legal\/\",\"name\":\"Pie de imprenta - Heart of Gold Hostel Berlin\",\"isPartOf\":{\"@id\":\"https:\/\/www.heartofgold-hostel.de\/de\/#website\"},\"datePublished\":\"2013-05-29T10:05:09+00:00\",\"dateModified\":\"2019-11-15T12:07:21+00:00\",\"description\":\"Hostel Berl\u00edn - empresa e informaci\u00f3n de contacto - Heart of Gold Hostel Berlin.\",\"breadcrumb\":{\"@id\":\"https:\/\/www.heartofgold-hostel.de\/es\/informacion-legal\/#breadcrumb\"},\"inLanguage\":\"es\",\"potentialAction\":[{\"@type\":\"ReadAction\",\"target\":[\"https:\/\/www.heartofgold-hostel.de\/es\/informacion-legal\/\"]}]},{\"@type\":\"BreadcrumbList\",\"@id\":\"https:\/\/www.heartofgold-hostel.de\/es\/informacion-legal\/#breadcrumb\",\"itemListElement\":[{\"@type\":\"ListItem\",\"position\":1,\"name\":\"Home\",\"item\":\"https:\/\/www.heartofgold-hostel.de\/es\/\"},{\"@type\":\"ListItem\",\"position\":2,\"name\":\"Pie de imprenta\"}]},{\"@type\":\"WebSite\",\"@id\":\"https:\/\/www.heartofgold-hostel.de\/de\/#website\",\"url\":\"https:\/\/www.heartofgold-hostel.de\/de\/\",\"name\":\"Heart of Gold Hostel Berlin\",\"description\":\"the starship Berlin Hostel\",\"publisher\":{\"@id\":\"https:\/\/www.heartofgold-hostel.de\/de\/#organization\"},\"potentialAction\":[{\"@type\":\"SearchAction\",\"target\":{\"@type\":\"EntryPoint\",\"urlTemplate\":\"https:\/\/www.heartofgold-hostel.de\/de\/?s={search_term_string}\"},\"query-input\":{\"@type\":\"PropertyValueSpecification\",\"valueRequired\":true,\"valueName\":\"search_term_string\"}}],\"inLanguage\":\"es\"},{\"@type\":\"Organization\",\"@id\":\"https:\/\/www.heartofgold-hostel.de\/de\/#organization\",\"name\":\"Heart of Gold Hostel Berlin\",\"url\":\"https:\/\/www.heartofgold-hostel.de\/de\/\",\"logo\":{\"@type\":\"ImageObject\",\"inLanguage\":\"es\",\"@id\":\"https:\/\/www.heartofgold-hostel.de\/de\/#\/schema\/logo\/image\/\",\"url\":\"https:\/\/www.heartofgold-hostel.de\/wp-content\/uploads\/HOG_Logo_braun_180.gif\",\"contentUrl\":\"https:\/\/www.heartofgold-hostel.de\/wp-content\/uploads\/HOG_Logo_braun_180.gif\",\"width\":180,\"height\":180,\"caption\":\"Heart of Gold Hostel Berlin\"},\"image\":{\"@id\":\"https:\/\/www.heartofgold-hostel.de\/de\/#\/schema\/logo\/image\/\"},\"sameAs\":[\"https:\/\/www.facebook.com\/heart.of.gold.hostel.berlin\/\",\"https:\/\/x.com\/berlinhostel\",\"https:\/\/myspace.com\/hostelberlin\",\"https:\/\/www.pinterest.com\/hoghostel\/heart-of-gold-hostel\/\"]}]}<\/script>\n<!-- \/ Yoast SEO plugin. -->","yoast_head_json":{"title":"Pie de imprenta - Heart of Gold Hostel Berlin","description":"Hostel Berl\u00edn - empresa e informaci\u00f3n de contacto - Heart of Gold Hostel Berlin.","robots":{"index":"index","follow":"follow","max-snippet":"max-snippet:-1","max-image-preview":"max-image-preview:large","max-video-preview":"max-video-preview:-1"},"canonical":"https:\/\/www.heartofgold-hostel.de\/es\/informacion-legal\/","og_locale":"es_ES","og_type":"article","og_title":"Pie de imprenta - Heart of Gold Hostel Berlin","og_description":"Hostel Berl\u00edn - empresa e informaci\u00f3n de contacto - Heart of Gold Hostel Berlin.","og_url":"https:\/\/www.heartofgold-hostel.de\/es\/informacion-legal\/","og_site_name":"Heart of Gold Hostel Berlin","article_publisher":"https:\/\/www.facebook.com\/heart.of.gold.hostel.berlin\/","article_modified_time":"2019-11-15T12:07:21+00:00","og_image":[{"width":180,"height":180,"url":"https:\/\/www.heartofgold-hostel.de\/wp-content\/uploads\/HOG_Logo_braun_180.gif","type":"image\/gif"}],"twitter_misc":{"Tiempo de lectura":"4 minutos"},"schema":{"@context":"https:\/\/schema.org","@graph":[{"@type":"WebPage","@id":"https:\/\/www.heartofgold-hostel.de\/es\/informacion-legal\/","url":"https:\/\/www.heartofgold-hostel.de\/es\/informacion-legal\/","name":"Pie de imprenta - Heart of Gold Hostel Berlin","isPartOf":{"@id":"https:\/\/www.heartofgold-hostel.de\/de\/#website"},"datePublished":"2013-05-29T10:05:09+00:00","dateModified":"2019-11-15T12:07:21+00:00","description":"Hostel Berl\u00edn - empresa e informaci\u00f3n de contacto - Heart of Gold Hostel Berlin.","breadcrumb":{"@id":"https:\/\/www.heartofgold-hostel.de\/es\/informacion-legal\/#breadcrumb"},"inLanguage":"es","potentialAction":[{"@type":"ReadAction","target":["https:\/\/www.heartofgold-hostel.de\/es\/informacion-legal\/"]}]},{"@type":"BreadcrumbList","@id":"https:\/\/www.heartofgold-hostel.de\/es\/informacion-legal\/#breadcrumb","itemListElement":[{"@type":"ListItem","position":1,"name":"Home","item":"https:\/\/www.heartofgold-hostel.de\/es\/"},{"@type":"ListItem","position":2,"name":"Pie de imprenta"}]},{"@type":"WebSite","@id":"https:\/\/www.heartofgold-hostel.de\/de\/#website","url":"https:\/\/www.heartofgold-hostel.de\/de\/","name":"Heart of Gold Hostel Berlin","description":"the starship Berlin Hostel","publisher":{"@id":"https:\/\/www.heartofgold-hostel.de\/de\/#organization"},"potentialAction":[{"@type":"SearchAction","target":{"@type":"EntryPoint","urlTemplate":"https:\/\/www.heartofgold-hostel.de\/de\/?s={search_term_string}"},"query-input":{"@type":"PropertyValueSpecification","valueRequired":true,"valueName":"search_term_string"}}],"inLanguage":"es"},{"@type":"Organization","@id":"https:\/\/www.heartofgold-hostel.de\/de\/#organization","name":"Heart of Gold Hostel Berlin","url":"https:\/\/www.heartofgold-hostel.de\/de\/","logo":{"@type":"ImageObject","inLanguage":"es","@id":"https:\/\/www.heartofgold-hostel.de\/de\/#\/schema\/logo\/image\/","url":"https:\/\/www.heartofgold-hostel.de\/wp-content\/uploads\/HOG_Logo_braun_180.gif","contentUrl":"https:\/\/www.heartofgold-hostel.de\/wp-content\/uploads\/HOG_Logo_braun_180.gif","width":180,"height":180,"caption":"Heart of Gold Hostel Berlin"},"image":{"@id":"https:\/\/www.heartofgold-hostel.de\/de\/#\/schema\/logo\/image\/"},"sameAs":["https:\/\/www.facebook.com\/heart.of.gold.hostel.berlin\/","https:\/\/x.com\/berlinhostel","https:\/\/myspace.com\/hostelberlin","https:\/\/www.pinterest.com\/hoghostel\/heart-of-gold-hostel\/"]}]}},"jetpack_sharing_enabled":true,"jetpack_shortlink":"https:\/\/wp.me\/P7w0Rw-ab","_links":{"self":[{"href":"https:\/\/www.heartofgold-hostel.de\/es\/wp-json\/wp\/v2\/pages\/631"}],"collection":[{"href":"https:\/\/www.heartofgold-hostel.de\/es\/wp-json\/wp\/v2\/pages"}],"about":[{"href":"https:\/\/www.heartofgold-hostel.de\/es\/wp-json\/wp\/v2\/types\/page"}],"author":[{"embeddable":true,"href":"https:\/\/www.heartofgold-hostel.de\/es\/wp-json\/wp\/v2\/users\/7"}],"replies":[{"embeddable":true,"href":"https:\/\/www.heartofgold-hostel.de\/es\/wp-json\/wp\/v2\/comments?post=631"}],"version-history":[{"count":9,"href":"https:\/\/www.heartofgold-hostel.de\/es\/wp-json\/wp\/v2\/pages\/631\/revisions"}],"predecessor-version":[{"id":6385,"href":"https:\/\/www.heartofgold-hostel.de\/es\/wp-json\/wp\/v2\/pages\/631\/revisions\/6385"}],"wp:attachment":[{"href":"https:\/\/www.heartofgold-hostel.de\/es\/wp-json\/wp\/v2\/media?parent=631"}],"curies":[{"name":"wp","href":"https:\/\/api.w.org\/{rel}","templated":true}]}}