{"id":632,"date":"2013-05-29T12:06:03","date_gmt":"2013-05-29T10:06:03","guid":{"rendered":"http:\/\/www.heartofgold-hostel.de\/terminos-y-condiciones\/"},"modified":"2013-05-29T14:26:06","modified_gmt":"2013-05-29T12:26:06","slug":"terminos-y-condiciones","status":"publish","type":"page","link":"https:\/\/www.heartofgold-hostel.de\/es\/terminos-y-condiciones\/","title":{"rendered":"T\u00e9rminos y condiciones"},"content":{"rendered":"<p>T\u00e9rminos y condiciones en ingl\u00e9s<br \/>\n<a title=\"Terms &#038; Conditions\" href=\"https:\/\/www.heartofgold-hostel.de\/AGB_en.pdf\" target=\"_blank\"><span style=\"color: #4e4b3f;\">www.heartofgold-hostel.de\/AGB_en.pdf<\/span><\/a><\/p>\n","protected":false},"excerpt":{"rendered":"<p>T\u00e9rminos y condiciones en ingl\u00e9s www.heartofgold-hostel.de\/AGB_en.pdf<\/p>\n","protected":false},"author":7,"featured_media":0,"parent":0,"menu_order":0,"comment_status":"closed","ping_status":"closed","template":"","meta":{"_monsterinsights_skip_tracking":false,"_monsterinsights_sitenote_active":false,"_monsterinsights_sitenote_note":"","_monsterinsights_sitenote_category":0,"jetpack_post_was_ever_published":false,"footnotes":""},"yoast_head":"<!-- This site is optimized with the Yoast SEO plugin v24.5 - https:\/\/yoast.com\/wordpress\/plugins\/seo\/ -->\n<title>T\u00e9rminos y condiciones - Heart of Gold Hostel Berlin<\/title>\n<meta name=\"description\" content=\"T\u00e9rminos y condiciones en ingl\u00e9s - Heart of Gold Hostel Berlin.\" \/>\n<meta name=\"robots\" content=\"index, follow, max-snippet:-1, max-image-preview:large, max-video-preview:-1\" \/>\n<link rel=\"canonical\" href=\"https:\/\/www.heartofgold-hostel.de\/es\/terminos-y-condiciones\/\" \/>\n<meta property=\"og:locale\" content=\"es_ES\" \/>\n<meta property=\"og:type\" content=\"article\" \/>\n<meta property=\"og:title\" content=\"T\u00e9rminos y condiciones - Heart of Gold Hostel Berlin\" \/>\n<meta property=\"og:description\" content=\"T\u00e9rminos y condiciones en ingl\u00e9s - Heart of Gold Hostel Berlin.\" \/>\n<meta property=\"og:url\" content=\"https:\/\/www.heartofgold-hostel.de\/es\/terminos-y-condiciones\/\" \/>\n<meta property=\"og:site_name\" content=\"Heart of Gold Hostel Berlin\" \/>\n<meta property=\"article:publisher\" content=\"https:\/\/www.facebook.com\/heart.of.gold.hostel.berlin\/\" \/>\n<meta property=\"article:modified_time\" content=\"2013-05-29T12:26:06+00:00\" \/>\n<meta property=\"og:image\" content=\"https:\/\/www.heartofgold-hostel.de\/wp-content\/uploads\/HOG_Logo_braun_180.gif\" \/>\n\t<meta property=\"og:image:width\" content=\"180\" \/>\n\t<meta property=\"og:image:height\" content=\"180\" \/>\n\t<meta property=\"og:image:type\" content=\"image\/gif\" \/>\n<script type=\"application\/ld+json\" class=\"yoast-schema-graph\">{\"@context\":\"https:\/\/schema.org\",\"@graph\":[{\"@type\":\"WebPage\",\"@id\":\"https:\/\/www.heartofgold-hostel.de\/es\/terminos-y-condiciones\/\",\"url\":\"https:\/\/www.heartofgold-hostel.de\/es\/terminos-y-condiciones\/\",\"name\":\"T\u00e9rminos y condiciones - Heart of Gold Hostel Berlin\",\"isPartOf\":{\"@id\":\"https:\/\/www.heartofgold-hostel.de\/de\/#website\"},\"datePublished\":\"2013-05-29T10:06:03+00:00\",\"dateModified\":\"2013-05-29T12:26:06+00:00\",\"description\":\"T\u00e9rminos y condiciones en ingl\u00e9s - Heart of Gold Hostel Berlin.\",\"breadcrumb\":{\"@id\":\"https:\/\/www.heartofgold-hostel.de\/es\/terminos-y-condiciones\/#breadcrumb\"},\"inLanguage\":\"es\",\"potentialAction\":[{\"@type\":\"ReadAction\",\"target\":[\"https:\/\/www.heartofgold-hostel.de\/es\/terminos-y-condiciones\/\"]}]},{\"@type\":\"BreadcrumbList\",\"@id\":\"https:\/\/www.heartofgold-hostel.de\/es\/terminos-y-condiciones\/#breadcrumb\",\"itemListElement\":[{\"@type\":\"ListItem\",\"position\":1,\"name\":\"Home\",\"item\":\"https:\/\/www.heartofgold-hostel.de\/es\/\"},{\"@type\":\"ListItem\",\"position\":2,\"name\":\"T\u00e9rminos y condiciones\"}]},{\"@type\":\"WebSite\",\"@id\":\"https:\/\/www.heartofgold-hostel.de\/de\/#website\",\"url\":\"https:\/\/www.heartofgold-hostel.de\/de\/\",\"name\":\"Heart of Gold Hostel Berlin\",\"description\":\"the starship Berlin Hostel\",\"publisher\":{\"@id\":\"https:\/\/www.heartofgold-hostel.de\/de\/#organization\"},\"potentialAction\":[{\"@type\":\"SearchAction\",\"target\":{\"@type\":\"EntryPoint\",\"urlTemplate\":\"https:\/\/www.heartofgold-hostel.de\/de\/?s={search_term_string}\"},\"query-input\":{\"@type\":\"PropertyValueSpecification\",\"valueRequired\":true,\"valueName\":\"search_term_string\"}}],\"inLanguage\":\"es\"},{\"@type\":\"Organization\",\"@id\":\"https:\/\/www.heartofgold-hostel.de\/de\/#organization\",\"name\":\"Heart of Gold Hostel Berlin\",\"url\":\"https:\/\/www.heartofgold-hostel.de\/de\/\",\"logo\":{\"@type\":\"ImageObject\",\"inLanguage\":\"es\",\"@id\":\"https:\/\/www.heartofgold-hostel.de\/de\/#\/schema\/logo\/image\/\",\"url\":\"https:\/\/www.heartofgold-hostel.de\/wp-content\/uploads\/HOG_Logo_braun_180.gif\",\"contentUrl\":\"https:\/\/www.heartofgold-hostel.de\/wp-content\/uploads\/HOG_Logo_braun_180.gif\",\"width\":180,\"height\":180,\"caption\":\"Heart of Gold Hostel Berlin\"},\"image\":{\"@id\":\"https:\/\/www.heartofgold-hostel.de\/de\/#\/schema\/logo\/image\/\"},\"sameAs\":[\"https:\/\/www.facebook.com\/heart.of.gold.hostel.berlin\/\",\"https:\/\/x.com\/berlinhostel\",\"https:\/\/myspace.com\/hostelberlin\",\"https:\/\/www.pinterest.com\/hoghostel\/heart-of-gold-hostel\/\"]}]}<\/script>\n<!-- \/ Yoast SEO plugin. -->","yoast_head_json":{"title":"T\u00e9rminos y condiciones - Heart of Gold Hostel Berlin","description":"T\u00e9rminos y condiciones en ingl\u00e9s - Heart of Gold Hostel Berlin.","robots":{"index":"index","follow":"follow","max-snippet":"max-snippet:-1","max-image-preview":"max-image-preview:large","max-video-preview":"max-video-preview:-1"},"canonical":"https:\/\/www.heartofgold-hostel.de\/es\/terminos-y-condiciones\/","og_locale":"es_ES","og_type":"article","og_title":"T\u00e9rminos y condiciones - Heart of Gold Hostel Berlin","og_description":"T\u00e9rminos y condiciones en ingl\u00e9s - Heart of Gold Hostel Berlin.","og_url":"https:\/\/www.heartofgold-hostel.de\/es\/terminos-y-condiciones\/","og_site_name":"Heart of Gold Hostel Berlin","article_publisher":"https:\/\/www.facebook.com\/heart.of.gold.hostel.berlin\/","article_modified_time":"2013-05-29T12:26:06+00:00","og_image":[{"width":180,"height":180,"url":"https:\/\/www.heartofgold-hostel.de\/wp-content\/uploads\/HOG_Logo_braun_180.gif","type":"image\/gif"}],"schema":{"@context":"https:\/\/schema.org","@graph":[{"@type":"WebPage","@id":"https:\/\/www.heartofgold-hostel.de\/es\/terminos-y-condiciones\/","url":"https:\/\/www.heartofgold-hostel.de\/es\/terminos-y-condiciones\/","name":"T\u00e9rminos y condiciones - Heart of Gold Hostel Berlin","isPartOf":{"@id":"https:\/\/www.heartofgold-hostel.de\/de\/#website"},"datePublished":"2013-05-29T10:06:03+00:00","dateModified":"2013-05-29T12:26:06+00:00","description":"T\u00e9rminos y condiciones en ingl\u00e9s - Heart of Gold Hostel Berlin.","breadcrumb":{"@id":"https:\/\/www.heartofgold-hostel.de\/es\/terminos-y-condiciones\/#breadcrumb"},"inLanguage":"es","potentialAction":[{"@type":"ReadAction","target":["https:\/\/www.heartofgold-hostel.de\/es\/terminos-y-condiciones\/"]}]},{"@type":"BreadcrumbList","@id":"https:\/\/www.heartofgold-hostel.de\/es\/terminos-y-condiciones\/#breadcrumb","itemListElement":[{"@type":"ListItem","position":1,"name":"Home","item":"https:\/\/www.heartofgold-hostel.de\/es\/"},{"@type":"ListItem","position":2,"name":"T\u00e9rminos y condiciones"}]},{"@type":"WebSite","@id":"https:\/\/www.heartofgold-hostel.de\/de\/#website","url":"https:\/\/www.heartofgold-hostel.de\/de\/","name":"Heart of Gold Hostel Berlin","description":"the starship Berlin Hostel","publisher":{"@id":"https:\/\/www.heartofgold-hostel.de\/de\/#organization"},"potentialAction":[{"@type":"SearchAction","target":{"@type":"EntryPoint","urlTemplate":"https:\/\/www.heartofgold-hostel.de\/de\/?s={search_term_string}"},"query-input":{"@type":"PropertyValueSpecification","valueRequired":true,"valueName":"search_term_string"}}],"inLanguage":"es"},{"@type":"Organization","@id":"https:\/\/www.heartofgold-hostel.de\/de\/#organization","name":"Heart of Gold Hostel Berlin","url":"https:\/\/www.heartofgold-hostel.de\/de\/","logo":{"@type":"ImageObject","inLanguage":"es","@id":"https:\/\/www.heartofgold-hostel.de\/de\/#\/schema\/logo\/image\/","url":"https:\/\/www.heartofgold-hostel.de\/wp-content\/uploads\/HOG_Logo_braun_180.gif","contentUrl":"https:\/\/www.heartofgold-hostel.de\/wp-content\/uploads\/HOG_Logo_braun_180.gif","width":180,"height":180,"caption":"Heart of Gold Hostel Berlin"},"image":{"@id":"https:\/\/www.heartofgold-hostel.de\/de\/#\/schema\/logo\/image\/"},"sameAs":["https:\/\/www.facebook.com\/heart.of.gold.hostel.berlin\/","https:\/\/x.com\/berlinhostel","https:\/\/myspace.com\/hostelberlin","https:\/\/www.pinterest.com\/hoghostel\/heart-of-gold-hostel\/"]}]}},"jetpack_sharing_enabled":true,"jetpack_shortlink":"https:\/\/wp.me\/P7w0Rw-ac","_links":{"self":[{"href":"https:\/\/www.heartofgold-hostel.de\/es\/wp-json\/wp\/v2\/pages\/632"}],"collection":[{"href":"https:\/\/www.heartofgold-hostel.de\/es\/wp-json\/wp\/v2\/pages"}],"about":[{"href":"https:\/\/www.heartofgold-hostel.de\/es\/wp-json\/wp\/v2\/types\/page"}],"author":[{"embeddable":true,"href":"https:\/\/www.heartofgold-hostel.de\/es\/wp-json\/wp\/v2\/users\/7"}],"replies":[{"embeddable":true,"href":"https:\/\/www.heartofgold-hostel.de\/es\/wp-json\/wp\/v2\/comments?post=632"}],"version-history":[{"count":1,"href":"https:\/\/www.heartofgold-hostel.de\/es\/wp-json\/wp\/v2\/pages\/632\/revisions"}],"predecessor-version":[{"id":677,"href":"https:\/\/www.heartofgold-hostel.de\/es\/wp-json\/wp\/v2\/pages\/632\/revisions\/677"}],"wp:attachment":[{"href":"https:\/\/www.heartofgold-hostel.de\/es\/wp-json\/wp\/v2\/media?parent=632"}],"curies":[{"name":"wp","href":"https:\/\/api.w.org\/{rel}","templated":true}]}}