{"id":5148,"date":"2015-10-23T13:57:30","date_gmt":"2015-10-23T11:57:30","guid":{"rendered":"http:\/\/www.heartofgold-hostel.de\/fr\/berlin\/"},"modified":"2016-07-08T14:20:19","modified_gmt":"2016-07-08T12:20:19","slug":"berlin-fr","status":"publish","type":"page","link":"https:\/\/www.heartofgold-hostel.de\/fr\/berlin-fr\/","title":{"rendered":"Berlin &#8211; \u00ab\u00a0Globalement inoffensive\u00a0\u00bb (Guide du Voyageur Galactique)"},"content":{"rendered":"<p>C&rsquo;est une blague. Ce n&rsquo;est pas vraiment la description de Berlin, mais plut\u00f4t celle de la plan\u00e8te enti\u00e8re dans le Guide du Voyageur Galactique.<\/p>\n<p>Les guides de voyage d&rsquo;aujourd\u2019hui ont beaucoup \u00e0 dire sur cette ville, Berlin est une ville en perp\u00e9tuel mouvement. Elle fut au c\u0153ur des plus grands moments historiques du 20\u00e8me si\u00e8cle. Elle a du se r\u00e9inventer \u00e0 plusieurs reprises jusqu&rsquo;\u00e0 devenir l&rsquo;une des villes les plus passionnante du 21\u00e8me si\u00e8cle. En 1990, une grande partie du mur, la East Side Gallery, fut peinte par plus d&rsquo;une centaine d&rsquo;artistes venant du monde entier. Elle repr\u00e9sente la plus grande exposition permanente en plein air au monde. A quelques pas de l\u00e0, cot\u00e9 Est, dans le quartier Friedrichshain, la f\u00eate ne s&rsquo;arr\u00eate jamais dans les nombreux Clubs et bien s\u00fbr le fameux Berghain.<\/p>\n<p>A quatre arr\u00eats de train de l\u00e0, le Heart of Gold Hostel se situe au centre ville, litt\u00e9ralement, dans le quartier nomm\u00e9 Mitte (centre en allemand). Presque toutes les attractions touristiques sont accessibles \u00e0 pieds\u00a0: La porte de Brandenbourg, le Reichstag, Le m\u00e9morial de l\u2019holocauste, le Checkpoint Charlie, l\u2019ile aux mus\u00e9es, la Tour de t\u00e9l\u00e9vision \u00e0 Alexanderplatz\u2026 Ou peut-\u00eatre vous pr\u00e9f\u00e9rez diner dans un restaurant obscur, fumer un narguil\u00e9, assister \u00e0 un concert de ska, ou plut\u00f4t se balader dans un \u00e9norme march\u00e9 aux puces\u00a0 avec un karaok\u00e9 g\u00e9ant en plein air.<\/p>\n<p>Au Heart of Gold Hostel, vous \u00eates parfaitement situ\u00e9 pour d\u00e9couvrir la vaste capitale allemande.<\/p>\n","protected":false},"excerpt":{"rendered":"<p>C&rsquo;est une blague. Ce n&rsquo;est pas vraiment la description de Berlin, mais plut\u00f4t celle de la plan\u00e8te enti\u00e8re dans le Guide du Voyageur Galactique. Les guides de voyage d&rsquo;aujourd\u2019hui ont beaucoup \u00e0 dire sur cette ville, Berlin est une ville &hellip; <a href=\"https:\/\/www.heartofgold-hostel.de\/fr\/berlin-fr\/\">Continuer la lecture <span class=\"meta-nav\">&rarr;<\/span><\/a><\/p>\n","protected":false},"author":7,"featured_media":0,"parent":0,"menu_order":0,"comment_status":"closed","ping_status":"closed","template":"","meta":{"_monsterinsights_skip_tracking":false,"_monsterinsights_sitenote_active":false,"_monsterinsights_sitenote_note":"","_monsterinsights_sitenote_category":0,"jetpack_post_was_ever_published":false,"footnotes":""},"yoast_head":"<!-- This site is optimized with the Yoast SEO plugin v24.5 - https:\/\/yoast.com\/wordpress\/plugins\/seo\/ -->\n<title>Berlin - &quot;Globalement inoffensive&quot; (Guide du Voyageur Galactique) - Heart of Gold Hostel Berlin<\/title>\n<meta name=\"description\" content=\"Berlin est devenu l&#039;une des destinations les plus populaires en Europe et dans le monde. Encore pas ch\u00e8re, excitante et toujours dynamique. D\u00e9p\u00eachez-vous avant qu&#039;il ne soit trop tard !\" \/>\n<meta name=\"robots\" content=\"index, follow, max-snippet:-1, max-image-preview:large, max-video-preview:-1\" \/>\n<link rel=\"canonical\" href=\"https:\/\/www.heartofgold-hostel.de\/fr\/berlin-fr\/\" \/>\n<meta property=\"og:locale\" content=\"fr_FR\" \/>\n<meta property=\"og:type\" content=\"article\" \/>\n<meta property=\"og:title\" content=\"Berlin - &quot;Globalement inoffensive&quot; (Guide du Voyageur Galactique) - Heart of Gold Hostel Berlin\" \/>\n<meta property=\"og:description\" content=\"Berlin est devenu l&#039;une des destinations les plus populaires en Europe et dans le monde. Encore pas ch\u00e8re, excitante et toujours dynamique. D\u00e9p\u00eachez-vous avant qu&#039;il ne soit trop tard !\" \/>\n<meta property=\"og:url\" content=\"https:\/\/www.heartofgold-hostel.de\/fr\/berlin-fr\/\" \/>\n<meta property=\"og:site_name\" content=\"Heart of Gold Hostel Berlin\" \/>\n<meta property=\"article:publisher\" content=\"https:\/\/www.facebook.com\/heart.of.gold.hostel.berlin\/\" \/>\n<meta property=\"article:modified_time\" content=\"2016-07-08T12:20:19+00:00\" \/>\n<meta property=\"og:image\" content=\"https:\/\/www.heartofgold-hostel.de\/wp-content\/uploads\/HOG_Logo_braun_180.gif\" \/>\n\t<meta property=\"og:image:width\" content=\"180\" \/>\n\t<meta property=\"og:image:height\" content=\"180\" \/>\n\t<meta property=\"og:image:type\" content=\"image\/gif\" \/>\n<meta name=\"twitter:label1\" content=\"Dur\u00e9e de lecture estim\u00e9e\" \/>\n\t<meta name=\"twitter:data1\" content=\"1 minute\" \/>\n<script type=\"application\/ld+json\" class=\"yoast-schema-graph\">{\"@context\":\"https:\/\/schema.org\",\"@graph\":[{\"@type\":\"WebPage\",\"@id\":\"https:\/\/www.heartofgold-hostel.de\/fr\/berlin-fr\/\",\"url\":\"https:\/\/www.heartofgold-hostel.de\/fr\/berlin-fr\/\",\"name\":\"Berlin - \\\"Globalement inoffensive\\\" (Guide du Voyageur Galactique) - Heart of Gold Hostel Berlin\",\"isPartOf\":{\"@id\":\"https:\/\/www.heartofgold-hostel.de\/de\/#website\"},\"datePublished\":\"2015-10-23T11:57:30+00:00\",\"dateModified\":\"2016-07-08T12:20:19+00:00\",\"description\":\"Berlin est devenu l'une des destinations les plus populaires en Europe et dans le monde. Encore pas ch\u00e8re, excitante et toujours dynamique. D\u00e9p\u00eachez-vous avant qu'il ne soit trop tard !\",\"breadcrumb\":{\"@id\":\"https:\/\/www.heartofgold-hostel.de\/fr\/berlin-fr\/#breadcrumb\"},\"inLanguage\":\"fr-FR\",\"potentialAction\":[{\"@type\":\"ReadAction\",\"target\":[\"https:\/\/www.heartofgold-hostel.de\/fr\/berlin-fr\/\"]}]},{\"@type\":\"BreadcrumbList\",\"@id\":\"https:\/\/www.heartofgold-hostel.de\/fr\/berlin-fr\/#breadcrumb\",\"itemListElement\":[{\"@type\":\"ListItem\",\"position\":1,\"name\":\"Home\",\"item\":\"https:\/\/www.heartofgold-hostel.de\/fr\/\"},{\"@type\":\"ListItem\",\"position\":2,\"name\":\"Berlin &#8211; \u00ab\u00a0Globalement inoffensive\u00a0\u00bb (Guide du Voyageur Galactique)\"}]},{\"@type\":\"WebSite\",\"@id\":\"https:\/\/www.heartofgold-hostel.de\/de\/#website\",\"url\":\"https:\/\/www.heartofgold-hostel.de\/de\/\",\"name\":\"Heart of Gold Hostel Berlin\",\"description\":\"the starship Berlin Hostel\",\"publisher\":{\"@id\":\"https:\/\/www.heartofgold-hostel.de\/de\/#organization\"},\"potentialAction\":[{\"@type\":\"SearchAction\",\"target\":{\"@type\":\"EntryPoint\",\"urlTemplate\":\"https:\/\/www.heartofgold-hostel.de\/de\/?s={search_term_string}\"},\"query-input\":{\"@type\":\"PropertyValueSpecification\",\"valueRequired\":true,\"valueName\":\"search_term_string\"}}],\"inLanguage\":\"fr-FR\"},{\"@type\":\"Organization\",\"@id\":\"https:\/\/www.heartofgold-hostel.de\/de\/#organization\",\"name\":\"Heart of Gold Hostel Berlin\",\"url\":\"https:\/\/www.heartofgold-hostel.de\/de\/\",\"logo\":{\"@type\":\"ImageObject\",\"inLanguage\":\"fr-FR\",\"@id\":\"https:\/\/www.heartofgold-hostel.de\/de\/#\/schema\/logo\/image\/\",\"url\":\"https:\/\/www.heartofgold-hostel.de\/wp-content\/uploads\/HOG_Logo_braun_180.gif\",\"contentUrl\":\"https:\/\/www.heartofgold-hostel.de\/wp-content\/uploads\/HOG_Logo_braun_180.gif\",\"width\":180,\"height\":180,\"caption\":\"Heart of Gold Hostel Berlin\"},\"image\":{\"@id\":\"https:\/\/www.heartofgold-hostel.de\/de\/#\/schema\/logo\/image\/\"},\"sameAs\":[\"https:\/\/www.facebook.com\/heart.of.gold.hostel.berlin\/\",\"https:\/\/x.com\/berlinhostel\",\"https:\/\/myspace.com\/hostelberlin\",\"https:\/\/www.pinterest.com\/hoghostel\/heart-of-gold-hostel\/\"]}]}<\/script>\n<!-- \/ Yoast SEO plugin. -->","yoast_head_json":{"title":"Berlin - \"Globalement inoffensive\" (Guide du Voyageur Galactique) - Heart of Gold Hostel Berlin","description":"Berlin est devenu l'une des destinations les plus populaires en Europe et dans le monde. Encore pas ch\u00e8re, excitante et toujours dynamique. D\u00e9p\u00eachez-vous avant qu'il ne soit trop tard !","robots":{"index":"index","follow":"follow","max-snippet":"max-snippet:-1","max-image-preview":"max-image-preview:large","max-video-preview":"max-video-preview:-1"},"canonical":"https:\/\/www.heartofgold-hostel.de\/fr\/berlin-fr\/","og_locale":"fr_FR","og_type":"article","og_title":"Berlin - \"Globalement inoffensive\" (Guide du Voyageur Galactique) - Heart of Gold Hostel Berlin","og_description":"Berlin est devenu l'une des destinations les plus populaires en Europe et dans le monde. Encore pas ch\u00e8re, excitante et toujours dynamique. D\u00e9p\u00eachez-vous avant qu'il ne soit trop tard !","og_url":"https:\/\/www.heartofgold-hostel.de\/fr\/berlin-fr\/","og_site_name":"Heart of Gold Hostel Berlin","article_publisher":"https:\/\/www.facebook.com\/heart.of.gold.hostel.berlin\/","article_modified_time":"2016-07-08T12:20:19+00:00","og_image":[{"width":180,"height":180,"url":"https:\/\/www.heartofgold-hostel.de\/wp-content\/uploads\/HOG_Logo_braun_180.gif","type":"image\/gif"}],"twitter_misc":{"Dur\u00e9e de lecture estim\u00e9e":"1 minute"},"schema":{"@context":"https:\/\/schema.org","@graph":[{"@type":"WebPage","@id":"https:\/\/www.heartofgold-hostel.de\/fr\/berlin-fr\/","url":"https:\/\/www.heartofgold-hostel.de\/fr\/berlin-fr\/","name":"Berlin - \"Globalement inoffensive\" (Guide du Voyageur Galactique) - Heart of Gold Hostel Berlin","isPartOf":{"@id":"https:\/\/www.heartofgold-hostel.de\/de\/#website"},"datePublished":"2015-10-23T11:57:30+00:00","dateModified":"2016-07-08T12:20:19+00:00","description":"Berlin est devenu l'une des destinations les plus populaires en Europe et dans le monde. Encore pas ch\u00e8re, excitante et toujours dynamique. D\u00e9p\u00eachez-vous avant qu'il ne soit trop tard !","breadcrumb":{"@id":"https:\/\/www.heartofgold-hostel.de\/fr\/berlin-fr\/#breadcrumb"},"inLanguage":"fr-FR","potentialAction":[{"@type":"ReadAction","target":["https:\/\/www.heartofgold-hostel.de\/fr\/berlin-fr\/"]}]},{"@type":"BreadcrumbList","@id":"https:\/\/www.heartofgold-hostel.de\/fr\/berlin-fr\/#breadcrumb","itemListElement":[{"@type":"ListItem","position":1,"name":"Home","item":"https:\/\/www.heartofgold-hostel.de\/fr\/"},{"@type":"ListItem","position":2,"name":"Berlin &#8211; \u00ab\u00a0Globalement inoffensive\u00a0\u00bb (Guide du Voyageur Galactique)"}]},{"@type":"WebSite","@id":"https:\/\/www.heartofgold-hostel.de\/de\/#website","url":"https:\/\/www.heartofgold-hostel.de\/de\/","name":"Heart of Gold Hostel Berlin","description":"the starship Berlin Hostel","publisher":{"@id":"https:\/\/www.heartofgold-hostel.de\/de\/#organization"},"potentialAction":[{"@type":"SearchAction","target":{"@type":"EntryPoint","urlTemplate":"https:\/\/www.heartofgold-hostel.de\/de\/?s={search_term_string}"},"query-input":{"@type":"PropertyValueSpecification","valueRequired":true,"valueName":"search_term_string"}}],"inLanguage":"fr-FR"},{"@type":"Organization","@id":"https:\/\/www.heartofgold-hostel.de\/de\/#organization","name":"Heart of Gold Hostel Berlin","url":"https:\/\/www.heartofgold-hostel.de\/de\/","logo":{"@type":"ImageObject","inLanguage":"fr-FR","@id":"https:\/\/www.heartofgold-hostel.de\/de\/#\/schema\/logo\/image\/","url":"https:\/\/www.heartofgold-hostel.de\/wp-content\/uploads\/HOG_Logo_braun_180.gif","contentUrl":"https:\/\/www.heartofgold-hostel.de\/wp-content\/uploads\/HOG_Logo_braun_180.gif","width":180,"height":180,"caption":"Heart of Gold Hostel Berlin"},"image":{"@id":"https:\/\/www.heartofgold-hostel.de\/de\/#\/schema\/logo\/image\/"},"sameAs":["https:\/\/www.facebook.com\/heart.of.gold.hostel.berlin\/","https:\/\/x.com\/berlinhostel","https:\/\/myspace.com\/hostelberlin","https:\/\/www.pinterest.com\/hoghostel\/heart-of-gold-hostel\/"]}]}},"jetpack_sharing_enabled":true,"jetpack_shortlink":"https:\/\/wp.me\/P7w0Rw-1l2","_links":{"self":[{"href":"https:\/\/www.heartofgold-hostel.de\/fr\/wp-json\/wp\/v2\/pages\/5148"}],"collection":[{"href":"https:\/\/www.heartofgold-hostel.de\/fr\/wp-json\/wp\/v2\/pages"}],"about":[{"href":"https:\/\/www.heartofgold-hostel.de\/fr\/wp-json\/wp\/v2\/types\/page"}],"author":[{"embeddable":true,"href":"https:\/\/www.heartofgold-hostel.de\/fr\/wp-json\/wp\/v2\/users\/7"}],"replies":[{"embeddable":true,"href":"https:\/\/www.heartofgold-hostel.de\/fr\/wp-json\/wp\/v2\/comments?post=5148"}],"version-history":[{"count":5,"href":"https:\/\/www.heartofgold-hostel.de\/fr\/wp-json\/wp\/v2\/pages\/5148\/revisions"}],"predecessor-version":[{"id":5566,"href":"https:\/\/www.heartofgold-hostel.de\/fr\/wp-json\/wp\/v2\/pages\/5148\/revisions\/5566"}],"wp:attachment":[{"href":"https:\/\/www.heartofgold-hostel.de\/fr\/wp-json\/wp\/v2\/media?parent=5148"}],"curies":[{"name":"wp","href":"https:\/\/api.w.org\/{rel}","templated":true}]}}