{"id":5150,"date":"2015-10-23T14:13:12","date_gmt":"2015-10-23T12:13:12","guid":{"rendered":"http:\/\/www.heartofgold-hostel.de\/fr\/reservez-hostel\/"},"modified":"2016-07-08T13:56:48","modified_gmt":"2016-07-08T11:56:48","slug":"reservez-hostel","status":"publish","type":"page","link":"https:\/\/www.heartofgold-hostel.de\/fr\/reservez-hostel\/","title":{"rendered":"R\u00e9servez Votre Lit ! (R\u00e9servation en ligne)"},"content":{"rendered":"<p>Veuillez noter que la ville de Berlin impose une taxe touristique de 5% qui se rajoutera aux prix affich\u00e9s. <a href=\"http:\/\/www.berlin.de\/en\/tourism\/travel-information\/3298255-2862820-city-tax-in-berlin-who-is-to-pay-how-muc.en.html\" target=\"_blank\">plus d\u2019info !<\/a><\/p>\n<p>&nbsp;<\/p>\n<p>Choisissez votre date d&rsquo;arriv\u00e9e et le nombre de nuits et cliquez sur \u00ab\u00a0check availability\u00a0\u00bb pour afficher nos prix et disponibilit\u00e9s !<\/p>\n<p>Nos Prix changent selon les disponibilit\u00e9s. Les couleurs sur le calendrier indiquent si les prix sont plus bas (violet) ou plus haut (jaune) que la normale.<iframe loading=\"lazy\" src=\"https:\/\/book.heartofgold-hostel.de\/remote\/reserv.php?client_id=hog&amp;lang=en\" width=\"750\" height=\"900\" frameborder=\"0\" marginwidth=\"0\" marginheight=\"0\"><\/iframe><\/p>\n","protected":false},"excerpt":{"rendered":"<p>Veuillez noter que la ville de Berlin impose une taxe touristique de 5% qui se rajoutera aux prix affich\u00e9s. plus d\u2019info ! &nbsp; Choisissez votre date d&rsquo;arriv\u00e9e et le nombre de nuits et cliquez sur \u00ab\u00a0check availability\u00a0\u00bb pour afficher nos &hellip; <a href=\"https:\/\/www.heartofgold-hostel.de\/fr\/reservez-hostel\/\">Continuer la lecture <span class=\"meta-nav\">&rarr;<\/span><\/a><\/p>\n","protected":false},"author":7,"featured_media":0,"parent":0,"menu_order":0,"comment_status":"closed","ping_status":"open","template":"onecolumn-page.php","meta":{"_monsterinsights_skip_tracking":false,"_monsterinsights_sitenote_active":false,"_monsterinsights_sitenote_note":"","_monsterinsights_sitenote_category":0,"jetpack_post_was_ever_published":false,"footnotes":""},"yoast_head":"<!-- This site is optimized with the Yoast SEO plugin v24.5 - https:\/\/yoast.com\/wordpress\/plugins\/seo\/ -->\n<title>R\u00e9servez votre Hostel - Heart of Gold Hostel Berlin<\/title>\n<meta name=\"description\" content=\"R\u00e9servez votre Lit - R\u00e9servez directement en ligne ou faites une demande de r\u00e9servation en cas de faibles disponibilit\u00e9s\" \/>\n<meta name=\"robots\" content=\"index, follow, max-snippet:-1, max-image-preview:large, max-video-preview:-1\" \/>\n<link rel=\"canonical\" href=\"https:\/\/www.heartofgold-hostel.de\/fr\/reservez-hostel\/\" \/>\n<meta property=\"og:locale\" content=\"fr_FR\" \/>\n<meta property=\"og:type\" content=\"article\" \/>\n<meta property=\"og:title\" content=\"R\u00e9servez votre Hostel - Heart of Gold Hostel Berlin\" \/>\n<meta property=\"og:description\" content=\"R\u00e9servez votre Lit - R\u00e9servez directement en ligne ou faites une demande de r\u00e9servation en cas de faibles disponibilit\u00e9s\" \/>\n<meta property=\"og:url\" content=\"https:\/\/www.heartofgold-hostel.de\/fr\/reservez-hostel\/\" \/>\n<meta property=\"og:site_name\" content=\"Heart of Gold Hostel Berlin\" \/>\n<meta property=\"article:publisher\" content=\"https:\/\/www.facebook.com\/heart.of.gold.hostel.berlin\/\" \/>\n<meta property=\"article:modified_time\" content=\"2016-07-08T11:56:48+00:00\" \/>\n<meta property=\"og:image\" content=\"https:\/\/www.heartofgold-hostel.de\/wp-content\/uploads\/HOG_Logo_braun_180.gif\" \/>\n\t<meta property=\"og:image:width\" content=\"180\" \/>\n\t<meta property=\"og:image:height\" content=\"180\" \/>\n\t<meta property=\"og:image:type\" content=\"image\/gif\" \/>\n<script type=\"application\/ld+json\" class=\"yoast-schema-graph\">{\"@context\":\"https:\/\/schema.org\",\"@graph\":[{\"@type\":\"WebPage\",\"@id\":\"https:\/\/www.heartofgold-hostel.de\/fr\/reservez-hostel\/\",\"url\":\"https:\/\/www.heartofgold-hostel.de\/fr\/reservez-hostel\/\",\"name\":\"R\u00e9servez votre Hostel - Heart of Gold Hostel Berlin\",\"isPartOf\":{\"@id\":\"https:\/\/www.heartofgold-hostel.de\/de\/#website\"},\"datePublished\":\"2015-10-23T12:13:12+00:00\",\"dateModified\":\"2016-07-08T11:56:48+00:00\",\"description\":\"R\u00e9servez votre Lit - R\u00e9servez directement en ligne ou faites une demande de r\u00e9servation en cas de faibles disponibilit\u00e9s\",\"breadcrumb\":{\"@id\":\"https:\/\/www.heartofgold-hostel.de\/fr\/reservez-hostel\/#breadcrumb\"},\"inLanguage\":\"fr-FR\",\"potentialAction\":[{\"@type\":\"ReadAction\",\"target\":[\"https:\/\/www.heartofgold-hostel.de\/fr\/reservez-hostel\/\"]}]},{\"@type\":\"BreadcrumbList\",\"@id\":\"https:\/\/www.heartofgold-hostel.de\/fr\/reservez-hostel\/#breadcrumb\",\"itemListElement\":[{\"@type\":\"ListItem\",\"position\":1,\"name\":\"Home\",\"item\":\"https:\/\/www.heartofgold-hostel.de\/fr\/\"},{\"@type\":\"ListItem\",\"position\":2,\"name\":\"R\u00e9servez Votre Lit ! (R\u00e9servation en ligne)\"}]},{\"@type\":\"WebSite\",\"@id\":\"https:\/\/www.heartofgold-hostel.de\/de\/#website\",\"url\":\"https:\/\/www.heartofgold-hostel.de\/de\/\",\"name\":\"Heart of Gold Hostel Berlin\",\"description\":\"the starship Berlin Hostel\",\"publisher\":{\"@id\":\"https:\/\/www.heartofgold-hostel.de\/de\/#organization\"},\"potentialAction\":[{\"@type\":\"SearchAction\",\"target\":{\"@type\":\"EntryPoint\",\"urlTemplate\":\"https:\/\/www.heartofgold-hostel.de\/de\/?s={search_term_string}\"},\"query-input\":{\"@type\":\"PropertyValueSpecification\",\"valueRequired\":true,\"valueName\":\"search_term_string\"}}],\"inLanguage\":\"fr-FR\"},{\"@type\":\"Organization\",\"@id\":\"https:\/\/www.heartofgold-hostel.de\/de\/#organization\",\"name\":\"Heart of Gold Hostel Berlin\",\"url\":\"https:\/\/www.heartofgold-hostel.de\/de\/\",\"logo\":{\"@type\":\"ImageObject\",\"inLanguage\":\"fr-FR\",\"@id\":\"https:\/\/www.heartofgold-hostel.de\/de\/#\/schema\/logo\/image\/\",\"url\":\"https:\/\/www.heartofgold-hostel.de\/wp-content\/uploads\/HOG_Logo_braun_180.gif\",\"contentUrl\":\"https:\/\/www.heartofgold-hostel.de\/wp-content\/uploads\/HOG_Logo_braun_180.gif\",\"width\":180,\"height\":180,\"caption\":\"Heart of Gold Hostel Berlin\"},\"image\":{\"@id\":\"https:\/\/www.heartofgold-hostel.de\/de\/#\/schema\/logo\/image\/\"},\"sameAs\":[\"https:\/\/www.facebook.com\/heart.of.gold.hostel.berlin\/\",\"https:\/\/x.com\/berlinhostel\",\"https:\/\/myspace.com\/hostelberlin\",\"https:\/\/www.pinterest.com\/hoghostel\/heart-of-gold-hostel\/\"]}]}<\/script>\n<!-- \/ Yoast SEO plugin. -->","yoast_head_json":{"title":"R\u00e9servez votre Hostel - Heart of Gold Hostel Berlin","description":"R\u00e9servez votre Lit - R\u00e9servez directement en ligne ou faites une demande de r\u00e9servation en cas de faibles disponibilit\u00e9s","robots":{"index":"index","follow":"follow","max-snippet":"max-snippet:-1","max-image-preview":"max-image-preview:large","max-video-preview":"max-video-preview:-1"},"canonical":"https:\/\/www.heartofgold-hostel.de\/fr\/reservez-hostel\/","og_locale":"fr_FR","og_type":"article","og_title":"R\u00e9servez votre Hostel - Heart of Gold Hostel Berlin","og_description":"R\u00e9servez votre Lit - R\u00e9servez directement en ligne ou faites une demande de r\u00e9servation en cas de faibles disponibilit\u00e9s","og_url":"https:\/\/www.heartofgold-hostel.de\/fr\/reservez-hostel\/","og_site_name":"Heart of Gold Hostel Berlin","article_publisher":"https:\/\/www.facebook.com\/heart.of.gold.hostel.berlin\/","article_modified_time":"2016-07-08T11:56:48+00:00","og_image":[{"width":180,"height":180,"url":"https:\/\/www.heartofgold-hostel.de\/wp-content\/uploads\/HOG_Logo_braun_180.gif","type":"image\/gif"}],"schema":{"@context":"https:\/\/schema.org","@graph":[{"@type":"WebPage","@id":"https:\/\/www.heartofgold-hostel.de\/fr\/reservez-hostel\/","url":"https:\/\/www.heartofgold-hostel.de\/fr\/reservez-hostel\/","name":"R\u00e9servez votre Hostel - Heart of Gold Hostel Berlin","isPartOf":{"@id":"https:\/\/www.heartofgold-hostel.de\/de\/#website"},"datePublished":"2015-10-23T12:13:12+00:00","dateModified":"2016-07-08T11:56:48+00:00","description":"R\u00e9servez votre Lit - R\u00e9servez directement en ligne ou faites une demande de r\u00e9servation en cas de faibles disponibilit\u00e9s","breadcrumb":{"@id":"https:\/\/www.heartofgold-hostel.de\/fr\/reservez-hostel\/#breadcrumb"},"inLanguage":"fr-FR","potentialAction":[{"@type":"ReadAction","target":["https:\/\/www.heartofgold-hostel.de\/fr\/reservez-hostel\/"]}]},{"@type":"BreadcrumbList","@id":"https:\/\/www.heartofgold-hostel.de\/fr\/reservez-hostel\/#breadcrumb","itemListElement":[{"@type":"ListItem","position":1,"name":"Home","item":"https:\/\/www.heartofgold-hostel.de\/fr\/"},{"@type":"ListItem","position":2,"name":"R\u00e9servez Votre Lit ! (R\u00e9servation en ligne)"}]},{"@type":"WebSite","@id":"https:\/\/www.heartofgold-hostel.de\/de\/#website","url":"https:\/\/www.heartofgold-hostel.de\/de\/","name":"Heart of Gold Hostel Berlin","description":"the starship Berlin Hostel","publisher":{"@id":"https:\/\/www.heartofgold-hostel.de\/de\/#organization"},"potentialAction":[{"@type":"SearchAction","target":{"@type":"EntryPoint","urlTemplate":"https:\/\/www.heartofgold-hostel.de\/de\/?s={search_term_string}"},"query-input":{"@type":"PropertyValueSpecification","valueRequired":true,"valueName":"search_term_string"}}],"inLanguage":"fr-FR"},{"@type":"Organization","@id":"https:\/\/www.heartofgold-hostel.de\/de\/#organization","name":"Heart of Gold Hostel Berlin","url":"https:\/\/www.heartofgold-hostel.de\/de\/","logo":{"@type":"ImageObject","inLanguage":"fr-FR","@id":"https:\/\/www.heartofgold-hostel.de\/de\/#\/schema\/logo\/image\/","url":"https:\/\/www.heartofgold-hostel.de\/wp-content\/uploads\/HOG_Logo_braun_180.gif","contentUrl":"https:\/\/www.heartofgold-hostel.de\/wp-content\/uploads\/HOG_Logo_braun_180.gif","width":180,"height":180,"caption":"Heart of Gold Hostel Berlin"},"image":{"@id":"https:\/\/www.heartofgold-hostel.de\/de\/#\/schema\/logo\/image\/"},"sameAs":["https:\/\/www.facebook.com\/heart.of.gold.hostel.berlin\/","https:\/\/x.com\/berlinhostel","https:\/\/myspace.com\/hostelberlin","https:\/\/www.pinterest.com\/hoghostel\/heart-of-gold-hostel\/"]}]}},"jetpack_sharing_enabled":true,"jetpack_shortlink":"https:\/\/wp.me\/P7w0Rw-1l4","_links":{"self":[{"href":"https:\/\/www.heartofgold-hostel.de\/fr\/wp-json\/wp\/v2\/pages\/5150"}],"collection":[{"href":"https:\/\/www.heartofgold-hostel.de\/fr\/wp-json\/wp\/v2\/pages"}],"about":[{"href":"https:\/\/www.heartofgold-hostel.de\/fr\/wp-json\/wp\/v2\/types\/page"}],"author":[{"embeddable":true,"href":"https:\/\/www.heartofgold-hostel.de\/fr\/wp-json\/wp\/v2\/users\/7"}],"replies":[{"embeddable":true,"href":"https:\/\/www.heartofgold-hostel.de\/fr\/wp-json\/wp\/v2\/comments?post=5150"}],"version-history":[{"count":6,"href":"https:\/\/www.heartofgold-hostel.de\/fr\/wp-json\/wp\/v2\/pages\/5150\/revisions"}],"predecessor-version":[{"id":5562,"href":"https:\/\/www.heartofgold-hostel.de\/fr\/wp-json\/wp\/v2\/pages\/5150\/revisions\/5562"}],"wp:attachment":[{"href":"https:\/\/www.heartofgold-hostel.de\/fr\/wp-json\/wp\/v2\/media?parent=5150"}],"curies":[{"name":"wp","href":"https:\/\/api.w.org\/{rel}","templated":true}]}}