{"id":5151,"date":"2015-10-23T14:22:07","date_gmt":"2015-10-23T12:22:07","guid":{"rendered":"http:\/\/www.heartofgold-hostel.de\/fr\/chambres\/"},"modified":"2015-10-23T15:28:36","modified_gmt":"2015-10-23T13:28:36","slug":"chambres","status":"publish","type":"page","link":"https:\/\/www.heartofgold-hostel.de\/fr\/chambres\/","title":{"rendered":"Cabines, Chambres, Lits et Sofas"},"content":{"rendered":"<p>Contrairement aux anciens vaisseaux spatiaux, les <strong>cabines du Heart of Gold<\/strong> avec parquet ressemblent un peu \u00e0 des chambres d\u2019H\u00f4tel. De <strong>grandes fen\u00eatres<\/strong>, du sol au plafond, vous offrent une <strong>vue panoramique<\/strong> sur les syst\u00e8mes stellaires environnants. Les cabines sont lumineuses et ensoleill\u00e9es, le haut plafond cr\u00e9e une <strong>sensation d\u2019espace<\/strong> m\u00eame dans les plus grands dortoirs.<\/p>\n<p>La plupart des <strong>Cabines priv\u00e9s<\/strong> sont \u00e9quip\u00e9es d\u2019une <strong>douche et d\u2019un lavabo<\/strong>, certaines ont m\u00eame de grandes et modernes salles de bains.<\/p>\n<p>L\u2019acc\u00e8s aux chambres se fait \u00e0 l\u2019aide de cartes magn\u00e9tiques personnelles afin de vous garantir plus de s\u00e9curit\u00e9. Un r\u00e9seau <strong>Wifi gratuit<\/strong> est accessible \u00e0 la r\u00e9ception, dans la cour int\u00e9rieure, ainsi que dans la Megadorm et chambres du 1<sup>er<\/sup> et 2<sup>\u00e8me<\/sup> \u00e9tage.<\/p>\n<p>&nbsp;<\/p>\n<p><a href=\"https:\/\/www.heartofgold-hostel.de\/wp-content\/uploads\/2011\/05\/IMG_7646_0_3_adjust.jpg\"><img loading=\"lazy\" decoding=\"async\" data-attachment-id=\"2460\" data-permalink=\"https:\/\/www.heartofgold-hostel.de\/fr\/chambres\/twin-room-with-shower-2\/\" data-orig-file=\"https:\/\/www.heartofgold-hostel.de\/wp-content\/uploads\/2011\/05\/IMG_7646_0_3_adjust.jpg\" data-orig-size=\"4086,2725\" data-comments-opened=\"0\" data-image-meta=\"{&quot;aperture&quot;:&quot;0&quot;,&quot;credit&quot;:&quot;&quot;,&quot;camera&quot;:&quot;&quot;,&quot;caption&quot;:&quot;&quot;,&quot;created_timestamp&quot;:&quot;1314716253&quot;,&quot;copyright&quot;:&quot;&quot;,&quot;focal_length&quot;:&quot;0&quot;,&quot;iso&quot;:&quot;0&quot;,&quot;shutter_speed&quot;:&quot;0&quot;,&quot;title&quot;:&quot;&quot;}\" data-image-title=\"Twin Room with shower\" data-image-description=\"\" data-image-caption=\"&lt;p&gt;Twin Room with shower&lt;\/p&gt;\n\" data-medium-file=\"https:\/\/www.heartofgold-hostel.de\/wp-content\/uploads\/2011\/05\/IMG_7646_0_3_adjust-300x200.jpg\" data-large-file=\"https:\/\/www.heartofgold-hostel.de\/wp-content\/uploads\/2011\/05\/IMG_7646_0_3_adjust-1024x682.jpg\" class=\"alignnone wp-image-2460\" style=\"margin: 5px;\" title=\"Twin with Shower\" src=\"https:\/\/www.heartofgold-hostel.de\/wp-content\/uploads\/2011\/05\/IMG_7646_0_3_adjust-300x200.jpg\" alt=\"Twin with Shower - Heart of Gold Hostel Berlin\" width=\"244\" height=\"162\" srcset=\"https:\/\/www.heartofgold-hostel.de\/wp-content\/uploads\/2011\/05\/IMG_7646_0_3_adjust-300x200.jpg 300w, https:\/\/www.heartofgold-hostel.de\/wp-content\/uploads\/2011\/05\/IMG_7646_0_3_adjust-150x100.jpg 150w, https:\/\/www.heartofgold-hostel.de\/wp-content\/uploads\/2011\/05\/IMG_7646_0_3_adjust-1024x682.jpg 1024w\" sizes=\"(max-width: 244px) 100vw, 244px\" \/><\/a><a href=\"https:\/\/www.heartofgold-hostel.de\/wp-content\/uploads\/2011\/05\/quad.jpg\"><img loading=\"lazy\" decoding=\"async\" data-attachment-id=\"2500\" data-permalink=\"https:\/\/www.heartofgold-hostel.de\/fr\/chambres\/4-bed-dorm-2\/\" data-orig-file=\"https:\/\/www.heartofgold-hostel.de\/wp-content\/uploads\/2011\/05\/quad.jpg\" data-orig-size=\"1208,805\" data-comments-opened=\"0\" data-image-meta=\"{&quot;aperture&quot;:&quot;0&quot;,&quot;credit&quot;:&quot;&quot;,&quot;camera&quot;:&quot;&quot;,&quot;caption&quot;:&quot;&quot;,&quot;created_timestamp&quot;:&quot;0&quot;,&quot;copyright&quot;:&quot;&quot;,&quot;focal_length&quot;:&quot;0&quot;,&quot;iso&quot;:&quot;0&quot;,&quot;shutter_speed&quot;:&quot;0&quot;,&quot;title&quot;:&quot;&quot;}\" data-image-title=\"4 bed dorm\" data-image-description=\"\" data-image-caption=\"&lt;p&gt;4 bed dorm&lt;\/p&gt;\n\" data-medium-file=\"https:\/\/www.heartofgold-hostel.de\/wp-content\/uploads\/2011\/05\/quad-300x199.jpg\" data-large-file=\"https:\/\/www.heartofgold-hostel.de\/wp-content\/uploads\/2011\/05\/quad-1024x682.jpg\" class=\"alignnone size-medium wp-image-2500\" style=\"margin: 5px;\" title=\"4 Bed Dorm\" src=\"https:\/\/www.heartofgold-hostel.de\/wp-content\/uploads\/2011\/05\/quad-300x199.jpg\" alt=\"4 Bed Dorm - Heart of Gold Hostel Berlin\" width=\"243\" height=\"161\" srcset=\"https:\/\/www.heartofgold-hostel.de\/wp-content\/uploads\/2011\/05\/quad-300x199.jpg 300w, https:\/\/www.heartofgold-hostel.de\/wp-content\/uploads\/2011\/05\/quad-150x99.jpg 150w, https:\/\/www.heartofgold-hostel.de\/wp-content\/uploads\/2011\/05\/quad-1024x682.jpg 1024w, https:\/\/www.heartofgold-hostel.de\/wp-content\/uploads\/2011\/05\/quad.jpg 1208w\" sizes=\"(max-width: 243px) 100vw, 243px\" \/><\/a><\/p>\n<p>Les <strong>Cabines Dortoirs<\/strong> ont acc\u00e8s \u00e0 plusieurs <strong>salles de bains communes<\/strong> + sont \u00e9quip\u00e9s de <strong>casiers pour garder vous objets de valeur<\/strong>.<\/p>\n<p><a href=\"https:\/\/www.heartofgold-hostel.de\/wp-content\/uploads\/2011\/05\/dorm3.jpg\"><img loading=\"lazy\" decoding=\"async\" data-attachment-id=\"2485\" data-permalink=\"https:\/\/www.heartofgold-hostel.de\/fr\/chambres\/dorm-ape-2\/\" data-orig-file=\"https:\/\/www.heartofgold-hostel.de\/wp-content\/uploads\/2011\/05\/dorm3.jpg\" data-orig-size=\"1119,805\" data-comments-opened=\"0\" data-image-meta=\"{&quot;aperture&quot;:&quot;0&quot;,&quot;credit&quot;:&quot;&quot;,&quot;camera&quot;:&quot;&quot;,&quot;caption&quot;:&quot;&quot;,&quot;created_timestamp&quot;:&quot;0&quot;,&quot;copyright&quot;:&quot;&quot;,&quot;focal_length&quot;:&quot;0&quot;,&quot;iso&quot;:&quot;0&quot;,&quot;shutter_speed&quot;:&quot;0&quot;,&quot;title&quot;:&quot;&quot;}\" data-image-title=\"Dorm Ape\" data-image-description=\"\" data-image-caption=\"&lt;p&gt;Dorm Ape&lt;\/p&gt;\n\" data-medium-file=\"https:\/\/www.heartofgold-hostel.de\/wp-content\/uploads\/2011\/05\/dorm3-300x215.jpg\" data-large-file=\"https:\/\/www.heartofgold-hostel.de\/wp-content\/uploads\/2011\/05\/dorm3-1024x736.jpg\" class=\"alignnone size-medium wp-image-2485\" style=\"margin: 5px;\" title=\"Dorm with Ape\" src=\"https:\/\/www.heartofgold-hostel.de\/wp-content\/uploads\/2011\/05\/dorm3-300x215.jpg\" alt=\"Dorm with Ape - Heart of Gold Hostel Berlin\" width=\"233\" height=\"167\" srcset=\"https:\/\/www.heartofgold-hostel.de\/wp-content\/uploads\/2011\/05\/dorm3-300x215.jpg 300w, https:\/\/www.heartofgold-hostel.de\/wp-content\/uploads\/2011\/05\/dorm3-150x107.jpg 150w, https:\/\/www.heartofgold-hostel.de\/wp-content\/uploads\/2011\/05\/dorm3-1024x736.jpg 1024w, https:\/\/www.heartofgold-hostel.de\/wp-content\/uploads\/2011\/05\/dorm3.jpg 1119w\" sizes=\"(max-width: 233px) 100vw, 233px\" \/><\/a><a href=\"https:\/\/www.heartofgold-hostel.de\/wp-content\/uploads\/2011\/05\/dorm5.jpg\"><img loading=\"lazy\" decoding=\"async\" data-attachment-id=\"2495\" data-permalink=\"https:\/\/www.heartofgold-hostel.de\/fr\/chambres\/dorm-orange-2-2\/\" data-orig-file=\"https:\/\/www.heartofgold-hostel.de\/wp-content\/uploads\/2011\/05\/dorm5.jpg\" data-orig-size=\"1240,825\" data-comments-opened=\"0\" data-image-meta=\"{&quot;aperture&quot;:&quot;0&quot;,&quot;credit&quot;:&quot;&quot;,&quot;camera&quot;:&quot;&quot;,&quot;caption&quot;:&quot;&quot;,&quot;created_timestamp&quot;:&quot;0&quot;,&quot;copyright&quot;:&quot;&quot;,&quot;focal_length&quot;:&quot;0&quot;,&quot;iso&quot;:&quot;0&quot;,&quot;shutter_speed&quot;:&quot;0&quot;,&quot;title&quot;:&quot;&quot;}\" data-image-title=\"Dorm Orange\" data-image-description=\"\" data-image-caption=\"&lt;p&gt;Dorm Orange&lt;\/p&gt;\n\" data-medium-file=\"https:\/\/www.heartofgold-hostel.de\/wp-content\/uploads\/2011\/05\/dorm5-300x199.jpg\" data-large-file=\"https:\/\/www.heartofgold-hostel.de\/wp-content\/uploads\/2011\/05\/dorm5-1024x681.jpg\" class=\"alignnone size-medium wp-image-2495\" style=\"margin: 5px;\" title=\"dorm5\" src=\"https:\/\/www.heartofgold-hostel.de\/wp-content\/uploads\/2011\/05\/dorm5-300x199.jpg\" alt=\"\" width=\"251\" height=\"166\" srcset=\"https:\/\/www.heartofgold-hostel.de\/wp-content\/uploads\/2011\/05\/dorm5-300x199.jpg 300w, https:\/\/www.heartofgold-hostel.de\/wp-content\/uploads\/2011\/05\/dorm5-150x99.jpg 150w, https:\/\/www.heartofgold-hostel.de\/wp-content\/uploads\/2011\/05\/dorm5-1024x681.jpg 1024w, https:\/\/www.heartofgold-hostel.de\/wp-content\/uploads\/2011\/05\/dorm5.jpg 1240w\" sizes=\"(max-width: 251px) 100vw, 251px\" \/><\/a><a href=\"https:\/\/www.heartofgold-hostel.de\/wp-content\/uploads\/2011\/05\/dorm4.jpg\"><img loading=\"lazy\" decoding=\"async\" data-attachment-id=\"2490\" data-permalink=\"https:\/\/www.heartofgold-hostel.de\/fr\/chambres\/dorm-42-2\/\" data-orig-file=\"https:\/\/www.heartofgold-hostel.de\/wp-content\/uploads\/2011\/05\/dorm4.jpg\" data-orig-size=\"780,1130\" data-comments-opened=\"0\" data-image-meta=\"{&quot;aperture&quot;:&quot;0&quot;,&quot;credit&quot;:&quot;&quot;,&quot;camera&quot;:&quot;&quot;,&quot;caption&quot;:&quot;&quot;,&quot;created_timestamp&quot;:&quot;0&quot;,&quot;copyright&quot;:&quot;&quot;,&quot;focal_length&quot;:&quot;0&quot;,&quot;iso&quot;:&quot;0&quot;,&quot;shutter_speed&quot;:&quot;0&quot;,&quot;title&quot;:&quot;&quot;}\" data-image-title=\"Dorm 42\" data-image-description=\"\" data-image-caption=\"&lt;p&gt;Dorm 42&lt;\/p&gt;\n\" data-medium-file=\"https:\/\/www.heartofgold-hostel.de\/wp-content\/uploads\/2011\/05\/dorm4-207x300.jpg\" data-large-file=\"https:\/\/www.heartofgold-hostel.de\/wp-content\/uploads\/2011\/05\/dorm4-706x1024.jpg\" class=\"alignnone size-medium wp-image-2490\" style=\"margin: 5px;\" title=\"Dorm\" src=\"https:\/\/www.heartofgold-hostel.de\/wp-content\/uploads\/2011\/05\/dorm4-207x300.jpg\" alt=\"\" width=\"152\" height=\"219\" srcset=\"https:\/\/www.heartofgold-hostel.de\/wp-content\/uploads\/2011\/05\/dorm4-207x300.jpg 207w, https:\/\/www.heartofgold-hostel.de\/wp-content\/uploads\/2011\/05\/dorm4-706x1024.jpg 706w, https:\/\/www.heartofgold-hostel.de\/wp-content\/uploads\/2011\/05\/dorm4.jpg 780w\" sizes=\"(max-width: 152px) 100vw, 152px\" \/><\/a><a href=\"https:\/\/www.heartofgold-hostel.de\/wp-content\/uploads\/2011\/05\/dorm2.jpg\"><img loading=\"lazy\" decoding=\"async\" data-attachment-id=\"2480\" data-permalink=\"https:\/\/www.heartofgold-hostel.de\/fr\/chambres\/dorm-vogon-2\/\" data-orig-file=\"https:\/\/www.heartofgold-hostel.de\/wp-content\/uploads\/2011\/05\/dorm2.jpg\" data-orig-size=\"1131,753\" data-comments-opened=\"0\" data-image-meta=\"{&quot;aperture&quot;:&quot;0&quot;,&quot;credit&quot;:&quot;&quot;,&quot;camera&quot;:&quot;&quot;,&quot;caption&quot;:&quot;&quot;,&quot;created_timestamp&quot;:&quot;0&quot;,&quot;copyright&quot;:&quot;&quot;,&quot;focal_length&quot;:&quot;0&quot;,&quot;iso&quot;:&quot;0&quot;,&quot;shutter_speed&quot;:&quot;0&quot;,&quot;title&quot;:&quot;&quot;}\" data-image-title=\"Dorm Vogon\" data-image-description=\"\" data-image-caption=\"&lt;p&gt;Dorm Vogon&lt;\/p&gt;\n\" data-medium-file=\"https:\/\/www.heartofgold-hostel.de\/wp-content\/uploads\/2011\/05\/dorm2-300x199.jpg\" data-large-file=\"https:\/\/www.heartofgold-hostel.de\/wp-content\/uploads\/2011\/05\/dorm2-1024x681.jpg\" class=\"alignnone size-medium wp-image-2480\" style=\"margin: 5px;\" title=\"Dorm Vogon\" src=\"https:\/\/www.heartofgold-hostel.de\/wp-content\/uploads\/2011\/05\/dorm2-300x199.jpg\" alt=\"Dorm Vogon - Heart of Gold Hostel Berlin\" width=\"332\" height=\"220\" srcset=\"https:\/\/www.heartofgold-hostel.de\/wp-content\/uploads\/2011\/05\/dorm2-300x199.jpg 300w, https:\/\/www.heartofgold-hostel.de\/wp-content\/uploads\/2011\/05\/dorm2-150x99.jpg 150w, https:\/\/www.heartofgold-hostel.de\/wp-content\/uploads\/2011\/05\/dorm2-1024x681.jpg 1024w, https:\/\/www.heartofgold-hostel.de\/wp-content\/uploads\/2011\/05\/dorm2.jpg 1131w\" sizes=\"(max-width: 332px) 100vw, 332px\" \/><\/a><\/p>\n<p>Choisissez <strong>l\u2019appartement-cabines<\/strong> \u00e0 l\u2019\u00e9tage sup\u00e9rieur afin de profiter de <strong>salle de bains priv\u00e9es<\/strong>, certains \u00e9quip\u00e9s d\u2019une <strong>cuisine et terrasse<\/strong> avec vue\u00a0!<\/p>\n<p><a href=\"https:\/\/www.heartofgold-hostel.de\/wp-content\/uploads\/2011\/05\/apt1.jpg\"><img loading=\"lazy\" decoding=\"async\" data-attachment-id=\"2465\" data-permalink=\"https:\/\/www.heartofgold-hostel.de\/fr\/chambres\/6-bed-dorm-hostel-berlin-2\/\" data-orig-file=\"https:\/\/www.heartofgold-hostel.de\/wp-content\/uploads\/2011\/05\/apt1.jpg\" data-orig-size=\"1122,791\" data-comments-opened=\"0\" data-image-meta=\"{&quot;aperture&quot;:&quot;0&quot;,&quot;credit&quot;:&quot;&quot;,&quot;camera&quot;:&quot;&quot;,&quot;caption&quot;:&quot;&quot;,&quot;created_timestamp&quot;:&quot;0&quot;,&quot;copyright&quot;:&quot;&quot;,&quot;focal_length&quot;:&quot;0&quot;,&quot;iso&quot;:&quot;0&quot;,&quot;shutter_speed&quot;:&quot;0&quot;,&quot;title&quot;:&quot;&quot;}\" data-image-title=\"6 bed dorm\" data-image-description=\"\" data-image-caption=\"&lt;p&gt;6 bed dorm&lt;\/p&gt;\n\" data-medium-file=\"https:\/\/www.heartofgold-hostel.de\/wp-content\/uploads\/2011\/05\/apt1-300x211.jpg\" data-large-file=\"https:\/\/www.heartofgold-hostel.de\/wp-content\/uploads\/2011\/05\/apt1-1024x721.jpg\" class=\"alignnone wp-image-2465\" style=\"margin: 10px 5px;\" title=\"6 Bed Dorm\" src=\"https:\/\/www.heartofgold-hostel.de\/wp-content\/uploads\/2011\/05\/apt1-300x211.jpg\" alt=\"6 Bed Dorm - Heart of Gold Hostel Berlin\" width=\"327\" height=\"229\" srcset=\"https:\/\/www.heartofgold-hostel.de\/wp-content\/uploads\/2011\/05\/apt1-300x211.jpg 300w, https:\/\/www.heartofgold-hostel.de\/wp-content\/uploads\/2011\/05\/apt1-150x105.jpg 150w, https:\/\/www.heartofgold-hostel.de\/wp-content\/uploads\/2011\/05\/apt1-1024x721.jpg 1024w\" sizes=\"(max-width: 327px) 100vw, 327px\" \/><\/a><a href=\"https:\/\/www.heartofgold-hostel.de\/wp-content\/uploads\/2011\/05\/apt2.jpg\"><img loading=\"lazy\" decoding=\"async\" data-attachment-id=\"2470\" data-permalink=\"https:\/\/www.heartofgold-hostel.de\/fr\/chambres\/6-bed-dorm-2-2\/\" data-orig-file=\"https:\/\/www.heartofgold-hostel.de\/wp-content\/uploads\/2011\/05\/apt2.jpg\" data-orig-size=\"811,1172\" data-comments-opened=\"0\" data-image-meta=\"{&quot;aperture&quot;:&quot;0&quot;,&quot;credit&quot;:&quot;&quot;,&quot;camera&quot;:&quot;&quot;,&quot;caption&quot;:&quot;&quot;,&quot;created_timestamp&quot;:&quot;0&quot;,&quot;copyright&quot;:&quot;&quot;,&quot;focal_length&quot;:&quot;0&quot;,&quot;iso&quot;:&quot;0&quot;,&quot;shutter_speed&quot;:&quot;0&quot;,&quot;title&quot;:&quot;&quot;}\" data-image-title=\"6 bed dorm\" data-image-description=\"\" data-image-caption=\"&lt;p&gt;6 bed dorm&lt;\/p&gt;\n\" data-medium-file=\"https:\/\/www.heartofgold-hostel.de\/wp-content\/uploads\/2011\/05\/apt2-207x300.jpg\" data-large-file=\"https:\/\/www.heartofgold-hostel.de\/wp-content\/uploads\/2011\/05\/apt2-708x1024.jpg\" class=\"alignnone wp-image-2470\" style=\"margin: 10px 5px;\" title=\"6 Bed Dorm\" src=\"https:\/\/www.heartofgold-hostel.de\/wp-content\/uploads\/2011\/05\/apt2-207x300.jpg\" alt=\"6 Bed Dorm - Heart of Gold Hostel Berlin\" width=\"158\" height=\"228\" srcset=\"https:\/\/www.heartofgold-hostel.de\/wp-content\/uploads\/2011\/05\/apt2-207x300.jpg 207w, https:\/\/www.heartofgold-hostel.de\/wp-content\/uploads\/2011\/05\/apt2-103x150.jpg 103w, https:\/\/www.heartofgold-hostel.de\/wp-content\/uploads\/2011\/05\/apt2-708x1024.jpg 708w, https:\/\/www.heartofgold-hostel.de\/wp-content\/uploads\/2011\/05\/apt2.jpg 811w\" sizes=\"(max-width: 158px) 100vw, 158px\" \/><\/a><\/p>\n","protected":false},"excerpt":{"rendered":"<p>Contrairement aux anciens vaisseaux spatiaux, les cabines du Heart of Gold avec parquet ressemblent un peu \u00e0 des chambres d\u2019H\u00f4tel. De grandes fen\u00eatres, du sol au plafond, vous offrent une vue panoramique sur les syst\u00e8mes stellaires environnants. Les cabines sont &hellip; <a href=\"https:\/\/www.heartofgold-hostel.de\/fr\/chambres\/\">Continuer la lecture <span class=\"meta-nav\">&rarr;<\/span><\/a><\/p>\n","protected":false},"author":7,"featured_media":0,"parent":0,"menu_order":0,"comment_status":"closed","ping_status":"open","template":"","meta":{"_monsterinsights_skip_tracking":false,"_monsterinsights_sitenote_active":false,"_monsterinsights_sitenote_note":"","_monsterinsights_sitenote_category":0,"jetpack_post_was_ever_published":false,"footnotes":""},"yoast_head":"<!-- This site is optimized with the Yoast SEO plugin v24.5 - https:\/\/yoast.com\/wordpress\/plugins\/seo\/ -->\n<title>Cabines, Chambres, Lits et Sofas - Heart of Gold Hostel Berlin<\/title>\n<meta name=\"description\" content=\"Inspir\u00e9 par le &quot;Guide du Voyageur Galactique&quot;, plusieurs chambres ont \u00e9t\u00e9 d\u00e9cor\u00e9es de fa\u00e7on \u00e0 vous donner la sensation de voyager au bord d&#039;un vaisseau spatial.\" \/>\n<meta name=\"robots\" content=\"index, follow, max-snippet:-1, max-image-preview:large, max-video-preview:-1\" \/>\n<link rel=\"canonical\" href=\"https:\/\/www.heartofgold-hostel.de\/fr\/chambres\/\" \/>\n<meta property=\"og:locale\" content=\"fr_FR\" \/>\n<meta property=\"og:type\" content=\"article\" \/>\n<meta property=\"og:title\" content=\"Cabines, Chambres, Lits et Sofas - Heart of Gold Hostel Berlin\" \/>\n<meta property=\"og:description\" content=\"Inspir\u00e9 par le &quot;Guide du Voyageur Galactique&quot;, plusieurs chambres ont \u00e9t\u00e9 d\u00e9cor\u00e9es de fa\u00e7on \u00e0 vous donner la sensation de voyager au bord d&#039;un vaisseau spatial.\" \/>\n<meta property=\"og:url\" content=\"https:\/\/www.heartofgold-hostel.de\/fr\/chambres\/\" \/>\n<meta property=\"og:site_name\" content=\"Heart of Gold Hostel Berlin\" \/>\n<meta property=\"article:publisher\" content=\"https:\/\/www.facebook.com\/heart.of.gold.hostel.berlin\/\" \/>\n<meta property=\"article:modified_time\" content=\"2015-10-23T13:28:36+00:00\" \/>\n<meta property=\"og:image\" content=\"http:\/\/www.heartofgold-hostel.de\/wp-content\/uploads\/2011\/05\/IMG_7646_0_3_adjust-300x200.jpg\" \/>\n<meta name=\"twitter:label1\" content=\"Dur\u00e9e de lecture estim\u00e9e\" \/>\n\t<meta name=\"twitter:data1\" content=\"1 minute\" \/>\n<script type=\"application\/ld+json\" class=\"yoast-schema-graph\">{\"@context\":\"https:\/\/schema.org\",\"@graph\":[{\"@type\":\"WebPage\",\"@id\":\"https:\/\/www.heartofgold-hostel.de\/fr\/chambres\/\",\"url\":\"https:\/\/www.heartofgold-hostel.de\/fr\/chambres\/\",\"name\":\"Cabines, Chambres, Lits et Sofas - Heart of Gold Hostel Berlin\",\"isPartOf\":{\"@id\":\"https:\/\/www.heartofgold-hostel.de\/de\/#website\"},\"primaryImageOfPage\":{\"@id\":\"https:\/\/www.heartofgold-hostel.de\/fr\/chambres\/#primaryimage\"},\"image\":{\"@id\":\"https:\/\/www.heartofgold-hostel.de\/fr\/chambres\/#primaryimage\"},\"thumbnailUrl\":\"https:\/\/www.heartofgold-hostel.de\/wp-content\/uploads\/2011\/05\/IMG_7646_0_3_adjust-300x200.jpg\",\"datePublished\":\"2015-10-23T12:22:07+00:00\",\"dateModified\":\"2015-10-23T13:28:36+00:00\",\"description\":\"Inspir\u00e9 par le \\\"Guide du Voyageur Galactique\\\", plusieurs chambres ont \u00e9t\u00e9 d\u00e9cor\u00e9es de fa\u00e7on \u00e0 vous donner la sensation de voyager au bord d'un vaisseau spatial.\",\"breadcrumb\":{\"@id\":\"https:\/\/www.heartofgold-hostel.de\/fr\/chambres\/#breadcrumb\"},\"inLanguage\":\"fr-FR\",\"potentialAction\":[{\"@type\":\"ReadAction\",\"target\":[\"https:\/\/www.heartofgold-hostel.de\/fr\/chambres\/\"]}]},{\"@type\":\"ImageObject\",\"inLanguage\":\"fr-FR\",\"@id\":\"https:\/\/www.heartofgold-hostel.de\/fr\/chambres\/#primaryimage\",\"url\":\"https:\/\/www.heartofgold-hostel.de\/wp-content\/uploads\/2011\/05\/IMG_7646_0_3_adjust-300x200.jpg\",\"contentUrl\":\"https:\/\/www.heartofgold-hostel.de\/wp-content\/uploads\/2011\/05\/IMG_7646_0_3_adjust-300x200.jpg\"},{\"@type\":\"BreadcrumbList\",\"@id\":\"https:\/\/www.heartofgold-hostel.de\/fr\/chambres\/#breadcrumb\",\"itemListElement\":[{\"@type\":\"ListItem\",\"position\":1,\"name\":\"Home\",\"item\":\"https:\/\/www.heartofgold-hostel.de\/fr\/\"},{\"@type\":\"ListItem\",\"position\":2,\"name\":\"Cabines, Chambres, Lits et Sofas\"}]},{\"@type\":\"WebSite\",\"@id\":\"https:\/\/www.heartofgold-hostel.de\/de\/#website\",\"url\":\"https:\/\/www.heartofgold-hostel.de\/de\/\",\"name\":\"Heart of Gold Hostel Berlin\",\"description\":\"the starship Berlin Hostel\",\"publisher\":{\"@id\":\"https:\/\/www.heartofgold-hostel.de\/de\/#organization\"},\"potentialAction\":[{\"@type\":\"SearchAction\",\"target\":{\"@type\":\"EntryPoint\",\"urlTemplate\":\"https:\/\/www.heartofgold-hostel.de\/de\/?s={search_term_string}\"},\"query-input\":{\"@type\":\"PropertyValueSpecification\",\"valueRequired\":true,\"valueName\":\"search_term_string\"}}],\"inLanguage\":\"fr-FR\"},{\"@type\":\"Organization\",\"@id\":\"https:\/\/www.heartofgold-hostel.de\/de\/#organization\",\"name\":\"Heart of Gold Hostel Berlin\",\"url\":\"https:\/\/www.heartofgold-hostel.de\/de\/\",\"logo\":{\"@type\":\"ImageObject\",\"inLanguage\":\"fr-FR\",\"@id\":\"https:\/\/www.heartofgold-hostel.de\/de\/#\/schema\/logo\/image\/\",\"url\":\"https:\/\/www.heartofgold-hostel.de\/wp-content\/uploads\/HOG_Logo_braun_180.gif\",\"contentUrl\":\"https:\/\/www.heartofgold-hostel.de\/wp-content\/uploads\/HOG_Logo_braun_180.gif\",\"width\":180,\"height\":180,\"caption\":\"Heart of Gold Hostel Berlin\"},\"image\":{\"@id\":\"https:\/\/www.heartofgold-hostel.de\/de\/#\/schema\/logo\/image\/\"},\"sameAs\":[\"https:\/\/www.facebook.com\/heart.of.gold.hostel.berlin\/\",\"https:\/\/x.com\/berlinhostel\",\"https:\/\/myspace.com\/hostelberlin\",\"https:\/\/www.pinterest.com\/hoghostel\/heart-of-gold-hostel\/\"]}]}<\/script>\n<!-- \/ Yoast SEO plugin. -->","yoast_head_json":{"title":"Cabines, Chambres, Lits et Sofas - Heart of Gold Hostel Berlin","description":"Inspir\u00e9 par le \"Guide du Voyageur Galactique\", plusieurs chambres ont \u00e9t\u00e9 d\u00e9cor\u00e9es de fa\u00e7on \u00e0 vous donner la sensation de voyager au bord d'un vaisseau spatial.","robots":{"index":"index","follow":"follow","max-snippet":"max-snippet:-1","max-image-preview":"max-image-preview:large","max-video-preview":"max-video-preview:-1"},"canonical":"https:\/\/www.heartofgold-hostel.de\/fr\/chambres\/","og_locale":"fr_FR","og_type":"article","og_title":"Cabines, Chambres, Lits et Sofas - Heart of Gold Hostel Berlin","og_description":"Inspir\u00e9 par le \"Guide du Voyageur Galactique\", plusieurs chambres ont \u00e9t\u00e9 d\u00e9cor\u00e9es de fa\u00e7on \u00e0 vous donner la sensation de voyager au bord d'un vaisseau spatial.","og_url":"https:\/\/www.heartofgold-hostel.de\/fr\/chambres\/","og_site_name":"Heart of Gold Hostel Berlin","article_publisher":"https:\/\/www.facebook.com\/heart.of.gold.hostel.berlin\/","article_modified_time":"2015-10-23T13:28:36+00:00","og_image":[{"url":"http:\/\/www.heartofgold-hostel.de\/wp-content\/uploads\/2011\/05\/IMG_7646_0_3_adjust-300x200.jpg","type":"","width":"","height":""}],"twitter_misc":{"Dur\u00e9e de lecture estim\u00e9e":"1 minute"},"schema":{"@context":"https:\/\/schema.org","@graph":[{"@type":"WebPage","@id":"https:\/\/www.heartofgold-hostel.de\/fr\/chambres\/","url":"https:\/\/www.heartofgold-hostel.de\/fr\/chambres\/","name":"Cabines, Chambres, Lits et Sofas - Heart of Gold Hostel Berlin","isPartOf":{"@id":"https:\/\/www.heartofgold-hostel.de\/de\/#website"},"primaryImageOfPage":{"@id":"https:\/\/www.heartofgold-hostel.de\/fr\/chambres\/#primaryimage"},"image":{"@id":"https:\/\/www.heartofgold-hostel.de\/fr\/chambres\/#primaryimage"},"thumbnailUrl":"https:\/\/www.heartofgold-hostel.de\/wp-content\/uploads\/2011\/05\/IMG_7646_0_3_adjust-300x200.jpg","datePublished":"2015-10-23T12:22:07+00:00","dateModified":"2015-10-23T13:28:36+00:00","description":"Inspir\u00e9 par le \"Guide du Voyageur Galactique\", plusieurs chambres ont \u00e9t\u00e9 d\u00e9cor\u00e9es de fa\u00e7on \u00e0 vous donner la sensation de voyager au bord d'un vaisseau spatial.","breadcrumb":{"@id":"https:\/\/www.heartofgold-hostel.de\/fr\/chambres\/#breadcrumb"},"inLanguage":"fr-FR","potentialAction":[{"@type":"ReadAction","target":["https:\/\/www.heartofgold-hostel.de\/fr\/chambres\/"]}]},{"@type":"ImageObject","inLanguage":"fr-FR","@id":"https:\/\/www.heartofgold-hostel.de\/fr\/chambres\/#primaryimage","url":"https:\/\/www.heartofgold-hostel.de\/wp-content\/uploads\/2011\/05\/IMG_7646_0_3_adjust-300x200.jpg","contentUrl":"https:\/\/www.heartofgold-hostel.de\/wp-content\/uploads\/2011\/05\/IMG_7646_0_3_adjust-300x200.jpg"},{"@type":"BreadcrumbList","@id":"https:\/\/www.heartofgold-hostel.de\/fr\/chambres\/#breadcrumb","itemListElement":[{"@type":"ListItem","position":1,"name":"Home","item":"https:\/\/www.heartofgold-hostel.de\/fr\/"},{"@type":"ListItem","position":2,"name":"Cabines, Chambres, Lits et Sofas"}]},{"@type":"WebSite","@id":"https:\/\/www.heartofgold-hostel.de\/de\/#website","url":"https:\/\/www.heartofgold-hostel.de\/de\/","name":"Heart of Gold Hostel Berlin","description":"the starship Berlin Hostel","publisher":{"@id":"https:\/\/www.heartofgold-hostel.de\/de\/#organization"},"potentialAction":[{"@type":"SearchAction","target":{"@type":"EntryPoint","urlTemplate":"https:\/\/www.heartofgold-hostel.de\/de\/?s={search_term_string}"},"query-input":{"@type":"PropertyValueSpecification","valueRequired":true,"valueName":"search_term_string"}}],"inLanguage":"fr-FR"},{"@type":"Organization","@id":"https:\/\/www.heartofgold-hostel.de\/de\/#organization","name":"Heart of Gold Hostel Berlin","url":"https:\/\/www.heartofgold-hostel.de\/de\/","logo":{"@type":"ImageObject","inLanguage":"fr-FR","@id":"https:\/\/www.heartofgold-hostel.de\/de\/#\/schema\/logo\/image\/","url":"https:\/\/www.heartofgold-hostel.de\/wp-content\/uploads\/HOG_Logo_braun_180.gif","contentUrl":"https:\/\/www.heartofgold-hostel.de\/wp-content\/uploads\/HOG_Logo_braun_180.gif","width":180,"height":180,"caption":"Heart of Gold Hostel Berlin"},"image":{"@id":"https:\/\/www.heartofgold-hostel.de\/de\/#\/schema\/logo\/image\/"},"sameAs":["https:\/\/www.facebook.com\/heart.of.gold.hostel.berlin\/","https:\/\/x.com\/berlinhostel","https:\/\/myspace.com\/hostelberlin","https:\/\/www.pinterest.com\/hoghostel\/heart-of-gold-hostel\/"]}]}},"jetpack_sharing_enabled":true,"jetpack_shortlink":"https:\/\/wp.me\/P7w0Rw-1l5","_links":{"self":[{"href":"https:\/\/www.heartofgold-hostel.de\/fr\/wp-json\/wp\/v2\/pages\/5151"}],"collection":[{"href":"https:\/\/www.heartofgold-hostel.de\/fr\/wp-json\/wp\/v2\/pages"}],"about":[{"href":"https:\/\/www.heartofgold-hostel.de\/fr\/wp-json\/wp\/v2\/types\/page"}],"author":[{"embeddable":true,"href":"https:\/\/www.heartofgold-hostel.de\/fr\/wp-json\/wp\/v2\/users\/7"}],"replies":[{"embeddable":true,"href":"https:\/\/www.heartofgold-hostel.de\/fr\/wp-json\/wp\/v2\/comments?post=5151"}],"version-history":[{"count":1,"href":"https:\/\/www.heartofgold-hostel.de\/fr\/wp-json\/wp\/v2\/pages\/5151\/revisions"}],"predecessor-version":[{"id":5163,"href":"https:\/\/www.heartofgold-hostel.de\/fr\/wp-json\/wp\/v2\/pages\/5151\/revisions\/5163"}],"wp:attachment":[{"href":"https:\/\/www.heartofgold-hostel.de\/fr\/wp-json\/wp\/v2\/media?parent=5151"}],"curies":[{"name":"wp","href":"https:\/\/api.w.org\/{rel}","templated":true}]}}