{"id":5152,"date":"2015-10-23T14:27:10","date_gmt":"2015-10-23T12:27:10","guid":{"rendered":"http:\/\/www.heartofgold-hostel.de\/fr\/contact\/"},"modified":"2016-05-06T15:53:09","modified_gmt":"2016-05-06T13:53:09","slug":"contact-fr","status":"publish","type":"page","link":"https:\/\/www.heartofgold-hostel.de\/fr\/contact-fr\/","title":{"rendered":"Contact"},"content":{"rendered":"<p>Heart of Gold Hostel Berlin<br \/>\nJohannisstr. 11<br \/>\n10117 Berlin<\/p>\n<p>T\u00e9l\u00e9phone r\u00e9ception (24h) : +49 (0) 30 2900 3300<br \/>\nfax: +49 (0)30 290 44 717<br \/>\nbridge@heartofgold-hostel.de<br \/>\nwww.heartofgold-hostel.de<\/p>\n<p>Bureau<br \/>\nPour les r\u00e9servations de groupes ou modification de r\u00e9servations veuillez nous envoyer un Email !<br \/>\nPour vos questions g\u00e9n\u00e9rales, nous vous r\u00e9pondons par t\u00e9l\u00e9phone.<br \/>\nLun-Ven\u00a0\u00a0 10:00 &#8211; 16:00<br \/>\nT\u00e9l: 030 2809 79 78<br \/>\nFax: 030 2809 79 77<br \/>\noffice@heartofgold-hostel.de<\/p>\n<p>L\u2019\u00e9quipe du vaisseau spatial des routards<\/p>\n<p>membre de la backpacker network en Allemagne<br \/>\nwww.german-hostels.de<\/p>\n","protected":false},"excerpt":{"rendered":"<p>Heart of Gold Hostel Berlin Johannisstr. 11 10117 Berlin T\u00e9l\u00e9phone r\u00e9ception (24h) : +49 (0) 30 2900 3300 fax: +49 (0)30 290 44 717 bridge@heartofgold-hostel.de www.heartofgold-hostel.de Bureau Pour les r\u00e9servations de groupes ou modification de r\u00e9servations veuillez nous envoyer un &hellip; <a href=\"https:\/\/www.heartofgold-hostel.de\/fr\/contact-fr\/\">Continuer la lecture <span class=\"meta-nav\">&rarr;<\/span><\/a><\/p>\n","protected":false},"author":7,"featured_media":0,"parent":0,"menu_order":0,"comment_status":"closed","ping_status":"open","template":"","meta":{"_monsterinsights_skip_tracking":false,"_monsterinsights_sitenote_active":false,"_monsterinsights_sitenote_note":"","_monsterinsights_sitenote_category":0,"jetpack_post_was_ever_published":false,"footnotes":""},"yoast_head":"<!-- This site is optimized with the Yoast SEO plugin v24.5 - https:\/\/yoast.com\/wordpress\/plugins\/seo\/ -->\n<title>Contact - Heart of Gold Hostel Berlin<\/title>\n<meta name=\"description\" content=\"Vous pouvez nous contacter au Heart of Gold Hostel par E-mail ou par t\u00e9l\u00e9phone - Nous sommes ouvert 24\/7 toute l&#039;ann\u00e9e\" \/>\n<meta name=\"robots\" content=\"index, follow, max-snippet:-1, max-image-preview:large, max-video-preview:-1\" \/>\n<link rel=\"canonical\" href=\"https:\/\/www.heartofgold-hostel.de\/fr\/contact-fr\/\" \/>\n<meta property=\"og:locale\" content=\"fr_FR\" \/>\n<meta property=\"og:type\" content=\"article\" \/>\n<meta property=\"og:title\" content=\"Contact - Heart of Gold Hostel Berlin\" \/>\n<meta property=\"og:description\" content=\"Vous pouvez nous contacter au Heart of Gold Hostel par E-mail ou par t\u00e9l\u00e9phone - Nous sommes ouvert 24\/7 toute l&#039;ann\u00e9e\" \/>\n<meta property=\"og:url\" content=\"https:\/\/www.heartofgold-hostel.de\/fr\/contact-fr\/\" \/>\n<meta property=\"og:site_name\" content=\"Heart of Gold Hostel Berlin\" \/>\n<meta property=\"article:publisher\" content=\"https:\/\/www.facebook.com\/heart.of.gold.hostel.berlin\/\" \/>\n<meta property=\"article:modified_time\" content=\"2016-05-06T13:53:09+00:00\" \/>\n<meta property=\"og:image\" content=\"https:\/\/www.heartofgold-hostel.de\/wp-content\/uploads\/HOG_Logo_braun_180.gif\" \/>\n\t<meta property=\"og:image:width\" content=\"180\" \/>\n\t<meta property=\"og:image:height\" content=\"180\" \/>\n\t<meta property=\"og:image:type\" content=\"image\/gif\" \/>\n<script type=\"application\/ld+json\" class=\"yoast-schema-graph\">{\"@context\":\"https:\/\/schema.org\",\"@graph\":[{\"@type\":\"WebPage\",\"@id\":\"https:\/\/www.heartofgold-hostel.de\/fr\/contact-fr\/\",\"url\":\"https:\/\/www.heartofgold-hostel.de\/fr\/contact-fr\/\",\"name\":\"Contact - Heart of Gold Hostel Berlin\",\"isPartOf\":{\"@id\":\"https:\/\/www.heartofgold-hostel.de\/de\/#website\"},\"datePublished\":\"2015-10-23T12:27:10+00:00\",\"dateModified\":\"2016-05-06T13:53:09+00:00\",\"description\":\"Vous pouvez nous contacter au Heart of Gold Hostel par E-mail ou par t\u00e9l\u00e9phone - Nous sommes ouvert 24\/7 toute l'ann\u00e9e\",\"breadcrumb\":{\"@id\":\"https:\/\/www.heartofgold-hostel.de\/fr\/contact-fr\/#breadcrumb\"},\"inLanguage\":\"fr-FR\",\"potentialAction\":[{\"@type\":\"ReadAction\",\"target\":[\"https:\/\/www.heartofgold-hostel.de\/fr\/contact-fr\/\"]}]},{\"@type\":\"BreadcrumbList\",\"@id\":\"https:\/\/www.heartofgold-hostel.de\/fr\/contact-fr\/#breadcrumb\",\"itemListElement\":[{\"@type\":\"ListItem\",\"position\":1,\"name\":\"Home\",\"item\":\"https:\/\/www.heartofgold-hostel.de\/fr\/\"},{\"@type\":\"ListItem\",\"position\":2,\"name\":\"Contact\"}]},{\"@type\":\"WebSite\",\"@id\":\"https:\/\/www.heartofgold-hostel.de\/de\/#website\",\"url\":\"https:\/\/www.heartofgold-hostel.de\/de\/\",\"name\":\"Heart of Gold Hostel Berlin\",\"description\":\"the starship Berlin Hostel\",\"publisher\":{\"@id\":\"https:\/\/www.heartofgold-hostel.de\/de\/#organization\"},\"potentialAction\":[{\"@type\":\"SearchAction\",\"target\":{\"@type\":\"EntryPoint\",\"urlTemplate\":\"https:\/\/www.heartofgold-hostel.de\/de\/?s={search_term_string}\"},\"query-input\":{\"@type\":\"PropertyValueSpecification\",\"valueRequired\":true,\"valueName\":\"search_term_string\"}}],\"inLanguage\":\"fr-FR\"},{\"@type\":\"Organization\",\"@id\":\"https:\/\/www.heartofgold-hostel.de\/de\/#organization\",\"name\":\"Heart of Gold Hostel Berlin\",\"url\":\"https:\/\/www.heartofgold-hostel.de\/de\/\",\"logo\":{\"@type\":\"ImageObject\",\"inLanguage\":\"fr-FR\",\"@id\":\"https:\/\/www.heartofgold-hostel.de\/de\/#\/schema\/logo\/image\/\",\"url\":\"https:\/\/www.heartofgold-hostel.de\/wp-content\/uploads\/HOG_Logo_braun_180.gif\",\"contentUrl\":\"https:\/\/www.heartofgold-hostel.de\/wp-content\/uploads\/HOG_Logo_braun_180.gif\",\"width\":180,\"height\":180,\"caption\":\"Heart of Gold Hostel Berlin\"},\"image\":{\"@id\":\"https:\/\/www.heartofgold-hostel.de\/de\/#\/schema\/logo\/image\/\"},\"sameAs\":[\"https:\/\/www.facebook.com\/heart.of.gold.hostel.berlin\/\",\"https:\/\/x.com\/berlinhostel\",\"https:\/\/myspace.com\/hostelberlin\",\"https:\/\/www.pinterest.com\/hoghostel\/heart-of-gold-hostel\/\"]}]}<\/script>\n<!-- \/ Yoast SEO plugin. -->","yoast_head_json":{"title":"Contact - Heart of Gold Hostel Berlin","description":"Vous pouvez nous contacter au Heart of Gold Hostel par E-mail ou par t\u00e9l\u00e9phone - Nous sommes ouvert 24\/7 toute l'ann\u00e9e","robots":{"index":"index","follow":"follow","max-snippet":"max-snippet:-1","max-image-preview":"max-image-preview:large","max-video-preview":"max-video-preview:-1"},"canonical":"https:\/\/www.heartofgold-hostel.de\/fr\/contact-fr\/","og_locale":"fr_FR","og_type":"article","og_title":"Contact - Heart of Gold Hostel Berlin","og_description":"Vous pouvez nous contacter au Heart of Gold Hostel par E-mail ou par t\u00e9l\u00e9phone - Nous sommes ouvert 24\/7 toute l'ann\u00e9e","og_url":"https:\/\/www.heartofgold-hostel.de\/fr\/contact-fr\/","og_site_name":"Heart of Gold Hostel Berlin","article_publisher":"https:\/\/www.facebook.com\/heart.of.gold.hostel.berlin\/","article_modified_time":"2016-05-06T13:53:09+00:00","og_image":[{"width":180,"height":180,"url":"https:\/\/www.heartofgold-hostel.de\/wp-content\/uploads\/HOG_Logo_braun_180.gif","type":"image\/gif"}],"schema":{"@context":"https:\/\/schema.org","@graph":[{"@type":"WebPage","@id":"https:\/\/www.heartofgold-hostel.de\/fr\/contact-fr\/","url":"https:\/\/www.heartofgold-hostel.de\/fr\/contact-fr\/","name":"Contact - Heart of Gold Hostel Berlin","isPartOf":{"@id":"https:\/\/www.heartofgold-hostel.de\/de\/#website"},"datePublished":"2015-10-23T12:27:10+00:00","dateModified":"2016-05-06T13:53:09+00:00","description":"Vous pouvez nous contacter au Heart of Gold Hostel par E-mail ou par t\u00e9l\u00e9phone - Nous sommes ouvert 24\/7 toute l'ann\u00e9e","breadcrumb":{"@id":"https:\/\/www.heartofgold-hostel.de\/fr\/contact-fr\/#breadcrumb"},"inLanguage":"fr-FR","potentialAction":[{"@type":"ReadAction","target":["https:\/\/www.heartofgold-hostel.de\/fr\/contact-fr\/"]}]},{"@type":"BreadcrumbList","@id":"https:\/\/www.heartofgold-hostel.de\/fr\/contact-fr\/#breadcrumb","itemListElement":[{"@type":"ListItem","position":1,"name":"Home","item":"https:\/\/www.heartofgold-hostel.de\/fr\/"},{"@type":"ListItem","position":2,"name":"Contact"}]},{"@type":"WebSite","@id":"https:\/\/www.heartofgold-hostel.de\/de\/#website","url":"https:\/\/www.heartofgold-hostel.de\/de\/","name":"Heart of Gold Hostel Berlin","description":"the starship Berlin Hostel","publisher":{"@id":"https:\/\/www.heartofgold-hostel.de\/de\/#organization"},"potentialAction":[{"@type":"SearchAction","target":{"@type":"EntryPoint","urlTemplate":"https:\/\/www.heartofgold-hostel.de\/de\/?s={search_term_string}"},"query-input":{"@type":"PropertyValueSpecification","valueRequired":true,"valueName":"search_term_string"}}],"inLanguage":"fr-FR"},{"@type":"Organization","@id":"https:\/\/www.heartofgold-hostel.de\/de\/#organization","name":"Heart of Gold Hostel Berlin","url":"https:\/\/www.heartofgold-hostel.de\/de\/","logo":{"@type":"ImageObject","inLanguage":"fr-FR","@id":"https:\/\/www.heartofgold-hostel.de\/de\/#\/schema\/logo\/image\/","url":"https:\/\/www.heartofgold-hostel.de\/wp-content\/uploads\/HOG_Logo_braun_180.gif","contentUrl":"https:\/\/www.heartofgold-hostel.de\/wp-content\/uploads\/HOG_Logo_braun_180.gif","width":180,"height":180,"caption":"Heart of Gold Hostel Berlin"},"image":{"@id":"https:\/\/www.heartofgold-hostel.de\/de\/#\/schema\/logo\/image\/"},"sameAs":["https:\/\/www.facebook.com\/heart.of.gold.hostel.berlin\/","https:\/\/x.com\/berlinhostel","https:\/\/myspace.com\/hostelberlin","https:\/\/www.pinterest.com\/hoghostel\/heart-of-gold-hostel\/"]}]}},"jetpack_sharing_enabled":true,"jetpack_shortlink":"https:\/\/wp.me\/P7w0Rw-1l6","_links":{"self":[{"href":"https:\/\/www.heartofgold-hostel.de\/fr\/wp-json\/wp\/v2\/pages\/5152"}],"collection":[{"href":"https:\/\/www.heartofgold-hostel.de\/fr\/wp-json\/wp\/v2\/pages"}],"about":[{"href":"https:\/\/www.heartofgold-hostel.de\/fr\/wp-json\/wp\/v2\/types\/page"}],"author":[{"embeddable":true,"href":"https:\/\/www.heartofgold-hostel.de\/fr\/wp-json\/wp\/v2\/users\/7"}],"replies":[{"embeddable":true,"href":"https:\/\/www.heartofgold-hostel.de\/fr\/wp-json\/wp\/v2\/comments?post=5152"}],"version-history":[{"count":2,"href":"https:\/\/www.heartofgold-hostel.de\/fr\/wp-json\/wp\/v2\/pages\/5152\/revisions"}],"predecessor-version":[{"id":5281,"href":"https:\/\/www.heartofgold-hostel.de\/fr\/wp-json\/wp\/v2\/pages\/5152\/revisions\/5281"}],"wp:attachment":[{"href":"https:\/\/www.heartofgold-hostel.de\/fr\/wp-json\/wp\/v2\/media?parent=5152"}],"curies":[{"name":"wp","href":"https:\/\/api.w.org\/{rel}","templated":true}]}}