{"id":5153,"date":"2015-10-23T14:52:58","date_gmt":"2015-10-23T12:52:58","guid":{"rendered":"http:\/\/www.heartofgold-hostel.de\/fr\/pas-de-panique\/"},"modified":"2015-10-23T15:30:16","modified_gmt":"2015-10-23T13:30:16","slug":"pas-de-panique","status":"publish","type":"page","link":"https:\/\/www.heartofgold-hostel.de\/fr\/pas-de-panique\/","title":{"rendered":"Pas de panique !"},"content":{"rendered":"<p><a href=\"https:\/\/www.heartofgold-hostel.de\/wp-content\/uploads\/2013\/04\/marvin-2.png\"><img loading=\"lazy\" decoding=\"async\" class=\" wp-image-543 alignright\" src=\"https:\/\/www.heartofgold-hostel.de\/wp-content\/uploads\/2013\/04\/marvin-2-222x300.png\" alt=\"marvin is sad\" width=\"200\" height=\"270\" srcset=\"https:\/\/www.heartofgold-hostel.de\/wp-content\/uploads\/2013\/04\/marvin-2-222x300.png 222w, https:\/\/www.heartofgold-hostel.de\/wp-content\/uploads\/2013\/04\/marvin-2-111x150.png 111w, https:\/\/www.heartofgold-hostel.de\/wp-content\/uploads\/2013\/04\/marvin-2.png 500w\" sizes=\"(max-width: 200px) 100vw, 200px\" \/><\/a><\/p>\n<p>Selon Douglas Adams, l\u2019id\u00e9e du Guide du Voyageur Galactique lui vint \u00e0 l\u2019esprit en 1971 alors qu\u2019il \u00e9tait allong\u00e9 ivre dans un champs \u00e0 Innsbruck. Il regardait les \u00e9toiles en tenant un exemplaire d\u2019un guide de voyageur en Europe. Son id\u00e9e a engendr\u00e9 une feuilleton radiophonique, une trilogie de 5 <a href=\"http:\/\/en.wikipedia.org\/wiki\/The_Hitchhiker%27s_Guide_to_the_Galaxy\">romans<\/a>, une\u00a0<a href=\"http:\/\/www.bbc.co.uk\/cult\/hitchhikers\/\">serie T\u00e9l\u00e9<\/a> sur BBC2, et un film Hollywoodien entre autres. Si vous n\u2019avez pas encore lu les livres, faites-le\u00a0! \u00e7a vaut vraiment le coup, contrairement au r\u00e9cent film.<\/p>\n<p>A l\u2019ouverture de notre nouvel Hostel \u00e0 Berlin en 2003, nous l\u2019avons nomm\u00e9 \u00ab\u00a0Heart of Gold\u00a0\u00bb &#8211; inspir\u00e9 du nom du premier vaisseau spatial dont la propulsion est assur\u00e9e par un g\u00e9n\u00e9rateur d\u2019improbabilit\u00e9 infinie. Plusieurs parties de l\u2019hostel ont un design inspir\u00e9 des livres ou de la s\u00e9rie T\u00e9l\u00e9.<\/p>\n<p>Pas de Panique\u00a0!<\/p>\n<blockquote><p>Sous le d\u00f4me apparut un gigantesque astronef, long de cent cinquante m\u00e8tres, affectant la forme d\u2019une chaussure de sport, lisse, d\u2019une blancheur immacul\u00e9e, et d\u2019une beaut\u00e9 \u00e0 couper le souffle. Au c\u0153ur du vaisseau, invisible, se trouvait un petit coffre en or qui contenait le plus incroyable appareil jamais con\u00e7u, un appareil qui rendait cet astronef unique dans l\u2019histoire de la Galaxie, un appareil qui avait donn\u00e9 nom au vaisseau\u00a0: le C\u0153ur-en-Or.<\/p>\n<p>\u00ab\u00a0Wouaaaah\u00a0!\u00a0\u00bb dit Zaphod Beeblebrox en voyant le C\u0153ur-en-Or. Il n\u2019y avait effectivement pas grand-chose d\u2019autre \u00e0 dire.\u00a0Il le r\u00e9p\u00e9ta (car il savait que \u00e7a emmerderait la presse)\u00a0: \u00ab\u00a0Wouaaah\u00a0!\u00a0\u00bb<\/p>\n<p>Ils ont construit le g\u00e9n\u00e9rateur d\u2019improbabilit\u00e9\u00a0! Arthur, c\u2019est\u2026 Arthur\u00a0? Que se passe-t-il\u00a0? Arthur s\u2019\u00e9tait pr\u00e9cipit\u00e9 contre la porte de la cabine et cherchait \u00e0 la maintenir ferm\u00e9e mais elle joignait mal. Par les fissures se faufilaient tout plein de minuscules mains velues aux doigts macul\u00e9s d\u2019encre\u00a0; on entendait venant du dehors un incroyable brouhaha de petites voix. Arthur leva les yeux. \u2014\u00a0Ford, il y a l\u00e0-dehors un nombre infini de singes qui aimeraient bien nous parler de ce sc\u00e9nario de Hamlet qu\u2019ils viennent de terminer.<\/p>\n<p>Le principe de la g\u00e9n\u00e9ration de petites quantit\u00e9s d\u2019improbabilit\u00e9 finie par simple raccordement des circuits logiques d\u2019un cerveau sub-m\u00e9son Bambleweeny 57 avec un conspirateur vectoriel mis en suspension dans un puissant \u00e9metteur de mouvement brownien (mettons, par exemple, une bonne tasse de th\u00e9 bien chaud), ce principe \u00e9tait certes parfaitement ma\u00eetris\u00e9\u00a0: on utilisait d\u2019ailleurs souvent de tels g\u00e9n\u00e9rateurs pour briser la glace au cours des soir\u00e9es en faisant glisser en bloc de trente centim\u00e8tres sur la gauche les mol\u00e9cules des sous-v\u00eatements de l\u2019h\u00f4tesse, cela en accord avec la Th\u00e9orie sur l\u2019Ind\u00e9termination. Plus d\u2019un physicien respectable estimait ne pouvoir supporter une telle chose, en partie parce que c\u2019\u00e9tait rabaisser la science, et en partie parce qu\u2019ils n\u2019\u00e9taient jamais invit\u00e9s \u00e0 ce genre de soir\u00e9es.<\/p><\/blockquote>\n<p>D\u2019apr\u00e8s\u00a0: \u00ab\u00a0Le\u00a0Guide du Voyageur Galactique\u00a0\u00bb de <a title=\"official home of Douglas Adams\" href=\"http:\/\/www.douglasadams.com\/\" target=\"_blank\">D. Adams<\/a>.<\/p>\n","protected":false},"excerpt":{"rendered":"<p>Selon Douglas Adams, l\u2019id\u00e9e du Guide du Voyageur Galactique lui vint \u00e0 l\u2019esprit en 1971 alors qu\u2019il \u00e9tait allong\u00e9 ivre dans un champs \u00e0 Innsbruck. Il regardait les \u00e9toiles en tenant un exemplaire d\u2019un guide de voyageur en Europe. Son &hellip; <a href=\"https:\/\/www.heartofgold-hostel.de\/fr\/pas-de-panique\/\">Continuer la lecture <span class=\"meta-nav\">&rarr;<\/span><\/a><\/p>\n","protected":false},"author":1,"featured_media":0,"parent":0,"menu_order":0,"comment_status":"closed","ping_status":"closed","template":"","meta":{"_monsterinsights_skip_tracking":false,"_monsterinsights_sitenote_active":false,"_monsterinsights_sitenote_note":"","_monsterinsights_sitenote_category":0,"jetpack_post_was_ever_published":false,"footnotes":""},"yoast_head":"<!-- This site is optimized with the Yoast SEO plugin v24.5 - https:\/\/yoast.com\/wordpress\/plugins\/seo\/ -->\n<title>Pas de panique ! - Heart of Gold Hostel Berlin<\/title>\n<meta name=\"description\" content=\"Pas de Panique - ou ce qu&#039;il y a de plus proche d&#039;une morale dans le &quot;Guide du Voyageur Galactique&quot; de Douglas Adams - \u00e9cris en caract\u00e8res gras sur la couverture du Guide.\" \/>\n<meta name=\"robots\" content=\"index, follow, max-snippet:-1, max-image-preview:large, max-video-preview:-1\" \/>\n<link rel=\"canonical\" href=\"https:\/\/www.heartofgold-hostel.de\/fr\/pas-de-panique\/\" \/>\n<meta property=\"og:locale\" content=\"fr_FR\" \/>\n<meta property=\"og:type\" content=\"article\" \/>\n<meta property=\"og:title\" content=\"Pas de panique ! - Heart of Gold Hostel Berlin\" \/>\n<meta property=\"og:description\" content=\"Pas de Panique - ou ce qu&#039;il y a de plus proche d&#039;une morale dans le &quot;Guide du Voyageur Galactique&quot; de Douglas Adams - \u00e9cris en caract\u00e8res gras sur la couverture du Guide.\" \/>\n<meta property=\"og:url\" content=\"https:\/\/www.heartofgold-hostel.de\/fr\/pas-de-panique\/\" \/>\n<meta property=\"og:site_name\" content=\"Heart of Gold Hostel Berlin\" \/>\n<meta property=\"article:publisher\" content=\"https:\/\/www.facebook.com\/heart.of.gold.hostel.berlin\/\" \/>\n<meta property=\"article:modified_time\" content=\"2015-10-23T13:30:16+00:00\" \/>\n<meta property=\"og:image\" content=\"http:\/\/www.heartofgold-hostel.de\/wp-content\/uploads\/2013\/04\/marvin-2-222x300.png\" \/>\n<meta name=\"twitter:label1\" content=\"Dur\u00e9e de lecture estim\u00e9e\" \/>\n\t<meta name=\"twitter:data1\" content=\"3 minutes\" \/>\n<script type=\"application\/ld+json\" class=\"yoast-schema-graph\">{\"@context\":\"https:\/\/schema.org\",\"@graph\":[{\"@type\":\"WebPage\",\"@id\":\"https:\/\/www.heartofgold-hostel.de\/fr\/pas-de-panique\/\",\"url\":\"https:\/\/www.heartofgold-hostel.de\/fr\/pas-de-panique\/\",\"name\":\"Pas de panique ! - Heart of Gold Hostel Berlin\",\"isPartOf\":{\"@id\":\"https:\/\/www.heartofgold-hostel.de\/de\/#website\"},\"primaryImageOfPage\":{\"@id\":\"https:\/\/www.heartofgold-hostel.de\/fr\/pas-de-panique\/#primaryimage\"},\"image\":{\"@id\":\"https:\/\/www.heartofgold-hostel.de\/fr\/pas-de-panique\/#primaryimage\"},\"thumbnailUrl\":\"http:\/\/www.heartofgold-hostel.de\/wp-content\/uploads\/2013\/04\/marvin-2-222x300.png\",\"datePublished\":\"2015-10-23T12:52:58+00:00\",\"dateModified\":\"2015-10-23T13:30:16+00:00\",\"description\":\"Pas de Panique - ou ce qu'il y a de plus proche d'une morale dans le \\\"Guide du Voyageur Galactique\\\" de Douglas Adams - \u00e9cris en caract\u00e8res gras sur la couverture du Guide.\",\"breadcrumb\":{\"@id\":\"https:\/\/www.heartofgold-hostel.de\/fr\/pas-de-panique\/#breadcrumb\"},\"inLanguage\":\"fr-FR\",\"potentialAction\":[{\"@type\":\"ReadAction\",\"target\":[\"https:\/\/www.heartofgold-hostel.de\/fr\/pas-de-panique\/\"]}]},{\"@type\":\"ImageObject\",\"inLanguage\":\"fr-FR\",\"@id\":\"https:\/\/www.heartofgold-hostel.de\/fr\/pas-de-panique\/#primaryimage\",\"url\":\"http:\/\/www.heartofgold-hostel.de\/wp-content\/uploads\/2013\/04\/marvin-2-222x300.png\",\"contentUrl\":\"http:\/\/www.heartofgold-hostel.de\/wp-content\/uploads\/2013\/04\/marvin-2-222x300.png\"},{\"@type\":\"BreadcrumbList\",\"@id\":\"https:\/\/www.heartofgold-hostel.de\/fr\/pas-de-panique\/#breadcrumb\",\"itemListElement\":[{\"@type\":\"ListItem\",\"position\":1,\"name\":\"Home\",\"item\":\"https:\/\/www.heartofgold-hostel.de\/fr\/\"},{\"@type\":\"ListItem\",\"position\":2,\"name\":\"Pas de panique !\"}]},{\"@type\":\"WebSite\",\"@id\":\"https:\/\/www.heartofgold-hostel.de\/de\/#website\",\"url\":\"https:\/\/www.heartofgold-hostel.de\/de\/\",\"name\":\"Heart of Gold Hostel Berlin\",\"description\":\"the starship Berlin Hostel\",\"publisher\":{\"@id\":\"https:\/\/www.heartofgold-hostel.de\/de\/#organization\"},\"potentialAction\":[{\"@type\":\"SearchAction\",\"target\":{\"@type\":\"EntryPoint\",\"urlTemplate\":\"https:\/\/www.heartofgold-hostel.de\/de\/?s={search_term_string}\"},\"query-input\":{\"@type\":\"PropertyValueSpecification\",\"valueRequired\":true,\"valueName\":\"search_term_string\"}}],\"inLanguage\":\"fr-FR\"},{\"@type\":\"Organization\",\"@id\":\"https:\/\/www.heartofgold-hostel.de\/de\/#organization\",\"name\":\"Heart of Gold Hostel Berlin\",\"url\":\"https:\/\/www.heartofgold-hostel.de\/de\/\",\"logo\":{\"@type\":\"ImageObject\",\"inLanguage\":\"fr-FR\",\"@id\":\"https:\/\/www.heartofgold-hostel.de\/de\/#\/schema\/logo\/image\/\",\"url\":\"https:\/\/www.heartofgold-hostel.de\/wp-content\/uploads\/HOG_Logo_braun_180.gif\",\"contentUrl\":\"https:\/\/www.heartofgold-hostel.de\/wp-content\/uploads\/HOG_Logo_braun_180.gif\",\"width\":180,\"height\":180,\"caption\":\"Heart of Gold Hostel Berlin\"},\"image\":{\"@id\":\"https:\/\/www.heartofgold-hostel.de\/de\/#\/schema\/logo\/image\/\"},\"sameAs\":[\"https:\/\/www.facebook.com\/heart.of.gold.hostel.berlin\/\",\"https:\/\/x.com\/berlinhostel\",\"https:\/\/myspace.com\/hostelberlin\",\"https:\/\/www.pinterest.com\/hoghostel\/heart-of-gold-hostel\/\"]}]}<\/script>\n<!-- \/ Yoast SEO plugin. -->","yoast_head_json":{"title":"Pas de panique ! - Heart of Gold Hostel Berlin","description":"Pas de Panique - ou ce qu'il y a de plus proche d'une morale dans le \"Guide du Voyageur Galactique\" de Douglas Adams - \u00e9cris en caract\u00e8res gras sur la couverture du Guide.","robots":{"index":"index","follow":"follow","max-snippet":"max-snippet:-1","max-image-preview":"max-image-preview:large","max-video-preview":"max-video-preview:-1"},"canonical":"https:\/\/www.heartofgold-hostel.de\/fr\/pas-de-panique\/","og_locale":"fr_FR","og_type":"article","og_title":"Pas de panique ! - Heart of Gold Hostel Berlin","og_description":"Pas de Panique - ou ce qu'il y a de plus proche d'une morale dans le \"Guide du Voyageur Galactique\" de Douglas Adams - \u00e9cris en caract\u00e8res gras sur la couverture du Guide.","og_url":"https:\/\/www.heartofgold-hostel.de\/fr\/pas-de-panique\/","og_site_name":"Heart of Gold Hostel Berlin","article_publisher":"https:\/\/www.facebook.com\/heart.of.gold.hostel.berlin\/","article_modified_time":"2015-10-23T13:30:16+00:00","og_image":[{"url":"http:\/\/www.heartofgold-hostel.de\/wp-content\/uploads\/2013\/04\/marvin-2-222x300.png","type":"","width":"","height":""}],"twitter_misc":{"Dur\u00e9e de lecture estim\u00e9e":"3 minutes"},"schema":{"@context":"https:\/\/schema.org","@graph":[{"@type":"WebPage","@id":"https:\/\/www.heartofgold-hostel.de\/fr\/pas-de-panique\/","url":"https:\/\/www.heartofgold-hostel.de\/fr\/pas-de-panique\/","name":"Pas de panique ! - Heart of Gold Hostel Berlin","isPartOf":{"@id":"https:\/\/www.heartofgold-hostel.de\/de\/#website"},"primaryImageOfPage":{"@id":"https:\/\/www.heartofgold-hostel.de\/fr\/pas-de-panique\/#primaryimage"},"image":{"@id":"https:\/\/www.heartofgold-hostel.de\/fr\/pas-de-panique\/#primaryimage"},"thumbnailUrl":"http:\/\/www.heartofgold-hostel.de\/wp-content\/uploads\/2013\/04\/marvin-2-222x300.png","datePublished":"2015-10-23T12:52:58+00:00","dateModified":"2015-10-23T13:30:16+00:00","description":"Pas de Panique - ou ce qu'il y a de plus proche d'une morale dans le \"Guide du Voyageur Galactique\" de Douglas Adams - \u00e9cris en caract\u00e8res gras sur la couverture du Guide.","breadcrumb":{"@id":"https:\/\/www.heartofgold-hostel.de\/fr\/pas-de-panique\/#breadcrumb"},"inLanguage":"fr-FR","potentialAction":[{"@type":"ReadAction","target":["https:\/\/www.heartofgold-hostel.de\/fr\/pas-de-panique\/"]}]},{"@type":"ImageObject","inLanguage":"fr-FR","@id":"https:\/\/www.heartofgold-hostel.de\/fr\/pas-de-panique\/#primaryimage","url":"http:\/\/www.heartofgold-hostel.de\/wp-content\/uploads\/2013\/04\/marvin-2-222x300.png","contentUrl":"http:\/\/www.heartofgold-hostel.de\/wp-content\/uploads\/2013\/04\/marvin-2-222x300.png"},{"@type":"BreadcrumbList","@id":"https:\/\/www.heartofgold-hostel.de\/fr\/pas-de-panique\/#breadcrumb","itemListElement":[{"@type":"ListItem","position":1,"name":"Home","item":"https:\/\/www.heartofgold-hostel.de\/fr\/"},{"@type":"ListItem","position":2,"name":"Pas de panique !"}]},{"@type":"WebSite","@id":"https:\/\/www.heartofgold-hostel.de\/de\/#website","url":"https:\/\/www.heartofgold-hostel.de\/de\/","name":"Heart of Gold Hostel Berlin","description":"the starship Berlin Hostel","publisher":{"@id":"https:\/\/www.heartofgold-hostel.de\/de\/#organization"},"potentialAction":[{"@type":"SearchAction","target":{"@type":"EntryPoint","urlTemplate":"https:\/\/www.heartofgold-hostel.de\/de\/?s={search_term_string}"},"query-input":{"@type":"PropertyValueSpecification","valueRequired":true,"valueName":"search_term_string"}}],"inLanguage":"fr-FR"},{"@type":"Organization","@id":"https:\/\/www.heartofgold-hostel.de\/de\/#organization","name":"Heart of Gold Hostel Berlin","url":"https:\/\/www.heartofgold-hostel.de\/de\/","logo":{"@type":"ImageObject","inLanguage":"fr-FR","@id":"https:\/\/www.heartofgold-hostel.de\/de\/#\/schema\/logo\/image\/","url":"https:\/\/www.heartofgold-hostel.de\/wp-content\/uploads\/HOG_Logo_braun_180.gif","contentUrl":"https:\/\/www.heartofgold-hostel.de\/wp-content\/uploads\/HOG_Logo_braun_180.gif","width":180,"height":180,"caption":"Heart of Gold Hostel Berlin"},"image":{"@id":"https:\/\/www.heartofgold-hostel.de\/de\/#\/schema\/logo\/image\/"},"sameAs":["https:\/\/www.facebook.com\/heart.of.gold.hostel.berlin\/","https:\/\/x.com\/berlinhostel","https:\/\/myspace.com\/hostelberlin","https:\/\/www.pinterest.com\/hoghostel\/heart-of-gold-hostel\/"]}]}},"jetpack_sharing_enabled":true,"jetpack_shortlink":"https:\/\/wp.me\/P7w0Rw-1l7","_links":{"self":[{"href":"https:\/\/www.heartofgold-hostel.de\/fr\/wp-json\/wp\/v2\/pages\/5153"}],"collection":[{"href":"https:\/\/www.heartofgold-hostel.de\/fr\/wp-json\/wp\/v2\/pages"}],"about":[{"href":"https:\/\/www.heartofgold-hostel.de\/fr\/wp-json\/wp\/v2\/types\/page"}],"author":[{"embeddable":true,"href":"https:\/\/www.heartofgold-hostel.de\/fr\/wp-json\/wp\/v2\/users\/1"}],"replies":[{"embeddable":true,"href":"https:\/\/www.heartofgold-hostel.de\/fr\/wp-json\/wp\/v2\/comments?post=5153"}],"version-history":[{"count":1,"href":"https:\/\/www.heartofgold-hostel.de\/fr\/wp-json\/wp\/v2\/pages\/5153\/revisions"}],"predecessor-version":[{"id":5168,"href":"https:\/\/www.heartofgold-hostel.de\/fr\/wp-json\/wp\/v2\/pages\/5153\/revisions\/5168"}],"wp:attachment":[{"href":"https:\/\/www.heartofgold-hostel.de\/fr\/wp-json\/wp\/v2\/media?parent=5153"}],"curies":[{"name":"wp","href":"https:\/\/api.w.org\/{rel}","templated":true}]}}