{"id":5154,"date":"2015-10-23T14:57:09","date_gmt":"2015-10-23T12:57:09","guid":{"rendered":"http:\/\/www.heartofgold-hostel.de\/fr\/hostel-berlin-pas-de-panique\/"},"modified":"2015-10-23T15:30:32","modified_gmt":"2015-10-23T13:30:32","slug":"hostel-berlin-pas-de-panique","status":"publish","type":"page","link":"https:\/\/www.heartofgold-hostel.de\/fr\/hostel-berlin-pas-de-panique\/","title":{"rendered":"Pas de Panique ! Pas de dangereux extraterrestres \u00e0 l\u2019Hostel\u2026"},"content":{"rendered":"<div id=\"attachment_501\" style=\"width: 260px\" class=\"wp-caption alignright\"><a title=\"Heart of Gold Hostel Berlin Reception\" href=\"https:\/\/www.heartofgold-hostel.de\/wp-content\/uploads\/2011\/05\/heart_of_gold_800.jpg\"><img loading=\"lazy\" decoding=\"async\" aria-describedby=\"caption-attachment-501\" class=\" wp-image-501 \" title=\"Heart of Gold Hostel Berlin Reception Art :)\" src=\"https:\/\/www.heartofgold-hostel.de\/wp-content\/uploads\/2011\/05\/heart_of_gold_800-300x236.jpg\" alt=\"Heart of Gold Hostel Berlin Reception\" width=\"250\" height=\"236\" \/><\/a><p id=\"caption-attachment-501\" class=\"wp-caption-text\">R\u00e9ception de l&rsquo;Hostel<\/p><\/div>\n<p>Bienvenue au Heart of Gold Hostel Berlin \u2013 le vaisseau spatial des routards au centre de Berlin. Inspir\u00e9s par <em>Le Guide du Voyageur Galactique<\/em> de Douglas Adams, nous sommes \u00e9quip\u00e9s de Lunettes de Soleil Sens-O-Matique, d\u2019un bar servant le meilleur Gargle Blaster Pan-galactique de ce cot\u00e9 de Ursa Minor Beta, et bien sur des serviettes. Nos R\u00e9ceptionnistes ont tous des poissons Babel dans les oreilles, et toutes nos portes sont absolument excit\u00e9es \u00e0 l\u2019id\u00e9e de rendre tout mauvais s\u00e9jour infiniment improbable. Ainsi, si vous vous posez la grande question sur la vie, l\u2019univers et le reste ou si vous venez juste pour passer un bon moment \u00e0 Berlin, grimpez au bord du Heart of Gold et vous ne serez pas d\u00e9\u00e7us.<\/p>\n<p>Nous avons des dortoirs de toutes tailles et formes, entre autres, bien s\u00fbr la fameuse MegaDorm. Pour ceux qui pr\u00e9f\u00e8rent plus d\u2019intimit\u00e9 nous offrons des chambres simples, double et triples, certaines avec salle de bain priv\u00e9e. Au Heart of Gold, commencez votre journ\u00e9e avec notre buffet petit d\u00e9jeuner qui dure jusqu\u2019\u00e0 midi, puis partez \u00e0 l\u2019exploration des monuments historiques, mus\u00e9es et magasins des alentours, que ce soit en participant \u00e0 notre balade \u00e0 pieds guid\u00e9e gratuite, ou bien en louant un v\u00e9lo. Goutez les bi\u00e8res locales dans notre bar en \u00e9coutant de la bonne musique\u2026 ou peut-\u00eatre pr\u00e9f\u00e9rez-vous notre cour int\u00e9rieure avec ses bancs et parasols. D\u00e9tendez-vous autour d\u2019une petite partie de billard, faites de nouvelles rencontres ou communiquez avec vos amis gr\u00e2ce \u00e0 notre WiFi gratuit. Et pour couronner le tout, d\u00e9couvrez la vraie f\u00eate berlinoise. Les bars, restaurants et clubs ne sont pas loin.<\/p>\n<p>Quelle que soit la raison de votre visite \u00e0 Berlin, le Heart of Gold Hostel la rendra inoubliable.<\/p>\n","protected":false},"excerpt":{"rendered":"<p>Bienvenue au Heart of Gold Hostel Berlin \u2013 le vaisseau spatial des routards au centre de Berlin. Inspir\u00e9s par Le Guide du Voyageur Galactique de Douglas Adams, nous sommes \u00e9quip\u00e9s de Lunettes de Soleil Sens-O-Matique, d\u2019un bar servant le meilleur &hellip; <a href=\"https:\/\/www.heartofgold-hostel.de\/fr\/hostel-berlin-pas-de-panique\/\">Continuer la lecture <span class=\"meta-nav\">&rarr;<\/span><\/a><\/p>\n","protected":false},"author":1,"featured_media":0,"parent":0,"menu_order":0,"comment_status":"closed","ping_status":"closed","template":"","meta":{"_monsterinsights_skip_tracking":false,"_monsterinsights_sitenote_active":false,"_monsterinsights_sitenote_note":"","_monsterinsights_sitenote_category":0,"jetpack_post_was_ever_published":false,"footnotes":""},"yoast_head":"<!-- This site is optimized with the Yoast SEO plugin v24.5 - https:\/\/yoast.com\/wordpress\/plugins\/seo\/ -->\n<title>Hostel Berlin - Heart of Gold Hostel Berlin<\/title>\n<meta name=\"description\" content=\"Le Heart of Gold Hostel est le vaisseau spatial des Auberges de Berlin - situ\u00e9 au c\u0153ur de la Ville. Pas de Panique !\" \/>\n<meta name=\"robots\" content=\"index, follow, max-snippet:-1, max-image-preview:large, max-video-preview:-1\" \/>\n<link rel=\"canonical\" href=\"https:\/\/www.heartofgold-hostel.de\/fr\/hostel-berlin-pas-de-panique\/\" \/>\n<meta property=\"og:locale\" content=\"fr_FR\" \/>\n<meta property=\"og:type\" content=\"article\" \/>\n<meta property=\"og:title\" content=\"Hostel Berlin - Heart of Gold Hostel Berlin\" \/>\n<meta property=\"og:description\" content=\"Le Heart of Gold Hostel est le vaisseau spatial des Auberges de Berlin - situ\u00e9 au c\u0153ur de la Ville. Pas de Panique !\" \/>\n<meta property=\"og:url\" content=\"https:\/\/www.heartofgold-hostel.de\/fr\/hostel-berlin-pas-de-panique\/\" \/>\n<meta property=\"og:site_name\" content=\"Heart of Gold Hostel Berlin\" \/>\n<meta property=\"article:publisher\" content=\"https:\/\/www.facebook.com\/heart.of.gold.hostel.berlin\/\" \/>\n<meta property=\"article:modified_time\" content=\"2015-10-23T13:30:32+00:00\" \/>\n<meta property=\"og:image\" content=\"http:\/\/www.heartofgold-hostel.de\/wp-content\/uploads\/2011\/05\/heart_of_gold_800-300x236.jpg\" \/>\n<meta name=\"twitter:label1\" content=\"Dur\u00e9e de lecture estim\u00e9e\" \/>\n\t<meta name=\"twitter:data1\" content=\"2 minutes\" \/>\n<script type=\"application\/ld+json\" class=\"yoast-schema-graph\">{\"@context\":\"https:\/\/schema.org\",\"@graph\":[{\"@type\":\"WebPage\",\"@id\":\"https:\/\/www.heartofgold-hostel.de\/fr\/hostel-berlin-pas-de-panique\/\",\"url\":\"https:\/\/www.heartofgold-hostel.de\/fr\/hostel-berlin-pas-de-panique\/\",\"name\":\"Hostel Berlin - Heart of Gold Hostel Berlin\",\"isPartOf\":{\"@id\":\"https:\/\/www.heartofgold-hostel.de\/de\/#website\"},\"primaryImageOfPage\":{\"@id\":\"https:\/\/www.heartofgold-hostel.de\/fr\/hostel-berlin-pas-de-panique\/#primaryimage\"},\"image\":{\"@id\":\"https:\/\/www.heartofgold-hostel.de\/fr\/hostel-berlin-pas-de-panique\/#primaryimage\"},\"thumbnailUrl\":\"http:\/\/www.heartofgold-hostel.de\/wp-content\/uploads\/2011\/05\/heart_of_gold_800-300x236.jpg\",\"datePublished\":\"2015-10-23T12:57:09+00:00\",\"dateModified\":\"2015-10-23T13:30:32+00:00\",\"description\":\"Le Heart of Gold Hostel est le vaisseau spatial des Auberges de Berlin - situ\u00e9 au c\u0153ur de la Ville. Pas de Panique !\",\"breadcrumb\":{\"@id\":\"https:\/\/www.heartofgold-hostel.de\/fr\/hostel-berlin-pas-de-panique\/#breadcrumb\"},\"inLanguage\":\"fr-FR\",\"potentialAction\":[{\"@type\":\"ReadAction\",\"target\":[\"https:\/\/www.heartofgold-hostel.de\/fr\/hostel-berlin-pas-de-panique\/\"]}]},{\"@type\":\"ImageObject\",\"inLanguage\":\"fr-FR\",\"@id\":\"https:\/\/www.heartofgold-hostel.de\/fr\/hostel-berlin-pas-de-panique\/#primaryimage\",\"url\":\"http:\/\/www.heartofgold-hostel.de\/wp-content\/uploads\/2011\/05\/heart_of_gold_800-300x236.jpg\",\"contentUrl\":\"http:\/\/www.heartofgold-hostel.de\/wp-content\/uploads\/2011\/05\/heart_of_gold_800-300x236.jpg\"},{\"@type\":\"BreadcrumbList\",\"@id\":\"https:\/\/www.heartofgold-hostel.de\/fr\/hostel-berlin-pas-de-panique\/#breadcrumb\",\"itemListElement\":[{\"@type\":\"ListItem\",\"position\":1,\"name\":\"Home\",\"item\":\"https:\/\/www.heartofgold-hostel.de\/fr\/\"},{\"@type\":\"ListItem\",\"position\":2,\"name\":\"Pas de Panique ! Pas de dangereux extraterrestres \u00e0 l\u2019Hostel\u2026\"}]},{\"@type\":\"WebSite\",\"@id\":\"https:\/\/www.heartofgold-hostel.de\/de\/#website\",\"url\":\"https:\/\/www.heartofgold-hostel.de\/de\/\",\"name\":\"Heart of Gold Hostel Berlin\",\"description\":\"the starship Berlin Hostel\",\"publisher\":{\"@id\":\"https:\/\/www.heartofgold-hostel.de\/de\/#organization\"},\"potentialAction\":[{\"@type\":\"SearchAction\",\"target\":{\"@type\":\"EntryPoint\",\"urlTemplate\":\"https:\/\/www.heartofgold-hostel.de\/de\/?s={search_term_string}\"},\"query-input\":{\"@type\":\"PropertyValueSpecification\",\"valueRequired\":true,\"valueName\":\"search_term_string\"}}],\"inLanguage\":\"fr-FR\"},{\"@type\":\"Organization\",\"@id\":\"https:\/\/www.heartofgold-hostel.de\/de\/#organization\",\"name\":\"Heart of Gold Hostel Berlin\",\"url\":\"https:\/\/www.heartofgold-hostel.de\/de\/\",\"logo\":{\"@type\":\"ImageObject\",\"inLanguage\":\"fr-FR\",\"@id\":\"https:\/\/www.heartofgold-hostel.de\/de\/#\/schema\/logo\/image\/\",\"url\":\"https:\/\/www.heartofgold-hostel.de\/wp-content\/uploads\/HOG_Logo_braun_180.gif\",\"contentUrl\":\"https:\/\/www.heartofgold-hostel.de\/wp-content\/uploads\/HOG_Logo_braun_180.gif\",\"width\":180,\"height\":180,\"caption\":\"Heart of Gold Hostel Berlin\"},\"image\":{\"@id\":\"https:\/\/www.heartofgold-hostel.de\/de\/#\/schema\/logo\/image\/\"},\"sameAs\":[\"https:\/\/www.facebook.com\/heart.of.gold.hostel.berlin\/\",\"https:\/\/x.com\/berlinhostel\",\"https:\/\/myspace.com\/hostelberlin\",\"https:\/\/www.pinterest.com\/hoghostel\/heart-of-gold-hostel\/\"]}]}<\/script>\n<!-- \/ Yoast SEO plugin. -->","yoast_head_json":{"title":"Hostel Berlin - Heart of Gold Hostel Berlin","description":"Le Heart of Gold Hostel est le vaisseau spatial des Auberges de Berlin - situ\u00e9 au c\u0153ur de la Ville. Pas de Panique !","robots":{"index":"index","follow":"follow","max-snippet":"max-snippet:-1","max-image-preview":"max-image-preview:large","max-video-preview":"max-video-preview:-1"},"canonical":"https:\/\/www.heartofgold-hostel.de\/fr\/hostel-berlin-pas-de-panique\/","og_locale":"fr_FR","og_type":"article","og_title":"Hostel Berlin - Heart of Gold Hostel Berlin","og_description":"Le Heart of Gold Hostel est le vaisseau spatial des Auberges de Berlin - situ\u00e9 au c\u0153ur de la Ville. Pas de Panique !","og_url":"https:\/\/www.heartofgold-hostel.de\/fr\/hostel-berlin-pas-de-panique\/","og_site_name":"Heart of Gold Hostel Berlin","article_publisher":"https:\/\/www.facebook.com\/heart.of.gold.hostel.berlin\/","article_modified_time":"2015-10-23T13:30:32+00:00","og_image":[{"url":"http:\/\/www.heartofgold-hostel.de\/wp-content\/uploads\/2011\/05\/heart_of_gold_800-300x236.jpg","type":"","width":"","height":""}],"twitter_misc":{"Dur\u00e9e de lecture estim\u00e9e":"2 minutes"},"schema":{"@context":"https:\/\/schema.org","@graph":[{"@type":"WebPage","@id":"https:\/\/www.heartofgold-hostel.de\/fr\/hostel-berlin-pas-de-panique\/","url":"https:\/\/www.heartofgold-hostel.de\/fr\/hostel-berlin-pas-de-panique\/","name":"Hostel Berlin - Heart of Gold Hostel Berlin","isPartOf":{"@id":"https:\/\/www.heartofgold-hostel.de\/de\/#website"},"primaryImageOfPage":{"@id":"https:\/\/www.heartofgold-hostel.de\/fr\/hostel-berlin-pas-de-panique\/#primaryimage"},"image":{"@id":"https:\/\/www.heartofgold-hostel.de\/fr\/hostel-berlin-pas-de-panique\/#primaryimage"},"thumbnailUrl":"http:\/\/www.heartofgold-hostel.de\/wp-content\/uploads\/2011\/05\/heart_of_gold_800-300x236.jpg","datePublished":"2015-10-23T12:57:09+00:00","dateModified":"2015-10-23T13:30:32+00:00","description":"Le Heart of Gold Hostel est le vaisseau spatial des Auberges de Berlin - situ\u00e9 au c\u0153ur de la Ville. Pas de Panique !","breadcrumb":{"@id":"https:\/\/www.heartofgold-hostel.de\/fr\/hostel-berlin-pas-de-panique\/#breadcrumb"},"inLanguage":"fr-FR","potentialAction":[{"@type":"ReadAction","target":["https:\/\/www.heartofgold-hostel.de\/fr\/hostel-berlin-pas-de-panique\/"]}]},{"@type":"ImageObject","inLanguage":"fr-FR","@id":"https:\/\/www.heartofgold-hostel.de\/fr\/hostel-berlin-pas-de-panique\/#primaryimage","url":"http:\/\/www.heartofgold-hostel.de\/wp-content\/uploads\/2011\/05\/heart_of_gold_800-300x236.jpg","contentUrl":"http:\/\/www.heartofgold-hostel.de\/wp-content\/uploads\/2011\/05\/heart_of_gold_800-300x236.jpg"},{"@type":"BreadcrumbList","@id":"https:\/\/www.heartofgold-hostel.de\/fr\/hostel-berlin-pas-de-panique\/#breadcrumb","itemListElement":[{"@type":"ListItem","position":1,"name":"Home","item":"https:\/\/www.heartofgold-hostel.de\/fr\/"},{"@type":"ListItem","position":2,"name":"Pas de Panique ! Pas de dangereux extraterrestres \u00e0 l\u2019Hostel\u2026"}]},{"@type":"WebSite","@id":"https:\/\/www.heartofgold-hostel.de\/de\/#website","url":"https:\/\/www.heartofgold-hostel.de\/de\/","name":"Heart of Gold Hostel Berlin","description":"the starship Berlin Hostel","publisher":{"@id":"https:\/\/www.heartofgold-hostel.de\/de\/#organization"},"potentialAction":[{"@type":"SearchAction","target":{"@type":"EntryPoint","urlTemplate":"https:\/\/www.heartofgold-hostel.de\/de\/?s={search_term_string}"},"query-input":{"@type":"PropertyValueSpecification","valueRequired":true,"valueName":"search_term_string"}}],"inLanguage":"fr-FR"},{"@type":"Organization","@id":"https:\/\/www.heartofgold-hostel.de\/de\/#organization","name":"Heart of Gold Hostel Berlin","url":"https:\/\/www.heartofgold-hostel.de\/de\/","logo":{"@type":"ImageObject","inLanguage":"fr-FR","@id":"https:\/\/www.heartofgold-hostel.de\/de\/#\/schema\/logo\/image\/","url":"https:\/\/www.heartofgold-hostel.de\/wp-content\/uploads\/HOG_Logo_braun_180.gif","contentUrl":"https:\/\/www.heartofgold-hostel.de\/wp-content\/uploads\/HOG_Logo_braun_180.gif","width":180,"height":180,"caption":"Heart of Gold Hostel Berlin"},"image":{"@id":"https:\/\/www.heartofgold-hostel.de\/de\/#\/schema\/logo\/image\/"},"sameAs":["https:\/\/www.facebook.com\/heart.of.gold.hostel.berlin\/","https:\/\/x.com\/berlinhostel","https:\/\/myspace.com\/hostelberlin","https:\/\/www.pinterest.com\/hoghostel\/heart-of-gold-hostel\/"]}]}},"jetpack_sharing_enabled":true,"jetpack_shortlink":"https:\/\/wp.me\/P7w0Rw-1l8","_links":{"self":[{"href":"https:\/\/www.heartofgold-hostel.de\/fr\/wp-json\/wp\/v2\/pages\/5154"}],"collection":[{"href":"https:\/\/www.heartofgold-hostel.de\/fr\/wp-json\/wp\/v2\/pages"}],"about":[{"href":"https:\/\/www.heartofgold-hostel.de\/fr\/wp-json\/wp\/v2\/types\/page"}],"author":[{"embeddable":true,"href":"https:\/\/www.heartofgold-hostel.de\/fr\/wp-json\/wp\/v2\/users\/1"}],"replies":[{"embeddable":true,"href":"https:\/\/www.heartofgold-hostel.de\/fr\/wp-json\/wp\/v2\/comments?post=5154"}],"version-history":[{"count":1,"href":"https:\/\/www.heartofgold-hostel.de\/fr\/wp-json\/wp\/v2\/pages\/5154\/revisions"}],"predecessor-version":[{"id":5169,"href":"https:\/\/www.heartofgold-hostel.de\/fr\/wp-json\/wp\/v2\/pages\/5154\/revisions\/5169"}],"wp:attachment":[{"href":"https:\/\/www.heartofgold-hostel.de\/fr\/wp-json\/wp\/v2\/media?parent=5154"}],"curies":[{"name":"wp","href":"https:\/\/api.w.org\/{rel}","templated":true}]}}