{"id":5158,"date":"2015-10-23T15:19:15","date_gmt":"2015-10-23T13:19:15","guid":{"rendered":"http:\/\/www.heartofgold-hostel.de\/fr\/situation-a-berlin-mitte\/"},"modified":"2015-10-23T15:19:15","modified_gmt":"2015-10-23T13:19:15","slug":"situation-a-berlin-mitte","status":"publish","type":"page","link":"https:\/\/www.heartofgold-hostel.de\/fr\/situation-a-berlin-mitte\/","title":{"rendered":"Situation plus que centrale \u00e0 Berlin Mitte"},"content":{"rendered":"<p><iframe loading=\"lazy\" src=\"https:\/\/mapsengine.google.com\/map\/embed?mid=zN2FoqQQNxlc.kVgJwbVHRky8\" width=\"600\" height=\"480\"><\/iframe><\/p>\n<p>Notre Hostel est situ\u00e9 au centre de Berlin Mitte, proche de la porte de Brandenbourg, du Reichstag, et de l\u2019ile aux mus\u00e9es. Presque tous les autres principaux sites touristiques sont accessibles \u00e0 pieds.<\/p>\n<p>La Nightlife berlinoise n\u2019est pas bien loin. Vous trouverez le fameux Squat artistique \u00ab\u00a0Tacheles\u00a0\u00bb ainsi que plusieurs bars et Clubs dans les alentours.<\/p>\n<p>Faites du shopping jusqu\u2019\u00e0 plus soif \u00e0 Hackescher Markt ou \u00e0 la Friedrichstrasse. Les deux se trouvent \u00e0 quelques minutes de l\u2019auberge.<\/p>\n","protected":false},"excerpt":{"rendered":"<p>Notre Hostel est situ\u00e9 au centre de Berlin Mitte, proche de la porte de Brandenbourg, du Reichstag, et de l\u2019ile aux mus\u00e9es. Presque tous les autres principaux sites touristiques sont accessibles \u00e0 pieds. La Nightlife berlinoise n\u2019est pas bien loin. &hellip; <a href=\"https:\/\/www.heartofgold-hostel.de\/fr\/situation-a-berlin-mitte\/\">Continuer la lecture <span class=\"meta-nav\">&rarr;<\/span><\/a><\/p>\n","protected":false},"author":7,"featured_media":0,"parent":0,"menu_order":0,"comment_status":"closed","ping_status":"closed","template":"","meta":{"_monsterinsights_skip_tracking":false,"_monsterinsights_sitenote_active":false,"_monsterinsights_sitenote_note":"","_monsterinsights_sitenote_category":0,"jetpack_post_was_ever_published":false,"footnotes":""},"yoast_head":"<!-- This site is optimized with the Yoast SEO plugin v24.5 - https:\/\/yoast.com\/wordpress\/plugins\/seo\/ -->\n<title>Situation plus que centrale \u00e0 Berlin Mitte - Heart of Gold Hostel Berlin<\/title>\n<meta name=\"description\" content=\"Situation plus que centrale \u00e0 Berlin Mitte. Les principaux sites touristiques sont accessibles \u00e0 pieds - la Nightlife n&#039;est pas bien loin.\" \/>\n<meta name=\"robots\" content=\"index, follow, max-snippet:-1, max-image-preview:large, max-video-preview:-1\" \/>\n<link rel=\"canonical\" href=\"https:\/\/www.heartofgold-hostel.de\/fr\/situation-a-berlin-mitte\/\" \/>\n<meta property=\"og:locale\" content=\"fr_FR\" \/>\n<meta property=\"og:type\" content=\"article\" \/>\n<meta property=\"og:title\" content=\"Situation plus que centrale \u00e0 Berlin Mitte - Heart of Gold Hostel Berlin\" \/>\n<meta property=\"og:description\" content=\"Situation plus que centrale \u00e0 Berlin Mitte. Les principaux sites touristiques sont accessibles \u00e0 pieds - la Nightlife n&#039;est pas bien loin.\" \/>\n<meta property=\"og:url\" content=\"https:\/\/www.heartofgold-hostel.de\/fr\/situation-a-berlin-mitte\/\" \/>\n<meta property=\"og:site_name\" content=\"Heart of Gold Hostel Berlin\" \/>\n<meta property=\"article:publisher\" content=\"https:\/\/www.facebook.com\/heart.of.gold.hostel.berlin\/\" \/>\n<meta property=\"og:image\" content=\"https:\/\/www.heartofgold-hostel.de\/wp-content\/uploads\/HOG_Logo_braun_180.gif\" \/>\n\t<meta property=\"og:image:width\" content=\"180\" \/>\n\t<meta property=\"og:image:height\" content=\"180\" \/>\n\t<meta property=\"og:image:type\" content=\"image\/gif\" \/>\n<script type=\"application\/ld+json\" class=\"yoast-schema-graph\">{\"@context\":\"https:\/\/schema.org\",\"@graph\":[{\"@type\":\"WebPage\",\"@id\":\"https:\/\/www.heartofgold-hostel.de\/fr\/situation-a-berlin-mitte\/\",\"url\":\"https:\/\/www.heartofgold-hostel.de\/fr\/situation-a-berlin-mitte\/\",\"name\":\"Situation plus que centrale \u00e0 Berlin Mitte - Heart of Gold Hostel Berlin\",\"isPartOf\":{\"@id\":\"https:\/\/www.heartofgold-hostel.de\/de\/#website\"},\"datePublished\":\"2015-10-23T13:19:15+00:00\",\"description\":\"Situation plus que centrale \u00e0 Berlin Mitte. Les principaux sites touristiques sont accessibles \u00e0 pieds - la Nightlife n'est pas bien loin.\",\"breadcrumb\":{\"@id\":\"https:\/\/www.heartofgold-hostel.de\/fr\/situation-a-berlin-mitte\/#breadcrumb\"},\"inLanguage\":\"fr-FR\",\"potentialAction\":[{\"@type\":\"ReadAction\",\"target\":[\"https:\/\/www.heartofgold-hostel.de\/fr\/situation-a-berlin-mitte\/\"]}]},{\"@type\":\"BreadcrumbList\",\"@id\":\"https:\/\/www.heartofgold-hostel.de\/fr\/situation-a-berlin-mitte\/#breadcrumb\",\"itemListElement\":[{\"@type\":\"ListItem\",\"position\":1,\"name\":\"Home\",\"item\":\"https:\/\/www.heartofgold-hostel.de\/fr\/\"},{\"@type\":\"ListItem\",\"position\":2,\"name\":\"Situation plus que centrale \u00e0 Berlin Mitte\"}]},{\"@type\":\"WebSite\",\"@id\":\"https:\/\/www.heartofgold-hostel.de\/de\/#website\",\"url\":\"https:\/\/www.heartofgold-hostel.de\/de\/\",\"name\":\"Heart of Gold Hostel Berlin\",\"description\":\"the starship Berlin Hostel\",\"publisher\":{\"@id\":\"https:\/\/www.heartofgold-hostel.de\/de\/#organization\"},\"potentialAction\":[{\"@type\":\"SearchAction\",\"target\":{\"@type\":\"EntryPoint\",\"urlTemplate\":\"https:\/\/www.heartofgold-hostel.de\/de\/?s={search_term_string}\"},\"query-input\":{\"@type\":\"PropertyValueSpecification\",\"valueRequired\":true,\"valueName\":\"search_term_string\"}}],\"inLanguage\":\"fr-FR\"},{\"@type\":\"Organization\",\"@id\":\"https:\/\/www.heartofgold-hostel.de\/de\/#organization\",\"name\":\"Heart of Gold Hostel Berlin\",\"url\":\"https:\/\/www.heartofgold-hostel.de\/de\/\",\"logo\":{\"@type\":\"ImageObject\",\"inLanguage\":\"fr-FR\",\"@id\":\"https:\/\/www.heartofgold-hostel.de\/de\/#\/schema\/logo\/image\/\",\"url\":\"https:\/\/www.heartofgold-hostel.de\/wp-content\/uploads\/HOG_Logo_braun_180.gif\",\"contentUrl\":\"https:\/\/www.heartofgold-hostel.de\/wp-content\/uploads\/HOG_Logo_braun_180.gif\",\"width\":180,\"height\":180,\"caption\":\"Heart of Gold Hostel Berlin\"},\"image\":{\"@id\":\"https:\/\/www.heartofgold-hostel.de\/de\/#\/schema\/logo\/image\/\"},\"sameAs\":[\"https:\/\/www.facebook.com\/heart.of.gold.hostel.berlin\/\",\"https:\/\/x.com\/berlinhostel\",\"https:\/\/myspace.com\/hostelberlin\",\"https:\/\/www.pinterest.com\/hoghostel\/heart-of-gold-hostel\/\"]}]}<\/script>\n<!-- \/ Yoast SEO plugin. -->","yoast_head_json":{"title":"Situation plus que centrale \u00e0 Berlin Mitte - Heart of Gold Hostel Berlin","description":"Situation plus que centrale \u00e0 Berlin Mitte. Les principaux sites touristiques sont accessibles \u00e0 pieds - la Nightlife n'est pas bien loin.","robots":{"index":"index","follow":"follow","max-snippet":"max-snippet:-1","max-image-preview":"max-image-preview:large","max-video-preview":"max-video-preview:-1"},"canonical":"https:\/\/www.heartofgold-hostel.de\/fr\/situation-a-berlin-mitte\/","og_locale":"fr_FR","og_type":"article","og_title":"Situation plus que centrale \u00e0 Berlin Mitte - Heart of Gold Hostel Berlin","og_description":"Situation plus que centrale \u00e0 Berlin Mitte. Les principaux sites touristiques sont accessibles \u00e0 pieds - la Nightlife n'est pas bien loin.","og_url":"https:\/\/www.heartofgold-hostel.de\/fr\/situation-a-berlin-mitte\/","og_site_name":"Heart of Gold Hostel Berlin","article_publisher":"https:\/\/www.facebook.com\/heart.of.gold.hostel.berlin\/","og_image":[{"width":180,"height":180,"url":"https:\/\/www.heartofgold-hostel.de\/wp-content\/uploads\/HOG_Logo_braun_180.gif","type":"image\/gif"}],"schema":{"@context":"https:\/\/schema.org","@graph":[{"@type":"WebPage","@id":"https:\/\/www.heartofgold-hostel.de\/fr\/situation-a-berlin-mitte\/","url":"https:\/\/www.heartofgold-hostel.de\/fr\/situation-a-berlin-mitte\/","name":"Situation plus que centrale \u00e0 Berlin Mitte - Heart of Gold Hostel Berlin","isPartOf":{"@id":"https:\/\/www.heartofgold-hostel.de\/de\/#website"},"datePublished":"2015-10-23T13:19:15+00:00","description":"Situation plus que centrale \u00e0 Berlin Mitte. Les principaux sites touristiques sont accessibles \u00e0 pieds - la Nightlife n'est pas bien loin.","breadcrumb":{"@id":"https:\/\/www.heartofgold-hostel.de\/fr\/situation-a-berlin-mitte\/#breadcrumb"},"inLanguage":"fr-FR","potentialAction":[{"@type":"ReadAction","target":["https:\/\/www.heartofgold-hostel.de\/fr\/situation-a-berlin-mitte\/"]}]},{"@type":"BreadcrumbList","@id":"https:\/\/www.heartofgold-hostel.de\/fr\/situation-a-berlin-mitte\/#breadcrumb","itemListElement":[{"@type":"ListItem","position":1,"name":"Home","item":"https:\/\/www.heartofgold-hostel.de\/fr\/"},{"@type":"ListItem","position":2,"name":"Situation plus que centrale \u00e0 Berlin Mitte"}]},{"@type":"WebSite","@id":"https:\/\/www.heartofgold-hostel.de\/de\/#website","url":"https:\/\/www.heartofgold-hostel.de\/de\/","name":"Heart of Gold Hostel Berlin","description":"the starship Berlin Hostel","publisher":{"@id":"https:\/\/www.heartofgold-hostel.de\/de\/#organization"},"potentialAction":[{"@type":"SearchAction","target":{"@type":"EntryPoint","urlTemplate":"https:\/\/www.heartofgold-hostel.de\/de\/?s={search_term_string}"},"query-input":{"@type":"PropertyValueSpecification","valueRequired":true,"valueName":"search_term_string"}}],"inLanguage":"fr-FR"},{"@type":"Organization","@id":"https:\/\/www.heartofgold-hostel.de\/de\/#organization","name":"Heart of Gold Hostel Berlin","url":"https:\/\/www.heartofgold-hostel.de\/de\/","logo":{"@type":"ImageObject","inLanguage":"fr-FR","@id":"https:\/\/www.heartofgold-hostel.de\/de\/#\/schema\/logo\/image\/","url":"https:\/\/www.heartofgold-hostel.de\/wp-content\/uploads\/HOG_Logo_braun_180.gif","contentUrl":"https:\/\/www.heartofgold-hostel.de\/wp-content\/uploads\/HOG_Logo_braun_180.gif","width":180,"height":180,"caption":"Heart of Gold Hostel Berlin"},"image":{"@id":"https:\/\/www.heartofgold-hostel.de\/de\/#\/schema\/logo\/image\/"},"sameAs":["https:\/\/www.facebook.com\/heart.of.gold.hostel.berlin\/","https:\/\/x.com\/berlinhostel","https:\/\/myspace.com\/hostelberlin","https:\/\/www.pinterest.com\/hoghostel\/heart-of-gold-hostel\/"]}]}},"jetpack_sharing_enabled":true,"jetpack_shortlink":"https:\/\/wp.me\/P7w0Rw-1lc","_links":{"self":[{"href":"https:\/\/www.heartofgold-hostel.de\/fr\/wp-json\/wp\/v2\/pages\/5158"}],"collection":[{"href":"https:\/\/www.heartofgold-hostel.de\/fr\/wp-json\/wp\/v2\/pages"}],"about":[{"href":"https:\/\/www.heartofgold-hostel.de\/fr\/wp-json\/wp\/v2\/types\/page"}],"author":[{"embeddable":true,"href":"https:\/\/www.heartofgold-hostel.de\/fr\/wp-json\/wp\/v2\/users\/7"}],"replies":[{"embeddable":true,"href":"https:\/\/www.heartofgold-hostel.de\/fr\/wp-json\/wp\/v2\/comments?post=5158"}],"version-history":[{"count":0,"href":"https:\/\/www.heartofgold-hostel.de\/fr\/wp-json\/wp\/v2\/pages\/5158\/revisions"}],"wp:attachment":[{"href":"https:\/\/www.heartofgold-hostel.de\/fr\/wp-json\/wp\/v2\/media?parent=5158"}],"curies":[{"name":"wp","href":"https:\/\/api.w.org\/{rel}","templated":true}]}}