{"id":5174,"date":"2015-10-23T16:00:12","date_gmt":"2015-10-23T14:00:12","guid":{"rendered":"http:\/\/www.heartofgold-hostel.de\/fr\/start-fr\/"},"modified":"2017-03-08T09:14:54","modified_gmt":"2017-03-08T08:14:54","slug":"start-fr","status":"publish","type":"page","link":"https:\/\/www.heartofgold-hostel.de\/fr\/","title":{"rendered":"Bienvenue au Heart of Gold Hostel Berlin"},"content":{"rendered":"<h2 class=\"entry-title\">Votre Hostel \u00e0 Berlin ne peut \u00eatre plus central !<\/h2>\n<div class=\"entry-content\">Juste au <a title=\"Location in Berlin Mitte\" href=\"https:\/\/www.heartofgold-hostel.de\/fr\/situation-a-berlin-mitte\/\">centre de Berlin<\/a>, le <a title=\"Hostel Berlin \u2013 Don\u2019t Panic!\" href=\"https:\/\/www.heartofgold-hostel.de\/fr\/hostel-berlin-pas-de-panique\/\">Heart of Gold Hostel<\/a> est l&rsquo;endroit id\u00e9al pour explorer la <a href=\"https:\/\/www.heartofgold-hostel.de\/fr\/berlin-fr\/\">ville<\/a>. Un <a href=\"https:\/\/www.heartofgold-hostel.de\/fr\/reservez-hostel\/\">h\u00e9bergement \u00e0 petit prix<\/a> avec les qualit\u00e9s d&rsquo;un H\u00f4tel. Son <a href=\"https:\/\/www.heartofgold-hostel.de\/fr\/pas-de-panique\/\">design<\/a>, inspir\u00e9 du \u00ab\u00a0Guide du Voyageur Galactique\u00a0\u00bb de Douglas Adams vous fera sentir chez vous.<br \/>\n<img loading=\"lazy\" decoding=\"async\" class=\"alignright\" style=\"margin: 5px 5px 0 20px;\" src=\"https:\/\/www.heartofgold-hostel.de\/wp-content\/uploads\/2011\/05\/hog_party.jpg\" alt=\"This was a Party in the Heart of Gold Hostel Berlin in 2011 where everybody had to wear suits and ties.\" width=\"224\" height=\"139\" \/><br \/>\nLe centre historique de Berlin et la plupart de ses <a href=\"https:\/\/www.heartofgold-hostel.de\/sights-in-berlin\/\">sites<\/a> les plus int\u00e9ressants sont accessibles \u00e0 pieds, et la Nightlife berlinoise avec ses <a href=\"https:\/\/www.heartofgold-hostel.de\/bars-in-berlin-2\/\">bars<\/a> et clubs n&rsquo;est pas bien loin. Rencontrez des voyageurs du monde entier, ou des vrais Berlinois \u00e0 l&rsquo;accueil, et transformez votre s\u00e9jour en une exp\u00e9rience inoubliable.<\/div>\n<p>&nbsp;<\/p>\n","protected":false},"excerpt":{"rendered":"<p>Votre Hostel \u00e0 Berlin ne peut \u00eatre plus central ! Juste au centre de Berlin, le Heart of Gold Hostel est l&rsquo;endroit id\u00e9al pour explorer la ville. Un h\u00e9bergement \u00e0 petit prix avec les qualit\u00e9s d&rsquo;un H\u00f4tel. Son design, inspir\u00e9 &hellip; <a href=\"https:\/\/www.heartofgold-hostel.de\/fr\/\">Continuer la lecture <span class=\"meta-nav\">&rarr;<\/span><\/a><\/p>\n","protected":false},"author":7,"featured_media":0,"parent":0,"menu_order":0,"comment_status":"closed","ping_status":"closed","template":"","meta":{"_monsterinsights_skip_tracking":false,"_monsterinsights_sitenote_active":false,"_monsterinsights_sitenote_note":"","_monsterinsights_sitenote_category":0,"jetpack_post_was_ever_published":false,"footnotes":""},"yoast_head":"<!-- This site is optimized with the Yoast SEO plugin v24.5 - https:\/\/yoast.com\/wordpress\/plugins\/seo\/ -->\n<title>Hostel Berlin - Heart of Gold Hostel Berlin<\/title>\n<meta name=\"description\" content=\"Le Heart of Gold Hostel est l&#039;une des auberges les plus centrales de Berlin Mitte - proche de la plupart des sites touristiques. Pas de Panique !\" \/>\n<meta name=\"robots\" content=\"index, follow, max-snippet:-1, max-image-preview:large, max-video-preview:-1\" \/>\n<link rel=\"canonical\" href=\"https:\/\/www.heartofgold-hostel.de\/fr\/\" \/>\n<meta property=\"og:locale\" content=\"fr_FR\" \/>\n<meta property=\"og:type\" content=\"article\" \/>\n<meta property=\"og:title\" content=\"Hostel Berlin - Heart of Gold Hostel Berlin\" \/>\n<meta property=\"og:description\" content=\"Le Heart of Gold Hostel est l&#039;une des auberges les plus centrales de Berlin Mitte - proche de la plupart des sites touristiques. Pas de Panique !\" \/>\n<meta property=\"og:url\" content=\"https:\/\/www.heartofgold-hostel.de\/fr\/\" \/>\n<meta property=\"og:site_name\" content=\"Heart of Gold Hostel Berlin\" \/>\n<meta property=\"article:publisher\" content=\"https:\/\/www.facebook.com\/heart.of.gold.hostel.berlin\/\" \/>\n<meta property=\"article:modified_time\" content=\"2017-03-08T08:14:54+00:00\" \/>\n<meta property=\"og:image\" content=\"https:\/\/www.heartofgold-hostel.de\/wp-content\/uploads\/2011\/05\/hog_party.jpg\" \/>\n<meta name=\"twitter:label1\" content=\"Dur\u00e9e de lecture estim\u00e9e\" \/>\n\t<meta name=\"twitter:data1\" content=\"1 minute\" \/>\n<script type=\"application\/ld+json\" class=\"yoast-schema-graph\">{\"@context\":\"https:\/\/schema.org\",\"@graph\":[{\"@type\":\"WebPage\",\"@id\":\"https:\/\/www.heartofgold-hostel.de\/fr\/\",\"url\":\"https:\/\/www.heartofgold-hostel.de\/fr\/\",\"name\":\"Hostel Berlin - Heart of Gold Hostel Berlin\",\"isPartOf\":{\"@id\":\"https:\/\/www.heartofgold-hostel.de\/de\/#website\"},\"primaryImageOfPage\":{\"@id\":\"https:\/\/www.heartofgold-hostel.de\/fr\/#primaryimage\"},\"image\":{\"@id\":\"https:\/\/www.heartofgold-hostel.de\/fr\/#primaryimage\"},\"thumbnailUrl\":\"https:\/\/www.heartofgold-hostel.de\/wp-content\/uploads\/2011\/05\/hog_party.jpg\",\"datePublished\":\"2015-10-23T14:00:12+00:00\",\"dateModified\":\"2017-03-08T08:14:54+00:00\",\"description\":\"Le Heart of Gold Hostel est l'une des auberges les plus centrales de Berlin Mitte - proche de la plupart des sites touristiques. Pas de Panique !\",\"breadcrumb\":{\"@id\":\"https:\/\/www.heartofgold-hostel.de\/fr\/#breadcrumb\"},\"inLanguage\":\"fr-FR\",\"potentialAction\":[{\"@type\":\"ReadAction\",\"target\":[\"https:\/\/www.heartofgold-hostel.de\/fr\/\"]}]},{\"@type\":\"ImageObject\",\"inLanguage\":\"fr-FR\",\"@id\":\"https:\/\/www.heartofgold-hostel.de\/fr\/#primaryimage\",\"url\":\"https:\/\/www.heartofgold-hostel.de\/wp-content\/uploads\/2011\/05\/hog_party.jpg\",\"contentUrl\":\"https:\/\/www.heartofgold-hostel.de\/wp-content\/uploads\/2011\/05\/hog_party.jpg\"},{\"@type\":\"BreadcrumbList\",\"@id\":\"https:\/\/www.heartofgold-hostel.de\/fr\/#breadcrumb\",\"itemListElement\":[{\"@type\":\"ListItem\",\"position\":1,\"name\":\"Home\",\"item\":\"https:\/\/www.heartofgold-hostel.de\/fr\/\"},{\"@type\":\"ListItem\",\"position\":2,\"name\":\"Bienvenue au Heart of Gold Hostel Berlin\"}]},{\"@type\":\"WebSite\",\"@id\":\"https:\/\/www.heartofgold-hostel.de\/de\/#website\",\"url\":\"https:\/\/www.heartofgold-hostel.de\/de\/\",\"name\":\"Heart of Gold Hostel Berlin\",\"description\":\"the starship Berlin Hostel\",\"publisher\":{\"@id\":\"https:\/\/www.heartofgold-hostel.de\/de\/#organization\"},\"potentialAction\":[{\"@type\":\"SearchAction\",\"target\":{\"@type\":\"EntryPoint\",\"urlTemplate\":\"https:\/\/www.heartofgold-hostel.de\/de\/?s={search_term_string}\"},\"query-input\":{\"@type\":\"PropertyValueSpecification\",\"valueRequired\":true,\"valueName\":\"search_term_string\"}}],\"inLanguage\":\"fr-FR\"},{\"@type\":\"Organization\",\"@id\":\"https:\/\/www.heartofgold-hostel.de\/de\/#organization\",\"name\":\"Heart of Gold Hostel Berlin\",\"url\":\"https:\/\/www.heartofgold-hostel.de\/de\/\",\"logo\":{\"@type\":\"ImageObject\",\"inLanguage\":\"fr-FR\",\"@id\":\"https:\/\/www.heartofgold-hostel.de\/de\/#\/schema\/logo\/image\/\",\"url\":\"https:\/\/www.heartofgold-hostel.de\/wp-content\/uploads\/HOG_Logo_braun_180.gif\",\"contentUrl\":\"https:\/\/www.heartofgold-hostel.de\/wp-content\/uploads\/HOG_Logo_braun_180.gif\",\"width\":180,\"height\":180,\"caption\":\"Heart of Gold Hostel Berlin\"},\"image\":{\"@id\":\"https:\/\/www.heartofgold-hostel.de\/de\/#\/schema\/logo\/image\/\"},\"sameAs\":[\"https:\/\/www.facebook.com\/heart.of.gold.hostel.berlin\/\",\"https:\/\/x.com\/berlinhostel\",\"https:\/\/myspace.com\/hostelberlin\",\"https:\/\/www.pinterest.com\/hoghostel\/heart-of-gold-hostel\/\"]}]}<\/script>\n<!-- \/ Yoast SEO plugin. -->","yoast_head_json":{"title":"Hostel Berlin - Heart of Gold Hostel Berlin","description":"Le Heart of Gold Hostel est l'une des auberges les plus centrales de Berlin Mitte - proche de la plupart des sites touristiques. Pas de Panique !","robots":{"index":"index","follow":"follow","max-snippet":"max-snippet:-1","max-image-preview":"max-image-preview:large","max-video-preview":"max-video-preview:-1"},"canonical":"https:\/\/www.heartofgold-hostel.de\/fr\/","og_locale":"fr_FR","og_type":"article","og_title":"Hostel Berlin - Heart of Gold Hostel Berlin","og_description":"Le Heart of Gold Hostel est l'une des auberges les plus centrales de Berlin Mitte - proche de la plupart des sites touristiques. Pas de Panique !","og_url":"https:\/\/www.heartofgold-hostel.de\/fr\/","og_site_name":"Heart of Gold Hostel Berlin","article_publisher":"https:\/\/www.facebook.com\/heart.of.gold.hostel.berlin\/","article_modified_time":"2017-03-08T08:14:54+00:00","og_image":[{"url":"https:\/\/www.heartofgold-hostel.de\/wp-content\/uploads\/2011\/05\/hog_party.jpg","type":"","width":"","height":""}],"twitter_misc":{"Dur\u00e9e de lecture estim\u00e9e":"1 minute"},"schema":{"@context":"https:\/\/schema.org","@graph":[{"@type":"WebPage","@id":"https:\/\/www.heartofgold-hostel.de\/fr\/","url":"https:\/\/www.heartofgold-hostel.de\/fr\/","name":"Hostel Berlin - Heart of Gold Hostel Berlin","isPartOf":{"@id":"https:\/\/www.heartofgold-hostel.de\/de\/#website"},"primaryImageOfPage":{"@id":"https:\/\/www.heartofgold-hostel.de\/fr\/#primaryimage"},"image":{"@id":"https:\/\/www.heartofgold-hostel.de\/fr\/#primaryimage"},"thumbnailUrl":"https:\/\/www.heartofgold-hostel.de\/wp-content\/uploads\/2011\/05\/hog_party.jpg","datePublished":"2015-10-23T14:00:12+00:00","dateModified":"2017-03-08T08:14:54+00:00","description":"Le Heart of Gold Hostel est l'une des auberges les plus centrales de Berlin Mitte - proche de la plupart des sites touristiques. Pas de Panique !","breadcrumb":{"@id":"https:\/\/www.heartofgold-hostel.de\/fr\/#breadcrumb"},"inLanguage":"fr-FR","potentialAction":[{"@type":"ReadAction","target":["https:\/\/www.heartofgold-hostel.de\/fr\/"]}]},{"@type":"ImageObject","inLanguage":"fr-FR","@id":"https:\/\/www.heartofgold-hostel.de\/fr\/#primaryimage","url":"https:\/\/www.heartofgold-hostel.de\/wp-content\/uploads\/2011\/05\/hog_party.jpg","contentUrl":"https:\/\/www.heartofgold-hostel.de\/wp-content\/uploads\/2011\/05\/hog_party.jpg"},{"@type":"BreadcrumbList","@id":"https:\/\/www.heartofgold-hostel.de\/fr\/#breadcrumb","itemListElement":[{"@type":"ListItem","position":1,"name":"Home","item":"https:\/\/www.heartofgold-hostel.de\/fr\/"},{"@type":"ListItem","position":2,"name":"Bienvenue au Heart of Gold Hostel Berlin"}]},{"@type":"WebSite","@id":"https:\/\/www.heartofgold-hostel.de\/de\/#website","url":"https:\/\/www.heartofgold-hostel.de\/de\/","name":"Heart of Gold Hostel Berlin","description":"the starship Berlin Hostel","publisher":{"@id":"https:\/\/www.heartofgold-hostel.de\/de\/#organization"},"potentialAction":[{"@type":"SearchAction","target":{"@type":"EntryPoint","urlTemplate":"https:\/\/www.heartofgold-hostel.de\/de\/?s={search_term_string}"},"query-input":{"@type":"PropertyValueSpecification","valueRequired":true,"valueName":"search_term_string"}}],"inLanguage":"fr-FR"},{"@type":"Organization","@id":"https:\/\/www.heartofgold-hostel.de\/de\/#organization","name":"Heart of Gold Hostel Berlin","url":"https:\/\/www.heartofgold-hostel.de\/de\/","logo":{"@type":"ImageObject","inLanguage":"fr-FR","@id":"https:\/\/www.heartofgold-hostel.de\/de\/#\/schema\/logo\/image\/","url":"https:\/\/www.heartofgold-hostel.de\/wp-content\/uploads\/HOG_Logo_braun_180.gif","contentUrl":"https:\/\/www.heartofgold-hostel.de\/wp-content\/uploads\/HOG_Logo_braun_180.gif","width":180,"height":180,"caption":"Heart of Gold Hostel Berlin"},"image":{"@id":"https:\/\/www.heartofgold-hostel.de\/de\/#\/schema\/logo\/image\/"},"sameAs":["https:\/\/www.facebook.com\/heart.of.gold.hostel.berlin\/","https:\/\/x.com\/berlinhostel","https:\/\/myspace.com\/hostelberlin","https:\/\/www.pinterest.com\/hoghostel\/heart-of-gold-hostel\/"]}]}},"jetpack_sharing_enabled":true,"jetpack_shortlink":"https:\/\/wp.me\/P7w0Rw-1ls","_links":{"self":[{"href":"https:\/\/www.heartofgold-hostel.de\/fr\/wp-json\/wp\/v2\/pages\/5174"}],"collection":[{"href":"https:\/\/www.heartofgold-hostel.de\/fr\/wp-json\/wp\/v2\/pages"}],"about":[{"href":"https:\/\/www.heartofgold-hostel.de\/fr\/wp-json\/wp\/v2\/types\/page"}],"author":[{"embeddable":true,"href":"https:\/\/www.heartofgold-hostel.de\/fr\/wp-json\/wp\/v2\/users\/7"}],"replies":[{"embeddable":true,"href":"https:\/\/www.heartofgold-hostel.de\/fr\/wp-json\/wp\/v2\/comments?post=5174"}],"version-history":[{"count":3,"href":"https:\/\/www.heartofgold-hostel.de\/fr\/wp-json\/wp\/v2\/pages\/5174\/revisions"}],"predecessor-version":[{"id":5719,"href":"https:\/\/www.heartofgold-hostel.de\/fr\/wp-json\/wp\/v2\/pages\/5174\/revisions\/5719"}],"wp:attachment":[{"href":"https:\/\/www.heartofgold-hostel.de\/fr\/wp-json\/wp\/v2\/media?parent=5174"}],"curies":[{"name":"wp","href":"https:\/\/api.w.org\/{rel}","templated":true}]}}