{"id":5439,"date":"2016-07-01T16:26:24","date_gmt":"2016-07-01T14:26:24","guid":{"rendered":"https:\/\/www.heartofgold-hostel.de\/pt\/reserva-hostel\/"},"modified":"2025-05-03T10:29:52","modified_gmt":"2025-05-03T08:29:52","slug":"reserva-hostel","status":"publish","type":"page","link":"https:\/\/www.heartofgold-hostel.de\/pt\/reserva-hostel\/","title":{"rendered":"Reservem as vossas camas! (reservas online)"},"content":{"rendered":"<p>A cidade de Belim cobra um imposto da cidade de 7,5% nos custos de alojamento de turistas que ser\u00e1 acrescentado aos pre\u00e7os apresentados. <a title=\"Informa\u00e7\u00e3o sobre o CityTax\" href=\"https:\/\/www.berlin.de\/en\/tourism\/travel-information\/3298255-2862820-city-tax-in-berlin-who-is-to-pay-how-muc.en.html\" target=\"_blank\" rel=\"noopener\">mais informa\u00e7\u00e3o!<\/a><\/p>\n<p><iframe loading=\"lazy\" src=\"https:\/\/new.hostel-service.de:8080\/till\/book\/remote\/reserv.php?client_id=hog&#038;lang=en\" width=\"750\" height=\"900\" frameborder=\"0\" marginwidth=\"0\" marginheight=\"0\"><\/iframe><\/p>\n","protected":false},"excerpt":{"rendered":"<p>A cidade de Belim cobra um imposto da cidade de 7,5% nos custos de alojamento de turistas que ser\u00e1 acrescentado aos pre\u00e7os apresentados. mais informa\u00e7\u00e3o!<\/p>\n","protected":false},"author":7,"featured_media":0,"parent":0,"menu_order":0,"comment_status":"closed","ping_status":"open","template":"onecolumn-page.php","meta":{"_monsterinsights_skip_tracking":false,"_monsterinsights_sitenote_active":false,"_monsterinsights_sitenote_note":"","_monsterinsights_sitenote_category":0,"jetpack_post_was_ever_published":false,"footnotes":""},"yoast_head":"<!-- This site is optimized with the Yoast SEO plugin v24.5 - https:\/\/yoast.com\/wordpress\/plugins\/seo\/ -->\n<title>Reserva Hostel Berlin - Heart of Gold Hostel Berlin<\/title>\n<meta name=\"description\" content=\"reservem j\u00e1!\" \/>\n<meta name=\"robots\" content=\"index, follow, max-snippet:-1, max-image-preview:large, max-video-preview:-1\" \/>\n<link rel=\"canonical\" href=\"https:\/\/www.heartofgold-hostel.de\/pt\/reserva-hostel\/\" \/>\n<meta property=\"og:locale\" content=\"pt_PT\" \/>\n<meta property=\"og:type\" content=\"article\" \/>\n<meta property=\"og:title\" content=\"Reserva Hostel Berlin - Heart of Gold Hostel Berlin\" \/>\n<meta property=\"og:description\" content=\"reservem j\u00e1!\" \/>\n<meta property=\"og:url\" content=\"https:\/\/www.heartofgold-hostel.de\/pt\/reserva-hostel\/\" \/>\n<meta property=\"og:site_name\" content=\"Heart of Gold Hostel Berlin\" \/>\n<meta property=\"article:publisher\" content=\"https:\/\/www.facebook.com\/heart.of.gold.hostel.berlin\/\" \/>\n<meta property=\"article:modified_time\" content=\"2025-05-03T08:29:52+00:00\" \/>\n<meta property=\"og:image\" content=\"https:\/\/www.heartofgold-hostel.de\/wp-content\/uploads\/HOG_Logo_braun_180.gif\" \/>\n\t<meta property=\"og:image:width\" content=\"180\" \/>\n\t<meta property=\"og:image:height\" content=\"180\" \/>\n\t<meta property=\"og:image:type\" content=\"image\/gif\" \/>\n<script type=\"application\/ld+json\" class=\"yoast-schema-graph\">{\"@context\":\"https:\/\/schema.org\",\"@graph\":[{\"@type\":\"WebPage\",\"@id\":\"https:\/\/www.heartofgold-hostel.de\/pt\/reserva-hostel\/\",\"url\":\"https:\/\/www.heartofgold-hostel.de\/pt\/reserva-hostel\/\",\"name\":\"Reserva Hostel Berlin - Heart of Gold Hostel Berlin\",\"isPartOf\":{\"@id\":\"https:\/\/www.heartofgold-hostel.de\/de\/#website\"},\"datePublished\":\"2016-07-01T14:26:24+00:00\",\"dateModified\":\"2025-05-03T08:29:52+00:00\",\"description\":\"reservem j\u00e1!\",\"breadcrumb\":{\"@id\":\"https:\/\/www.heartofgold-hostel.de\/pt\/reserva-hostel\/#breadcrumb\"},\"inLanguage\":\"pt-PT\",\"potentialAction\":[{\"@type\":\"ReadAction\",\"target\":[\"https:\/\/www.heartofgold-hostel.de\/pt\/reserva-hostel\/\"]}]},{\"@type\":\"BreadcrumbList\",\"@id\":\"https:\/\/www.heartofgold-hostel.de\/pt\/reserva-hostel\/#breadcrumb\",\"itemListElement\":[{\"@type\":\"ListItem\",\"position\":1,\"name\":\"Home\",\"item\":\"https:\/\/www.heartofgold-hostel.de\/pt\/\"},{\"@type\":\"ListItem\",\"position\":2,\"name\":\"Reservem as vossas camas! (reservas online)\"}]},{\"@type\":\"WebSite\",\"@id\":\"https:\/\/www.heartofgold-hostel.de\/de\/#website\",\"url\":\"https:\/\/www.heartofgold-hostel.de\/de\/\",\"name\":\"Heart of Gold Hostel Berlin\",\"description\":\"the starship Berlin Hostel\",\"publisher\":{\"@id\":\"https:\/\/www.heartofgold-hostel.de\/de\/#organization\"},\"potentialAction\":[{\"@type\":\"SearchAction\",\"target\":{\"@type\":\"EntryPoint\",\"urlTemplate\":\"https:\/\/www.heartofgold-hostel.de\/de\/?s={search_term_string}\"},\"query-input\":{\"@type\":\"PropertyValueSpecification\",\"valueRequired\":true,\"valueName\":\"search_term_string\"}}],\"inLanguage\":\"pt-PT\"},{\"@type\":\"Organization\",\"@id\":\"https:\/\/www.heartofgold-hostel.de\/de\/#organization\",\"name\":\"Heart of Gold Hostel Berlin\",\"url\":\"https:\/\/www.heartofgold-hostel.de\/de\/\",\"logo\":{\"@type\":\"ImageObject\",\"inLanguage\":\"pt-PT\",\"@id\":\"https:\/\/www.heartofgold-hostel.de\/de\/#\/schema\/logo\/image\/\",\"url\":\"https:\/\/www.heartofgold-hostel.de\/wp-content\/uploads\/HOG_Logo_braun_180.gif\",\"contentUrl\":\"https:\/\/www.heartofgold-hostel.de\/wp-content\/uploads\/HOG_Logo_braun_180.gif\",\"width\":180,\"height\":180,\"caption\":\"Heart of Gold Hostel Berlin\"},\"image\":{\"@id\":\"https:\/\/www.heartofgold-hostel.de\/de\/#\/schema\/logo\/image\/\"},\"sameAs\":[\"https:\/\/www.facebook.com\/heart.of.gold.hostel.berlin\/\",\"https:\/\/x.com\/berlinhostel\",\"https:\/\/myspace.com\/hostelberlin\",\"https:\/\/www.pinterest.com\/hoghostel\/heart-of-gold-hostel\/\"]}]}<\/script>\n<!-- \/ Yoast SEO plugin. -->","yoast_head_json":{"title":"Reserva Hostel Berlin - Heart of Gold Hostel Berlin","description":"reservem j\u00e1!","robots":{"index":"index","follow":"follow","max-snippet":"max-snippet:-1","max-image-preview":"max-image-preview:large","max-video-preview":"max-video-preview:-1"},"canonical":"https:\/\/www.heartofgold-hostel.de\/pt\/reserva-hostel\/","og_locale":"pt_PT","og_type":"article","og_title":"Reserva Hostel Berlin - Heart of Gold Hostel Berlin","og_description":"reservem j\u00e1!","og_url":"https:\/\/www.heartofgold-hostel.de\/pt\/reserva-hostel\/","og_site_name":"Heart of Gold Hostel Berlin","article_publisher":"https:\/\/www.facebook.com\/heart.of.gold.hostel.berlin\/","article_modified_time":"2025-05-03T08:29:52+00:00","og_image":[{"width":180,"height":180,"url":"https:\/\/www.heartofgold-hostel.de\/wp-content\/uploads\/HOG_Logo_braun_180.gif","type":"image\/gif"}],"schema":{"@context":"https:\/\/schema.org","@graph":[{"@type":"WebPage","@id":"https:\/\/www.heartofgold-hostel.de\/pt\/reserva-hostel\/","url":"https:\/\/www.heartofgold-hostel.de\/pt\/reserva-hostel\/","name":"Reserva Hostel Berlin - Heart of Gold Hostel Berlin","isPartOf":{"@id":"https:\/\/www.heartofgold-hostel.de\/de\/#website"},"datePublished":"2016-07-01T14:26:24+00:00","dateModified":"2025-05-03T08:29:52+00:00","description":"reservem j\u00e1!","breadcrumb":{"@id":"https:\/\/www.heartofgold-hostel.de\/pt\/reserva-hostel\/#breadcrumb"},"inLanguage":"pt-PT","potentialAction":[{"@type":"ReadAction","target":["https:\/\/www.heartofgold-hostel.de\/pt\/reserva-hostel\/"]}]},{"@type":"BreadcrumbList","@id":"https:\/\/www.heartofgold-hostel.de\/pt\/reserva-hostel\/#breadcrumb","itemListElement":[{"@type":"ListItem","position":1,"name":"Home","item":"https:\/\/www.heartofgold-hostel.de\/pt\/"},{"@type":"ListItem","position":2,"name":"Reservem as vossas camas! (reservas online)"}]},{"@type":"WebSite","@id":"https:\/\/www.heartofgold-hostel.de\/de\/#website","url":"https:\/\/www.heartofgold-hostel.de\/de\/","name":"Heart of Gold Hostel Berlin","description":"the starship Berlin Hostel","publisher":{"@id":"https:\/\/www.heartofgold-hostel.de\/de\/#organization"},"potentialAction":[{"@type":"SearchAction","target":{"@type":"EntryPoint","urlTemplate":"https:\/\/www.heartofgold-hostel.de\/de\/?s={search_term_string}"},"query-input":{"@type":"PropertyValueSpecification","valueRequired":true,"valueName":"search_term_string"}}],"inLanguage":"pt-PT"},{"@type":"Organization","@id":"https:\/\/www.heartofgold-hostel.de\/de\/#organization","name":"Heart of Gold Hostel Berlin","url":"https:\/\/www.heartofgold-hostel.de\/de\/","logo":{"@type":"ImageObject","inLanguage":"pt-PT","@id":"https:\/\/www.heartofgold-hostel.de\/de\/#\/schema\/logo\/image\/","url":"https:\/\/www.heartofgold-hostel.de\/wp-content\/uploads\/HOG_Logo_braun_180.gif","contentUrl":"https:\/\/www.heartofgold-hostel.de\/wp-content\/uploads\/HOG_Logo_braun_180.gif","width":180,"height":180,"caption":"Heart of Gold Hostel Berlin"},"image":{"@id":"https:\/\/www.heartofgold-hostel.de\/de\/#\/schema\/logo\/image\/"},"sameAs":["https:\/\/www.facebook.com\/heart.of.gold.hostel.berlin\/","https:\/\/x.com\/berlinhostel","https:\/\/myspace.com\/hostelberlin","https:\/\/www.pinterest.com\/hoghostel\/heart-of-gold-hostel\/"]}]}},"jetpack_sharing_enabled":true,"jetpack_shortlink":"https:\/\/wp.me\/P7w0Rw-1pJ","_links":{"self":[{"href":"https:\/\/www.heartofgold-hostel.de\/pt\/wp-json\/wp\/v2\/pages\/5439"}],"collection":[{"href":"https:\/\/www.heartofgold-hostel.de\/pt\/wp-json\/wp\/v2\/pages"}],"about":[{"href":"https:\/\/www.heartofgold-hostel.de\/pt\/wp-json\/wp\/v2\/types\/page"}],"author":[{"embeddable":true,"href":"https:\/\/www.heartofgold-hostel.de\/pt\/wp-json\/wp\/v2\/users\/7"}],"replies":[{"embeddable":true,"href":"https:\/\/www.heartofgold-hostel.de\/pt\/wp-json\/wp\/v2\/comments?post=5439"}],"version-history":[{"count":5,"href":"https:\/\/www.heartofgold-hostel.de\/pt\/wp-json\/wp\/v2\/pages\/5439\/revisions"}],"predecessor-version":[{"id":6986,"href":"https:\/\/www.heartofgold-hostel.de\/pt\/wp-json\/wp\/v2\/pages\/5439\/revisions\/6986"}],"wp:attachment":[{"href":"https:\/\/www.heartofgold-hostel.de\/pt\/wp-json\/wp\/v2\/media?parent=5439"}],"curies":[{"name":"wp","href":"https:\/\/api.w.org\/{rel}","templated":true}]}}