{"id":5558,"date":"2016-07-08T13:26:07","date_gmt":"2016-07-08T11:26:07","guid":{"rendered":"https:\/\/www.heartofgold-hostel.de\/pt\/berlim\/"},"modified":"2016-07-10T14:38:11","modified_gmt":"2016-07-10T12:38:11","slug":"berlim","status":"publish","type":"page","link":"https:\/\/www.heartofgold-hostel.de\/pt\/berlim\/","title":{"rendered":"Berlim &#8211; &#8220;quase inofensiva&#8221; (Hitchhikers Guide)"},"content":{"rendered":"<p>N\u00e3o, n\u00e3o \u00e9 verdade. Estamos a brincar. Esta n\u00e3o \u00e9 a breve descri\u00e7\u00e3o de Berlim, \u00e9 a descri\u00e7\u00e3o de todo o nosso Planeta no Hitchhikers Guide.<br \/>\nGra\u00e7as a Deus (ou a Milh\u00f5es de viajantes entusi\u00e1sticos) hoje em dia os guias t\u00eam mais algumas palavras para descrever Berlim.<br \/>\nBerlim \u00e9 uma cidade que est\u00e1 sempre em movimento. Esteve no centro de muitos dos eventos mais terr\u00edveis do s\u00e9culo XX, bem como de algums momentos inspiradores. Esta metr\u00f3polis no centro da Europa teve de se reinventar constantemente, e tornou-se agora numa das cidades mais excitantes do s\u00e9culo XXI. Permanece em constante evolu\u00e7\u00e3o, tendo sido reunificada h\u00e1 pouco mais de duas d\u00e9cadas, depois de ter estado dividida pelo Muro de Berlim durante 28 anos. Hoje em dia uma grande parte do Muro, pintada por mais de uma centena de artistas de todo o mundo em 1990 e conhecida como East Side Gallery, \u00e9 a maior exposi\u00e7\u00e3o permanente ao ar livre. Mesmo ao lado, no distrito de Friedrichshain da antiga Berlim Oriental, as festas duram toda a noite (e \u00e0s vezes mais) em inumer\u00e1veis discotecas, incluindo o famoso Berghain.<\/p>\n<p>Apenas a quatro esta\u00e7\u00f5es no S-Bahn que funciona toda a noite (pelo menos nos fins de semana), o Heart of Gold Hostel est\u00e1 literalmente no centro da cidade: est\u00e1 localizado no distrito conhecido como Mitte (a palavra alem\u00e3 para meio). \u00c9 poss\u00edvel ir a p\u00e9 para quase todos os pontos de interesse: Porta de Brandenburgo, o Parlamento, o Memorial do Holocausto, Checkpoint Charlie, Ilha dos Museus, a torre de TV em Alexanderplatz\u2026 ou talvez queiram ir a um restaurante \u00e0s escuras, a um bar Turco de shisha, um concerto de ska Uruguaio, ou uma feira da ladra enorme com karaoke ao ar livre.<\/p>\n<p>Onde quer que queiram ir na vasta e diversa capital Alem\u00e3, est\u00e3o sempre convenientemente perto quando est\u00e3o no Heart of Gold.<\/p>\n","protected":false},"excerpt":{"rendered":"<p>N\u00e3o, n\u00e3o \u00e9 verdade. Estamos a brincar. Esta n\u00e3o \u00e9 a breve descri\u00e7\u00e3o de Berlim, \u00e9 a descri\u00e7\u00e3o de todo o nosso Planeta no Hitchhikers Guide. Gra\u00e7as a Deus (ou a Milh\u00f5es de viajantes entusi\u00e1sticos) hoje em dia os guias &hellip; <a href=\"https:\/\/www.heartofgold-hostel.de\/pt\/berlim\/\">Continuar a ler <span class=\"meta-nav\">&rarr;<\/span><\/a><\/p>\n","protected":false},"author":7,"featured_media":0,"parent":0,"menu_order":0,"comment_status":"closed","ping_status":"closed","template":"","meta":{"_monsterinsights_skip_tracking":false,"_monsterinsights_sitenote_active":false,"_monsterinsights_sitenote_note":"","_monsterinsights_sitenote_category":0,"jetpack_post_was_ever_published":false,"footnotes":""},"yoast_head":"<!-- This site is optimized with the Yoast SEO plugin v24.5 - https:\/\/yoast.com\/wordpress\/plugins\/seo\/ -->\n<title>Berlim - &quot;quase inofensiva&quot; (Hitchhikers Guide) - Heart of Gold Hostel Berlin<\/title>\n<meta name=\"description\" content=\"Berlim tornou-se um dos destinos mais populares na Europa e no Mundo. Ainda \u00e9 barata e vibrante. Despachem-se, antes que seja tarde demais!\" \/>\n<meta name=\"robots\" content=\"index, follow, max-snippet:-1, max-image-preview:large, max-video-preview:-1\" \/>\n<link rel=\"canonical\" href=\"https:\/\/www.heartofgold-hostel.de\/pt\/berlim\/\" \/>\n<meta property=\"og:locale\" content=\"pt_PT\" \/>\n<meta property=\"og:type\" content=\"article\" \/>\n<meta property=\"og:title\" content=\"Berlim - &quot;quase inofensiva&quot; (Hitchhikers Guide) - Heart of Gold Hostel Berlin\" \/>\n<meta property=\"og:description\" content=\"Berlim tornou-se um dos destinos mais populares na Europa e no Mundo. Ainda \u00e9 barata e vibrante. Despachem-se, antes que seja tarde demais!\" \/>\n<meta property=\"og:url\" content=\"https:\/\/www.heartofgold-hostel.de\/pt\/berlim\/\" \/>\n<meta property=\"og:site_name\" content=\"Heart of Gold Hostel Berlin\" \/>\n<meta property=\"article:publisher\" content=\"https:\/\/www.facebook.com\/heart.of.gold.hostel.berlin\/\" \/>\n<meta property=\"article:modified_time\" content=\"2016-07-10T12:38:11+00:00\" \/>\n<meta property=\"og:image\" content=\"https:\/\/www.heartofgold-hostel.de\/wp-content\/uploads\/HOG_Logo_braun_180.gif\" \/>\n\t<meta property=\"og:image:width\" content=\"180\" \/>\n\t<meta property=\"og:image:height\" content=\"180\" \/>\n\t<meta property=\"og:image:type\" content=\"image\/gif\" \/>\n<meta name=\"twitter:label1\" content=\"Tempo estimado de leitura\" \/>\n\t<meta name=\"twitter:data1\" content=\"2 minutos\" \/>\n<script type=\"application\/ld+json\" class=\"yoast-schema-graph\">{\"@context\":\"https:\/\/schema.org\",\"@graph\":[{\"@type\":\"WebPage\",\"@id\":\"https:\/\/www.heartofgold-hostel.de\/pt\/berlim\/\",\"url\":\"https:\/\/www.heartofgold-hostel.de\/pt\/berlim\/\",\"name\":\"Berlim - \\\"quase inofensiva\\\" (Hitchhikers Guide) - Heart of Gold Hostel Berlin\",\"isPartOf\":{\"@id\":\"https:\/\/www.heartofgold-hostel.de\/de\/#website\"},\"datePublished\":\"2016-07-08T11:26:07+00:00\",\"dateModified\":\"2016-07-10T12:38:11+00:00\",\"description\":\"Berlim tornou-se um dos destinos mais populares na Europa e no Mundo. Ainda \u00e9 barata e vibrante. Despachem-se, antes que seja tarde demais!\",\"breadcrumb\":{\"@id\":\"https:\/\/www.heartofgold-hostel.de\/pt\/berlim\/#breadcrumb\"},\"inLanguage\":\"pt-PT\",\"potentialAction\":[{\"@type\":\"ReadAction\",\"target\":[\"https:\/\/www.heartofgold-hostel.de\/pt\/berlim\/\"]}]},{\"@type\":\"BreadcrumbList\",\"@id\":\"https:\/\/www.heartofgold-hostel.de\/pt\/berlim\/#breadcrumb\",\"itemListElement\":[{\"@type\":\"ListItem\",\"position\":1,\"name\":\"Home\",\"item\":\"https:\/\/www.heartofgold-hostel.de\/pt\/\"},{\"@type\":\"ListItem\",\"position\":2,\"name\":\"Berlim &#8211; &#8220;quase inofensiva&#8221; (Hitchhikers Guide)\"}]},{\"@type\":\"WebSite\",\"@id\":\"https:\/\/www.heartofgold-hostel.de\/de\/#website\",\"url\":\"https:\/\/www.heartofgold-hostel.de\/de\/\",\"name\":\"Heart of Gold Hostel Berlin\",\"description\":\"the starship Berlin Hostel\",\"publisher\":{\"@id\":\"https:\/\/www.heartofgold-hostel.de\/de\/#organization\"},\"potentialAction\":[{\"@type\":\"SearchAction\",\"target\":{\"@type\":\"EntryPoint\",\"urlTemplate\":\"https:\/\/www.heartofgold-hostel.de\/de\/?s={search_term_string}\"},\"query-input\":{\"@type\":\"PropertyValueSpecification\",\"valueRequired\":true,\"valueName\":\"search_term_string\"}}],\"inLanguage\":\"pt-PT\"},{\"@type\":\"Organization\",\"@id\":\"https:\/\/www.heartofgold-hostel.de\/de\/#organization\",\"name\":\"Heart of Gold Hostel Berlin\",\"url\":\"https:\/\/www.heartofgold-hostel.de\/de\/\",\"logo\":{\"@type\":\"ImageObject\",\"inLanguage\":\"pt-PT\",\"@id\":\"https:\/\/www.heartofgold-hostel.de\/de\/#\/schema\/logo\/image\/\",\"url\":\"https:\/\/www.heartofgold-hostel.de\/wp-content\/uploads\/HOG_Logo_braun_180.gif\",\"contentUrl\":\"https:\/\/www.heartofgold-hostel.de\/wp-content\/uploads\/HOG_Logo_braun_180.gif\",\"width\":180,\"height\":180,\"caption\":\"Heart of Gold Hostel Berlin\"},\"image\":{\"@id\":\"https:\/\/www.heartofgold-hostel.de\/de\/#\/schema\/logo\/image\/\"},\"sameAs\":[\"https:\/\/www.facebook.com\/heart.of.gold.hostel.berlin\/\",\"https:\/\/x.com\/berlinhostel\",\"https:\/\/myspace.com\/hostelberlin\",\"https:\/\/www.pinterest.com\/hoghostel\/heart-of-gold-hostel\/\"]}]}<\/script>\n<!-- \/ Yoast SEO plugin. -->","yoast_head_json":{"title":"Berlim - \"quase inofensiva\" (Hitchhikers Guide) - Heart of Gold Hostel Berlin","description":"Berlim tornou-se um dos destinos mais populares na Europa e no Mundo. Ainda \u00e9 barata e vibrante. Despachem-se, antes que seja tarde demais!","robots":{"index":"index","follow":"follow","max-snippet":"max-snippet:-1","max-image-preview":"max-image-preview:large","max-video-preview":"max-video-preview:-1"},"canonical":"https:\/\/www.heartofgold-hostel.de\/pt\/berlim\/","og_locale":"pt_PT","og_type":"article","og_title":"Berlim - \"quase inofensiva\" (Hitchhikers Guide) - Heart of Gold Hostel Berlin","og_description":"Berlim tornou-se um dos destinos mais populares na Europa e no Mundo. Ainda \u00e9 barata e vibrante. Despachem-se, antes que seja tarde demais!","og_url":"https:\/\/www.heartofgold-hostel.de\/pt\/berlim\/","og_site_name":"Heart of Gold Hostel Berlin","article_publisher":"https:\/\/www.facebook.com\/heart.of.gold.hostel.berlin\/","article_modified_time":"2016-07-10T12:38:11+00:00","og_image":[{"width":180,"height":180,"url":"https:\/\/www.heartofgold-hostel.de\/wp-content\/uploads\/HOG_Logo_braun_180.gif","type":"image\/gif"}],"twitter_misc":{"Tempo estimado de leitura":"2 minutos"},"schema":{"@context":"https:\/\/schema.org","@graph":[{"@type":"WebPage","@id":"https:\/\/www.heartofgold-hostel.de\/pt\/berlim\/","url":"https:\/\/www.heartofgold-hostel.de\/pt\/berlim\/","name":"Berlim - \"quase inofensiva\" (Hitchhikers Guide) - Heart of Gold Hostel Berlin","isPartOf":{"@id":"https:\/\/www.heartofgold-hostel.de\/de\/#website"},"datePublished":"2016-07-08T11:26:07+00:00","dateModified":"2016-07-10T12:38:11+00:00","description":"Berlim tornou-se um dos destinos mais populares na Europa e no Mundo. Ainda \u00e9 barata e vibrante. Despachem-se, antes que seja tarde demais!","breadcrumb":{"@id":"https:\/\/www.heartofgold-hostel.de\/pt\/berlim\/#breadcrumb"},"inLanguage":"pt-PT","potentialAction":[{"@type":"ReadAction","target":["https:\/\/www.heartofgold-hostel.de\/pt\/berlim\/"]}]},{"@type":"BreadcrumbList","@id":"https:\/\/www.heartofgold-hostel.de\/pt\/berlim\/#breadcrumb","itemListElement":[{"@type":"ListItem","position":1,"name":"Home","item":"https:\/\/www.heartofgold-hostel.de\/pt\/"},{"@type":"ListItem","position":2,"name":"Berlim &#8211; &#8220;quase inofensiva&#8221; (Hitchhikers Guide)"}]},{"@type":"WebSite","@id":"https:\/\/www.heartofgold-hostel.de\/de\/#website","url":"https:\/\/www.heartofgold-hostel.de\/de\/","name":"Heart of Gold Hostel Berlin","description":"the starship Berlin Hostel","publisher":{"@id":"https:\/\/www.heartofgold-hostel.de\/de\/#organization"},"potentialAction":[{"@type":"SearchAction","target":{"@type":"EntryPoint","urlTemplate":"https:\/\/www.heartofgold-hostel.de\/de\/?s={search_term_string}"},"query-input":{"@type":"PropertyValueSpecification","valueRequired":true,"valueName":"search_term_string"}}],"inLanguage":"pt-PT"},{"@type":"Organization","@id":"https:\/\/www.heartofgold-hostel.de\/de\/#organization","name":"Heart of Gold Hostel Berlin","url":"https:\/\/www.heartofgold-hostel.de\/de\/","logo":{"@type":"ImageObject","inLanguage":"pt-PT","@id":"https:\/\/www.heartofgold-hostel.de\/de\/#\/schema\/logo\/image\/","url":"https:\/\/www.heartofgold-hostel.de\/wp-content\/uploads\/HOG_Logo_braun_180.gif","contentUrl":"https:\/\/www.heartofgold-hostel.de\/wp-content\/uploads\/HOG_Logo_braun_180.gif","width":180,"height":180,"caption":"Heart of Gold Hostel Berlin"},"image":{"@id":"https:\/\/www.heartofgold-hostel.de\/de\/#\/schema\/logo\/image\/"},"sameAs":["https:\/\/www.facebook.com\/heart.of.gold.hostel.berlin\/","https:\/\/x.com\/berlinhostel","https:\/\/myspace.com\/hostelberlin","https:\/\/www.pinterest.com\/hoghostel\/heart-of-gold-hostel\/"]}]}},"jetpack_sharing_enabled":true,"jetpack_shortlink":"https:\/\/wp.me\/P7w0Rw-1rE","_links":{"self":[{"href":"https:\/\/www.heartofgold-hostel.de\/pt\/wp-json\/wp\/v2\/pages\/5558"}],"collection":[{"href":"https:\/\/www.heartofgold-hostel.de\/pt\/wp-json\/wp\/v2\/pages"}],"about":[{"href":"https:\/\/www.heartofgold-hostel.de\/pt\/wp-json\/wp\/v2\/types\/page"}],"author":[{"embeddable":true,"href":"https:\/\/www.heartofgold-hostel.de\/pt\/wp-json\/wp\/v2\/users\/7"}],"replies":[{"embeddable":true,"href":"https:\/\/www.heartofgold-hostel.de\/pt\/wp-json\/wp\/v2\/comments?post=5558"}],"version-history":[{"count":3,"href":"https:\/\/www.heartofgold-hostel.de\/pt\/wp-json\/wp\/v2\/pages\/5558\/revisions"}],"predecessor-version":[{"id":5624,"href":"https:\/\/www.heartofgold-hostel.de\/pt\/wp-json\/wp\/v2\/pages\/5558\/revisions\/5624"}],"wp:attachment":[{"href":"https:\/\/www.heartofgold-hostel.de\/pt\/wp-json\/wp\/v2\/media?parent=5558"}],"curies":[{"name":"wp","href":"https:\/\/api.w.org\/{rel}","templated":true}]}}