{"id":5570,"date":"2016-07-08T14:53:19","date_gmt":"2016-07-08T12:53:19","guid":{"rendered":"https:\/\/www.heartofgold-hostel.de\/pt\/hostel-berlin-nao-panico\/"},"modified":"2016-07-10T15:18:33","modified_gmt":"2016-07-10T13:18:33","slug":"hostel-berlin-nao-panico","status":"publish","type":"page","link":"https:\/\/www.heartofgold-hostel.de\/pt\/hostel-berlin-nao-panico\/","title":{"rendered":"N\u00e3o entrem em p\u00e2nico! N\u00e3o deixamos entrar aliens perigosos no Hostel&#8230;"},"content":{"rendered":"<div id=\"attachment_501\" style=\"width: 260px\" class=\"wp-caption alignright\"><a title=\"Heart of Gold Hostel Berlin Reception\" href=\"https:\/\/www.heartofgold-hostel.de\/wp-content\/uploads\/2011\/05\/heart_of_gold_800-300x236.jpg\"><img loading=\"lazy\" decoding=\"async\" aria-describedby=\"caption-attachment-501\" class=\" wp-image-501 \" title=\"Heart of Gold Hostel Berlin Reception Art :)\" src=\"https:\/\/www.heartofgold-hostel.de\/wp-content\/uploads\/2011\/05\/heart_of_gold_800-300x236.jpg\" alt=\"Heart of Gold Hostel Berlin Reception\" width=\"250\" height=\"236\" \/><\/a><p id=\"caption-attachment-501\" class=\"wp-caption-text\">Recep\u00e7\u00e3o<\/p><\/div>\n<p>Apresentamo-vos o Heart of Gold Hostel Berlim &#8211; a nave espacial para alojamento no centro de Berlim Mitte. Inspirado pelo <em>Hitchhiker\u2019s Guide to the Galaxy<\/em> de Douglas Adams, o hostel est\u00e1 bem equipado com \u00f3culos escuros Sens-O-Matic que podem alugar, um bar que faz os melhores Pan-Galactic Gargle Blasters neste lado da Ursa Minor Beta e, claro, toalhas. Os nossos recepcionistas t\u00eam sempre peixes Babel nos ouvidos e todas as nossas portas s\u00e3o extremamente bem dispostas, o que torna uma estadia desagrad\u00e1vel extremamente improv\u00e1vel. Quer estejam \u00e0 procura do sentido da vida, do universo e de tudo ou queiram apenas divertir-se num Hostel em Berlim e conhecer alguns hoopy froods, apanhem uma boleia no Heart of Gold &#8211; nada pode correr mal. Se nada disto faz sentido, aprendam com o Guia: DON&#8217;T PANIC. O Heart of Gold Hostel pode parecer-se um pouco com uma nave espacial roubada pelo presidente da gal\u00e1xia (que tem duas cabe\u00e7as), mas \u00e9 praticamente inofensivo. Desde o seu lan\u00e7amento em 2003, fizemos n\u00e3o s\u00f3 hitchhikers interplanet\u00e1rios, mas tamb\u00e9m todo o tipo de seres conscientes sentirem-se em casa longe de casa.<\/p>\n<h2>Quartos<\/h2>\n<p>Temos dormit\u00f3rios de todas as formas e tamanhos, inclu\u00edndo o famoso MegaDorm. Para aqueles que preferem alguma privacidade, tamb\u00e9m h\u00e1 quartos privados, duplos e triplos, alguns com casa de banho privada. Depois de aproveitarem o nosso buffet de pequeno almo\u00e7o, que est\u00e1 dispon\u00edvel at\u00e9 ao meio dia, podem ir a p\u00e9 at\u00e9 aos locais hist\u00f3ricos, museus e lojas perto do hostel. Fa\u00e7am uma walking tour gr\u00e1tis que come\u00e7a no hostel ou aluguem uma bicicleta e explorem a cidade. Fa\u00e7am uma pausa no nosso bar, onde servimos cerveja local de press\u00e3o e apenas passamos boa m\u00fasica (o que quer que isso seja), ou no nosso espa\u00e7oso p\u00e1tio com mesas e chap\u00e9us de sol. Relaxem, joguem bilhar, fa\u00e7am novos amigos ou usem a internet gr\u00e1tis para contactarem os vossos amigos j\u00e1 existentes. Se quiserem acabar o dia na incredit\u00e1vel noite de Berlim, os bares, restaurantes e clubs n\u00e3o ficam longe. O que quer que vos traga \u00e0 capital da Alemanha, tornem a vossa estad\u00eda inesquec\u00edvel ficando no Heart of Gold Hostel.<\/p>\n","protected":false},"excerpt":{"rendered":"<p>Apresentamo-vos o Heart of Gold Hostel Berlim &#8211; a nave espacial para alojamento no centro de Berlim Mitte. Inspirado pelo Hitchhiker\u2019s Guide to the Galaxy de Douglas Adams, o hostel est\u00e1 bem equipado com \u00f3culos escuros Sens-O-Matic que podem alugar, &hellip; <a href=\"https:\/\/www.heartofgold-hostel.de\/pt\/hostel-berlin-nao-panico\/\">Continuar a ler <span class=\"meta-nav\">&rarr;<\/span><\/a><\/p>\n","protected":false},"author":1,"featured_media":0,"parent":0,"menu_order":0,"comment_status":"closed","ping_status":"closed","template":"","meta":{"_monsterinsights_skip_tracking":false,"_monsterinsights_sitenote_active":false,"_monsterinsights_sitenote_note":"","_monsterinsights_sitenote_category":0,"jetpack_post_was_ever_published":false,"footnotes":""},"yoast_head":"<!-- This site is optimized with the Yoast SEO plugin v24.5 - https:\/\/yoast.com\/wordpress\/plugins\/seo\/ -->\n<title>Dont Panic - Heart of Gold Hostel Berlin<\/title>\n<meta name=\"description\" content=\"O Heart of Gold Hostel Berlim \u00e9 a nave espacial dos h\u00f3steis de Berlim - localizado no centro de Berlim Mitte. Don&#039;t Panic!\" \/>\n<meta name=\"robots\" content=\"index, follow, max-snippet:-1, max-image-preview:large, max-video-preview:-1\" \/>\n<link rel=\"canonical\" href=\"https:\/\/www.heartofgold-hostel.de\/pt\/hostel-berlin-nao-panico\/\" \/>\n<meta property=\"og:locale\" content=\"pt_PT\" \/>\n<meta property=\"og:type\" content=\"article\" \/>\n<meta property=\"og:title\" content=\"Dont Panic - Heart of Gold Hostel Berlin\" \/>\n<meta property=\"og:description\" content=\"O Heart of Gold Hostel Berlim \u00e9 a nave espacial dos h\u00f3steis de Berlim - localizado no centro de Berlim Mitte. Don&#039;t Panic!\" \/>\n<meta property=\"og:url\" content=\"https:\/\/www.heartofgold-hostel.de\/pt\/hostel-berlin-nao-panico\/\" \/>\n<meta property=\"og:site_name\" content=\"Heart of Gold Hostel Berlin\" \/>\n<meta property=\"article:publisher\" content=\"https:\/\/www.facebook.com\/heart.of.gold.hostel.berlin\/\" \/>\n<meta property=\"article:modified_time\" content=\"2016-07-10T13:18:33+00:00\" \/>\n<meta property=\"og:image\" content=\"https:\/\/www.heartofgold-hostel.de\/wp-content\/uploads\/2011\/05\/heart_of_gold_800-300x236.jpg\" \/>\n<meta name=\"twitter:label1\" content=\"Tempo estimado de leitura\" \/>\n\t<meta name=\"twitter:data1\" content=\"2 minutos\" \/>\n<script type=\"application\/ld+json\" class=\"yoast-schema-graph\">{\"@context\":\"https:\/\/schema.org\",\"@graph\":[{\"@type\":\"WebPage\",\"@id\":\"https:\/\/www.heartofgold-hostel.de\/pt\/hostel-berlin-nao-panico\/\",\"url\":\"https:\/\/www.heartofgold-hostel.de\/pt\/hostel-berlin-nao-panico\/\",\"name\":\"Dont Panic - Heart of Gold Hostel Berlin\",\"isPartOf\":{\"@id\":\"https:\/\/www.heartofgold-hostel.de\/de\/#website\"},\"primaryImageOfPage\":{\"@id\":\"https:\/\/www.heartofgold-hostel.de\/pt\/hostel-berlin-nao-panico\/#primaryimage\"},\"image\":{\"@id\":\"https:\/\/www.heartofgold-hostel.de\/pt\/hostel-berlin-nao-panico\/#primaryimage\"},\"thumbnailUrl\":\"https:\/\/www.heartofgold-hostel.de\/wp-content\/uploads\/2011\/05\/heart_of_gold_800-300x236.jpg\",\"datePublished\":\"2016-07-08T12:53:19+00:00\",\"dateModified\":\"2016-07-10T13:18:33+00:00\",\"description\":\"O Heart of Gold Hostel Berlim \u00e9 a nave espacial dos h\u00f3steis de Berlim - localizado no centro de Berlim Mitte. Don't Panic!\",\"breadcrumb\":{\"@id\":\"https:\/\/www.heartofgold-hostel.de\/pt\/hostel-berlin-nao-panico\/#breadcrumb\"},\"inLanguage\":\"pt-PT\",\"potentialAction\":[{\"@type\":\"ReadAction\",\"target\":[\"https:\/\/www.heartofgold-hostel.de\/pt\/hostel-berlin-nao-panico\/\"]}]},{\"@type\":\"ImageObject\",\"inLanguage\":\"pt-PT\",\"@id\":\"https:\/\/www.heartofgold-hostel.de\/pt\/hostel-berlin-nao-panico\/#primaryimage\",\"url\":\"https:\/\/www.heartofgold-hostel.de\/wp-content\/uploads\/2011\/05\/heart_of_gold_800-300x236.jpg\",\"contentUrl\":\"https:\/\/www.heartofgold-hostel.de\/wp-content\/uploads\/2011\/05\/heart_of_gold_800-300x236.jpg\"},{\"@type\":\"BreadcrumbList\",\"@id\":\"https:\/\/www.heartofgold-hostel.de\/pt\/hostel-berlin-nao-panico\/#breadcrumb\",\"itemListElement\":[{\"@type\":\"ListItem\",\"position\":1,\"name\":\"Home\",\"item\":\"https:\/\/www.heartofgold-hostel.de\/pt\/\"},{\"@type\":\"ListItem\",\"position\":2,\"name\":\"N\u00e3o entrem em p\u00e2nico! N\u00e3o deixamos entrar aliens perigosos no Hostel&#8230;\"}]},{\"@type\":\"WebSite\",\"@id\":\"https:\/\/www.heartofgold-hostel.de\/de\/#website\",\"url\":\"https:\/\/www.heartofgold-hostel.de\/de\/\",\"name\":\"Heart of Gold Hostel Berlin\",\"description\":\"the starship Berlin Hostel\",\"publisher\":{\"@id\":\"https:\/\/www.heartofgold-hostel.de\/de\/#organization\"},\"potentialAction\":[{\"@type\":\"SearchAction\",\"target\":{\"@type\":\"EntryPoint\",\"urlTemplate\":\"https:\/\/www.heartofgold-hostel.de\/de\/?s={search_term_string}\"},\"query-input\":{\"@type\":\"PropertyValueSpecification\",\"valueRequired\":true,\"valueName\":\"search_term_string\"}}],\"inLanguage\":\"pt-PT\"},{\"@type\":\"Organization\",\"@id\":\"https:\/\/www.heartofgold-hostel.de\/de\/#organization\",\"name\":\"Heart of Gold Hostel Berlin\",\"url\":\"https:\/\/www.heartofgold-hostel.de\/de\/\",\"logo\":{\"@type\":\"ImageObject\",\"inLanguage\":\"pt-PT\",\"@id\":\"https:\/\/www.heartofgold-hostel.de\/de\/#\/schema\/logo\/image\/\",\"url\":\"https:\/\/www.heartofgold-hostel.de\/wp-content\/uploads\/HOG_Logo_braun_180.gif\",\"contentUrl\":\"https:\/\/www.heartofgold-hostel.de\/wp-content\/uploads\/HOG_Logo_braun_180.gif\",\"width\":180,\"height\":180,\"caption\":\"Heart of Gold Hostel Berlin\"},\"image\":{\"@id\":\"https:\/\/www.heartofgold-hostel.de\/de\/#\/schema\/logo\/image\/\"},\"sameAs\":[\"https:\/\/www.facebook.com\/heart.of.gold.hostel.berlin\/\",\"https:\/\/x.com\/berlinhostel\",\"https:\/\/myspace.com\/hostelberlin\",\"https:\/\/www.pinterest.com\/hoghostel\/heart-of-gold-hostel\/\"]}]}<\/script>\n<!-- \/ Yoast SEO plugin. -->","yoast_head_json":{"title":"Dont Panic - Heart of Gold Hostel Berlin","description":"O Heart of Gold Hostel Berlim \u00e9 a nave espacial dos h\u00f3steis de Berlim - localizado no centro de Berlim Mitte. Don't Panic!","robots":{"index":"index","follow":"follow","max-snippet":"max-snippet:-1","max-image-preview":"max-image-preview:large","max-video-preview":"max-video-preview:-1"},"canonical":"https:\/\/www.heartofgold-hostel.de\/pt\/hostel-berlin-nao-panico\/","og_locale":"pt_PT","og_type":"article","og_title":"Dont Panic - Heart of Gold Hostel Berlin","og_description":"O Heart of Gold Hostel Berlim \u00e9 a nave espacial dos h\u00f3steis de Berlim - localizado no centro de Berlim Mitte. Don't Panic!","og_url":"https:\/\/www.heartofgold-hostel.de\/pt\/hostel-berlin-nao-panico\/","og_site_name":"Heart of Gold Hostel Berlin","article_publisher":"https:\/\/www.facebook.com\/heart.of.gold.hostel.berlin\/","article_modified_time":"2016-07-10T13:18:33+00:00","og_image":[{"url":"https:\/\/www.heartofgold-hostel.de\/wp-content\/uploads\/2011\/05\/heart_of_gold_800-300x236.jpg","type":"","width":"","height":""}],"twitter_misc":{"Tempo estimado de leitura":"2 minutos"},"schema":{"@context":"https:\/\/schema.org","@graph":[{"@type":"WebPage","@id":"https:\/\/www.heartofgold-hostel.de\/pt\/hostel-berlin-nao-panico\/","url":"https:\/\/www.heartofgold-hostel.de\/pt\/hostel-berlin-nao-panico\/","name":"Dont Panic - Heart of Gold Hostel Berlin","isPartOf":{"@id":"https:\/\/www.heartofgold-hostel.de\/de\/#website"},"primaryImageOfPage":{"@id":"https:\/\/www.heartofgold-hostel.de\/pt\/hostel-berlin-nao-panico\/#primaryimage"},"image":{"@id":"https:\/\/www.heartofgold-hostel.de\/pt\/hostel-berlin-nao-panico\/#primaryimage"},"thumbnailUrl":"https:\/\/www.heartofgold-hostel.de\/wp-content\/uploads\/2011\/05\/heart_of_gold_800-300x236.jpg","datePublished":"2016-07-08T12:53:19+00:00","dateModified":"2016-07-10T13:18:33+00:00","description":"O Heart of Gold Hostel Berlim \u00e9 a nave espacial dos h\u00f3steis de Berlim - localizado no centro de Berlim Mitte. Don't Panic!","breadcrumb":{"@id":"https:\/\/www.heartofgold-hostel.de\/pt\/hostel-berlin-nao-panico\/#breadcrumb"},"inLanguage":"pt-PT","potentialAction":[{"@type":"ReadAction","target":["https:\/\/www.heartofgold-hostel.de\/pt\/hostel-berlin-nao-panico\/"]}]},{"@type":"ImageObject","inLanguage":"pt-PT","@id":"https:\/\/www.heartofgold-hostel.de\/pt\/hostel-berlin-nao-panico\/#primaryimage","url":"https:\/\/www.heartofgold-hostel.de\/wp-content\/uploads\/2011\/05\/heart_of_gold_800-300x236.jpg","contentUrl":"https:\/\/www.heartofgold-hostel.de\/wp-content\/uploads\/2011\/05\/heart_of_gold_800-300x236.jpg"},{"@type":"BreadcrumbList","@id":"https:\/\/www.heartofgold-hostel.de\/pt\/hostel-berlin-nao-panico\/#breadcrumb","itemListElement":[{"@type":"ListItem","position":1,"name":"Home","item":"https:\/\/www.heartofgold-hostel.de\/pt\/"},{"@type":"ListItem","position":2,"name":"N\u00e3o entrem em p\u00e2nico! N\u00e3o deixamos entrar aliens perigosos no Hostel&#8230;"}]},{"@type":"WebSite","@id":"https:\/\/www.heartofgold-hostel.de\/de\/#website","url":"https:\/\/www.heartofgold-hostel.de\/de\/","name":"Heart of Gold Hostel Berlin","description":"the starship Berlin Hostel","publisher":{"@id":"https:\/\/www.heartofgold-hostel.de\/de\/#organization"},"potentialAction":[{"@type":"SearchAction","target":{"@type":"EntryPoint","urlTemplate":"https:\/\/www.heartofgold-hostel.de\/de\/?s={search_term_string}"},"query-input":{"@type":"PropertyValueSpecification","valueRequired":true,"valueName":"search_term_string"}}],"inLanguage":"pt-PT"},{"@type":"Organization","@id":"https:\/\/www.heartofgold-hostel.de\/de\/#organization","name":"Heart of Gold Hostel Berlin","url":"https:\/\/www.heartofgold-hostel.de\/de\/","logo":{"@type":"ImageObject","inLanguage":"pt-PT","@id":"https:\/\/www.heartofgold-hostel.de\/de\/#\/schema\/logo\/image\/","url":"https:\/\/www.heartofgold-hostel.de\/wp-content\/uploads\/HOG_Logo_braun_180.gif","contentUrl":"https:\/\/www.heartofgold-hostel.de\/wp-content\/uploads\/HOG_Logo_braun_180.gif","width":180,"height":180,"caption":"Heart of Gold Hostel Berlin"},"image":{"@id":"https:\/\/www.heartofgold-hostel.de\/de\/#\/schema\/logo\/image\/"},"sameAs":["https:\/\/www.facebook.com\/heart.of.gold.hostel.berlin\/","https:\/\/x.com\/berlinhostel","https:\/\/myspace.com\/hostelberlin","https:\/\/www.pinterest.com\/hoghostel\/heart-of-gold-hostel\/"]}]}},"jetpack_sharing_enabled":true,"jetpack_shortlink":"https:\/\/wp.me\/P7w0Rw-1rQ","_links":{"self":[{"href":"https:\/\/www.heartofgold-hostel.de\/pt\/wp-json\/wp\/v2\/pages\/5570"}],"collection":[{"href":"https:\/\/www.heartofgold-hostel.de\/pt\/wp-json\/wp\/v2\/pages"}],"about":[{"href":"https:\/\/www.heartofgold-hostel.de\/pt\/wp-json\/wp\/v2\/types\/page"}],"author":[{"embeddable":true,"href":"https:\/\/www.heartofgold-hostel.de\/pt\/wp-json\/wp\/v2\/users\/1"}],"replies":[{"embeddable":true,"href":"https:\/\/www.heartofgold-hostel.de\/pt\/wp-json\/wp\/v2\/comments?post=5570"}],"version-history":[{"count":3,"href":"https:\/\/www.heartofgold-hostel.de\/pt\/wp-json\/wp\/v2\/pages\/5570\/revisions"}],"predecessor-version":[{"id":5637,"href":"https:\/\/www.heartofgold-hostel.de\/pt\/wp-json\/wp\/v2\/pages\/5570\/revisions\/5637"}],"wp:attachment":[{"href":"https:\/\/www.heartofgold-hostel.de\/pt\/wp-json\/wp\/v2\/media?parent=5570"}],"curies":[{"name":"wp","href":"https:\/\/api.w.org\/{rel}","templated":true}]}}