{"id":5585,"date":"2016-07-10T11:01:11","date_gmt":"2016-07-10T09:01:11","guid":{"rendered":"https:\/\/www.heartofgold-hostel.de\/pt\/nao-entrem-em-panico\/"},"modified":"2016-07-10T15:11:18","modified_gmt":"2016-07-10T13:11:18","slug":"nao-entrem-em-panico","status":"publish","type":"page","link":"https:\/\/www.heartofgold-hostel.de\/pt\/nao-entrem-em-panico\/","title":{"rendered":"N\u00e3o entrem em P\u00e2nico!"},"content":{"rendered":"<p><a href=\"https:\/\/www.heartofgold-hostel.de\/wp-content\/uploads\/2013\/04\/marvin-2.png\"><img loading=\"lazy\" decoding=\"async\" class=\" wp-image-543 alignright\" src=\"https:\/\/www.heartofgold-hostel.de\/wp-content\/uploads\/2013\/04\/marvin-2-222x300.png\" alt=\"marvin is sad\" width=\"200\" height=\"270\" srcset=\"https:\/\/www.heartofgold-hostel.de\/wp-content\/uploads\/2013\/04\/marvin-2-222x300.png 222w, https:\/\/www.heartofgold-hostel.de\/wp-content\/uploads\/2013\/04\/marvin-2-111x150.png 111w, https:\/\/www.heartofgold-hostel.de\/wp-content\/uploads\/2013\/04\/marvin-2.png 500w\" sizes=\"(max-width: 200px) 100vw, 200px\" \/><\/a><\/p>\n<p>De acordo com Douglas Adams, a ideia para o <i>Hitchhiker&#8217;s Guide to the Galaxy <\/i>ocorreu-lhe quando estava deitado b\u00eabado num campo em\u00a0Innsbruck em 1971, \u00a0a olhar para as estrelas, carregando consigo uma c\u00f3pia do\u00a0<i>The Hitchhiker&#8217;s Guide to Europe.<\/i> A sua ideia deu origem a uma s\u00e9rie de r\u00e1dio, uma (incorrectamente chamada) &#8220;trilogia&#8221; de cinco <a title=\"Wikipedia entry\" href=\"http:\/\/en.wikipedia.org\/wiki\/The_Hitchhiker%27s_Guide_to_the_Galaxy\" target=\"_blank\">livros<\/a>, uma\u00a0<a title=\"official home of the TV-series\" href=\"http:\/\/www.bbc.co.uk\/cult\/hitchhikers\/\" target=\"_blank\">s\u00e9rie de TV<\/a> na BBC 2, um filme de Hollywood, entre outras coisas. Se ainda n\u00e3o o fizeram, leiam os livros! \u00c9 uma boa maneira de ocuparem o vosso tempo, ao contr\u00e1rio do mais recente filme.<\/p>\n<p>Quando abrimos um novo hostel em Berlim em 2003 , cham\u00e1mos-lhe &#8220;Heart of Gold&#8221; &#8211; inspirado pelo nome da primeira nave espacial equipada com o Gerador de Improbabilidade Infinita. Muitas das ideias de decora\u00e7\u00e3o do hostel foram inspiradas nos livros e s\u00e9rie de TV.<\/p>\n<p>Don&#8217;t Panic!<\/p>\n<blockquote><p>Por baixo dela havia uma imensa nave espacial, de 150 metros de comprimento, esguia como um t\u00e9nis de corrida, perfeitamente branca e estonteantemente bonita. No centro dela, invis\u00edvel para quem olhava de fora, havia uma pequena caixa de ouro que continha o aparelho mais alucinante jamais concebido em toda a Gal\u00e1xia, que deu o nome \u00e0 nave \u2013 um Cora\u00e7\u00e3o de Ouro.<\/p>\n<p>&#8220;Uau&#8221;, disse Zaphod Beeblebrox ao ver a nave Heart of Gold. Tamb\u00e9m, n\u00e3o tinha outra coisa a dizer. \u00a0 \u00a0E repetiu, porque sabia que isso ia irritar a imprensa. \u00a0 \u00a0 &#8220;Uau.&#8221;<\/p>\n<p>Constru\u00edram o gerador de improbabilidade infinita! Arthur, isto \u00e9&#8230; Arthur? O que est\u00e1 a acontecer?&#8221; Arthur estava a encostar-se contra a porta do cub\u00edculo, tentando mant\u00ea-la fechada, mas a porta n\u00e3o encaixava bem no v\u00e3o. Diversas m\u00e3ozinhas peludas espremiam-se por entre as frestas, com os dedos sujos de tinta; vozinhas agudas tagarelavam incessantemente. Arthur olhou para Ford. \u00a0&#8220;Ford!&#8221; exclamou ele, &#8220;H\u00e1 um n\u00famero infinito de macacos l\u00e1 fora que querem falar conosco sobre um manuscrito que eles fizeram, uma adapta\u00e7\u00e3o do Hamlet.&#8221;<\/p>\n<p>O gerador de improbabilidade infinita \u00e9 uma nova e maravilhosa inven\u00e7\u00e3o que possibilita atravessar imensas dist\u00e2ncias interestelares num simples nad\u00e9zimo de segundo, sem todas complica\u00e7\u00f5es e chatices de ter que passar pelo hiperespa\u00e7o. Foi descoberto por um feliz acaso, e da\u00ed desenvolvido e posto em pr\u00e1tica como m\u00e9todo de propuls\u00e3o pela equipa de pesquisa do governo gal\u00e1ctico em Damogran. Esta \u00e9 uma hist\u00f3ria resumida da sua descoberta. O princ\u00edpio de gerar pequenas quantidades de improbabilidade finita simplesmente ligando os circuitos l\u00f3gicos de um C\u00e9rebro Subm\u00e9son Bambleweeny 57 a uma impressora de vector at\u00f3mico suspensa num produtor de movimentos brownianos intensos (por exemplo, uma boa ch\u00e1vena de ch\u00e1 quente) j\u00e1 era, naturalmente, bem conhecido \u2013 e tais geradores eram frequentemente usados para quebrar o gelo em festas, fazendo com que todas as mol\u00e9culas da roupa interior da anfitri\u00e3 se deslocassem 30 cent\u00edmetros para a direita, de acordo com a Teoria da Indetermina\u00e7\u00e3o. Muitos f\u00edsicos respeit\u00e1veis afirmavam que n\u00e3o admitiam este tipo de coisa \u2013 em parte porque era uma deprecia\u00e7\u00e3o da ci\u00eancia, mas principalmente porque eles n\u00e3o eram convidados para essas festas.<\/p><\/blockquote>\n<p>de: &#8220;The Hitchhikers Guide to the Galaxy&#8221; de <a title=\"official home of Douglas Adams\" href=\"http:\/\/www.douglasadams.com\/\" target=\"_blank\">D. Adams<\/a>.<\/p>\n","protected":false},"excerpt":{"rendered":"<p>De acordo com Douglas Adams, a ideia para o Hitchhiker&#8217;s Guide to the Galaxy ocorreu-lhe quando estava deitado b\u00eabado num campo em\u00a0Innsbruck em 1971, \u00a0a olhar para as estrelas, carregando consigo uma c\u00f3pia do\u00a0The Hitchhiker&#8217;s Guide to Europe. A sua &hellip; <a href=\"https:\/\/www.heartofgold-hostel.de\/pt\/nao-entrem-em-panico\/\">Continuar a ler <span class=\"meta-nav\">&rarr;<\/span><\/a><\/p>\n","protected":false},"author":1,"featured_media":0,"parent":0,"menu_order":0,"comment_status":"closed","ping_status":"closed","template":"","meta":{"_monsterinsights_skip_tracking":false,"_monsterinsights_sitenote_active":false,"_monsterinsights_sitenote_note":"","_monsterinsights_sitenote_category":0,"jetpack_post_was_ever_published":false,"footnotes":""},"yoast_head":"<!-- This site is optimized with the Yoast SEO plugin v24.5 - https:\/\/yoast.com\/wordpress\/plugins\/seo\/ -->\n<title>N\u00e3o entrem em P\u00e2nico! - Heart of Gold Hostel Berlin<\/title>\n<meta name=\"description\" content=\"Don&#039;t Panic! - a coisa mais perto de uma moral do &quot;Hitchhikers Guide to the Galaxy&quot; de Douglas Adams - escrito em letras grandes na capa do Guia.\" \/>\n<meta name=\"robots\" content=\"index, follow, max-snippet:-1, max-image-preview:large, max-video-preview:-1\" \/>\n<link rel=\"canonical\" href=\"https:\/\/www.heartofgold-hostel.de\/pt\/nao-entrem-em-panico\/\" \/>\n<meta property=\"og:locale\" content=\"pt_PT\" \/>\n<meta property=\"og:type\" content=\"article\" \/>\n<meta property=\"og:title\" content=\"N\u00e3o entrem em P\u00e2nico! - Heart of Gold Hostel Berlin\" \/>\n<meta property=\"og:description\" content=\"Don&#039;t Panic! - a coisa mais perto de uma moral do &quot;Hitchhikers Guide to the Galaxy&quot; de Douglas Adams - escrito em letras grandes na capa do Guia.\" \/>\n<meta property=\"og:url\" content=\"https:\/\/www.heartofgold-hostel.de\/pt\/nao-entrem-em-panico\/\" \/>\n<meta property=\"og:site_name\" content=\"Heart of Gold Hostel Berlin\" \/>\n<meta property=\"article:publisher\" content=\"https:\/\/www.facebook.com\/heart.of.gold.hostel.berlin\/\" \/>\n<meta property=\"article:modified_time\" content=\"2016-07-10T13:11:18+00:00\" \/>\n<meta property=\"og:image\" content=\"http:\/\/www.heartofgold-hostel.de\/wp-content\/uploads\/2013\/04\/marvin-2-222x300.png\" \/>\n<meta name=\"twitter:label1\" content=\"Tempo estimado de leitura\" \/>\n\t<meta name=\"twitter:data1\" content=\"3 minutos\" \/>\n<script type=\"application\/ld+json\" class=\"yoast-schema-graph\">{\"@context\":\"https:\/\/schema.org\",\"@graph\":[{\"@type\":\"WebPage\",\"@id\":\"https:\/\/www.heartofgold-hostel.de\/pt\/nao-entrem-em-panico\/\",\"url\":\"https:\/\/www.heartofgold-hostel.de\/pt\/nao-entrem-em-panico\/\",\"name\":\"N\u00e3o entrem em P\u00e2nico! - Heart of Gold Hostel Berlin\",\"isPartOf\":{\"@id\":\"https:\/\/www.heartofgold-hostel.de\/de\/#website\"},\"primaryImageOfPage\":{\"@id\":\"https:\/\/www.heartofgold-hostel.de\/pt\/nao-entrem-em-panico\/#primaryimage\"},\"image\":{\"@id\":\"https:\/\/www.heartofgold-hostel.de\/pt\/nao-entrem-em-panico\/#primaryimage\"},\"thumbnailUrl\":\"http:\/\/www.heartofgold-hostel.de\/wp-content\/uploads\/2013\/04\/marvin-2-222x300.png\",\"datePublished\":\"2016-07-10T09:01:11+00:00\",\"dateModified\":\"2016-07-10T13:11:18+00:00\",\"description\":\"Don't Panic! - a coisa mais perto de uma moral do \\\"Hitchhikers Guide to the Galaxy\\\" de Douglas Adams - escrito em letras grandes na capa do Guia.\",\"breadcrumb\":{\"@id\":\"https:\/\/www.heartofgold-hostel.de\/pt\/nao-entrem-em-panico\/#breadcrumb\"},\"inLanguage\":\"pt-PT\",\"potentialAction\":[{\"@type\":\"ReadAction\",\"target\":[\"https:\/\/www.heartofgold-hostel.de\/pt\/nao-entrem-em-panico\/\"]}]},{\"@type\":\"ImageObject\",\"inLanguage\":\"pt-PT\",\"@id\":\"https:\/\/www.heartofgold-hostel.de\/pt\/nao-entrem-em-panico\/#primaryimage\",\"url\":\"http:\/\/www.heartofgold-hostel.de\/wp-content\/uploads\/2013\/04\/marvin-2-222x300.png\",\"contentUrl\":\"http:\/\/www.heartofgold-hostel.de\/wp-content\/uploads\/2013\/04\/marvin-2-222x300.png\"},{\"@type\":\"BreadcrumbList\",\"@id\":\"https:\/\/www.heartofgold-hostel.de\/pt\/nao-entrem-em-panico\/#breadcrumb\",\"itemListElement\":[{\"@type\":\"ListItem\",\"position\":1,\"name\":\"Home\",\"item\":\"https:\/\/www.heartofgold-hostel.de\/pt\/\"},{\"@type\":\"ListItem\",\"position\":2,\"name\":\"N\u00e3o entrem em P\u00e2nico!\"}]},{\"@type\":\"WebSite\",\"@id\":\"https:\/\/www.heartofgold-hostel.de\/de\/#website\",\"url\":\"https:\/\/www.heartofgold-hostel.de\/de\/\",\"name\":\"Heart of Gold Hostel Berlin\",\"description\":\"the starship Berlin Hostel\",\"publisher\":{\"@id\":\"https:\/\/www.heartofgold-hostel.de\/de\/#organization\"},\"potentialAction\":[{\"@type\":\"SearchAction\",\"target\":{\"@type\":\"EntryPoint\",\"urlTemplate\":\"https:\/\/www.heartofgold-hostel.de\/de\/?s={search_term_string}\"},\"query-input\":{\"@type\":\"PropertyValueSpecification\",\"valueRequired\":true,\"valueName\":\"search_term_string\"}}],\"inLanguage\":\"pt-PT\"},{\"@type\":\"Organization\",\"@id\":\"https:\/\/www.heartofgold-hostel.de\/de\/#organization\",\"name\":\"Heart of Gold Hostel Berlin\",\"url\":\"https:\/\/www.heartofgold-hostel.de\/de\/\",\"logo\":{\"@type\":\"ImageObject\",\"inLanguage\":\"pt-PT\",\"@id\":\"https:\/\/www.heartofgold-hostel.de\/de\/#\/schema\/logo\/image\/\",\"url\":\"https:\/\/www.heartofgold-hostel.de\/wp-content\/uploads\/HOG_Logo_braun_180.gif\",\"contentUrl\":\"https:\/\/www.heartofgold-hostel.de\/wp-content\/uploads\/HOG_Logo_braun_180.gif\",\"width\":180,\"height\":180,\"caption\":\"Heart of Gold Hostel Berlin\"},\"image\":{\"@id\":\"https:\/\/www.heartofgold-hostel.de\/de\/#\/schema\/logo\/image\/\"},\"sameAs\":[\"https:\/\/www.facebook.com\/heart.of.gold.hostel.berlin\/\",\"https:\/\/x.com\/berlinhostel\",\"https:\/\/myspace.com\/hostelberlin\",\"https:\/\/www.pinterest.com\/hoghostel\/heart-of-gold-hostel\/\"]}]}<\/script>\n<!-- \/ Yoast SEO plugin. -->","yoast_head_json":{"title":"N\u00e3o entrem em P\u00e2nico! - Heart of Gold Hostel Berlin","description":"Don't Panic! - a coisa mais perto de uma moral do \"Hitchhikers Guide to the Galaxy\" de Douglas Adams - escrito em letras grandes na capa do Guia.","robots":{"index":"index","follow":"follow","max-snippet":"max-snippet:-1","max-image-preview":"max-image-preview:large","max-video-preview":"max-video-preview:-1"},"canonical":"https:\/\/www.heartofgold-hostel.de\/pt\/nao-entrem-em-panico\/","og_locale":"pt_PT","og_type":"article","og_title":"N\u00e3o entrem em P\u00e2nico! - Heart of Gold Hostel Berlin","og_description":"Don't Panic! - a coisa mais perto de uma moral do \"Hitchhikers Guide to the Galaxy\" de Douglas Adams - escrito em letras grandes na capa do Guia.","og_url":"https:\/\/www.heartofgold-hostel.de\/pt\/nao-entrem-em-panico\/","og_site_name":"Heart of Gold Hostel Berlin","article_publisher":"https:\/\/www.facebook.com\/heart.of.gold.hostel.berlin\/","article_modified_time":"2016-07-10T13:11:18+00:00","og_image":[{"url":"http:\/\/www.heartofgold-hostel.de\/wp-content\/uploads\/2013\/04\/marvin-2-222x300.png","type":"","width":"","height":""}],"twitter_misc":{"Tempo estimado de leitura":"3 minutos"},"schema":{"@context":"https:\/\/schema.org","@graph":[{"@type":"WebPage","@id":"https:\/\/www.heartofgold-hostel.de\/pt\/nao-entrem-em-panico\/","url":"https:\/\/www.heartofgold-hostel.de\/pt\/nao-entrem-em-panico\/","name":"N\u00e3o entrem em P\u00e2nico! - Heart of Gold Hostel Berlin","isPartOf":{"@id":"https:\/\/www.heartofgold-hostel.de\/de\/#website"},"primaryImageOfPage":{"@id":"https:\/\/www.heartofgold-hostel.de\/pt\/nao-entrem-em-panico\/#primaryimage"},"image":{"@id":"https:\/\/www.heartofgold-hostel.de\/pt\/nao-entrem-em-panico\/#primaryimage"},"thumbnailUrl":"http:\/\/www.heartofgold-hostel.de\/wp-content\/uploads\/2013\/04\/marvin-2-222x300.png","datePublished":"2016-07-10T09:01:11+00:00","dateModified":"2016-07-10T13:11:18+00:00","description":"Don't Panic! - a coisa mais perto de uma moral do \"Hitchhikers Guide to the Galaxy\" de Douglas Adams - escrito em letras grandes na capa do Guia.","breadcrumb":{"@id":"https:\/\/www.heartofgold-hostel.de\/pt\/nao-entrem-em-panico\/#breadcrumb"},"inLanguage":"pt-PT","potentialAction":[{"@type":"ReadAction","target":["https:\/\/www.heartofgold-hostel.de\/pt\/nao-entrem-em-panico\/"]}]},{"@type":"ImageObject","inLanguage":"pt-PT","@id":"https:\/\/www.heartofgold-hostel.de\/pt\/nao-entrem-em-panico\/#primaryimage","url":"http:\/\/www.heartofgold-hostel.de\/wp-content\/uploads\/2013\/04\/marvin-2-222x300.png","contentUrl":"http:\/\/www.heartofgold-hostel.de\/wp-content\/uploads\/2013\/04\/marvin-2-222x300.png"},{"@type":"BreadcrumbList","@id":"https:\/\/www.heartofgold-hostel.de\/pt\/nao-entrem-em-panico\/#breadcrumb","itemListElement":[{"@type":"ListItem","position":1,"name":"Home","item":"https:\/\/www.heartofgold-hostel.de\/pt\/"},{"@type":"ListItem","position":2,"name":"N\u00e3o entrem em P\u00e2nico!"}]},{"@type":"WebSite","@id":"https:\/\/www.heartofgold-hostel.de\/de\/#website","url":"https:\/\/www.heartofgold-hostel.de\/de\/","name":"Heart of Gold Hostel Berlin","description":"the starship Berlin Hostel","publisher":{"@id":"https:\/\/www.heartofgold-hostel.de\/de\/#organization"},"potentialAction":[{"@type":"SearchAction","target":{"@type":"EntryPoint","urlTemplate":"https:\/\/www.heartofgold-hostel.de\/de\/?s={search_term_string}"},"query-input":{"@type":"PropertyValueSpecification","valueRequired":true,"valueName":"search_term_string"}}],"inLanguage":"pt-PT"},{"@type":"Organization","@id":"https:\/\/www.heartofgold-hostel.de\/de\/#organization","name":"Heart of Gold Hostel Berlin","url":"https:\/\/www.heartofgold-hostel.de\/de\/","logo":{"@type":"ImageObject","inLanguage":"pt-PT","@id":"https:\/\/www.heartofgold-hostel.de\/de\/#\/schema\/logo\/image\/","url":"https:\/\/www.heartofgold-hostel.de\/wp-content\/uploads\/HOG_Logo_braun_180.gif","contentUrl":"https:\/\/www.heartofgold-hostel.de\/wp-content\/uploads\/HOG_Logo_braun_180.gif","width":180,"height":180,"caption":"Heart of Gold Hostel Berlin"},"image":{"@id":"https:\/\/www.heartofgold-hostel.de\/de\/#\/schema\/logo\/image\/"},"sameAs":["https:\/\/www.facebook.com\/heart.of.gold.hostel.berlin\/","https:\/\/x.com\/berlinhostel","https:\/\/myspace.com\/hostelberlin","https:\/\/www.pinterest.com\/hoghostel\/heart-of-gold-hostel\/"]}]}},"jetpack_sharing_enabled":true,"jetpack_shortlink":"https:\/\/wp.me\/P7w0Rw-1s5","_links":{"self":[{"href":"https:\/\/www.heartofgold-hostel.de\/pt\/wp-json\/wp\/v2\/pages\/5585"}],"collection":[{"href":"https:\/\/www.heartofgold-hostel.de\/pt\/wp-json\/wp\/v2\/pages"}],"about":[{"href":"https:\/\/www.heartofgold-hostel.de\/pt\/wp-json\/wp\/v2\/types\/page"}],"author":[{"embeddable":true,"href":"https:\/\/www.heartofgold-hostel.de\/pt\/wp-json\/wp\/v2\/users\/1"}],"replies":[{"embeddable":true,"href":"https:\/\/www.heartofgold-hostel.de\/pt\/wp-json\/wp\/v2\/comments?post=5585"}],"version-history":[{"count":2,"href":"https:\/\/www.heartofgold-hostel.de\/pt\/wp-json\/wp\/v2\/pages\/5585\/revisions"}],"predecessor-version":[{"id":5635,"href":"https:\/\/www.heartofgold-hostel.de\/pt\/wp-json\/wp\/v2\/pages\/5585\/revisions\/5635"}],"wp:attachment":[{"href":"https:\/\/www.heartofgold-hostel.de\/pt\/wp-json\/wp\/v2\/media?parent=5585"}],"curies":[{"name":"wp","href":"https:\/\/api.w.org\/{rel}","templated":true}]}}