{"id":5588,"date":"2016-07-10T11:27:19","date_gmt":"2016-07-10T09:27:19","guid":{"rendered":"https:\/\/www.heartofgold-hostel.de\/pt\/benvindos-heart-gold-hostel-berlim\/"},"modified":"2016-07-11T14:08:24","modified_gmt":"2016-07-11T12:08:24","slug":"benvindos-heart-gold-hostel-berlim","status":"publish","type":"page","link":"https:\/\/www.heartofgold-hostel.de\/pt\/","title":{"rendered":"Benvindos ao Heart of Gold Hostel Berlim!"},"content":{"rendered":"<p>&nbsp;<\/p>\n<div class=\"teaser_post\">\n<p id=\"teaser_post_h1\">Ver\u00e3o? Hostel Berlim?<\/p>\n<p><a class=\"mark_up\" style=\"text-decoration: none;\" href=\"https:\/\/www.heartofgold-hostel.de\/pt\/reserva-hostel\/\"><strong>Don&#8217;t Panic!<\/strong><\/a><br \/>\nAinda s\u00f3 perderam os primeiros dias! Ainda h\u00e1 hip\u00f3tese de ver Berlim, ficar na <b>melhor localiza\u00e7\u00e3o<\/b>, conhecer o nosso <b>\u00f3ptimo staff<\/b> e outros viajantes e beber uma cerveja fresca no nosso Biergarten!<br \/>\nFa\u00e7am <a class=\"mark_up\" style=\"text-decoration: none;\" title=\"carreguem aqui para reservar as vossas camas no Heart of Gold Hostel Berlin\" href=\"https:\/\/www.heartofgold-hostel.de\/pt\/reserva-hostel\/\">as reservas aqui<\/a> e vejam <strong> quanto podem poupar!<\/strong><br \/>\nPor favor vejam tamb\u00e9m as nossas <a class=\"mark_up\" style=\"text-decoration: none;\" title=\"FAQ\" href=\"https:\/\/www.heartofgold-hostel.de\/pt\/faq\/melhor-preco\/\">FAQ<\/a> para mais informa\u00e7\u00f5es sobre reservas.<\/p>\n<\/div>\n<p>&nbsp;<\/p>\n<h2 class=\"entry-title\">O vosso Hostel em Berlim &#8211; n\u00e3o podia ser mais central!<\/h2>\n<div class=\"entry-content\">Mesmo no <a title=\"Localiza\u00e7\u00e3o em Berlim Mitte\" href=\"https:\/\/www.heartofgold-hostel.de\/pt\/localizacao-berlim-mitte\/\">centro de Berlim<\/a>, o Heart of Gold Hostel Berlim \u00e9 o s\u00edtio ideal para explorar a <a title=\"Berlim\" href=\"https:\/\/www.heartofgold-hostel.de\/pt\/berlim\/\">cidade<\/a>. \u00c9 um <a title=\"reservar!\" href=\"https:\/\/www.heartofgold-hostel.de\/pt\/reserva-hostel\/\">alojamento econ\u00f3mico<\/a>, mas parece-se com um hotel, e a <a title=\"Don't Panic!\" href=\"https:\/\/www.heartofgold-hostel.de\/pt\/nao-entrem-em-panico\/\">decora\u00e7\u00e3o<\/a> inspirada pelo \u201cHitchhiker\u2019s Guide to the Galaxy\u201d de Douglas Adams vai fazer com que se sintam em casa.<br \/>\n<img loading=\"lazy\" decoding=\"async\" class=\"alignright\" style=\"margin: 5px 5px 0 20px;\" src=\"https:\/\/www.heartofgold-hostel.de\/wp-content\/uploads\/2011\/05\/hog_party.jpg\" alt=\"Uma Festa no Heart of Gold Hostel Berlim em 2011 onde todos usaram fato e gravata.\" width=\"224\" height=\"139\" \/><br \/>\nO centro hist\u00f3rico e muitos dos <a title=\"Berlim\" href=\"https:\/\/www.heartofgold-hostel.de\/sights-in-berlin\/\">pontos de interesse<\/a> de Berlim ficam a uns passos de dist\u00e2ncia e o h\u00e1 <a title=\"Bares em Berlim\" href=\"https:\/\/www.heartofgold-hostel.de\/bars-in-berlin-2\/\">bares <\/a>e clubs mesmo ao lado. Fa\u00e7am amigos de todo o mundo e conhe\u00e7am verdadeiros Berliners na recep\u00e7\u00e3o que far\u00e3o a vossa visita ainda melhor.<\/div>\n<p>&nbsp;<\/p>\n<p>Temos quartos privados com duche e lavat\u00f3rio ou mesmo com casa de banho ensuite &#8211; tamb\u00e9m em alguns dormit\u00f3rios. A maior parte dos quartos s\u00e3o dormit\u00f3rios standard com casas de banho partilhadas e, claro, podem reservar uma cama barata do Megadorm ou aproveitar um pouco da vista de Berlim no SuperDorm que tem 2 casas de banho privadas, cozinha e um terra\u00e7o. Podem relaxar no Biergarten ou usar a cozinha comum. A maior parte dos nossos servi\u00e7os s\u00e3o gr\u00e1tis &#8211; incluindo duches quentes, toalhas, roupa de cama, WiFi, cozinha comum, dep\u00f3sito de bagagem, mapas da cidade e, claro, dicas sobre onde ir e o que fazer em Berlim. O servi\u00e7os pagos incluem o buffet de pequeno almo\u00e7o e aluguer de bicicletas. Tamb\u00e9m podem fazer uma walking tour gr\u00e1tis. Para mais informa\u00e7\u00f5es consultem as nossas <a title=\"Heart of Gold Hostel Berlim FAQ\" href=\"https:\/\/www.heartofgold-hostel.de\/pt\/faq\/\">FAQ<\/a> ou os nossos <a title=\"Reservem a vossa cama no Heart of Gold Hostel\" href=\"https:\/\/www.heartofgold-hostel.de\/pt\/reserva-hostel\/\">pre\u00e7os e reservas<\/a>.<\/p>\n<h2 class=\"entry-title\">Not\u00edcias do Hostel:<\/h2>\n<div class=\"entry-content\"><iframe loading=\"lazy\" id=\"newsIframe\" src=\"https:\/\/hostel-service.de\/apps\/fb\/NewsStream.php?StreamViewMode=LastPost&amp;client_id=hog&amp;lang=en&amp;return_url=https:\/\/www.heartofgold-hostel.de\/news\/\" width=\"100%\" height=\"60\" frameborder=\"0\" marginwidth=\"0\" marginheight=\"0\" scrolling=\"NO\"><\/iframe><\/div>\n","protected":false},"excerpt":{"rendered":"<p>&nbsp; Ver\u00e3o? Hostel Berlim? Don&#8217;t Panic! Ainda s\u00f3 perderam os primeiros dias! Ainda h\u00e1 hip\u00f3tese de ver Berlim, ficar na melhor localiza\u00e7\u00e3o, conhecer o nosso \u00f3ptimo staff e outros viajantes e beber uma cerveja fresca no nosso Biergarten! Fa\u00e7am as &hellip; <a href=\"https:\/\/www.heartofgold-hostel.de\/pt\/\">Continuar a ler <span class=\"meta-nav\">&rarr;<\/span><\/a><\/p>\n","protected":false},"author":7,"featured_media":0,"parent":0,"menu_order":0,"comment_status":"closed","ping_status":"closed","template":"","meta":{"_monsterinsights_skip_tracking":false,"_monsterinsights_sitenote_active":false,"_monsterinsights_sitenote_note":"","_monsterinsights_sitenote_category":0,"jetpack_post_was_ever_published":false,"footnotes":""},"yoast_head":"<!-- This site is optimized with the Yoast SEO plugin v24.5 - https:\/\/yoast.com\/wordpress\/plugins\/seo\/ -->\n<title>Heart of Gold Hostel Berlim<\/title>\n<meta name=\"description\" content=\"O Heart of Gold Hostel Berlim \u00e9 um dos h\u00f3steis mais centrais em Berlim Mitte - perto da maior parte das atrac\u00e7\u00f5es. Limpo, \u00f3ptimo staff! Don&#039;t Panic!\" \/>\n<meta name=\"robots\" content=\"index, follow, max-snippet:-1, max-image-preview:large, max-video-preview:-1\" \/>\n<link rel=\"canonical\" href=\"https:\/\/www.heartofgold-hostel.de\/pt\/\" \/>\n<meta property=\"og:locale\" content=\"pt_PT\" \/>\n<meta property=\"og:type\" content=\"article\" \/>\n<meta property=\"og:title\" content=\"Heart of Gold Hostel Berlim\" \/>\n<meta property=\"og:description\" content=\"O Heart of Gold Hostel Berlim \u00e9 um dos h\u00f3steis mais centrais em Berlim Mitte - perto da maior parte das atrac\u00e7\u00f5es. Limpo, \u00f3ptimo staff! Don&#039;t Panic!\" \/>\n<meta property=\"og:url\" content=\"https:\/\/www.heartofgold-hostel.de\/pt\/\" \/>\n<meta property=\"og:site_name\" content=\"Heart of Gold Hostel Berlin\" \/>\n<meta property=\"article:publisher\" content=\"https:\/\/www.facebook.com\/heart.of.gold.hostel.berlin\/\" \/>\n<meta property=\"article:modified_time\" content=\"2016-07-11T12:08:24+00:00\" \/>\n<meta property=\"og:image\" content=\"https:\/\/www.heartofgold-hostel.de\/wp-content\/uploads\/2011\/05\/hog_party.jpg\" \/>\n<meta name=\"twitter:label1\" content=\"Tempo estimado de leitura\" \/>\n\t<meta name=\"twitter:data1\" content=\"2 minutos\" \/>\n<script type=\"application\/ld+json\" class=\"yoast-schema-graph\">{\"@context\":\"https:\/\/schema.org\",\"@graph\":[{\"@type\":\"WebPage\",\"@id\":\"https:\/\/www.heartofgold-hostel.de\/pt\/\",\"url\":\"https:\/\/www.heartofgold-hostel.de\/pt\/\",\"name\":\"Heart of Gold Hostel Berlim\",\"isPartOf\":{\"@id\":\"https:\/\/www.heartofgold-hostel.de\/de\/#website\"},\"primaryImageOfPage\":{\"@id\":\"https:\/\/www.heartofgold-hostel.de\/pt\/#primaryimage\"},\"image\":{\"@id\":\"https:\/\/www.heartofgold-hostel.de\/pt\/#primaryimage\"},\"thumbnailUrl\":\"https:\/\/www.heartofgold-hostel.de\/wp-content\/uploads\/2011\/05\/hog_party.jpg\",\"datePublished\":\"2016-07-10T09:27:19+00:00\",\"dateModified\":\"2016-07-11T12:08:24+00:00\",\"description\":\"O Heart of Gold Hostel Berlim \u00e9 um dos h\u00f3steis mais centrais em Berlim Mitte - perto da maior parte das atrac\u00e7\u00f5es. Limpo, \u00f3ptimo staff! Don't Panic!\",\"breadcrumb\":{\"@id\":\"https:\/\/www.heartofgold-hostel.de\/pt\/#breadcrumb\"},\"inLanguage\":\"pt-PT\",\"potentialAction\":[{\"@type\":\"ReadAction\",\"target\":[\"https:\/\/www.heartofgold-hostel.de\/pt\/\"]}]},{\"@type\":\"ImageObject\",\"inLanguage\":\"pt-PT\",\"@id\":\"https:\/\/www.heartofgold-hostel.de\/pt\/#primaryimage\",\"url\":\"https:\/\/www.heartofgold-hostel.de\/wp-content\/uploads\/2011\/05\/hog_party.jpg\",\"contentUrl\":\"https:\/\/www.heartofgold-hostel.de\/wp-content\/uploads\/2011\/05\/hog_party.jpg\"},{\"@type\":\"BreadcrumbList\",\"@id\":\"https:\/\/www.heartofgold-hostel.de\/pt\/#breadcrumb\",\"itemListElement\":[{\"@type\":\"ListItem\",\"position\":1,\"name\":\"Home\",\"item\":\"https:\/\/www.heartofgold-hostel.de\/pt\/\"},{\"@type\":\"ListItem\",\"position\":2,\"name\":\"Benvindos ao Heart of Gold Hostel Berlim!\"}]},{\"@type\":\"WebSite\",\"@id\":\"https:\/\/www.heartofgold-hostel.de\/de\/#website\",\"url\":\"https:\/\/www.heartofgold-hostel.de\/de\/\",\"name\":\"Heart of Gold Hostel Berlin\",\"description\":\"the starship Berlin Hostel\",\"publisher\":{\"@id\":\"https:\/\/www.heartofgold-hostel.de\/de\/#organization\"},\"potentialAction\":[{\"@type\":\"SearchAction\",\"target\":{\"@type\":\"EntryPoint\",\"urlTemplate\":\"https:\/\/www.heartofgold-hostel.de\/de\/?s={search_term_string}\"},\"query-input\":{\"@type\":\"PropertyValueSpecification\",\"valueRequired\":true,\"valueName\":\"search_term_string\"}}],\"inLanguage\":\"pt-PT\"},{\"@type\":\"Organization\",\"@id\":\"https:\/\/www.heartofgold-hostel.de\/de\/#organization\",\"name\":\"Heart of Gold Hostel Berlin\",\"url\":\"https:\/\/www.heartofgold-hostel.de\/de\/\",\"logo\":{\"@type\":\"ImageObject\",\"inLanguage\":\"pt-PT\",\"@id\":\"https:\/\/www.heartofgold-hostel.de\/de\/#\/schema\/logo\/image\/\",\"url\":\"https:\/\/www.heartofgold-hostel.de\/wp-content\/uploads\/HOG_Logo_braun_180.gif\",\"contentUrl\":\"https:\/\/www.heartofgold-hostel.de\/wp-content\/uploads\/HOG_Logo_braun_180.gif\",\"width\":180,\"height\":180,\"caption\":\"Heart of Gold Hostel Berlin\"},\"image\":{\"@id\":\"https:\/\/www.heartofgold-hostel.de\/de\/#\/schema\/logo\/image\/\"},\"sameAs\":[\"https:\/\/www.facebook.com\/heart.of.gold.hostel.berlin\/\",\"https:\/\/x.com\/berlinhostel\",\"https:\/\/myspace.com\/hostelberlin\",\"https:\/\/www.pinterest.com\/hoghostel\/heart-of-gold-hostel\/\"]}]}<\/script>\n<!-- \/ Yoast SEO plugin. -->","yoast_head_json":{"title":"Heart of Gold Hostel Berlim","description":"O Heart of Gold Hostel Berlim \u00e9 um dos h\u00f3steis mais centrais em Berlim Mitte - perto da maior parte das atrac\u00e7\u00f5es. Limpo, \u00f3ptimo staff! Don't Panic!","robots":{"index":"index","follow":"follow","max-snippet":"max-snippet:-1","max-image-preview":"max-image-preview:large","max-video-preview":"max-video-preview:-1"},"canonical":"https:\/\/www.heartofgold-hostel.de\/pt\/","og_locale":"pt_PT","og_type":"article","og_title":"Heart of Gold Hostel Berlim","og_description":"O Heart of Gold Hostel Berlim \u00e9 um dos h\u00f3steis mais centrais em Berlim Mitte - perto da maior parte das atrac\u00e7\u00f5es. Limpo, \u00f3ptimo staff! Don't Panic!","og_url":"https:\/\/www.heartofgold-hostel.de\/pt\/","og_site_name":"Heart of Gold Hostel Berlin","article_publisher":"https:\/\/www.facebook.com\/heart.of.gold.hostel.berlin\/","article_modified_time":"2016-07-11T12:08:24+00:00","og_image":[{"url":"https:\/\/www.heartofgold-hostel.de\/wp-content\/uploads\/2011\/05\/hog_party.jpg","type":"","width":"","height":""}],"twitter_misc":{"Tempo estimado de leitura":"2 minutos"},"schema":{"@context":"https:\/\/schema.org","@graph":[{"@type":"WebPage","@id":"https:\/\/www.heartofgold-hostel.de\/pt\/","url":"https:\/\/www.heartofgold-hostel.de\/pt\/","name":"Heart of Gold Hostel Berlim","isPartOf":{"@id":"https:\/\/www.heartofgold-hostel.de\/de\/#website"},"primaryImageOfPage":{"@id":"https:\/\/www.heartofgold-hostel.de\/pt\/#primaryimage"},"image":{"@id":"https:\/\/www.heartofgold-hostel.de\/pt\/#primaryimage"},"thumbnailUrl":"https:\/\/www.heartofgold-hostel.de\/wp-content\/uploads\/2011\/05\/hog_party.jpg","datePublished":"2016-07-10T09:27:19+00:00","dateModified":"2016-07-11T12:08:24+00:00","description":"O Heart of Gold Hostel Berlim \u00e9 um dos h\u00f3steis mais centrais em Berlim Mitte - perto da maior parte das atrac\u00e7\u00f5es. Limpo, \u00f3ptimo staff! Don't Panic!","breadcrumb":{"@id":"https:\/\/www.heartofgold-hostel.de\/pt\/#breadcrumb"},"inLanguage":"pt-PT","potentialAction":[{"@type":"ReadAction","target":["https:\/\/www.heartofgold-hostel.de\/pt\/"]}]},{"@type":"ImageObject","inLanguage":"pt-PT","@id":"https:\/\/www.heartofgold-hostel.de\/pt\/#primaryimage","url":"https:\/\/www.heartofgold-hostel.de\/wp-content\/uploads\/2011\/05\/hog_party.jpg","contentUrl":"https:\/\/www.heartofgold-hostel.de\/wp-content\/uploads\/2011\/05\/hog_party.jpg"},{"@type":"BreadcrumbList","@id":"https:\/\/www.heartofgold-hostel.de\/pt\/#breadcrumb","itemListElement":[{"@type":"ListItem","position":1,"name":"Home","item":"https:\/\/www.heartofgold-hostel.de\/pt\/"},{"@type":"ListItem","position":2,"name":"Benvindos ao Heart of Gold Hostel Berlim!"}]},{"@type":"WebSite","@id":"https:\/\/www.heartofgold-hostel.de\/de\/#website","url":"https:\/\/www.heartofgold-hostel.de\/de\/","name":"Heart of Gold Hostel Berlin","description":"the starship Berlin Hostel","publisher":{"@id":"https:\/\/www.heartofgold-hostel.de\/de\/#organization"},"potentialAction":[{"@type":"SearchAction","target":{"@type":"EntryPoint","urlTemplate":"https:\/\/www.heartofgold-hostel.de\/de\/?s={search_term_string}"},"query-input":{"@type":"PropertyValueSpecification","valueRequired":true,"valueName":"search_term_string"}}],"inLanguage":"pt-PT"},{"@type":"Organization","@id":"https:\/\/www.heartofgold-hostel.de\/de\/#organization","name":"Heart of Gold Hostel Berlin","url":"https:\/\/www.heartofgold-hostel.de\/de\/","logo":{"@type":"ImageObject","inLanguage":"pt-PT","@id":"https:\/\/www.heartofgold-hostel.de\/de\/#\/schema\/logo\/image\/","url":"https:\/\/www.heartofgold-hostel.de\/wp-content\/uploads\/HOG_Logo_braun_180.gif","contentUrl":"https:\/\/www.heartofgold-hostel.de\/wp-content\/uploads\/HOG_Logo_braun_180.gif","width":180,"height":180,"caption":"Heart of Gold Hostel Berlin"},"image":{"@id":"https:\/\/www.heartofgold-hostel.de\/de\/#\/schema\/logo\/image\/"},"sameAs":["https:\/\/www.facebook.com\/heart.of.gold.hostel.berlin\/","https:\/\/x.com\/berlinhostel","https:\/\/myspace.com\/hostelberlin","https:\/\/www.pinterest.com\/hoghostel\/heart-of-gold-hostel\/"]}]}},"jetpack_sharing_enabled":true,"jetpack_shortlink":"https:\/\/wp.me\/P7w0Rw-1s8","_links":{"self":[{"href":"https:\/\/www.heartofgold-hostel.de\/pt\/wp-json\/wp\/v2\/pages\/5588"}],"collection":[{"href":"https:\/\/www.heartofgold-hostel.de\/pt\/wp-json\/wp\/v2\/pages"}],"about":[{"href":"https:\/\/www.heartofgold-hostel.de\/pt\/wp-json\/wp\/v2\/types\/page"}],"author":[{"embeddable":true,"href":"https:\/\/www.heartofgold-hostel.de\/pt\/wp-json\/wp\/v2\/users\/7"}],"replies":[{"embeddable":true,"href":"https:\/\/www.heartofgold-hostel.de\/pt\/wp-json\/wp\/v2\/comments?post=5588"}],"version-history":[{"count":2,"href":"https:\/\/www.heartofgold-hostel.de\/pt\/wp-json\/wp\/v2\/pages\/5588\/revisions"}],"predecessor-version":[{"id":5640,"href":"https:\/\/www.heartofgold-hostel.de\/pt\/wp-json\/wp\/v2\/pages\/5588\/revisions\/5640"}],"wp:attachment":[{"href":"https:\/\/www.heartofgold-hostel.de\/pt\/wp-json\/wp\/v2\/media?parent=5588"}],"curies":[{"name":"wp","href":"https:\/\/api.w.org\/{rel}","templated":true}]}}