{"id":4835,"date":"2014-09-30T10:43:47","date_gmt":"2014-09-30T08:43:47","guid":{"rendered":"http:\/\/www.heartofgold-hostel.de\/berlin-2\/"},"modified":"2014-09-30T10:43:47","modified_gmt":"2014-09-30T08:43:47","slug":"berlin","status":"publish","type":"page","link":"https:\/\/www.heartofgold-hostel.de\/sv\/berlin\/","title":{"rendered":"Berlin &#8211; &#8221;mestadels ofarligt&#8221; (Liftarens Guide)"},"content":{"rendered":"<p>Nej, det \u00e4r inte helt sant. Vi skojade bara. Detta var inte Liftarens Guide&#8217;s korta beskrivning av Berlin, utan av hela v\u00e5r planet.<br \/>\nTack Gud (eller snarare miljoner av entusiastiska resande) har guide b\u00f6cker idag lite mer att s\u00e4ga om Berlin.<br \/>\nBerlin \u00e4r en stad i st\u00e4ndig r\u00f6relse som stod i centrum under m\u00e5nga av 1900-talets mest fruktansv\u00e4rda h\u00e4ndelser, s\u00e5v\u00e4l som en hel del inspirerande stunder. Denna metropol mitt i Europas hj\u00e4rta var st\u00e4ndigt tvungen att \u00e5teruppfinna sig sj\u00e4lv och har nu blivit en av 2000-talets mest sp\u00e4nnande st\u00e4der. Berlin forts\u00e4tter att vara i st\u00e4ndig utveckling efter att ha lappats ihop igen efter att ha varit delad av berlinmuren i 28 \u00e5r. Numer finns en ca tv\u00e5 kilometer l\u00e5ng str\u00e4cka av muren kvar som \u00e5r 1990 blev m\u00e5lad av mer \u00e4n hundra konstn\u00e4rer fr\u00e5n jordens alla h\u00f6rn &#8211; detta \u00e4r East Side Gallery, v\u00e4rldens st\u00f6rsta permanenta konstutst\u00e4llning utomhus. Bara ett stenkast bort i det f\u00f6redetta \u00f6stberlinska grannskapet Friedrichshain p\u00e5g\u00e5r festerna hela n\u00e4tterna (ibland \u00e4ven l\u00e4ngre) i or\u00e4kneliga klubbar &#8211; v\u00e4rldsber\u00f6mda Berghain inkluderad.<\/p>\n<p>Bara fyra stopp bort med pendelt\u00e5get som ocks\u00e5 g\u00e5r hela natten (i alla fall p\u00e5 helgerna) ligger Heart of Gold Hostel mitt i city, bokstavligt talat: det ligger i omr\u00e5det som kallas Mitte (tyska f\u00f6r mitten). N\u00e4stan alla stans sev\u00e4rdheter och attraktioner ligger p\u00e5 g\u00e5ngavst\u00e5nd: Brandenburger Tor, Riksdagen, F\u00f6rintelseminnesm\u00e4rket, Checkpoint Charlie, Museum\u00f6n, TV-tornet vid Alexanderplatz&#8230; Eller kanske skulle du vilja g\u00e5 till en helt m\u00f6rk restaurang, en turkisk vattenpipebar, en konsert av ett skaband fr\u00e5n Uruguay eller en enorm loppmarknad med utomhuskaraoke.<\/p>\n<p>Varthelst du vill g\u00e5 i den stora och m\u00e5ngfaldiga tyska huvudstaden \u00e4r du alltid p\u00e5 bekv\u00e4mt avst\u00e5nd n\u00e4r du \u00e4r p\u00e5 Heart of Gold Hostel.<\/p>\n","protected":false},"excerpt":{"rendered":"<p>Nej, det \u00e4r inte helt sant. Vi skojade bara. Detta var inte Liftarens Guide&#8217;s korta beskrivning av Berlin, utan av hela v\u00e5r planet. Tack Gud (eller snarare miljoner av entusiastiska resande) har guide b\u00f6cker idag lite mer att s\u00e4ga om &hellip; <a href=\"https:\/\/www.heartofgold-hostel.de\/sv\/berlin\/\">Forts\u00e4tt l\u00e4sa <span class=\"meta-nav\">&rarr;<\/span><\/a><\/p>\n","protected":false},"author":7,"featured_media":0,"parent":0,"menu_order":0,"comment_status":"closed","ping_status":"closed","template":"","meta":{"_monsterinsights_skip_tracking":false,"_monsterinsights_sitenote_active":false,"_monsterinsights_sitenote_note":"","_monsterinsights_sitenote_category":0,"jetpack_post_was_ever_published":false,"footnotes":""},"yoast_head":"<!-- This site is optimized with the Yoast SEO plugin v24.5 - https:\/\/yoast.com\/wordpress\/plugins\/seo\/ -->\n<title>Berlin - &quot;mestadels ofarligt&quot; (Liftarens Guide) - Heart of Gold Hostel Berlin<\/title>\n<meta name=\"description\" content=\"Berlin har blivit en av de mest popul\u00e4re destinationerna i Europa och ja, hela v\u00e4rlden. Det \u00e4r fortfarande billigt och fortfarande sprudlande. Skynda innan det \u00e4r f\u00f6r sent!\" \/>\n<meta name=\"robots\" content=\"index, follow, max-snippet:-1, max-image-preview:large, max-video-preview:-1\" \/>\n<link rel=\"canonical\" href=\"https:\/\/www.heartofgold-hostel.de\/sv\/berlin\/\" \/>\n<meta property=\"og:locale\" content=\"sv_SE\" \/>\n<meta property=\"og:type\" content=\"article\" \/>\n<meta property=\"og:title\" content=\"Berlin - &quot;mestadels ofarligt&quot; (Liftarens Guide) - Heart of Gold Hostel Berlin\" \/>\n<meta property=\"og:description\" content=\"Berlin har blivit en av de mest popul\u00e4re destinationerna i Europa och ja, hela v\u00e4rlden. Det \u00e4r fortfarande billigt och fortfarande sprudlande. Skynda innan det \u00e4r f\u00f6r sent!\" \/>\n<meta property=\"og:url\" content=\"https:\/\/www.heartofgold-hostel.de\/sv\/berlin\/\" \/>\n<meta property=\"og:site_name\" content=\"Heart of Gold Hostel Berlin\" \/>\n<meta property=\"article:publisher\" content=\"https:\/\/www.facebook.com\/heart.of.gold.hostel.berlin\/\" \/>\n<meta property=\"og:image\" content=\"https:\/\/www.heartofgold-hostel.de\/wp-content\/uploads\/HOG_Logo_braun_180.gif\" \/>\n\t<meta property=\"og:image:width\" content=\"180\" \/>\n\t<meta property=\"og:image:height\" content=\"180\" \/>\n\t<meta property=\"og:image:type\" content=\"image\/gif\" \/>\n<meta name=\"twitter:label1\" content=\"Ber\u00e4knad l\u00e4stid\" \/>\n\t<meta name=\"twitter:data1\" content=\"2 minuter\" \/>\n<script type=\"application\/ld+json\" class=\"yoast-schema-graph\">{\"@context\":\"https:\/\/schema.org\",\"@graph\":[{\"@type\":\"WebPage\",\"@id\":\"https:\/\/www.heartofgold-hostel.de\/sv\/berlin\/\",\"url\":\"https:\/\/www.heartofgold-hostel.de\/sv\/berlin\/\",\"name\":\"Berlin - \\\"mestadels ofarligt\\\" (Liftarens Guide) - Heart of Gold Hostel Berlin\",\"isPartOf\":{\"@id\":\"https:\/\/www.heartofgold-hostel.de\/de\/#website\"},\"datePublished\":\"2014-09-30T08:43:47+00:00\",\"description\":\"Berlin har blivit en av de mest popul\u00e4re destinationerna i Europa och ja, hela v\u00e4rlden. Det \u00e4r fortfarande billigt och fortfarande sprudlande. Skynda innan det \u00e4r f\u00f6r sent!\",\"breadcrumb\":{\"@id\":\"https:\/\/www.heartofgold-hostel.de\/sv\/berlin\/#breadcrumb\"},\"inLanguage\":\"sv-SE\",\"potentialAction\":[{\"@type\":\"ReadAction\",\"target\":[\"https:\/\/www.heartofgold-hostel.de\/sv\/berlin\/\"]}]},{\"@type\":\"BreadcrumbList\",\"@id\":\"https:\/\/www.heartofgold-hostel.de\/sv\/berlin\/#breadcrumb\",\"itemListElement\":[{\"@type\":\"ListItem\",\"position\":1,\"name\":\"Home\",\"item\":\"https:\/\/www.heartofgold-hostel.de\/sv\/\"},{\"@type\":\"ListItem\",\"position\":2,\"name\":\"Berlin &#8211; &#8221;mestadels ofarligt&#8221; (Liftarens Guide)\"}]},{\"@type\":\"WebSite\",\"@id\":\"https:\/\/www.heartofgold-hostel.de\/de\/#website\",\"url\":\"https:\/\/www.heartofgold-hostel.de\/de\/\",\"name\":\"Heart of Gold Hostel Berlin\",\"description\":\"the starship Berlin Hostel\",\"publisher\":{\"@id\":\"https:\/\/www.heartofgold-hostel.de\/de\/#organization\"},\"potentialAction\":[{\"@type\":\"SearchAction\",\"target\":{\"@type\":\"EntryPoint\",\"urlTemplate\":\"https:\/\/www.heartofgold-hostel.de\/de\/?s={search_term_string}\"},\"query-input\":{\"@type\":\"PropertyValueSpecification\",\"valueRequired\":true,\"valueName\":\"search_term_string\"}}],\"inLanguage\":\"sv-SE\"},{\"@type\":\"Organization\",\"@id\":\"https:\/\/www.heartofgold-hostel.de\/de\/#organization\",\"name\":\"Heart of Gold Hostel Berlin\",\"url\":\"https:\/\/www.heartofgold-hostel.de\/de\/\",\"logo\":{\"@type\":\"ImageObject\",\"inLanguage\":\"sv-SE\",\"@id\":\"https:\/\/www.heartofgold-hostel.de\/de\/#\/schema\/logo\/image\/\",\"url\":\"https:\/\/www.heartofgold-hostel.de\/wp-content\/uploads\/HOG_Logo_braun_180.gif\",\"contentUrl\":\"https:\/\/www.heartofgold-hostel.de\/wp-content\/uploads\/HOG_Logo_braun_180.gif\",\"width\":180,\"height\":180,\"caption\":\"Heart of Gold Hostel Berlin\"},\"image\":{\"@id\":\"https:\/\/www.heartofgold-hostel.de\/de\/#\/schema\/logo\/image\/\"},\"sameAs\":[\"https:\/\/www.facebook.com\/heart.of.gold.hostel.berlin\/\",\"https:\/\/x.com\/berlinhostel\",\"https:\/\/myspace.com\/hostelberlin\",\"https:\/\/www.pinterest.com\/hoghostel\/heart-of-gold-hostel\/\"]}]}<\/script>\n<!-- \/ Yoast SEO plugin. -->","yoast_head_json":{"title":"Berlin - \"mestadels ofarligt\" (Liftarens Guide) - Heart of Gold Hostel Berlin","description":"Berlin har blivit en av de mest popul\u00e4re destinationerna i Europa och ja, hela v\u00e4rlden. Det \u00e4r fortfarande billigt och fortfarande sprudlande. Skynda innan det \u00e4r f\u00f6r sent!","robots":{"index":"index","follow":"follow","max-snippet":"max-snippet:-1","max-image-preview":"max-image-preview:large","max-video-preview":"max-video-preview:-1"},"canonical":"https:\/\/www.heartofgold-hostel.de\/sv\/berlin\/","og_locale":"sv_SE","og_type":"article","og_title":"Berlin - \"mestadels ofarligt\" (Liftarens Guide) - Heart of Gold Hostel Berlin","og_description":"Berlin har blivit en av de mest popul\u00e4re destinationerna i Europa och ja, hela v\u00e4rlden. Det \u00e4r fortfarande billigt och fortfarande sprudlande. Skynda innan det \u00e4r f\u00f6r sent!","og_url":"https:\/\/www.heartofgold-hostel.de\/sv\/berlin\/","og_site_name":"Heart of Gold Hostel Berlin","article_publisher":"https:\/\/www.facebook.com\/heart.of.gold.hostel.berlin\/","og_image":[{"width":180,"height":180,"url":"https:\/\/www.heartofgold-hostel.de\/wp-content\/uploads\/HOG_Logo_braun_180.gif","type":"image\/gif"}],"twitter_misc":{"Ber\u00e4knad l\u00e4stid":"2 minuter"},"schema":{"@context":"https:\/\/schema.org","@graph":[{"@type":"WebPage","@id":"https:\/\/www.heartofgold-hostel.de\/sv\/berlin\/","url":"https:\/\/www.heartofgold-hostel.de\/sv\/berlin\/","name":"Berlin - \"mestadels ofarligt\" (Liftarens Guide) - Heart of Gold Hostel Berlin","isPartOf":{"@id":"https:\/\/www.heartofgold-hostel.de\/de\/#website"},"datePublished":"2014-09-30T08:43:47+00:00","description":"Berlin har blivit en av de mest popul\u00e4re destinationerna i Europa och ja, hela v\u00e4rlden. Det \u00e4r fortfarande billigt och fortfarande sprudlande. Skynda innan det \u00e4r f\u00f6r sent!","breadcrumb":{"@id":"https:\/\/www.heartofgold-hostel.de\/sv\/berlin\/#breadcrumb"},"inLanguage":"sv-SE","potentialAction":[{"@type":"ReadAction","target":["https:\/\/www.heartofgold-hostel.de\/sv\/berlin\/"]}]},{"@type":"BreadcrumbList","@id":"https:\/\/www.heartofgold-hostel.de\/sv\/berlin\/#breadcrumb","itemListElement":[{"@type":"ListItem","position":1,"name":"Home","item":"https:\/\/www.heartofgold-hostel.de\/sv\/"},{"@type":"ListItem","position":2,"name":"Berlin &#8211; &#8221;mestadels ofarligt&#8221; (Liftarens Guide)"}]},{"@type":"WebSite","@id":"https:\/\/www.heartofgold-hostel.de\/de\/#website","url":"https:\/\/www.heartofgold-hostel.de\/de\/","name":"Heart of Gold Hostel Berlin","description":"the starship Berlin Hostel","publisher":{"@id":"https:\/\/www.heartofgold-hostel.de\/de\/#organization"},"potentialAction":[{"@type":"SearchAction","target":{"@type":"EntryPoint","urlTemplate":"https:\/\/www.heartofgold-hostel.de\/de\/?s={search_term_string}"},"query-input":{"@type":"PropertyValueSpecification","valueRequired":true,"valueName":"search_term_string"}}],"inLanguage":"sv-SE"},{"@type":"Organization","@id":"https:\/\/www.heartofgold-hostel.de\/de\/#organization","name":"Heart of Gold Hostel Berlin","url":"https:\/\/www.heartofgold-hostel.de\/de\/","logo":{"@type":"ImageObject","inLanguage":"sv-SE","@id":"https:\/\/www.heartofgold-hostel.de\/de\/#\/schema\/logo\/image\/","url":"https:\/\/www.heartofgold-hostel.de\/wp-content\/uploads\/HOG_Logo_braun_180.gif","contentUrl":"https:\/\/www.heartofgold-hostel.de\/wp-content\/uploads\/HOG_Logo_braun_180.gif","width":180,"height":180,"caption":"Heart of Gold Hostel Berlin"},"image":{"@id":"https:\/\/www.heartofgold-hostel.de\/de\/#\/schema\/logo\/image\/"},"sameAs":["https:\/\/www.facebook.com\/heart.of.gold.hostel.berlin\/","https:\/\/x.com\/berlinhostel","https:\/\/myspace.com\/hostelberlin","https:\/\/www.pinterest.com\/hoghostel\/heart-of-gold-hostel\/"]}]}},"jetpack_sharing_enabled":true,"jetpack_shortlink":"https:\/\/wp.me\/P7w0Rw-1fZ","_links":{"self":[{"href":"https:\/\/www.heartofgold-hostel.de\/sv\/wp-json\/wp\/v2\/pages\/4835"}],"collection":[{"href":"https:\/\/www.heartofgold-hostel.de\/sv\/wp-json\/wp\/v2\/pages"}],"about":[{"href":"https:\/\/www.heartofgold-hostel.de\/sv\/wp-json\/wp\/v2\/types\/page"}],"author":[{"embeddable":true,"href":"https:\/\/www.heartofgold-hostel.de\/sv\/wp-json\/wp\/v2\/users\/7"}],"replies":[{"embeddable":true,"href":"https:\/\/www.heartofgold-hostel.de\/sv\/wp-json\/wp\/v2\/comments?post=4835"}],"version-history":[{"count":0,"href":"https:\/\/www.heartofgold-hostel.de\/sv\/wp-json\/wp\/v2\/pages\/4835\/revisions"}],"wp:attachment":[{"href":"https:\/\/www.heartofgold-hostel.de\/sv\/wp-json\/wp\/v2\/media?parent=4835"}],"curies":[{"name":"wp","href":"https:\/\/api.w.org\/{rel}","templated":true}]}}