{"id":4839,"date":"2014-09-30T11:19:56","date_gmt":"2014-09-30T09:19:56","guid":{"rendered":"http:\/\/www.heartofgold-hostel.de\/rum\/"},"modified":"2016-05-08T12:10:28","modified_gmt":"2016-05-08T10:10:28","slug":"rum","status":"publish","type":"page","link":"https:\/\/www.heartofgold-hostel.de\/sv\/rum\/","title":{"rendered":"Kabiner, hostelrum, s\u00e4ngar &#038; soffor"},"content":{"rendered":"<p>Till skillnad fr\u00e5n \u00e4ldre rymdskepp, har <strong>kabinerna i Heart of Gold<\/strong> <strong> tr\u00e4golv<\/strong>, vilket g\u00f6r att de ser lite ut som hostelrum. <strong>F\u00f6nstrena \u00e4r gigantiska<\/strong>, fr\u00e5 golv till tak, vilket ger <strong>maximum panorama blick<\/strong> over de omgivande stj\u00e4rnsystemen. Kabinerna \u00e4r ljusa och soliga, de h\u00f6ga taken skapar en <strong>k\u00e4nsla av rum och rymd<\/strong> \u00e4ven i de st\u00f6rre sovsalarna.<\/p>\n<p>Alla <strong>privata kabiner<\/strong> \u00e4r utrustade med\u00a0\u00e5tminstone <strong>dusch och handfat<\/strong>, n\u00e5gra \u00e4ven med stora och moderna badrum.<br \/>\nRummen har <strong><span class=\"st\">tilltr\u00e4de med nyckelkort<\/span><\/strong> f\u00f6r din s\u00e4kerhet.<strong>Gratis WiFi<\/strong> finns i receptionsomr\u00e5det.<\/p>\n<p><a href=\"https:\/\/www.heartofgold-hostel.de\/wp-content\/uploads\/2011\/05\/IMG_7646_0_3_adjust.jpg\"><img loading=\"lazy\" decoding=\"async\" data-attachment-id=\"2464\" data-permalink=\"https:\/\/www.heartofgold-hostel.de\/sv\/rum\/twin-room-with-shower-6\/\" data-orig-file=\"https:\/\/www.heartofgold-hostel.de\/wp-content\/uploads\/2011\/05\/IMG_7646_0_3_adjust.jpg\" data-orig-size=\"4086,2725\" data-comments-opened=\"0\" data-image-meta=\"{&quot;aperture&quot;:&quot;0&quot;,&quot;credit&quot;:&quot;&quot;,&quot;camera&quot;:&quot;&quot;,&quot;caption&quot;:&quot;&quot;,&quot;created_timestamp&quot;:&quot;1314716253&quot;,&quot;copyright&quot;:&quot;&quot;,&quot;focal_length&quot;:&quot;0&quot;,&quot;iso&quot;:&quot;0&quot;,&quot;shutter_speed&quot;:&quot;0&quot;,&quot;title&quot;:&quot;&quot;}\" data-image-title=\"Twin Room with shower\" data-image-description=\"\" data-image-caption=\"&lt;p&gt;Twin Room with shower&lt;\/p&gt;\n\" data-medium-file=\"https:\/\/www.heartofgold-hostel.de\/wp-content\/uploads\/2011\/05\/IMG_7646_0_3_adjust-300x200.jpg\" data-large-file=\"https:\/\/www.heartofgold-hostel.de\/wp-content\/uploads\/2011\/05\/IMG_7646_0_3_adjust-1024x682.jpg\" class=\"alignnone\u00a0 wp-image-2464\" style=\"margin: 5px;\" title=\"Tv\u00e5b\u00e4ddars med dusch\" src=\"https:\/\/www.heartofgold-hostel.de\/wp-content\/uploads\/2011\/05\/IMG_7646_0_3_adjust-300x200.jpg\" alt=\"Tv\u00e5b\u00e4ddars med dusch - Heart of Gold Hostel Berlin\" width=\"244\" height=\"162\" srcset=\"https:\/\/www.heartofgold-hostel.de\/wp-content\/uploads\/2011\/05\/IMG_7646_0_3_adjust-300x200.jpg 300w, https:\/\/www.heartofgold-hostel.de\/wp-content\/uploads\/2011\/05\/IMG_7646_0_3_adjust-150x100.jpg 150w, https:\/\/www.heartofgold-hostel.de\/wp-content\/uploads\/2011\/05\/IMG_7646_0_3_adjust-1024x682.jpg 1024w\" sizes=\"(max-width: 244px) 100vw, 244px\" \/><\/a><a href=\"https:\/\/www.heartofgold-hostel.de\/wp-content\/uploads\/2011\/05\/quad.jpg\"><img loading=\"lazy\" decoding=\"async\" data-attachment-id=\"2504\" data-permalink=\"https:\/\/www.heartofgold-hostel.de\/sv\/rum\/4-bed-dorm-6\/\" data-orig-file=\"https:\/\/www.heartofgold-hostel.de\/wp-content\/uploads\/2011\/05\/quad.jpg\" data-orig-size=\"1208,805\" data-comments-opened=\"0\" data-image-meta=\"{&quot;aperture&quot;:&quot;0&quot;,&quot;credit&quot;:&quot;&quot;,&quot;camera&quot;:&quot;&quot;,&quot;caption&quot;:&quot;&quot;,&quot;created_timestamp&quot;:&quot;0&quot;,&quot;copyright&quot;:&quot;&quot;,&quot;focal_length&quot;:&quot;0&quot;,&quot;iso&quot;:&quot;0&quot;,&quot;shutter_speed&quot;:&quot;0&quot;,&quot;title&quot;:&quot;&quot;}\" data-image-title=\"4 bed dorm\" data-image-description=\"\" data-image-caption=\"&lt;p&gt;4 bed dorm&lt;\/p&gt;\n\" data-medium-file=\"https:\/\/www.heartofgold-hostel.de\/wp-content\/uploads\/2011\/05\/quad-300x199.jpg\" data-large-file=\"https:\/\/www.heartofgold-hostel.de\/wp-content\/uploads\/2011\/05\/quad-1024x682.jpg\" class=\"alignnone size-medium wp-image-2504\" style=\"margin: 5px;\" title=\"4-B\u00e4ddars-Sal\" src=\"https:\/\/www.heartofgold-hostel.de\/wp-content\/uploads\/2011\/05\/quad-300x199.jpg\" alt=\"4-B\u00e4ddars-Sal - Heart of Gold Hostel Berlin\" width=\"243\" height=\"161\" srcset=\"https:\/\/www.heartofgold-hostel.de\/wp-content\/uploads\/2011\/05\/quad-300x199.jpg 300w, https:\/\/www.heartofgold-hostel.de\/wp-content\/uploads\/2011\/05\/quad-150x99.jpg 150w, https:\/\/www.heartofgold-hostel.de\/wp-content\/uploads\/2011\/05\/quad-1024x682.jpg 1024w, https:\/\/www.heartofgold-hostel.de\/wp-content\/uploads\/2011\/05\/quad.jpg 1208w\" sizes=\"(max-width: 243px) 100vw, 243px\" \/><\/a><\/p>\n<p><strong>Flerb\u00e4ddskabinerna (sovsal)<\/strong> har m\u00e5ga delade <strong>badrum i korridoren<\/strong> + \u00e4r utrustade med <strong>sk\u00e5p f\u00f6r dina \u00e4godelar<\/strong>.<\/p>\n<p><a href=\"https:\/\/www.heartofgold-hostel.de\/wp-content\/uploads\/2011\/05\/dorm3.jpg\"><img loading=\"lazy\" decoding=\"async\" data-attachment-id=\"2489\" data-permalink=\"https:\/\/www.heartofgold-hostel.de\/sv\/rum\/dorm-ape-6\/\" data-orig-file=\"https:\/\/www.heartofgold-hostel.de\/wp-content\/uploads\/2011\/05\/dorm3.jpg\" data-orig-size=\"1119,805\" data-comments-opened=\"0\" data-image-meta=\"{&quot;aperture&quot;:&quot;0&quot;,&quot;credit&quot;:&quot;&quot;,&quot;camera&quot;:&quot;&quot;,&quot;caption&quot;:&quot;&quot;,&quot;created_timestamp&quot;:&quot;0&quot;,&quot;copyright&quot;:&quot;&quot;,&quot;focal_length&quot;:&quot;0&quot;,&quot;iso&quot;:&quot;0&quot;,&quot;shutter_speed&quot;:&quot;0&quot;,&quot;title&quot;:&quot;&quot;}\" data-image-title=\"Dorm Ape\" data-image-description=\"\" data-image-caption=\"&lt;p&gt;Dorm Ape&lt;\/p&gt;\n\" data-medium-file=\"https:\/\/www.heartofgold-hostel.de\/wp-content\/uploads\/2011\/05\/dorm3-300x215.jpg\" data-large-file=\"https:\/\/www.heartofgold-hostel.de\/wp-content\/uploads\/2011\/05\/dorm3-1024x736.jpg\" class=\"alignnone size-medium wp-image-2489\" style=\"margin: 5px;\" title=\"Sovsal med apa\" src=\"https:\/\/www.heartofgold-hostel.de\/wp-content\/uploads\/2011\/05\/dorm3-300x215.jpg\" alt=\"Sovsal med apa - Heart of Gold Hostel Berlin\" width=\"233\" height=\"167\" srcset=\"https:\/\/www.heartofgold-hostel.de\/wp-content\/uploads\/2011\/05\/dorm3-300x215.jpg 300w, https:\/\/www.heartofgold-hostel.de\/wp-content\/uploads\/2011\/05\/dorm3-150x107.jpg 150w, https:\/\/www.heartofgold-hostel.de\/wp-content\/uploads\/2011\/05\/dorm3-1024x736.jpg 1024w, https:\/\/www.heartofgold-hostel.de\/wp-content\/uploads\/2011\/05\/dorm3.jpg 1119w\" sizes=\"(max-width: 233px) 100vw, 233px\" \/><\/a><a href=\"https:\/\/www.heartofgold-hostel.de\/wp-content\/uploads\/2011\/05\/dorm5.jpg\"><img loading=\"lazy\" decoding=\"async\" data-attachment-id=\"2499\" data-permalink=\"https:\/\/www.heartofgold-hostel.de\/sv\/rum\/dorm-orange-2-6\/\" data-orig-file=\"https:\/\/www.heartofgold-hostel.de\/wp-content\/uploads\/2011\/05\/dorm5.jpg\" data-orig-size=\"1240,825\" data-comments-opened=\"0\" data-image-meta=\"{&quot;aperture&quot;:&quot;0&quot;,&quot;credit&quot;:&quot;&quot;,&quot;camera&quot;:&quot;&quot;,&quot;caption&quot;:&quot;&quot;,&quot;created_timestamp&quot;:&quot;0&quot;,&quot;copyright&quot;:&quot;&quot;,&quot;focal_length&quot;:&quot;0&quot;,&quot;iso&quot;:&quot;0&quot;,&quot;shutter_speed&quot;:&quot;0&quot;,&quot;title&quot;:&quot;&quot;}\" data-image-title=\"Dorm Orange\" data-image-description=\"\" data-image-caption=\"&lt;p&gt;Dorm Orange&lt;\/p&gt;\n\" data-medium-file=\"https:\/\/www.heartofgold-hostel.de\/wp-content\/uploads\/2011\/05\/dorm5-300x199.jpg\" data-large-file=\"https:\/\/www.heartofgold-hostel.de\/wp-content\/uploads\/2011\/05\/dorm5-1024x681.jpg\" class=\"alignnone size-medium wp-image-2499\" title=\"sovsal5\" src=\"https:\/\/www.heartofgold-hostel.de\/wp-content\/uploads\/2011\/05\/dorm5-300x199.jpg\" alt=\"Sovsal 6\" width=\"251\" height=\"166\" srcset=\"https:\/\/www.heartofgold-hostel.de\/wp-content\/uploads\/2011\/05\/dorm5-300x199.jpg 300w, https:\/\/www.heartofgold-hostel.de\/wp-content\/uploads\/2011\/05\/dorm5-150x99.jpg 150w, https:\/\/www.heartofgold-hostel.de\/wp-content\/uploads\/2011\/05\/dorm5-1024x681.jpg 1024w, https:\/\/www.heartofgold-hostel.de\/wp-content\/uploads\/2011\/05\/dorm5.jpg 1240w\" sizes=\"(max-width: 251px) 100vw, 251px\" \/><\/a><a href=\"https:\/\/www.heartofgold-hostel.de\/wp-content\/uploads\/2011\/05\/dorm4.jpg\"><img loading=\"lazy\" decoding=\"async\" data-attachment-id=\"2494\" data-permalink=\"https:\/\/www.heartofgold-hostel.de\/sv\/rum\/dorm-42-6\/\" data-orig-file=\"https:\/\/www.heartofgold-hostel.de\/wp-content\/uploads\/2011\/05\/dorm4.jpg\" data-orig-size=\"780,1130\" data-comments-opened=\"0\" data-image-meta=\"{&quot;aperture&quot;:&quot;0&quot;,&quot;credit&quot;:&quot;&quot;,&quot;camera&quot;:&quot;&quot;,&quot;caption&quot;:&quot;&quot;,&quot;created_timestamp&quot;:&quot;0&quot;,&quot;copyright&quot;:&quot;&quot;,&quot;focal_length&quot;:&quot;0&quot;,&quot;iso&quot;:&quot;0&quot;,&quot;shutter_speed&quot;:&quot;0&quot;,&quot;title&quot;:&quot;&quot;}\" data-image-title=\"Dorm 42\" data-image-description=\"\" data-image-caption=\"&lt;p&gt;Dorm 42&lt;\/p&gt;\n\" data-medium-file=\"https:\/\/www.heartofgold-hostel.de\/wp-content\/uploads\/2011\/05\/dorm4-207x300.jpg\" data-large-file=\"https:\/\/www.heartofgold-hostel.de\/wp-content\/uploads\/2011\/05\/dorm4-706x1024.jpg\" class=\"alignnone size-medium wp-image-2494\" title=\"Sovsal\" src=\"https:\/\/www.heartofgold-hostel.de\/wp-content\/uploads\/2011\/05\/dorm4-207x300.jpg\" alt=\"Sovsal - 42\" width=\"152\" height=\"219\" srcset=\"https:\/\/www.heartofgold-hostel.de\/wp-content\/uploads\/2011\/05\/dorm4-207x300.jpg 207w, https:\/\/www.heartofgold-hostel.de\/wp-content\/uploads\/2011\/05\/dorm4-706x1024.jpg 706w, https:\/\/www.heartofgold-hostel.de\/wp-content\/uploads\/2011\/05\/dorm4.jpg 780w\" sizes=\"(max-width: 152px) 100vw, 152px\" \/><\/a><a href=\"https:\/\/www.heartofgold-hostel.de\/wp-content\/uploads\/2011\/05\/dorm2.jpg\"><img loading=\"lazy\" decoding=\"async\" data-attachment-id=\"2484\" data-permalink=\"https:\/\/www.heartofgold-hostel.de\/sv\/rum\/dorm-vogon-6\/\" data-orig-file=\"https:\/\/www.heartofgold-hostel.de\/wp-content\/uploads\/2011\/05\/dorm2.jpg\" data-orig-size=\"1131,753\" data-comments-opened=\"0\" data-image-meta=\"{&quot;aperture&quot;:&quot;0&quot;,&quot;credit&quot;:&quot;&quot;,&quot;camera&quot;:&quot;&quot;,&quot;caption&quot;:&quot;&quot;,&quot;created_timestamp&quot;:&quot;0&quot;,&quot;copyright&quot;:&quot;&quot;,&quot;focal_length&quot;:&quot;0&quot;,&quot;iso&quot;:&quot;0&quot;,&quot;shutter_speed&quot;:&quot;0&quot;,&quot;title&quot;:&quot;&quot;}\" data-image-title=\"Dorm Vogon\" data-image-description=\"\" data-image-caption=\"&lt;p&gt;Dorm Vogon&lt;\/p&gt;\n\" data-medium-file=\"https:\/\/www.heartofgold-hostel.de\/wp-content\/uploads\/2011\/05\/dorm2-300x199.jpg\" data-large-file=\"https:\/\/www.heartofgold-hostel.de\/wp-content\/uploads\/2011\/05\/dorm2-1024x681.jpg\" class=\"alignnone size-medium wp-image-2484\" style=\"margin: 5px;\" title=\"Vogon sovsal\" src=\"https:\/\/www.heartofgold-hostel.de\/wp-content\/uploads\/2011\/05\/dorm2-300x199.jpg\" alt=\"Vogon sovsal- Heart of Gold Hostel Berlin\" width=\"332\" height=\"220\" srcset=\"https:\/\/www.heartofgold-hostel.de\/wp-content\/uploads\/2011\/05\/dorm2-300x199.jpg 300w, https:\/\/www.heartofgold-hostel.de\/wp-content\/uploads\/2011\/05\/dorm2-150x99.jpg 150w, https:\/\/www.heartofgold-hostel.de\/wp-content\/uploads\/2011\/05\/dorm2-1024x681.jpg 1024w, https:\/\/www.heartofgold-hostel.de\/wp-content\/uploads\/2011\/05\/dorm2.jpg 1131w\" sizes=\"(max-width: 332px) 100vw, 332px\" \/><\/a><\/p>\n<p>F\u00f6rfr\u00e5ga \u00f6vre-d\u00e4ck <strong>l\u00e4genhets &#8211; kabiner<\/strong> med ensuite<strong> bad och kar<\/strong>, n\u00e5gra med <strong>k\u00f6k och terass<\/strong> och spektakul\u00e4ra utsikter!<\/p>\n<p><a href=\"https:\/\/www.heartofgold-hostel.de\/wp-content\/uploads\/2011\/05\/apt1.jpg\"><img loading=\"lazy\" decoding=\"async\" data-attachment-id=\"2469\" data-permalink=\"https:\/\/www.heartofgold-hostel.de\/sv\/rum\/6-bed-dorm-hostel-berlin-6\/\" data-orig-file=\"https:\/\/www.heartofgold-hostel.de\/wp-content\/uploads\/2011\/05\/apt1.jpg\" data-orig-size=\"1122,791\" data-comments-opened=\"0\" data-image-meta=\"{&quot;aperture&quot;:&quot;0&quot;,&quot;credit&quot;:&quot;&quot;,&quot;camera&quot;:&quot;&quot;,&quot;caption&quot;:&quot;&quot;,&quot;created_timestamp&quot;:&quot;0&quot;,&quot;copyright&quot;:&quot;&quot;,&quot;focal_length&quot;:&quot;0&quot;,&quot;iso&quot;:&quot;0&quot;,&quot;shutter_speed&quot;:&quot;0&quot;,&quot;title&quot;:&quot;&quot;}\" data-image-title=\"6 bed dorm\" data-image-description=\"\" data-image-caption=\"&lt;p&gt;6 bed dorm&lt;\/p&gt;\n\" data-medium-file=\"https:\/\/www.heartofgold-hostel.de\/wp-content\/uploads\/2011\/05\/apt1-300x211.jpg\" data-large-file=\"https:\/\/www.heartofgold-hostel.de\/wp-content\/uploads\/2011\/05\/apt1-1024x721.jpg\" class=\"alignnone\u00a0 wp-image-2469\" style=\"margin: 10px 5px;\" title=\"6-b\u00e4dd-sal Dorm\" src=\"https:\/\/www.heartofgold-hostel.de\/wp-content\/uploads\/2011\/05\/apt1-300x211.jpg\" alt=\"6-B\u00e4ddars-Sal - Heart of Gold Hostel Berlin\" width=\"327\" height=\"229\" srcset=\"https:\/\/www.heartofgold-hostel.de\/wp-content\/uploads\/2011\/05\/apt1-300x211.jpg 300w, https:\/\/www.heartofgold-hostel.de\/wp-content\/uploads\/2011\/05\/apt1-150x105.jpg 150w, https:\/\/www.heartofgold-hostel.de\/wp-content\/uploads\/2011\/05\/apt1-1024x721.jpg 1024w\" sizes=\"(max-width: 327px) 100vw, 327px\" \/><\/a><a href=\"https:\/\/www.heartofgold-hostel.de\/wp-content\/uploads\/2011\/05\/apt2.jpg\"><img loading=\"lazy\" decoding=\"async\" data-attachment-id=\"2474\" data-permalink=\"https:\/\/www.heartofgold-hostel.de\/sv\/rum\/6-bed-dorm-2-6\/\" data-orig-file=\"https:\/\/www.heartofgold-hostel.de\/wp-content\/uploads\/2011\/05\/apt2.jpg\" data-orig-size=\"811,1172\" data-comments-opened=\"0\" data-image-meta=\"{&quot;aperture&quot;:&quot;0&quot;,&quot;credit&quot;:&quot;&quot;,&quot;camera&quot;:&quot;&quot;,&quot;caption&quot;:&quot;&quot;,&quot;created_timestamp&quot;:&quot;0&quot;,&quot;copyright&quot;:&quot;&quot;,&quot;focal_length&quot;:&quot;0&quot;,&quot;iso&quot;:&quot;0&quot;,&quot;shutter_speed&quot;:&quot;0&quot;,&quot;title&quot;:&quot;&quot;}\" data-image-title=\"6 bed dorm\" data-image-description=\"\" data-image-caption=\"&lt;p&gt;6 bed dorm&lt;\/p&gt;\n\" data-medium-file=\"https:\/\/www.heartofgold-hostel.de\/wp-content\/uploads\/2011\/05\/apt2-207x300.jpg\" data-large-file=\"https:\/\/www.heartofgold-hostel.de\/wp-content\/uploads\/2011\/05\/apt2-708x1024.jpg\" class=\"alignnone\u00a0 wp-image-2474\" style=\"margin: 10px 5px;\" title=\"6-B\u00e4ddars-Sal\" src=\"https:\/\/www.heartofgold-hostel.de\/wp-content\/uploads\/2011\/05\/apt2-207x300.jpg\" alt=\"6-B\u00e4ddars-Sal - Heart of Gold Hostel Berlin\" width=\"158\" height=\"228\" srcset=\"https:\/\/www.heartofgold-hostel.de\/wp-content\/uploads\/2011\/05\/apt2-207x300.jpg 207w, https:\/\/www.heartofgold-hostel.de\/wp-content\/uploads\/2011\/05\/apt2-103x150.jpg 103w, https:\/\/www.heartofgold-hostel.de\/wp-content\/uploads\/2011\/05\/apt2-708x1024.jpg 708w, https:\/\/www.heartofgold-hostel.de\/wp-content\/uploads\/2011\/05\/apt2.jpg 811w\" sizes=\"(max-width: 158px) 100vw, 158px\" \/><\/a><\/p>\n","protected":false},"excerpt":{"rendered":"<p>Till skillnad fr\u00e5n \u00e4ldre rymdskepp, har kabinerna i Heart of Gold tr\u00e4golv, vilket g\u00f6r att de ser lite ut som hostelrum. F\u00f6nstrena \u00e4r gigantiska, fr\u00e5 golv till tak, vilket ger maximum panorama blick over de omgivande stj\u00e4rnsystemen. Kabinerna \u00e4r ljusa &hellip; <a href=\"https:\/\/www.heartofgold-hostel.de\/sv\/rum\/\">Forts\u00e4tt l\u00e4sa <span class=\"meta-nav\">&rarr;<\/span><\/a><\/p>\n","protected":false},"author":7,"featured_media":0,"parent":0,"menu_order":0,"comment_status":"closed","ping_status":"open","template":"","meta":{"_monsterinsights_skip_tracking":false,"_monsterinsights_sitenote_active":false,"_monsterinsights_sitenote_note":"","_monsterinsights_sitenote_category":0,"jetpack_post_was_ever_published":false,"footnotes":""},"yoast_head":"<!-- This site is optimized with the Yoast SEO plugin v24.5 - https:\/\/yoast.com\/wordpress\/plugins\/seo\/ -->\n<title>Kabiner, hostelrum, s\u00e4ngar &amp; soffor - Heart of Gold Hostel Berlin<\/title>\n<meta name=\"description\" content=\"Inspirerade av &quot;Liftarens Guide till Galaxen&quot; designades m\u00e5nga rum f\u00f6r att ge dig en rymdskepps-k\u00e4nsla.\" \/>\n<meta name=\"robots\" content=\"index, follow, max-snippet:-1, max-image-preview:large, max-video-preview:-1\" \/>\n<link rel=\"canonical\" href=\"https:\/\/www.heartofgold-hostel.de\/sv\/rum\/\" \/>\n<meta property=\"og:locale\" content=\"sv_SE\" \/>\n<meta property=\"og:type\" content=\"article\" \/>\n<meta property=\"og:title\" content=\"Kabiner, hostelrum, s\u00e4ngar &amp; soffor - Heart of Gold Hostel Berlin\" \/>\n<meta property=\"og:description\" content=\"Inspirerade av &quot;Liftarens Guide till Galaxen&quot; designades m\u00e5nga rum f\u00f6r att ge dig en rymdskepps-k\u00e4nsla.\" \/>\n<meta property=\"og:url\" content=\"https:\/\/www.heartofgold-hostel.de\/sv\/rum\/\" \/>\n<meta property=\"og:site_name\" content=\"Heart of Gold Hostel Berlin\" \/>\n<meta property=\"article:publisher\" content=\"https:\/\/www.facebook.com\/heart.of.gold.hostel.berlin\/\" \/>\n<meta property=\"article:modified_time\" content=\"2016-05-08T10:10:28+00:00\" \/>\n<meta property=\"og:image\" content=\"http:\/\/www.heartofgold-hostel.de\/wp-content\/uploads\/2011\/05\/IMG_7646_0_3_adjust-300x200.jpg\" \/>\n<meta name=\"twitter:label1\" content=\"Ber\u00e4knad l\u00e4stid\" \/>\n\t<meta name=\"twitter:data1\" content=\"1 minut\" \/>\n<script type=\"application\/ld+json\" class=\"yoast-schema-graph\">{\"@context\":\"https:\/\/schema.org\",\"@graph\":[{\"@type\":\"WebPage\",\"@id\":\"https:\/\/www.heartofgold-hostel.de\/sv\/rum\/\",\"url\":\"https:\/\/www.heartofgold-hostel.de\/sv\/rum\/\",\"name\":\"Kabiner, hostelrum, s\u00e4ngar & soffor - Heart of Gold Hostel Berlin\",\"isPartOf\":{\"@id\":\"https:\/\/www.heartofgold-hostel.de\/de\/#website\"},\"primaryImageOfPage\":{\"@id\":\"https:\/\/www.heartofgold-hostel.de\/sv\/rum\/#primaryimage\"},\"image\":{\"@id\":\"https:\/\/www.heartofgold-hostel.de\/sv\/rum\/#primaryimage\"},\"thumbnailUrl\":\"https:\/\/www.heartofgold-hostel.de\/wp-content\/uploads\/2011\/05\/IMG_7646_0_3_adjust-300x200.jpg\",\"datePublished\":\"2014-09-30T09:19:56+00:00\",\"dateModified\":\"2016-05-08T10:10:28+00:00\",\"description\":\"Inspirerade av \\\"Liftarens Guide till Galaxen\\\" designades m\u00e5nga rum f\u00f6r att ge dig en rymdskepps-k\u00e4nsla.\",\"breadcrumb\":{\"@id\":\"https:\/\/www.heartofgold-hostel.de\/sv\/rum\/#breadcrumb\"},\"inLanguage\":\"sv-SE\",\"potentialAction\":[{\"@type\":\"ReadAction\",\"target\":[\"https:\/\/www.heartofgold-hostel.de\/sv\/rum\/\"]}]},{\"@type\":\"ImageObject\",\"inLanguage\":\"sv-SE\",\"@id\":\"https:\/\/www.heartofgold-hostel.de\/sv\/rum\/#primaryimage\",\"url\":\"https:\/\/www.heartofgold-hostel.de\/wp-content\/uploads\/2011\/05\/IMG_7646_0_3_adjust-300x200.jpg\",\"contentUrl\":\"https:\/\/www.heartofgold-hostel.de\/wp-content\/uploads\/2011\/05\/IMG_7646_0_3_adjust-300x200.jpg\"},{\"@type\":\"BreadcrumbList\",\"@id\":\"https:\/\/www.heartofgold-hostel.de\/sv\/rum\/#breadcrumb\",\"itemListElement\":[{\"@type\":\"ListItem\",\"position\":1,\"name\":\"Home\",\"item\":\"https:\/\/www.heartofgold-hostel.de\/sv\/\"},{\"@type\":\"ListItem\",\"position\":2,\"name\":\"Kabiner, hostelrum, s\u00e4ngar &#038; soffor\"}]},{\"@type\":\"WebSite\",\"@id\":\"https:\/\/www.heartofgold-hostel.de\/de\/#website\",\"url\":\"https:\/\/www.heartofgold-hostel.de\/de\/\",\"name\":\"Heart of Gold Hostel Berlin\",\"description\":\"the starship Berlin Hostel\",\"publisher\":{\"@id\":\"https:\/\/www.heartofgold-hostel.de\/de\/#organization\"},\"potentialAction\":[{\"@type\":\"SearchAction\",\"target\":{\"@type\":\"EntryPoint\",\"urlTemplate\":\"https:\/\/www.heartofgold-hostel.de\/de\/?s={search_term_string}\"},\"query-input\":{\"@type\":\"PropertyValueSpecification\",\"valueRequired\":true,\"valueName\":\"search_term_string\"}}],\"inLanguage\":\"sv-SE\"},{\"@type\":\"Organization\",\"@id\":\"https:\/\/www.heartofgold-hostel.de\/de\/#organization\",\"name\":\"Heart of Gold Hostel Berlin\",\"url\":\"https:\/\/www.heartofgold-hostel.de\/de\/\",\"logo\":{\"@type\":\"ImageObject\",\"inLanguage\":\"sv-SE\",\"@id\":\"https:\/\/www.heartofgold-hostel.de\/de\/#\/schema\/logo\/image\/\",\"url\":\"https:\/\/www.heartofgold-hostel.de\/wp-content\/uploads\/HOG_Logo_braun_180.gif\",\"contentUrl\":\"https:\/\/www.heartofgold-hostel.de\/wp-content\/uploads\/HOG_Logo_braun_180.gif\",\"width\":180,\"height\":180,\"caption\":\"Heart of Gold Hostel Berlin\"},\"image\":{\"@id\":\"https:\/\/www.heartofgold-hostel.de\/de\/#\/schema\/logo\/image\/\"},\"sameAs\":[\"https:\/\/www.facebook.com\/heart.of.gold.hostel.berlin\/\",\"https:\/\/x.com\/berlinhostel\",\"https:\/\/myspace.com\/hostelberlin\",\"https:\/\/www.pinterest.com\/hoghostel\/heart-of-gold-hostel\/\"]}]}<\/script>\n<!-- \/ Yoast SEO plugin. -->","yoast_head_json":{"title":"Kabiner, hostelrum, s\u00e4ngar & soffor - Heart of Gold Hostel Berlin","description":"Inspirerade av \"Liftarens Guide till Galaxen\" designades m\u00e5nga rum f\u00f6r att ge dig en rymdskepps-k\u00e4nsla.","robots":{"index":"index","follow":"follow","max-snippet":"max-snippet:-1","max-image-preview":"max-image-preview:large","max-video-preview":"max-video-preview:-1"},"canonical":"https:\/\/www.heartofgold-hostel.de\/sv\/rum\/","og_locale":"sv_SE","og_type":"article","og_title":"Kabiner, hostelrum, s\u00e4ngar & soffor - Heart of Gold Hostel Berlin","og_description":"Inspirerade av \"Liftarens Guide till Galaxen\" designades m\u00e5nga rum f\u00f6r att ge dig en rymdskepps-k\u00e4nsla.","og_url":"https:\/\/www.heartofgold-hostel.de\/sv\/rum\/","og_site_name":"Heart of Gold Hostel Berlin","article_publisher":"https:\/\/www.facebook.com\/heart.of.gold.hostel.berlin\/","article_modified_time":"2016-05-08T10:10:28+00:00","og_image":[{"url":"http:\/\/www.heartofgold-hostel.de\/wp-content\/uploads\/2011\/05\/IMG_7646_0_3_adjust-300x200.jpg","type":"","width":"","height":""}],"twitter_misc":{"Ber\u00e4knad l\u00e4stid":"1 minut"},"schema":{"@context":"https:\/\/schema.org","@graph":[{"@type":"WebPage","@id":"https:\/\/www.heartofgold-hostel.de\/sv\/rum\/","url":"https:\/\/www.heartofgold-hostel.de\/sv\/rum\/","name":"Kabiner, hostelrum, s\u00e4ngar & soffor - Heart of Gold Hostel Berlin","isPartOf":{"@id":"https:\/\/www.heartofgold-hostel.de\/de\/#website"},"primaryImageOfPage":{"@id":"https:\/\/www.heartofgold-hostel.de\/sv\/rum\/#primaryimage"},"image":{"@id":"https:\/\/www.heartofgold-hostel.de\/sv\/rum\/#primaryimage"},"thumbnailUrl":"https:\/\/www.heartofgold-hostel.de\/wp-content\/uploads\/2011\/05\/IMG_7646_0_3_adjust-300x200.jpg","datePublished":"2014-09-30T09:19:56+00:00","dateModified":"2016-05-08T10:10:28+00:00","description":"Inspirerade av \"Liftarens Guide till Galaxen\" designades m\u00e5nga rum f\u00f6r att ge dig en rymdskepps-k\u00e4nsla.","breadcrumb":{"@id":"https:\/\/www.heartofgold-hostel.de\/sv\/rum\/#breadcrumb"},"inLanguage":"sv-SE","potentialAction":[{"@type":"ReadAction","target":["https:\/\/www.heartofgold-hostel.de\/sv\/rum\/"]}]},{"@type":"ImageObject","inLanguage":"sv-SE","@id":"https:\/\/www.heartofgold-hostel.de\/sv\/rum\/#primaryimage","url":"https:\/\/www.heartofgold-hostel.de\/wp-content\/uploads\/2011\/05\/IMG_7646_0_3_adjust-300x200.jpg","contentUrl":"https:\/\/www.heartofgold-hostel.de\/wp-content\/uploads\/2011\/05\/IMG_7646_0_3_adjust-300x200.jpg"},{"@type":"BreadcrumbList","@id":"https:\/\/www.heartofgold-hostel.de\/sv\/rum\/#breadcrumb","itemListElement":[{"@type":"ListItem","position":1,"name":"Home","item":"https:\/\/www.heartofgold-hostel.de\/sv\/"},{"@type":"ListItem","position":2,"name":"Kabiner, hostelrum, s\u00e4ngar &#038; soffor"}]},{"@type":"WebSite","@id":"https:\/\/www.heartofgold-hostel.de\/de\/#website","url":"https:\/\/www.heartofgold-hostel.de\/de\/","name":"Heart of Gold Hostel Berlin","description":"the starship Berlin Hostel","publisher":{"@id":"https:\/\/www.heartofgold-hostel.de\/de\/#organization"},"potentialAction":[{"@type":"SearchAction","target":{"@type":"EntryPoint","urlTemplate":"https:\/\/www.heartofgold-hostel.de\/de\/?s={search_term_string}"},"query-input":{"@type":"PropertyValueSpecification","valueRequired":true,"valueName":"search_term_string"}}],"inLanguage":"sv-SE"},{"@type":"Organization","@id":"https:\/\/www.heartofgold-hostel.de\/de\/#organization","name":"Heart of Gold Hostel Berlin","url":"https:\/\/www.heartofgold-hostel.de\/de\/","logo":{"@type":"ImageObject","inLanguage":"sv-SE","@id":"https:\/\/www.heartofgold-hostel.de\/de\/#\/schema\/logo\/image\/","url":"https:\/\/www.heartofgold-hostel.de\/wp-content\/uploads\/HOG_Logo_braun_180.gif","contentUrl":"https:\/\/www.heartofgold-hostel.de\/wp-content\/uploads\/HOG_Logo_braun_180.gif","width":180,"height":180,"caption":"Heart of Gold Hostel Berlin"},"image":{"@id":"https:\/\/www.heartofgold-hostel.de\/de\/#\/schema\/logo\/image\/"},"sameAs":["https:\/\/www.facebook.com\/heart.of.gold.hostel.berlin\/","https:\/\/x.com\/berlinhostel","https:\/\/myspace.com\/hostelberlin","https:\/\/www.pinterest.com\/hoghostel\/heart-of-gold-hostel\/"]}]}},"jetpack_sharing_enabled":true,"jetpack_shortlink":"https:\/\/wp.me\/P7w0Rw-1g3","_links":{"self":[{"href":"https:\/\/www.heartofgold-hostel.de\/sv\/wp-json\/wp\/v2\/pages\/4839"}],"collection":[{"href":"https:\/\/www.heartofgold-hostel.de\/sv\/wp-json\/wp\/v2\/pages"}],"about":[{"href":"https:\/\/www.heartofgold-hostel.de\/sv\/wp-json\/wp\/v2\/types\/page"}],"author":[{"embeddable":true,"href":"https:\/\/www.heartofgold-hostel.de\/sv\/wp-json\/wp\/v2\/users\/7"}],"replies":[{"embeddable":true,"href":"https:\/\/www.heartofgold-hostel.de\/sv\/wp-json\/wp\/v2\/comments?post=4839"}],"version-history":[{"count":3,"href":"https:\/\/www.heartofgold-hostel.de\/sv\/wp-json\/wp\/v2\/pages\/4839\/revisions"}],"predecessor-version":[{"id":5363,"href":"https:\/\/www.heartofgold-hostel.de\/sv\/wp-json\/wp\/v2\/pages\/4839\/revisions\/5363"}],"wp:attachment":[{"href":"https:\/\/www.heartofgold-hostel.de\/sv\/wp-json\/wp\/v2\/media?parent=4839"}],"curies":[{"name":"wp","href":"https:\/\/api.w.org\/{rel}","templated":true}]}}