{"id":4841,"date":"2014-09-30T12:35:15","date_gmt":"2014-09-30T10:35:15","guid":{"rendered":"http:\/\/www.heartofgold-hostel.de\/hostel-berlin-ta-det-lugnt\/"},"modified":"2014-11-06T12:56:13","modified_gmt":"2014-11-06T11:56:13","slug":"hostel-berlin-ta-det-lugnt","status":"publish","type":"page","link":"https:\/\/www.heartofgold-hostel.de\/sv\/hostel-berlin-ta-det-lugnt\/","title":{"rendered":"Ta det lugnt! Vi sl\u00e4pper inte in n\u00e5gra farliga aliens till hostelet."},"content":{"rendered":"<div id=\"attachment_501\" style=\"width: 260px\" class=\"wp-caption alignright\"><a title=\"Heart of Gold Hostel Berlin Receptionen\" href=\"https:\/\/www.heartofgold-hostel.de\/wp-content\/uploads\/2011\/05\/heart_of_gold_800.jpg\"><img loading=\"lazy\" decoding=\"async\" aria-describedby=\"caption-attachment-501\" class=\" wp-image-501\" title=\"Heart of Gold Hostel Berlin Reception Art :)\" src=\"https:\/\/www.heartofgold-hostel.de\/wp-content\/uploads\/2011\/05\/heart_of_gold_800-300x236.jpg\" alt=\"Heart of Gold Hostel Berlin Reception\" width=\"250\" height=\"236\" \/><\/a><p id=\"caption-attachment-501\" class=\"wp-caption-text\">Receptionen<\/p><\/div>\n<p>Detta \u00e4r the Heart of Gold Hostel Berlin \u2013 rymdskeppet f\u00f6r backpacker-\u00f6vernattningar i centrala Berlin Mitte. Inspirerad av Douglas Adams <em>Liftarens Guide till Galaxen<\/em>, \u00e4r vi v\u00e4lutrustade med hyrbara Sens-O-Matic solglas\u00f6gon, en bar som g\u00f6r de b\u00e4sta\u00a0Allgalaktiska gurgelbr\u00e4nnaren hitom Ursa Minor Beta, och handdukar &#8211; s\u00e5klart. V\u00e5ra receptionister har alltid en babelfisk i \u00f6rat och alla d\u00f6rrar \u00e4r extermt soliga och v\u00e4nliga, vilket g\u00f6r en otrevlig vistelse o\u00e4ndligt osannolik. S\u00e5 oavsett om du s\u00f6ker\u00a0den yttersta fr\u00e5gan om livet, universum och allting eller om du bara vill ha en schyst tid i ett berlinskt hostel och tr\u00e4ffa n\u00e5gra riktigt hoopy froods, upp med tummen och kom ombord p\u00e5 the Heart of Gold &#8211; det sl\u00e5r aldrig fel.<\/p>\n<p>Om inget av detta s\u00e4ger dig n\u00e5got alls, ta Guidens tips: TA DET LUGNT (DON&#8217;T PANIC). The Heart of Gold Hostel m\u00e5 se lite ut som ett rymdskepp som blivit stulet av galaxens tv\u00e5h\u00f6vdade president, men det \u00e4r mestadels ofarligt. Sedan uppskjutet \u00e5r 2003 har vi inte bara f\u00e5tt interplanet\u00e4ra liftare, utan f\u00f6rnimmande varelser av alla slag, att k\u00e4nna sig som hemma.<\/p>\n<p>Vi har sovsalar i alla storlekar och former, inr\u00e4knat det k\u00e4nda MegaDorm. F\u00f6r dom som hellre har lite avskildhet finns det enkelrum, dubbelrum och trippelrum &#8211; n\u00e5gra med egna badrum. Efter att ha avnjutit v\u00e5r ymniga frukostbuffet, vilken \u00e4r ute f\u00f6r \u00e4tning till klockan 12, ta en promenix till n\u00e4rliggande historiska platser, museum och butiker. G\u00e5 p\u00e5 en gratis guidad tur som b\u00f6rjar precis vid v\u00e5r reception eller hyr en cykel av oss och utforska staden p\u00e5 egen fot. Ta en paus i v\u00e5r bar, d\u00e4r vi serverar lokal \u00f6l p\u00e5 fat och enbart spelar bra musik (vad det nu \u00e4r), eller p\u00e5 v\u00e5r rymliga bakg\u00e5rd utrustad med bord och parasoller.<br \/>\nH\u00e4ng runt, ta det lugnt, spela lite biljard, hitta n\u00e5gar nya polare eller anv\u00e4nd v\u00e5rt gratis Wi-Fi f\u00f6r att h\u00e5lla kontakten med polarna d\u00e4rhemma. Om du som gr\u00e4dden p\u00e5 moset vill uppleva Berlins fantastiska nattliv ligger barerna, restaurangerna och klubbarna inte l\u00e5ngt bort.<\/p>\n<p>Vad som \u00e4n f\u00f6rt dig till Tysklands huvudstad f\u00f6rgyller du din vistelse med logi hos Heart of Gold Hostel.<\/p>\n","protected":false},"excerpt":{"rendered":"<p>Detta \u00e4r the Heart of Gold Hostel Berlin \u2013 rymdskeppet f\u00f6r backpacker-\u00f6vernattningar i centrala Berlin Mitte. Inspirerad av Douglas Adams Liftarens Guide till Galaxen, \u00e4r vi v\u00e4lutrustade med hyrbara Sens-O-Matic solglas\u00f6gon, en bar som g\u00f6r de b\u00e4sta\u00a0Allgalaktiska gurgelbr\u00e4nnaren hitom Ursa &hellip; <a href=\"https:\/\/www.heartofgold-hostel.de\/sv\/hostel-berlin-ta-det-lugnt\/\">Forts\u00e4tt l\u00e4sa <span class=\"meta-nav\">&rarr;<\/span><\/a><\/p>\n","protected":false},"author":1,"featured_media":0,"parent":0,"menu_order":0,"comment_status":"closed","ping_status":"closed","template":"","meta":{"_monsterinsights_skip_tracking":false,"_monsterinsights_sitenote_active":false,"_monsterinsights_sitenote_note":"","_monsterinsights_sitenote_category":0,"jetpack_post_was_ever_published":false,"footnotes":""},"yoast_head":"<!-- This site is optimized with the Yoast SEO plugin v24.5 - https:\/\/yoast.com\/wordpress\/plugins\/seo\/ -->\n<title>Hostel Berlin - Heart of Gold Hostel Berlin<\/title>\n<meta name=\"description\" content=\"Heart of Gold Hostel Berlin \u00e4r rymdskeppet bland Berlins hostel - mest central i Berlin Mitte. Ta det lugnt - Don&#039;t Panic!\" \/>\n<meta name=\"robots\" content=\"index, follow, max-snippet:-1, max-image-preview:large, max-video-preview:-1\" \/>\n<link rel=\"canonical\" href=\"https:\/\/www.heartofgold-hostel.de\/sv\/hostel-berlin-ta-det-lugnt\/\" \/>\n<meta property=\"og:locale\" content=\"sv_SE\" \/>\n<meta property=\"og:type\" content=\"article\" \/>\n<meta property=\"og:title\" content=\"Hostel Berlin - Heart of Gold Hostel Berlin\" \/>\n<meta property=\"og:description\" content=\"Heart of Gold Hostel Berlin \u00e4r rymdskeppet bland Berlins hostel - mest central i Berlin Mitte. Ta det lugnt - Don&#039;t Panic!\" \/>\n<meta property=\"og:url\" content=\"https:\/\/www.heartofgold-hostel.de\/sv\/hostel-berlin-ta-det-lugnt\/\" \/>\n<meta property=\"og:site_name\" content=\"Heart of Gold Hostel Berlin\" \/>\n<meta property=\"article:publisher\" content=\"https:\/\/www.facebook.com\/heart.of.gold.hostel.berlin\/\" \/>\n<meta property=\"article:modified_time\" content=\"2014-11-06T11:56:13+00:00\" \/>\n<meta property=\"og:image\" content=\"http:\/\/www.heartofgold-hostel.de\/wp-content\/uploads\/2011\/05\/heart_of_gold_800-300x236.jpg\" \/>\n<meta name=\"twitter:label1\" content=\"Ber\u00e4knad l\u00e4stid\" \/>\n\t<meta name=\"twitter:data1\" content=\"2 minuter\" \/>\n<script type=\"application\/ld+json\" class=\"yoast-schema-graph\">{\"@context\":\"https:\/\/schema.org\",\"@graph\":[{\"@type\":\"WebPage\",\"@id\":\"https:\/\/www.heartofgold-hostel.de\/sv\/hostel-berlin-ta-det-lugnt\/\",\"url\":\"https:\/\/www.heartofgold-hostel.de\/sv\/hostel-berlin-ta-det-lugnt\/\",\"name\":\"Hostel Berlin - Heart of Gold Hostel Berlin\",\"isPartOf\":{\"@id\":\"https:\/\/www.heartofgold-hostel.de\/de\/#website\"},\"primaryImageOfPage\":{\"@id\":\"https:\/\/www.heartofgold-hostel.de\/sv\/hostel-berlin-ta-det-lugnt\/#primaryimage\"},\"image\":{\"@id\":\"https:\/\/www.heartofgold-hostel.de\/sv\/hostel-berlin-ta-det-lugnt\/#primaryimage\"},\"thumbnailUrl\":\"http:\/\/www.heartofgold-hostel.de\/wp-content\/uploads\/2011\/05\/heart_of_gold_800-300x236.jpg\",\"datePublished\":\"2014-09-30T10:35:15+00:00\",\"dateModified\":\"2014-11-06T11:56:13+00:00\",\"description\":\"Heart of Gold Hostel Berlin \u00e4r rymdskeppet bland Berlins hostel - mest central i Berlin Mitte. Ta det lugnt - Don't Panic!\",\"breadcrumb\":{\"@id\":\"https:\/\/www.heartofgold-hostel.de\/sv\/hostel-berlin-ta-det-lugnt\/#breadcrumb\"},\"inLanguage\":\"sv-SE\",\"potentialAction\":[{\"@type\":\"ReadAction\",\"target\":[\"https:\/\/www.heartofgold-hostel.de\/sv\/hostel-berlin-ta-det-lugnt\/\"]}]},{\"@type\":\"ImageObject\",\"inLanguage\":\"sv-SE\",\"@id\":\"https:\/\/www.heartofgold-hostel.de\/sv\/hostel-berlin-ta-det-lugnt\/#primaryimage\",\"url\":\"http:\/\/www.heartofgold-hostel.de\/wp-content\/uploads\/2011\/05\/heart_of_gold_800-300x236.jpg\",\"contentUrl\":\"http:\/\/www.heartofgold-hostel.de\/wp-content\/uploads\/2011\/05\/heart_of_gold_800-300x236.jpg\"},{\"@type\":\"BreadcrumbList\",\"@id\":\"https:\/\/www.heartofgold-hostel.de\/sv\/hostel-berlin-ta-det-lugnt\/#breadcrumb\",\"itemListElement\":[{\"@type\":\"ListItem\",\"position\":1,\"name\":\"Home\",\"item\":\"https:\/\/www.heartofgold-hostel.de\/sv\/\"},{\"@type\":\"ListItem\",\"position\":2,\"name\":\"Ta det lugnt! Vi sl\u00e4pper inte in n\u00e5gra farliga aliens till hostelet.\"}]},{\"@type\":\"WebSite\",\"@id\":\"https:\/\/www.heartofgold-hostel.de\/de\/#website\",\"url\":\"https:\/\/www.heartofgold-hostel.de\/de\/\",\"name\":\"Heart of Gold Hostel Berlin\",\"description\":\"the starship Berlin Hostel\",\"publisher\":{\"@id\":\"https:\/\/www.heartofgold-hostel.de\/de\/#organization\"},\"potentialAction\":[{\"@type\":\"SearchAction\",\"target\":{\"@type\":\"EntryPoint\",\"urlTemplate\":\"https:\/\/www.heartofgold-hostel.de\/de\/?s={search_term_string}\"},\"query-input\":{\"@type\":\"PropertyValueSpecification\",\"valueRequired\":true,\"valueName\":\"search_term_string\"}}],\"inLanguage\":\"sv-SE\"},{\"@type\":\"Organization\",\"@id\":\"https:\/\/www.heartofgold-hostel.de\/de\/#organization\",\"name\":\"Heart of Gold Hostel Berlin\",\"url\":\"https:\/\/www.heartofgold-hostel.de\/de\/\",\"logo\":{\"@type\":\"ImageObject\",\"inLanguage\":\"sv-SE\",\"@id\":\"https:\/\/www.heartofgold-hostel.de\/de\/#\/schema\/logo\/image\/\",\"url\":\"https:\/\/www.heartofgold-hostel.de\/wp-content\/uploads\/HOG_Logo_braun_180.gif\",\"contentUrl\":\"https:\/\/www.heartofgold-hostel.de\/wp-content\/uploads\/HOG_Logo_braun_180.gif\",\"width\":180,\"height\":180,\"caption\":\"Heart of Gold Hostel Berlin\"},\"image\":{\"@id\":\"https:\/\/www.heartofgold-hostel.de\/de\/#\/schema\/logo\/image\/\"},\"sameAs\":[\"https:\/\/www.facebook.com\/heart.of.gold.hostel.berlin\/\",\"https:\/\/x.com\/berlinhostel\",\"https:\/\/myspace.com\/hostelberlin\",\"https:\/\/www.pinterest.com\/hoghostel\/heart-of-gold-hostel\/\"]}]}<\/script>\n<!-- \/ Yoast SEO plugin. -->","yoast_head_json":{"title":"Hostel Berlin - Heart of Gold Hostel Berlin","description":"Heart of Gold Hostel Berlin \u00e4r rymdskeppet bland Berlins hostel - mest central i Berlin Mitte. Ta det lugnt - Don't Panic!","robots":{"index":"index","follow":"follow","max-snippet":"max-snippet:-1","max-image-preview":"max-image-preview:large","max-video-preview":"max-video-preview:-1"},"canonical":"https:\/\/www.heartofgold-hostel.de\/sv\/hostel-berlin-ta-det-lugnt\/","og_locale":"sv_SE","og_type":"article","og_title":"Hostel Berlin - Heart of Gold Hostel Berlin","og_description":"Heart of Gold Hostel Berlin \u00e4r rymdskeppet bland Berlins hostel - mest central i Berlin Mitte. Ta det lugnt - Don't Panic!","og_url":"https:\/\/www.heartofgold-hostel.de\/sv\/hostel-berlin-ta-det-lugnt\/","og_site_name":"Heart of Gold Hostel Berlin","article_publisher":"https:\/\/www.facebook.com\/heart.of.gold.hostel.berlin\/","article_modified_time":"2014-11-06T11:56:13+00:00","og_image":[{"url":"http:\/\/www.heartofgold-hostel.de\/wp-content\/uploads\/2011\/05\/heart_of_gold_800-300x236.jpg","type":"","width":"","height":""}],"twitter_misc":{"Ber\u00e4knad l\u00e4stid":"2 minuter"},"schema":{"@context":"https:\/\/schema.org","@graph":[{"@type":"WebPage","@id":"https:\/\/www.heartofgold-hostel.de\/sv\/hostel-berlin-ta-det-lugnt\/","url":"https:\/\/www.heartofgold-hostel.de\/sv\/hostel-berlin-ta-det-lugnt\/","name":"Hostel Berlin - Heart of Gold Hostel Berlin","isPartOf":{"@id":"https:\/\/www.heartofgold-hostel.de\/de\/#website"},"primaryImageOfPage":{"@id":"https:\/\/www.heartofgold-hostel.de\/sv\/hostel-berlin-ta-det-lugnt\/#primaryimage"},"image":{"@id":"https:\/\/www.heartofgold-hostel.de\/sv\/hostel-berlin-ta-det-lugnt\/#primaryimage"},"thumbnailUrl":"http:\/\/www.heartofgold-hostel.de\/wp-content\/uploads\/2011\/05\/heart_of_gold_800-300x236.jpg","datePublished":"2014-09-30T10:35:15+00:00","dateModified":"2014-11-06T11:56:13+00:00","description":"Heart of Gold Hostel Berlin \u00e4r rymdskeppet bland Berlins hostel - mest central i Berlin Mitte. Ta det lugnt - Don't Panic!","breadcrumb":{"@id":"https:\/\/www.heartofgold-hostel.de\/sv\/hostel-berlin-ta-det-lugnt\/#breadcrumb"},"inLanguage":"sv-SE","potentialAction":[{"@type":"ReadAction","target":["https:\/\/www.heartofgold-hostel.de\/sv\/hostel-berlin-ta-det-lugnt\/"]}]},{"@type":"ImageObject","inLanguage":"sv-SE","@id":"https:\/\/www.heartofgold-hostel.de\/sv\/hostel-berlin-ta-det-lugnt\/#primaryimage","url":"http:\/\/www.heartofgold-hostel.de\/wp-content\/uploads\/2011\/05\/heart_of_gold_800-300x236.jpg","contentUrl":"http:\/\/www.heartofgold-hostel.de\/wp-content\/uploads\/2011\/05\/heart_of_gold_800-300x236.jpg"},{"@type":"BreadcrumbList","@id":"https:\/\/www.heartofgold-hostel.de\/sv\/hostel-berlin-ta-det-lugnt\/#breadcrumb","itemListElement":[{"@type":"ListItem","position":1,"name":"Home","item":"https:\/\/www.heartofgold-hostel.de\/sv\/"},{"@type":"ListItem","position":2,"name":"Ta det lugnt! Vi sl\u00e4pper inte in n\u00e5gra farliga aliens till hostelet."}]},{"@type":"WebSite","@id":"https:\/\/www.heartofgold-hostel.de\/de\/#website","url":"https:\/\/www.heartofgold-hostel.de\/de\/","name":"Heart of Gold Hostel Berlin","description":"the starship Berlin Hostel","publisher":{"@id":"https:\/\/www.heartofgold-hostel.de\/de\/#organization"},"potentialAction":[{"@type":"SearchAction","target":{"@type":"EntryPoint","urlTemplate":"https:\/\/www.heartofgold-hostel.de\/de\/?s={search_term_string}"},"query-input":{"@type":"PropertyValueSpecification","valueRequired":true,"valueName":"search_term_string"}}],"inLanguage":"sv-SE"},{"@type":"Organization","@id":"https:\/\/www.heartofgold-hostel.de\/de\/#organization","name":"Heart of Gold Hostel Berlin","url":"https:\/\/www.heartofgold-hostel.de\/de\/","logo":{"@type":"ImageObject","inLanguage":"sv-SE","@id":"https:\/\/www.heartofgold-hostel.de\/de\/#\/schema\/logo\/image\/","url":"https:\/\/www.heartofgold-hostel.de\/wp-content\/uploads\/HOG_Logo_braun_180.gif","contentUrl":"https:\/\/www.heartofgold-hostel.de\/wp-content\/uploads\/HOG_Logo_braun_180.gif","width":180,"height":180,"caption":"Heart of Gold Hostel Berlin"},"image":{"@id":"https:\/\/www.heartofgold-hostel.de\/de\/#\/schema\/logo\/image\/"},"sameAs":["https:\/\/www.facebook.com\/heart.of.gold.hostel.berlin\/","https:\/\/x.com\/berlinhostel","https:\/\/myspace.com\/hostelberlin","https:\/\/www.pinterest.com\/hoghostel\/heart-of-gold-hostel\/"]}]}},"jetpack_sharing_enabled":true,"jetpack_shortlink":"https:\/\/wp.me\/P7w0Rw-1g5","_links":{"self":[{"href":"https:\/\/www.heartofgold-hostel.de\/sv\/wp-json\/wp\/v2\/pages\/4841"}],"collection":[{"href":"https:\/\/www.heartofgold-hostel.de\/sv\/wp-json\/wp\/v2\/pages"}],"about":[{"href":"https:\/\/www.heartofgold-hostel.de\/sv\/wp-json\/wp\/v2\/types\/page"}],"author":[{"embeddable":true,"href":"https:\/\/www.heartofgold-hostel.de\/sv\/wp-json\/wp\/v2\/users\/1"}],"replies":[{"embeddable":true,"href":"https:\/\/www.heartofgold-hostel.de\/sv\/wp-json\/wp\/v2\/comments?post=4841"}],"version-history":[{"count":4,"href":"https:\/\/www.heartofgold-hostel.de\/sv\/wp-json\/wp\/v2\/pages\/4841\/revisions"}],"predecessor-version":[{"id":4932,"href":"https:\/\/www.heartofgold-hostel.de\/sv\/wp-json\/wp\/v2\/pages\/4841\/revisions\/4932"}],"wp:attachment":[{"href":"https:\/\/www.heartofgold-hostel.de\/sv\/wp-json\/wp\/v2\/media?parent=4841"}],"curies":[{"name":"wp","href":"https:\/\/api.w.org\/{rel}","templated":true}]}}