{"id":4865,"date":"2014-09-30T15:18:04","date_gmt":"2014-09-30T13:18:04","guid":{"rendered":"http:\/\/www.heartofgold-hostel.de\/belagen-i-berlin-mitte\/"},"modified":"2014-11-06T15:16:03","modified_gmt":"2014-11-06T14:16:03","slug":"belagen-i-berlin-mitte","status":"publish","type":"page","link":"https:\/\/www.heartofgold-hostel.de\/sv\/belagen-i-berlin-mitte\/","title":{"rendered":"mest centralt bel\u00e4gen i Berlin Mitte"},"content":{"rendered":"<p><iframe loading=\"lazy\" src=\"https:\/\/mapsengine.google.com\/map\/embed?mid=zN2FoqQQNxlc.kHg7qZFg0Kf8\" width=\"600\" height=\"480\"><\/iframe><\/p>\n<p>Hostelet \u00e4r bel\u00e4get mitt i centrum i Berlin Mitte, n\u00e4ra Brandenburger Tor, Riksdagen och Museum\u00f6n. N\u00e4stan alla andra st\u00f6rre sev\u00e4rdheter ligger inom en kort trevlig promenad.<\/p>\n<p>Nattliv hittar du runt h\u00f6rnet. P\u00e5 Oranienburger Stra\u00dfe finns det m\u00e5nga barer och klubbar, bara n\u00e5gra minuter fr\u00e5n hostelt.<\/p>\n<p>Shop til you drop vid Hackescher Markt eller Friedrichstra\u00dfe. B\u00e5da \u00e4r bara en liten flaner fr\u00e5n hostelet.<\/p>\n","protected":false},"excerpt":{"rendered":"<p>Hostelet \u00e4r bel\u00e4get mitt i centrum i Berlin Mitte, n\u00e4ra Brandenburger Tor, Riksdagen och Museum\u00f6n. N\u00e4stan alla andra st\u00f6rre sev\u00e4rdheter ligger inom en kort trevlig promenad. Nattliv hittar du runt h\u00f6rnet. P\u00e5 Oranienburger Stra\u00dfe finns det m\u00e5nga barer och klubbar, &hellip; <a href=\"https:\/\/www.heartofgold-hostel.de\/sv\/belagen-i-berlin-mitte\/\">Forts\u00e4tt l\u00e4sa <span class=\"meta-nav\">&rarr;<\/span><\/a><\/p>\n","protected":false},"author":7,"featured_media":0,"parent":0,"menu_order":0,"comment_status":"closed","ping_status":"closed","template":"","meta":{"_monsterinsights_skip_tracking":false,"_monsterinsights_sitenote_active":false,"_monsterinsights_sitenote_note":"","_monsterinsights_sitenote_category":0,"jetpack_post_was_ever_published":false,"footnotes":""},"yoast_head":"<!-- This site is optimized with the Yoast SEO plugin v24.5 - https:\/\/yoast.com\/wordpress\/plugins\/seo\/ -->\n<title>mest centralt bel\u00e4gen i Berlin Mitte - Heart of Gold Hostel Berlin<\/title>\n<meta name=\"description\" content=\"Mest centralt bel\u00e4gna Hostelet i Berlin Mitte - n\u00e4stan alla sev\u00e4rdheter \u00e4r inom g\u00e5ngavst\u00e5nd - nattlivet \u00e4r runt h\u00f6rnet. Ta det lugnt - Don&#039;t Panic!\" \/>\n<meta name=\"robots\" content=\"index, follow, max-snippet:-1, max-image-preview:large, max-video-preview:-1\" \/>\n<link rel=\"canonical\" href=\"https:\/\/www.heartofgold-hostel.de\/sv\/belagen-i-berlin-mitte\/\" \/>\n<meta property=\"og:locale\" content=\"sv_SE\" \/>\n<meta property=\"og:type\" content=\"article\" \/>\n<meta property=\"og:title\" content=\"mest centralt bel\u00e4gen i Berlin Mitte - Heart of Gold Hostel Berlin\" \/>\n<meta property=\"og:description\" content=\"Mest centralt bel\u00e4gna Hostelet i Berlin Mitte - n\u00e4stan alla sev\u00e4rdheter \u00e4r inom g\u00e5ngavst\u00e5nd - nattlivet \u00e4r runt h\u00f6rnet. Ta det lugnt - Don&#039;t Panic!\" \/>\n<meta property=\"og:url\" content=\"https:\/\/www.heartofgold-hostel.de\/sv\/belagen-i-berlin-mitte\/\" \/>\n<meta property=\"og:site_name\" content=\"Heart of Gold Hostel Berlin\" \/>\n<meta property=\"article:publisher\" content=\"https:\/\/www.facebook.com\/heart.of.gold.hostel.berlin\/\" \/>\n<meta property=\"article:modified_time\" content=\"2014-11-06T14:16:03+00:00\" \/>\n<meta property=\"og:image\" content=\"https:\/\/www.heartofgold-hostel.de\/wp-content\/uploads\/HOG_Logo_braun_180.gif\" \/>\n\t<meta property=\"og:image:width\" content=\"180\" \/>\n\t<meta property=\"og:image:height\" content=\"180\" \/>\n\t<meta property=\"og:image:type\" content=\"image\/gif\" \/>\n<script type=\"application\/ld+json\" class=\"yoast-schema-graph\">{\"@context\":\"https:\/\/schema.org\",\"@graph\":[{\"@type\":\"WebPage\",\"@id\":\"https:\/\/www.heartofgold-hostel.de\/sv\/belagen-i-berlin-mitte\/\",\"url\":\"https:\/\/www.heartofgold-hostel.de\/sv\/belagen-i-berlin-mitte\/\",\"name\":\"mest centralt bel\u00e4gen i Berlin Mitte - Heart of Gold Hostel Berlin\",\"isPartOf\":{\"@id\":\"https:\/\/www.heartofgold-hostel.de\/de\/#website\"},\"datePublished\":\"2014-09-30T13:18:04+00:00\",\"dateModified\":\"2014-11-06T14:16:03+00:00\",\"description\":\"Mest centralt bel\u00e4gna Hostelet i Berlin Mitte - n\u00e4stan alla sev\u00e4rdheter \u00e4r inom g\u00e5ngavst\u00e5nd - nattlivet \u00e4r runt h\u00f6rnet. Ta det lugnt - Don't Panic!\",\"breadcrumb\":{\"@id\":\"https:\/\/www.heartofgold-hostel.de\/sv\/belagen-i-berlin-mitte\/#breadcrumb\"},\"inLanguage\":\"sv-SE\",\"potentialAction\":[{\"@type\":\"ReadAction\",\"target\":[\"https:\/\/www.heartofgold-hostel.de\/sv\/belagen-i-berlin-mitte\/\"]}]},{\"@type\":\"BreadcrumbList\",\"@id\":\"https:\/\/www.heartofgold-hostel.de\/sv\/belagen-i-berlin-mitte\/#breadcrumb\",\"itemListElement\":[{\"@type\":\"ListItem\",\"position\":1,\"name\":\"Home\",\"item\":\"https:\/\/www.heartofgold-hostel.de\/sv\/\"},{\"@type\":\"ListItem\",\"position\":2,\"name\":\"mest centralt bel\u00e4gen i Berlin Mitte\"}]},{\"@type\":\"WebSite\",\"@id\":\"https:\/\/www.heartofgold-hostel.de\/de\/#website\",\"url\":\"https:\/\/www.heartofgold-hostel.de\/de\/\",\"name\":\"Heart of Gold Hostel Berlin\",\"description\":\"the starship Berlin Hostel\",\"publisher\":{\"@id\":\"https:\/\/www.heartofgold-hostel.de\/de\/#organization\"},\"potentialAction\":[{\"@type\":\"SearchAction\",\"target\":{\"@type\":\"EntryPoint\",\"urlTemplate\":\"https:\/\/www.heartofgold-hostel.de\/de\/?s={search_term_string}\"},\"query-input\":{\"@type\":\"PropertyValueSpecification\",\"valueRequired\":true,\"valueName\":\"search_term_string\"}}],\"inLanguage\":\"sv-SE\"},{\"@type\":\"Organization\",\"@id\":\"https:\/\/www.heartofgold-hostel.de\/de\/#organization\",\"name\":\"Heart of Gold Hostel Berlin\",\"url\":\"https:\/\/www.heartofgold-hostel.de\/de\/\",\"logo\":{\"@type\":\"ImageObject\",\"inLanguage\":\"sv-SE\",\"@id\":\"https:\/\/www.heartofgold-hostel.de\/de\/#\/schema\/logo\/image\/\",\"url\":\"https:\/\/www.heartofgold-hostel.de\/wp-content\/uploads\/HOG_Logo_braun_180.gif\",\"contentUrl\":\"https:\/\/www.heartofgold-hostel.de\/wp-content\/uploads\/HOG_Logo_braun_180.gif\",\"width\":180,\"height\":180,\"caption\":\"Heart of Gold Hostel Berlin\"},\"image\":{\"@id\":\"https:\/\/www.heartofgold-hostel.de\/de\/#\/schema\/logo\/image\/\"},\"sameAs\":[\"https:\/\/www.facebook.com\/heart.of.gold.hostel.berlin\/\",\"https:\/\/x.com\/berlinhostel\",\"https:\/\/myspace.com\/hostelberlin\",\"https:\/\/www.pinterest.com\/hoghostel\/heart-of-gold-hostel\/\"]}]}<\/script>\n<!-- \/ Yoast SEO plugin. -->","yoast_head_json":{"title":"mest centralt bel\u00e4gen i Berlin Mitte - Heart of Gold Hostel Berlin","description":"Mest centralt bel\u00e4gna Hostelet i Berlin Mitte - n\u00e4stan alla sev\u00e4rdheter \u00e4r inom g\u00e5ngavst\u00e5nd - nattlivet \u00e4r runt h\u00f6rnet. Ta det lugnt - Don't Panic!","robots":{"index":"index","follow":"follow","max-snippet":"max-snippet:-1","max-image-preview":"max-image-preview:large","max-video-preview":"max-video-preview:-1"},"canonical":"https:\/\/www.heartofgold-hostel.de\/sv\/belagen-i-berlin-mitte\/","og_locale":"sv_SE","og_type":"article","og_title":"mest centralt bel\u00e4gen i Berlin Mitte - Heart of Gold Hostel Berlin","og_description":"Mest centralt bel\u00e4gna Hostelet i Berlin Mitte - n\u00e4stan alla sev\u00e4rdheter \u00e4r inom g\u00e5ngavst\u00e5nd - nattlivet \u00e4r runt h\u00f6rnet. Ta det lugnt - Don't Panic!","og_url":"https:\/\/www.heartofgold-hostel.de\/sv\/belagen-i-berlin-mitte\/","og_site_name":"Heart of Gold Hostel Berlin","article_publisher":"https:\/\/www.facebook.com\/heart.of.gold.hostel.berlin\/","article_modified_time":"2014-11-06T14:16:03+00:00","og_image":[{"width":180,"height":180,"url":"https:\/\/www.heartofgold-hostel.de\/wp-content\/uploads\/HOG_Logo_braun_180.gif","type":"image\/gif"}],"schema":{"@context":"https:\/\/schema.org","@graph":[{"@type":"WebPage","@id":"https:\/\/www.heartofgold-hostel.de\/sv\/belagen-i-berlin-mitte\/","url":"https:\/\/www.heartofgold-hostel.de\/sv\/belagen-i-berlin-mitte\/","name":"mest centralt bel\u00e4gen i Berlin Mitte - Heart of Gold Hostel Berlin","isPartOf":{"@id":"https:\/\/www.heartofgold-hostel.de\/de\/#website"},"datePublished":"2014-09-30T13:18:04+00:00","dateModified":"2014-11-06T14:16:03+00:00","description":"Mest centralt bel\u00e4gna Hostelet i Berlin Mitte - n\u00e4stan alla sev\u00e4rdheter \u00e4r inom g\u00e5ngavst\u00e5nd - nattlivet \u00e4r runt h\u00f6rnet. Ta det lugnt - Don't Panic!","breadcrumb":{"@id":"https:\/\/www.heartofgold-hostel.de\/sv\/belagen-i-berlin-mitte\/#breadcrumb"},"inLanguage":"sv-SE","potentialAction":[{"@type":"ReadAction","target":["https:\/\/www.heartofgold-hostel.de\/sv\/belagen-i-berlin-mitte\/"]}]},{"@type":"BreadcrumbList","@id":"https:\/\/www.heartofgold-hostel.de\/sv\/belagen-i-berlin-mitte\/#breadcrumb","itemListElement":[{"@type":"ListItem","position":1,"name":"Home","item":"https:\/\/www.heartofgold-hostel.de\/sv\/"},{"@type":"ListItem","position":2,"name":"mest centralt bel\u00e4gen i Berlin Mitte"}]},{"@type":"WebSite","@id":"https:\/\/www.heartofgold-hostel.de\/de\/#website","url":"https:\/\/www.heartofgold-hostel.de\/de\/","name":"Heart of Gold Hostel Berlin","description":"the starship Berlin Hostel","publisher":{"@id":"https:\/\/www.heartofgold-hostel.de\/de\/#organization"},"potentialAction":[{"@type":"SearchAction","target":{"@type":"EntryPoint","urlTemplate":"https:\/\/www.heartofgold-hostel.de\/de\/?s={search_term_string}"},"query-input":{"@type":"PropertyValueSpecification","valueRequired":true,"valueName":"search_term_string"}}],"inLanguage":"sv-SE"},{"@type":"Organization","@id":"https:\/\/www.heartofgold-hostel.de\/de\/#organization","name":"Heart of Gold Hostel Berlin","url":"https:\/\/www.heartofgold-hostel.de\/de\/","logo":{"@type":"ImageObject","inLanguage":"sv-SE","@id":"https:\/\/www.heartofgold-hostel.de\/de\/#\/schema\/logo\/image\/","url":"https:\/\/www.heartofgold-hostel.de\/wp-content\/uploads\/HOG_Logo_braun_180.gif","contentUrl":"https:\/\/www.heartofgold-hostel.de\/wp-content\/uploads\/HOG_Logo_braun_180.gif","width":180,"height":180,"caption":"Heart of Gold Hostel Berlin"},"image":{"@id":"https:\/\/www.heartofgold-hostel.de\/de\/#\/schema\/logo\/image\/"},"sameAs":["https:\/\/www.facebook.com\/heart.of.gold.hostel.berlin\/","https:\/\/x.com\/berlinhostel","https:\/\/myspace.com\/hostelberlin","https:\/\/www.pinterest.com\/hoghostel\/heart-of-gold-hostel\/"]}]}},"jetpack_sharing_enabled":true,"jetpack_shortlink":"https:\/\/wp.me\/P7w0Rw-1gt","_links":{"self":[{"href":"https:\/\/www.heartofgold-hostel.de\/sv\/wp-json\/wp\/v2\/pages\/4865"}],"collection":[{"href":"https:\/\/www.heartofgold-hostel.de\/sv\/wp-json\/wp\/v2\/pages"}],"about":[{"href":"https:\/\/www.heartofgold-hostel.de\/sv\/wp-json\/wp\/v2\/types\/page"}],"author":[{"embeddable":true,"href":"https:\/\/www.heartofgold-hostel.de\/sv\/wp-json\/wp\/v2\/users\/7"}],"replies":[{"embeddable":true,"href":"https:\/\/www.heartofgold-hostel.de\/sv\/wp-json\/wp\/v2\/comments?post=4865"}],"version-history":[{"count":5,"href":"https:\/\/www.heartofgold-hostel.de\/sv\/wp-json\/wp\/v2\/pages\/4865\/revisions"}],"predecessor-version":[{"id":4945,"href":"https:\/\/www.heartofgold-hostel.de\/sv\/wp-json\/wp\/v2\/pages\/4865\/revisions\/4945"}],"wp:attachment":[{"href":"https:\/\/www.heartofgold-hostel.de\/sv\/wp-json\/wp\/v2\/media?parent=4865"}],"curies":[{"name":"wp","href":"https:\/\/api.w.org\/{rel}","templated":true}]}}