{"id":4869,"date":"2014-09-30T15:32:26","date_gmt":"2014-09-30T13:32:26","guid":{"rendered":"http:\/\/www.heartofgold-hostel.de\/start-2\/"},"modified":"2018-10-29T11:32:12","modified_gmt":"2018-10-29T10:32:12","slug":"start","status":"publish","type":"page","link":"https:\/\/www.heartofgold-hostel.de\/sv\/","title":{"rendered":"V\u00e4lkommen till Heart of Gold Hostel Berlin!"},"content":{"rendered":"<p>&nbsp;<\/p>\n<div class=\"teaser_post\">\n<p id=\"teaser_post_h1\">! solen har kommit tillbaka !<\/p>\n<p>Vi \u00f6nskar er allt gott f\u00f6r 2015!<br \/>\nTrots att vi kanske har n\u00e5gra kalla n\u00e4tter kvar framf\u00f6r oss ser vi v\u00e4ldigt mycket fram emot den nya s\u00e4songen &#8211; <a class=\"mark_up\" style=\"text-decoration: none;\" href=\"https:\/\/www.heartofgold-hostel.de\/sv\/boka-hostel\/\">v\u00e5ren kommer<\/a><br \/>\nMen till slutet av Februari b\u00f6rjar fortfarande <a class=\"mark_up\" style=\"text-decoration: none;\" href=\"https:\/\/www.heartofgold-hostel.de\/sv\/boka-hostel\/\">alla b\u00e4ddar fr\u00e5n <strong>9.90 \u20ac<\/strong><\/a><br \/>\nG\u00f6r en&nbsp; <a class=\"mark_up\" style=\"text-decoration: none;\" title=\"click here to book your bed in the Heart of Gold Hostel Berlin\" href=\"https:\/\/www.heartofgold-hostel.de\/sv\/boka-hostel\/\">bekr\u00e4ftad bokning h\u00e4r<\/a> och se <strong> hur mycket du sparar!<\/strong><br \/>\nVar v\u00e4nlig se \u00e4ven v\u00e5r <a class=\"mark_up\" style=\"text-decoration: none;\" title=\"Best Price Guarantee\" href=\"https:\/\/www.heartofgold-hostel.de\/faq\/\">FAQ<\/a> (vanliga fr\u00e5gor) f\u00f6r mer info om varf\u00f6r du b\u00f6r boka direkt h\u00e4r p\u00e5 v\u00e5r hemsida.<\/p>\n<\/div>\n<h2 class=\"entry-title\">Ditt Hostel i Berlin &#8211; det blir inte centralare \u00e4n s\u00e5!<\/h2>\n<div class=\"entry-content\">Mitt i <a title=\"Location in Berlin Mitte\" href=\"https:\/\/www.heartofgold-hostel.de\/sv\/belagen-i-berlin-mitte\/\">Berlins hj\u00e4rta<\/a>, \u00e4r <a title=\"Hostel Berlin \u2013 Don\u2019t Panic!\" href=\"https:\/\/www.heartofgold-hostel.de\/sv\/hostel-berlin-ta-det-lugnt\/\">Heart of Gold Hostel Berlin<\/a> den ideala platsen att ha som startpunkt f\u00f6r att utforska<a title=\"Berlin\" href=\"https:\/\/www.heartofgold-hostel.de\/berlin\/\">stan<\/a>. Det \u00e4r <a title=\"Boka Hostel B\u00e4ddar \u2013 bekr\u00e4ftad bokning\" href=\"https:\/\/www.heartofgold-hostel.de\/sv\/boka-hostel\/\">budget logi<\/a>, men inte helt olikt ett hotell p\u00e5 vissa s\u00e4tt, och <a title=\"Don't Panic!\" href=\"https:\/\/www.heartofgold-hostel.de\/sv\/ta-det-lugnt\/\">designen<\/a> \u00e4r inspirerad av &#8221;Liftarens Guide till Galaxen&#8221; by Douglas Adams och kommer f\u00e5 dig att k\u00e4nna dig som hemma.<br \/>\n<img loading=\"lazy\" decoding=\"async\" class=\"alignright\" style=\"margin: 5px 5px 0 20px;\" src=\"https:\/\/www.heartofgold-hostel.de\/wp-content\/uploads\/2011\/05\/hog_party.jpg\" alt=\"Detta var ett Party \u00e5 Heart of Gold Hostel Berlin \u00e5r 2011 d\u00e4r alla bar skjorta och slips.\" width=\"224\" height=\"139\"> Det historiska centret och m\u00e5nga av Berlins mest intressanta <a title=\"Sights in Berlin\" href=\"https:\/\/www.heartofgold-hostel.de\/sv\/sevardheter-i-berlin\/\">sev\u00e4rdheter<\/a> ligger inom g\u00e5ngavst\u00e5nd, och det finns ett nattlivs-distrikt med <a title=\"Barer i Berlin\" href=\"https:\/\/www.heartofgold-hostel.de\/sv\/barer-i-berlin-2\/\">barer <\/a> och klubbar runt knuten. Tr\u00e4ffa nya v\u00e4nner fr\u00e5n hela v\u00e4rlden och tr\u00e4ffa tv\u00e4tt\u00e4kta Berlinare vid receptionen.<\/div>\n<p><!-- h2 class=\"entry-title\">Senaste Nytt:<\/h2>\n\n\n\n\n<div class=\"entry-content\"><iframe loading=\"lazy\" id=\"newsIframe\" src=\"http:\/\/www.b-sides.eu\/NewsStream.php?StreamViewMode=LastPost&amp;client_id=hog&amp;lang=en&amp;return_url=https:\/\/www.heartofgold-hostel.de\/news\/\" width=\"100%\" height=\"60\" frameborder=\"0\" marginwidth=\"0\" marginheight=\"0\" scrolling=\"NO\"><\/iframe><\/div -->\n","protected":false},"excerpt":{"rendered":"<p>&nbsp; ! solen har kommit tillbaka ! Vi \u00f6nskar er allt gott f\u00f6r 2015! Trots att vi kanske har n\u00e5gra kalla n\u00e4tter kvar framf\u00f6r oss ser vi v\u00e4ldigt mycket fram emot den nya s\u00e4songen &#8211; v\u00e5ren kommer Men till slutet &hellip; <a href=\"https:\/\/www.heartofgold-hostel.de\/sv\/\">Forts\u00e4tt l\u00e4sa <span class=\"meta-nav\">&rarr;<\/span><\/a><\/p>\n","protected":false},"author":7,"featured_media":0,"parent":0,"menu_order":0,"comment_status":"closed","ping_status":"closed","template":"","meta":{"_monsterinsights_skip_tracking":false,"_monsterinsights_sitenote_active":false,"_monsterinsights_sitenote_note":"","_monsterinsights_sitenote_category":0,"jetpack_post_was_ever_published":false,"footnotes":""},"yoast_head":"<!-- This site is optimized with the Yoast SEO plugin v24.5 - https:\/\/yoast.com\/wordpress\/plugins\/seo\/ -->\n<title>Hostel Berlin - Svenska - Heart of Gold Hostel Berlin<\/title>\n<meta name=\"description\" content=\"Heart of Gold Hostel Berlin is one of the most central Hostels in Berlin Mitte - close to most sights. Don&#039;t Panic!\" \/>\n<meta name=\"robots\" content=\"index, follow, max-snippet:-1, max-image-preview:large, max-video-preview:-1\" \/>\n<link rel=\"canonical\" href=\"https:\/\/www.heartofgold-hostel.de\/sv\/\" \/>\n<meta property=\"og:locale\" content=\"sv_SE\" \/>\n<meta property=\"og:type\" content=\"article\" \/>\n<meta property=\"og:title\" content=\"Hostel Berlin - Svenska - Heart of Gold Hostel Berlin\" \/>\n<meta property=\"og:description\" content=\"Heart of Gold Hostel Berlin is one of the most central Hostels in Berlin Mitte - close to most sights. Don&#039;t Panic!\" \/>\n<meta property=\"og:url\" content=\"https:\/\/www.heartofgold-hostel.de\/sv\/\" \/>\n<meta property=\"og:site_name\" content=\"Heart of Gold Hostel Berlin\" \/>\n<meta property=\"article:publisher\" content=\"https:\/\/www.facebook.com\/heart.of.gold.hostel.berlin\/\" \/>\n<meta property=\"article:modified_time\" content=\"2018-10-29T10:32:12+00:00\" \/>\n<meta property=\"og:image\" content=\"https:\/\/www.heartofgold-hostel.de\/wp-content\/uploads\/2011\/05\/hog_party.jpg\" \/>\n<meta name=\"twitter:label1\" content=\"Ber\u00e4knad l\u00e4stid\" \/>\n\t<meta name=\"twitter:data1\" content=\"1 minut\" \/>\n<script type=\"application\/ld+json\" class=\"yoast-schema-graph\">{\"@context\":\"https:\/\/schema.org\",\"@graph\":[{\"@type\":\"WebPage\",\"@id\":\"https:\/\/www.heartofgold-hostel.de\/sv\/\",\"url\":\"https:\/\/www.heartofgold-hostel.de\/sv\/\",\"name\":\"Hostel Berlin - Svenska - Heart of Gold Hostel Berlin\",\"isPartOf\":{\"@id\":\"https:\/\/www.heartofgold-hostel.de\/de\/#website\"},\"primaryImageOfPage\":{\"@id\":\"https:\/\/www.heartofgold-hostel.de\/sv\/#primaryimage\"},\"image\":{\"@id\":\"https:\/\/www.heartofgold-hostel.de\/sv\/#primaryimage\"},\"thumbnailUrl\":\"https:\/\/www.heartofgold-hostel.de\/wp-content\/uploads\/2011\/05\/hog_party.jpg\",\"datePublished\":\"2014-09-30T13:32:26+00:00\",\"dateModified\":\"2018-10-29T10:32:12+00:00\",\"description\":\"Heart of Gold Hostel Berlin is one of the most central Hostels in Berlin Mitte - close to most sights. Don't Panic!\",\"breadcrumb\":{\"@id\":\"https:\/\/www.heartofgold-hostel.de\/sv\/#breadcrumb\"},\"inLanguage\":\"sv-SE\",\"potentialAction\":[{\"@type\":\"ReadAction\",\"target\":[\"https:\/\/www.heartofgold-hostel.de\/sv\/\"]}]},{\"@type\":\"ImageObject\",\"inLanguage\":\"sv-SE\",\"@id\":\"https:\/\/www.heartofgold-hostel.de\/sv\/#primaryimage\",\"url\":\"https:\/\/www.heartofgold-hostel.de\/wp-content\/uploads\/2011\/05\/hog_party.jpg\",\"contentUrl\":\"https:\/\/www.heartofgold-hostel.de\/wp-content\/uploads\/2011\/05\/hog_party.jpg\"},{\"@type\":\"BreadcrumbList\",\"@id\":\"https:\/\/www.heartofgold-hostel.de\/sv\/#breadcrumb\",\"itemListElement\":[{\"@type\":\"ListItem\",\"position\":1,\"name\":\"Home\",\"item\":\"https:\/\/www.heartofgold-hostel.de\/sv\/\"},{\"@type\":\"ListItem\",\"position\":2,\"name\":\"V\u00e4lkommen till Heart of Gold Hostel Berlin!\"}]},{\"@type\":\"WebSite\",\"@id\":\"https:\/\/www.heartofgold-hostel.de\/de\/#website\",\"url\":\"https:\/\/www.heartofgold-hostel.de\/de\/\",\"name\":\"Heart of Gold Hostel Berlin\",\"description\":\"the starship Berlin Hostel\",\"publisher\":{\"@id\":\"https:\/\/www.heartofgold-hostel.de\/de\/#organization\"},\"potentialAction\":[{\"@type\":\"SearchAction\",\"target\":{\"@type\":\"EntryPoint\",\"urlTemplate\":\"https:\/\/www.heartofgold-hostel.de\/de\/?s={search_term_string}\"},\"query-input\":{\"@type\":\"PropertyValueSpecification\",\"valueRequired\":true,\"valueName\":\"search_term_string\"}}],\"inLanguage\":\"sv-SE\"},{\"@type\":\"Organization\",\"@id\":\"https:\/\/www.heartofgold-hostel.de\/de\/#organization\",\"name\":\"Heart of Gold Hostel Berlin\",\"url\":\"https:\/\/www.heartofgold-hostel.de\/de\/\",\"logo\":{\"@type\":\"ImageObject\",\"inLanguage\":\"sv-SE\",\"@id\":\"https:\/\/www.heartofgold-hostel.de\/de\/#\/schema\/logo\/image\/\",\"url\":\"https:\/\/www.heartofgold-hostel.de\/wp-content\/uploads\/HOG_Logo_braun_180.gif\",\"contentUrl\":\"https:\/\/www.heartofgold-hostel.de\/wp-content\/uploads\/HOG_Logo_braun_180.gif\",\"width\":180,\"height\":180,\"caption\":\"Heart of Gold Hostel Berlin\"},\"image\":{\"@id\":\"https:\/\/www.heartofgold-hostel.de\/de\/#\/schema\/logo\/image\/\"},\"sameAs\":[\"https:\/\/www.facebook.com\/heart.of.gold.hostel.berlin\/\",\"https:\/\/x.com\/berlinhostel\",\"https:\/\/myspace.com\/hostelberlin\",\"https:\/\/www.pinterest.com\/hoghostel\/heart-of-gold-hostel\/\"]}]}<\/script>\n<!-- \/ Yoast SEO plugin. -->","yoast_head_json":{"title":"Hostel Berlin - Svenska - Heart of Gold Hostel Berlin","description":"Heart of Gold Hostel Berlin is one of the most central Hostels in Berlin Mitte - close to most sights. Don't Panic!","robots":{"index":"index","follow":"follow","max-snippet":"max-snippet:-1","max-image-preview":"max-image-preview:large","max-video-preview":"max-video-preview:-1"},"canonical":"https:\/\/www.heartofgold-hostel.de\/sv\/","og_locale":"sv_SE","og_type":"article","og_title":"Hostel Berlin - Svenska - Heart of Gold Hostel Berlin","og_description":"Heart of Gold Hostel Berlin is one of the most central Hostels in Berlin Mitte - close to most sights. Don't Panic!","og_url":"https:\/\/www.heartofgold-hostel.de\/sv\/","og_site_name":"Heart of Gold Hostel Berlin","article_publisher":"https:\/\/www.facebook.com\/heart.of.gold.hostel.berlin\/","article_modified_time":"2018-10-29T10:32:12+00:00","og_image":[{"url":"https:\/\/www.heartofgold-hostel.de\/wp-content\/uploads\/2011\/05\/hog_party.jpg","type":"","width":"","height":""}],"twitter_misc":{"Ber\u00e4knad l\u00e4stid":"1 minut"},"schema":{"@context":"https:\/\/schema.org","@graph":[{"@type":"WebPage","@id":"https:\/\/www.heartofgold-hostel.de\/sv\/","url":"https:\/\/www.heartofgold-hostel.de\/sv\/","name":"Hostel Berlin - Svenska - Heart of Gold Hostel Berlin","isPartOf":{"@id":"https:\/\/www.heartofgold-hostel.de\/de\/#website"},"primaryImageOfPage":{"@id":"https:\/\/www.heartofgold-hostel.de\/sv\/#primaryimage"},"image":{"@id":"https:\/\/www.heartofgold-hostel.de\/sv\/#primaryimage"},"thumbnailUrl":"https:\/\/www.heartofgold-hostel.de\/wp-content\/uploads\/2011\/05\/hog_party.jpg","datePublished":"2014-09-30T13:32:26+00:00","dateModified":"2018-10-29T10:32:12+00:00","description":"Heart of Gold Hostel Berlin is one of the most central Hostels in Berlin Mitte - close to most sights. Don't Panic!","breadcrumb":{"@id":"https:\/\/www.heartofgold-hostel.de\/sv\/#breadcrumb"},"inLanguage":"sv-SE","potentialAction":[{"@type":"ReadAction","target":["https:\/\/www.heartofgold-hostel.de\/sv\/"]}]},{"@type":"ImageObject","inLanguage":"sv-SE","@id":"https:\/\/www.heartofgold-hostel.de\/sv\/#primaryimage","url":"https:\/\/www.heartofgold-hostel.de\/wp-content\/uploads\/2011\/05\/hog_party.jpg","contentUrl":"https:\/\/www.heartofgold-hostel.de\/wp-content\/uploads\/2011\/05\/hog_party.jpg"},{"@type":"BreadcrumbList","@id":"https:\/\/www.heartofgold-hostel.de\/sv\/#breadcrumb","itemListElement":[{"@type":"ListItem","position":1,"name":"Home","item":"https:\/\/www.heartofgold-hostel.de\/sv\/"},{"@type":"ListItem","position":2,"name":"V\u00e4lkommen till Heart of Gold Hostel Berlin!"}]},{"@type":"WebSite","@id":"https:\/\/www.heartofgold-hostel.de\/de\/#website","url":"https:\/\/www.heartofgold-hostel.de\/de\/","name":"Heart of Gold Hostel Berlin","description":"the starship Berlin Hostel","publisher":{"@id":"https:\/\/www.heartofgold-hostel.de\/de\/#organization"},"potentialAction":[{"@type":"SearchAction","target":{"@type":"EntryPoint","urlTemplate":"https:\/\/www.heartofgold-hostel.de\/de\/?s={search_term_string}"},"query-input":{"@type":"PropertyValueSpecification","valueRequired":true,"valueName":"search_term_string"}}],"inLanguage":"sv-SE"},{"@type":"Organization","@id":"https:\/\/www.heartofgold-hostel.de\/de\/#organization","name":"Heart of Gold Hostel Berlin","url":"https:\/\/www.heartofgold-hostel.de\/de\/","logo":{"@type":"ImageObject","inLanguage":"sv-SE","@id":"https:\/\/www.heartofgold-hostel.de\/de\/#\/schema\/logo\/image\/","url":"https:\/\/www.heartofgold-hostel.de\/wp-content\/uploads\/HOG_Logo_braun_180.gif","contentUrl":"https:\/\/www.heartofgold-hostel.de\/wp-content\/uploads\/HOG_Logo_braun_180.gif","width":180,"height":180,"caption":"Heart of Gold Hostel Berlin"},"image":{"@id":"https:\/\/www.heartofgold-hostel.de\/de\/#\/schema\/logo\/image\/"},"sameAs":["https:\/\/www.facebook.com\/heart.of.gold.hostel.berlin\/","https:\/\/x.com\/berlinhostel","https:\/\/myspace.com\/hostelberlin","https:\/\/www.pinterest.com\/hoghostel\/heart-of-gold-hostel\/"]}]}},"jetpack_sharing_enabled":true,"jetpack_shortlink":"https:\/\/wp.me\/P7w0Rw-1gx","_links":{"self":[{"href":"https:\/\/www.heartofgold-hostel.de\/sv\/wp-json\/wp\/v2\/pages\/4869"}],"collection":[{"href":"https:\/\/www.heartofgold-hostel.de\/sv\/wp-json\/wp\/v2\/pages"}],"about":[{"href":"https:\/\/www.heartofgold-hostel.de\/sv\/wp-json\/wp\/v2\/types\/page"}],"author":[{"embeddable":true,"href":"https:\/\/www.heartofgold-hostel.de\/sv\/wp-json\/wp\/v2\/users\/7"}],"replies":[{"embeddable":true,"href":"https:\/\/www.heartofgold-hostel.de\/sv\/wp-json\/wp\/v2\/comments?post=4869"}],"version-history":[{"count":21,"href":"https:\/\/www.heartofgold-hostel.de\/sv\/wp-json\/wp\/v2\/pages\/4869\/revisions"}],"predecessor-version":[{"id":5921,"href":"https:\/\/www.heartofgold-hostel.de\/sv\/wp-json\/wp\/v2\/pages\/4869\/revisions\/5921"}],"wp:attachment":[{"href":"https:\/\/www.heartofgold-hostel.de\/sv\/wp-json\/wp\/v2\/media?parent=4869"}],"curies":[{"name":"wp","href":"https:\/\/api.w.org\/{rel}","templated":true}]}}