{"id":4871,"date":"2014-09-30T15:44:31","date_gmt":"2014-09-30T13:44:31","guid":{"rendered":"http:\/\/www.heartofgold-hostel.de\/ta-det-lugnt\/"},"modified":"2014-11-06T12:47:07","modified_gmt":"2014-11-06T11:47:07","slug":"ta-det-lugnt","status":"publish","type":"page","link":"https:\/\/www.heartofgold-hostel.de\/sv\/ta-det-lugnt\/","title":{"rendered":"Ta det lugnt &#8211; Don&#8217;t Panic!"},"content":{"rendered":"<p><a href=\"https:\/\/www.heartofgold-hostel.de\/wp-content\/uploads\/2013\/04\/marvin-2.png\"><img loading=\"lazy\" decoding=\"async\" class=\" wp-image-543\u00a0 alignright\" alt=\"marvin \u00e4r ledsen\" src=\"https:\/\/www.heartofgold-hostel.de\/wp-content\/uploads\/2013\/04\/marvin-2-222x300.png\" width=\"200\" height=\"270\" srcset=\"https:\/\/www.heartofgold-hostel.de\/wp-content\/uploads\/2013\/04\/marvin-2-222x300.png 222w, https:\/\/www.heartofgold-hostel.de\/wp-content\/uploads\/2013\/04\/marvin-2-111x150.png 111w, https:\/\/www.heartofgold-hostel.de\/wp-content\/uploads\/2013\/04\/marvin-2.png 500w\" sizes=\"(max-width: 200px) 100vw, 200px\" \/><\/a><\/p>\n<p>Enligt Douglas Adams, fick han id\u00e9en till <em>The <\/em><i>Liftarens Guide till Galaxen <\/i>n\u00e4r han full l\u00e5g p\u00e5 en \u00e4ng i Innsbruck\u00a0\u00e5r 1971,\u00a0 blickandes mot stj\u00e4rnorna, b\u00e4randes en kopia av <i>Liftarens Guide till Europa.<\/i> Hans id\u00e9 gav upphov till en radioserie, en inte s\u00e5 tr\u00e4ffs\u00e4kert kallad trilogi p\u00e5 fem <a title=\"Wikipedia entry\" href=\"http:\/\/en.wikipedia.org\/wiki\/The_Hitchhiker%27s_Guide_to_the_Galaxy\" target=\"_blank\">romaner<\/a>, en <a title=\"official home of the TV-series\" href=\"http:\/\/www.bbc.co.uk\/cult\/hitchhikers\/\" target=\"_blank\">TV-serie<\/a> p\u00e5 BBC 2, och en Hollywoodfilm, f\u00f6r att bara n\u00e4mna ett par. Om du inte har l\u00e4st b\u00f6ckerna \u00e4n, s\u00e5 g\u00f6r det! Det \u00e4r v\u00e4l v\u00e4rt din tid, i motsats till den nyare filmen.<\/p>\n<p>N\u00e4r vi \u00f6ppnade ett nytt hostel i Berlin \u00e5r 2003, kallade vi det &#8221;Heart of Gold&#8221; (Hj\u00e4rtat av Guld) &#8211; inspirerat av det f\u00f6rsta rymdskeppet utrustat med den O\u00e4ndliga Osannolikhetsdriften. M\u00e5nga designid\u00e9er i hostelet \u00e4r inspirerade av b\u00f6ckerna och delar av TV-serien.<\/p>\n<p>Ta det lugnt! (Don&#8217;t Panic!)<\/p>\n<blockquote><p>Och nu s\u00e5g man det stora rymdskeppet, etthundrafemtio meter l\u00e5ngt, format som en elegant l\u00f6parsko, fullkomligt vitt och \u00f6verv\u00e4ldigande vackert att se. i dess hj\u00e4rta fanns, osynlig f\u00f6r alla blickar, en liten l\u00e5da av guld som inneh\u00f6ll den mest utstuderade lilla apparat som n\u00e5gonsin uppfunnits, en apparat som gjorde detta rymdskepp till n\u00e5gonting enast\u00e5ende i galaxens historia, en apparat som hade givit detta skepp dess namn: Hj\u00e4rtat av Guld.<\/p>\n<p>&#8221;Oj!&#8221;, sa Zaphod Beeblebrox till Hj\u00e4rtat av Guld. Det fanns inte s\u00e5 mycket annat han kunde s\u00e4ga. Han sa det igen, f\u00f6r han visste att det skulle reta pressen. &#8221;Oj!&#8221;.<\/p>\n<p>Dom har konstruerat den O\u00e4ndliga Osannolikhetsdriften! Arthur, detta \u00e4r&#8230; Arthur? Vad \u00e4r det som h\u00e4ner?<br \/>\nArthur hade tryckt sig mot hyttd\u00f6rren och f\u00f6rs\u00f6kte h\u00e5lla den st\u00e4ngd, men den passade inte l\u00e4ngre. Sm\u00e5 h\u00e5riga h\u00e4nder f\u00f6rs\u00f6kte pressa sig in i springan, sm\u00e5 h\u00e5riga h\u00e4nder med bl\u00e4ckfl\u00e4ckar p\u00e5 fingrarna. Sm\u00e5 g\u00e4lla r\u00f6ster tjattrade som vansinniga. Arthur s\u00e5g upp. &#8221;Ford!&#8221; sa han, &#8221;det \u00e4r ett o\u00e4ndligt antal apor h\u00e4r utanf\u00f6r som vill diskutera en filmversion av Hamlet, som dom just har gjort ett manus p\u00e5.&#8221;<\/p>\n<p>Den O\u00e4ndliga Osannlokhetsdriften \u00e4r ett underbart nytt s\u00e4tt att ta sig fram \u00f6ver dom vidstr\u00e4ckta interstell\u00e4ra rymderna p\u00e5 bara en ingentingdel av en sekund, utan allt detta tids\u00f6dande tjafs med metarymder och annat. Den uppt\u00e4cktes genom en lycklig slump, och har sedan utvecklats till ett fullt brukbart drivmedel p\u00e5 den Galaktiska Regeringens forskningsstation p\u00fc Damogran. Detta \u00e4r, i korthet, historien om hur den uppt\u00e4cktes. Konsten att generera sm\u00e5 m\u00e4ngder \u00e4ndlig osannolikhet, helt enkelt genom att koppla dom logiska kretsarna hos en Sub-mesonhj\u00e4rna av m\u00e4rket Bambleweeny 57 till en atomdriven vektorfifflare, neds\u00e4nkt i en stark Brown Inverterad Passivisator, d.v.s. en kopp te, var naturligtvis k\u00e4nd och anv\u00e4ndes sedan l\u00e4nge f\u00f6r att bryta isen vid allehanda tillst\u00e4llningar genom att flytta samtliga molekyler i v\u00e4rdinnans underkl\u00e4der en halv meter \u00e5t v\u00e4nster, i enlighet med teorin om det Obest\u00e4ndiga. M\u00e5nga aktade fysiker v\u00e4grade att ta ansvar f\u00f6r detta. Delvis f\u00f6r att det innebar en nedklassning av vetenskapen, men huvudsakligen f\u00f6r att dom aldrig blev inbjudna till dessa tillstl\u00e4nningar.<\/p><\/blockquote>\n<p>fr\u00e5n: &#8221;Liftarens Guide till Galaxen&#8221; av <a title=\"official home of Douglas Adams\" href=\"http:\/\/www.douglasadams.com\/\" target=\"_blank\">D. Adams<\/a>.<\/p>\n","protected":false},"excerpt":{"rendered":"<p>Enligt Douglas Adams, fick han id\u00e9en till The Liftarens Guide till Galaxen n\u00e4r han full l\u00e5g p\u00e5 en \u00e4ng i Innsbruck\u00a0\u00e5r 1971,\u00a0 blickandes mot stj\u00e4rnorna, b\u00e4randes en kopia av Liftarens Guide till Europa. Hans id\u00e9 gav upphov till en radioserie, &hellip; <a href=\"https:\/\/www.heartofgold-hostel.de\/sv\/ta-det-lugnt\/\">Forts\u00e4tt l\u00e4sa <span class=\"meta-nav\">&rarr;<\/span><\/a><\/p>\n","protected":false},"author":1,"featured_media":0,"parent":0,"menu_order":0,"comment_status":"closed","ping_status":"closed","template":"","meta":{"_monsterinsights_skip_tracking":false,"_monsterinsights_sitenote_active":false,"_monsterinsights_sitenote_note":"","_monsterinsights_sitenote_category":0,"jetpack_post_was_ever_published":false,"footnotes":""},"yoast_head":"<!-- This site is optimized with the Yoast SEO plugin v24.5 - https:\/\/yoast.com\/wordpress\/plugins\/seo\/ -->\n<title>Ta det lugnt - Don&#039;t Panic! - Heart of Gold Hostel Berlin<\/title>\n<meta name=\"description\" content=\"Ta det lugnt (Don&#039;t Panic) - det n\u00e4rmsta man kommer en moral fr\u00e5n &quot;Liftarens Guide till Galaxen&quot; av Douglas Adams - skrivet i feta bokst\u00e4ver p\u00e5 omslaget till Guiden.\" \/>\n<meta name=\"robots\" content=\"index, follow, max-snippet:-1, max-image-preview:large, max-video-preview:-1\" \/>\n<link rel=\"canonical\" href=\"https:\/\/www.heartofgold-hostel.de\/sv\/ta-det-lugnt\/\" \/>\n<meta property=\"og:locale\" content=\"sv_SE\" \/>\n<meta property=\"og:type\" content=\"article\" \/>\n<meta property=\"og:title\" content=\"Ta det lugnt - Don&#039;t Panic! - Heart of Gold Hostel Berlin\" \/>\n<meta property=\"og:description\" content=\"Ta det lugnt (Don&#039;t Panic) - det n\u00e4rmsta man kommer en moral fr\u00e5n &quot;Liftarens Guide till Galaxen&quot; av Douglas Adams - skrivet i feta bokst\u00e4ver p\u00e5 omslaget till Guiden.\" \/>\n<meta property=\"og:url\" content=\"https:\/\/www.heartofgold-hostel.de\/sv\/ta-det-lugnt\/\" \/>\n<meta property=\"og:site_name\" content=\"Heart of Gold Hostel Berlin\" \/>\n<meta property=\"article:publisher\" content=\"https:\/\/www.facebook.com\/heart.of.gold.hostel.berlin\/\" \/>\n<meta property=\"article:modified_time\" content=\"2014-11-06T11:47:07+00:00\" \/>\n<meta property=\"og:image\" content=\"http:\/\/www.heartofgold-hostel.de\/wp-content\/uploads\/2013\/04\/marvin-2-222x300.png\" \/>\n<meta name=\"twitter:label1\" content=\"Ber\u00e4knad l\u00e4stid\" \/>\n\t<meta name=\"twitter:data1\" content=\"3 minuter\" \/>\n<script type=\"application\/ld+json\" class=\"yoast-schema-graph\">{\"@context\":\"https:\/\/schema.org\",\"@graph\":[{\"@type\":\"WebPage\",\"@id\":\"https:\/\/www.heartofgold-hostel.de\/sv\/ta-det-lugnt\/\",\"url\":\"https:\/\/www.heartofgold-hostel.de\/sv\/ta-det-lugnt\/\",\"name\":\"Ta det lugnt - Don't Panic! - Heart of Gold Hostel Berlin\",\"isPartOf\":{\"@id\":\"https:\/\/www.heartofgold-hostel.de\/de\/#website\"},\"primaryImageOfPage\":{\"@id\":\"https:\/\/www.heartofgold-hostel.de\/sv\/ta-det-lugnt\/#primaryimage\"},\"image\":{\"@id\":\"https:\/\/www.heartofgold-hostel.de\/sv\/ta-det-lugnt\/#primaryimage\"},\"thumbnailUrl\":\"http:\/\/www.heartofgold-hostel.de\/wp-content\/uploads\/2013\/04\/marvin-2-222x300.png\",\"datePublished\":\"2014-09-30T13:44:31+00:00\",\"dateModified\":\"2014-11-06T11:47:07+00:00\",\"description\":\"Ta det lugnt (Don't Panic) - det n\u00e4rmsta man kommer en moral fr\u00e5n \\\"Liftarens Guide till Galaxen\\\" av Douglas Adams - skrivet i feta bokst\u00e4ver p\u00e5 omslaget till Guiden.\",\"breadcrumb\":{\"@id\":\"https:\/\/www.heartofgold-hostel.de\/sv\/ta-det-lugnt\/#breadcrumb\"},\"inLanguage\":\"sv-SE\",\"potentialAction\":[{\"@type\":\"ReadAction\",\"target\":[\"https:\/\/www.heartofgold-hostel.de\/sv\/ta-det-lugnt\/\"]}]},{\"@type\":\"ImageObject\",\"inLanguage\":\"sv-SE\",\"@id\":\"https:\/\/www.heartofgold-hostel.de\/sv\/ta-det-lugnt\/#primaryimage\",\"url\":\"http:\/\/www.heartofgold-hostel.de\/wp-content\/uploads\/2013\/04\/marvin-2-222x300.png\",\"contentUrl\":\"http:\/\/www.heartofgold-hostel.de\/wp-content\/uploads\/2013\/04\/marvin-2-222x300.png\"},{\"@type\":\"BreadcrumbList\",\"@id\":\"https:\/\/www.heartofgold-hostel.de\/sv\/ta-det-lugnt\/#breadcrumb\",\"itemListElement\":[{\"@type\":\"ListItem\",\"position\":1,\"name\":\"Home\",\"item\":\"https:\/\/www.heartofgold-hostel.de\/sv\/\"},{\"@type\":\"ListItem\",\"position\":2,\"name\":\"Ta det lugnt &#8211; Don&#8217;t Panic!\"}]},{\"@type\":\"WebSite\",\"@id\":\"https:\/\/www.heartofgold-hostel.de\/de\/#website\",\"url\":\"https:\/\/www.heartofgold-hostel.de\/de\/\",\"name\":\"Heart of Gold Hostel Berlin\",\"description\":\"the starship Berlin Hostel\",\"publisher\":{\"@id\":\"https:\/\/www.heartofgold-hostel.de\/de\/#organization\"},\"potentialAction\":[{\"@type\":\"SearchAction\",\"target\":{\"@type\":\"EntryPoint\",\"urlTemplate\":\"https:\/\/www.heartofgold-hostel.de\/de\/?s={search_term_string}\"},\"query-input\":{\"@type\":\"PropertyValueSpecification\",\"valueRequired\":true,\"valueName\":\"search_term_string\"}}],\"inLanguage\":\"sv-SE\"},{\"@type\":\"Organization\",\"@id\":\"https:\/\/www.heartofgold-hostel.de\/de\/#organization\",\"name\":\"Heart of Gold Hostel Berlin\",\"url\":\"https:\/\/www.heartofgold-hostel.de\/de\/\",\"logo\":{\"@type\":\"ImageObject\",\"inLanguage\":\"sv-SE\",\"@id\":\"https:\/\/www.heartofgold-hostel.de\/de\/#\/schema\/logo\/image\/\",\"url\":\"https:\/\/www.heartofgold-hostel.de\/wp-content\/uploads\/HOG_Logo_braun_180.gif\",\"contentUrl\":\"https:\/\/www.heartofgold-hostel.de\/wp-content\/uploads\/HOG_Logo_braun_180.gif\",\"width\":180,\"height\":180,\"caption\":\"Heart of Gold Hostel Berlin\"},\"image\":{\"@id\":\"https:\/\/www.heartofgold-hostel.de\/de\/#\/schema\/logo\/image\/\"},\"sameAs\":[\"https:\/\/www.facebook.com\/heart.of.gold.hostel.berlin\/\",\"https:\/\/x.com\/berlinhostel\",\"https:\/\/myspace.com\/hostelberlin\",\"https:\/\/www.pinterest.com\/hoghostel\/heart-of-gold-hostel\/\"]}]}<\/script>\n<!-- \/ Yoast SEO plugin. -->","yoast_head_json":{"title":"Ta det lugnt - Don't Panic! - Heart of Gold Hostel Berlin","description":"Ta det lugnt (Don't Panic) - det n\u00e4rmsta man kommer en moral fr\u00e5n \"Liftarens Guide till Galaxen\" av Douglas Adams - skrivet i feta bokst\u00e4ver p\u00e5 omslaget till Guiden.","robots":{"index":"index","follow":"follow","max-snippet":"max-snippet:-1","max-image-preview":"max-image-preview:large","max-video-preview":"max-video-preview:-1"},"canonical":"https:\/\/www.heartofgold-hostel.de\/sv\/ta-det-lugnt\/","og_locale":"sv_SE","og_type":"article","og_title":"Ta det lugnt - Don't Panic! - Heart of Gold Hostel Berlin","og_description":"Ta det lugnt (Don't Panic) - det n\u00e4rmsta man kommer en moral fr\u00e5n \"Liftarens Guide till Galaxen\" av Douglas Adams - skrivet i feta bokst\u00e4ver p\u00e5 omslaget till Guiden.","og_url":"https:\/\/www.heartofgold-hostel.de\/sv\/ta-det-lugnt\/","og_site_name":"Heart of Gold Hostel Berlin","article_publisher":"https:\/\/www.facebook.com\/heart.of.gold.hostel.berlin\/","article_modified_time":"2014-11-06T11:47:07+00:00","og_image":[{"url":"http:\/\/www.heartofgold-hostel.de\/wp-content\/uploads\/2013\/04\/marvin-2-222x300.png","type":"","width":"","height":""}],"twitter_misc":{"Ber\u00e4knad l\u00e4stid":"3 minuter"},"schema":{"@context":"https:\/\/schema.org","@graph":[{"@type":"WebPage","@id":"https:\/\/www.heartofgold-hostel.de\/sv\/ta-det-lugnt\/","url":"https:\/\/www.heartofgold-hostel.de\/sv\/ta-det-lugnt\/","name":"Ta det lugnt - Don't Panic! - Heart of Gold Hostel Berlin","isPartOf":{"@id":"https:\/\/www.heartofgold-hostel.de\/de\/#website"},"primaryImageOfPage":{"@id":"https:\/\/www.heartofgold-hostel.de\/sv\/ta-det-lugnt\/#primaryimage"},"image":{"@id":"https:\/\/www.heartofgold-hostel.de\/sv\/ta-det-lugnt\/#primaryimage"},"thumbnailUrl":"http:\/\/www.heartofgold-hostel.de\/wp-content\/uploads\/2013\/04\/marvin-2-222x300.png","datePublished":"2014-09-30T13:44:31+00:00","dateModified":"2014-11-06T11:47:07+00:00","description":"Ta det lugnt (Don't Panic) - det n\u00e4rmsta man kommer en moral fr\u00e5n \"Liftarens Guide till Galaxen\" av Douglas Adams - skrivet i feta bokst\u00e4ver p\u00e5 omslaget till Guiden.","breadcrumb":{"@id":"https:\/\/www.heartofgold-hostel.de\/sv\/ta-det-lugnt\/#breadcrumb"},"inLanguage":"sv-SE","potentialAction":[{"@type":"ReadAction","target":["https:\/\/www.heartofgold-hostel.de\/sv\/ta-det-lugnt\/"]}]},{"@type":"ImageObject","inLanguage":"sv-SE","@id":"https:\/\/www.heartofgold-hostel.de\/sv\/ta-det-lugnt\/#primaryimage","url":"http:\/\/www.heartofgold-hostel.de\/wp-content\/uploads\/2013\/04\/marvin-2-222x300.png","contentUrl":"http:\/\/www.heartofgold-hostel.de\/wp-content\/uploads\/2013\/04\/marvin-2-222x300.png"},{"@type":"BreadcrumbList","@id":"https:\/\/www.heartofgold-hostel.de\/sv\/ta-det-lugnt\/#breadcrumb","itemListElement":[{"@type":"ListItem","position":1,"name":"Home","item":"https:\/\/www.heartofgold-hostel.de\/sv\/"},{"@type":"ListItem","position":2,"name":"Ta det lugnt &#8211; Don&#8217;t Panic!"}]},{"@type":"WebSite","@id":"https:\/\/www.heartofgold-hostel.de\/de\/#website","url":"https:\/\/www.heartofgold-hostel.de\/de\/","name":"Heart of Gold Hostel Berlin","description":"the starship Berlin Hostel","publisher":{"@id":"https:\/\/www.heartofgold-hostel.de\/de\/#organization"},"potentialAction":[{"@type":"SearchAction","target":{"@type":"EntryPoint","urlTemplate":"https:\/\/www.heartofgold-hostel.de\/de\/?s={search_term_string}"},"query-input":{"@type":"PropertyValueSpecification","valueRequired":true,"valueName":"search_term_string"}}],"inLanguage":"sv-SE"},{"@type":"Organization","@id":"https:\/\/www.heartofgold-hostel.de\/de\/#organization","name":"Heart of Gold Hostel Berlin","url":"https:\/\/www.heartofgold-hostel.de\/de\/","logo":{"@type":"ImageObject","inLanguage":"sv-SE","@id":"https:\/\/www.heartofgold-hostel.de\/de\/#\/schema\/logo\/image\/","url":"https:\/\/www.heartofgold-hostel.de\/wp-content\/uploads\/HOG_Logo_braun_180.gif","contentUrl":"https:\/\/www.heartofgold-hostel.de\/wp-content\/uploads\/HOG_Logo_braun_180.gif","width":180,"height":180,"caption":"Heart of Gold Hostel Berlin"},"image":{"@id":"https:\/\/www.heartofgold-hostel.de\/de\/#\/schema\/logo\/image\/"},"sameAs":["https:\/\/www.facebook.com\/heart.of.gold.hostel.berlin\/","https:\/\/x.com\/berlinhostel","https:\/\/myspace.com\/hostelberlin","https:\/\/www.pinterest.com\/hoghostel\/heart-of-gold-hostel\/"]}]}},"jetpack_sharing_enabled":true,"jetpack_shortlink":"https:\/\/wp.me\/P7w0Rw-1gz","_links":{"self":[{"href":"https:\/\/www.heartofgold-hostel.de\/sv\/wp-json\/wp\/v2\/pages\/4871"}],"collection":[{"href":"https:\/\/www.heartofgold-hostel.de\/sv\/wp-json\/wp\/v2\/pages"}],"about":[{"href":"https:\/\/www.heartofgold-hostel.de\/sv\/wp-json\/wp\/v2\/types\/page"}],"author":[{"embeddable":true,"href":"https:\/\/www.heartofgold-hostel.de\/sv\/wp-json\/wp\/v2\/users\/1"}],"replies":[{"embeddable":true,"href":"https:\/\/www.heartofgold-hostel.de\/sv\/wp-json\/wp\/v2\/comments?post=4871"}],"version-history":[{"count":1,"href":"https:\/\/www.heartofgold-hostel.de\/sv\/wp-json\/wp\/v2\/pages\/4871\/revisions"}],"predecessor-version":[{"id":4927,"href":"https:\/\/www.heartofgold-hostel.de\/sv\/wp-json\/wp\/v2\/pages\/4871\/revisions\/4927"}],"wp:attachment":[{"href":"https:\/\/www.heartofgold-hostel.de\/sv\/wp-json\/wp\/v2\/media?parent=4871"}],"curies":[{"name":"wp","href":"https:\/\/api.w.org\/{rel}","templated":true}]}}